{"id":1284,"date":"2014-11-19T11:32:25","date_gmt":"2014-11-19T10:32:25","guid":{"rendered":"http:\/\/semmelweis.hu\/urologia\/?page_id=1284"},"modified":"2022-05-10T14:34:15","modified_gmt":"2022-05-10T12:34:15","slug":"penzes-erzsebet","status":"publish","type":"page","link":"https:\/\/semmelweis.hu\/urologia\/altalanos-informaciok\/a-klinika-orvosai\/penzes-erzsebet\/","title":{"rendered":"P\u00e9nzes Erzs\u00e9bet"},"content":{"rendered":"<p>1968-ban sz\u00fcletett Salg\u00f3tarj\u00e1nban, \u00e9s a Pet\u0151fi S\u00e1ndor Gimn\u00e1ziumban 1987-ben <a href=\"https:\/\/semmelweis.hu\/urologia\/files\/2013\/04\/P\u00e9nzes-Erzs\u00e9bet-klinikai-szakorvos-aneszteziol\u00f3gus_pp.jpg\"><img loading=\"lazy\" decoding=\"async\" class=\"alignright size-full wp-image-144\" src=\"https:\/\/semmelweis.hu\/urologia\/files\/2013\/04\/P\u00e9nzes-Erzs\u00e9bet-klinikai-szakorvos-aneszteziol\u00f3gus_pp.jpg\" alt=\"P\u00e9nzes Erzs\u00e9bet klinikai szakorvos (aneszteziol\u00f3gus)_pp\" width=\"100\" height=\"111\" \/><\/a>\u00e9retts\u00e9gizett. \u00c1ltal\u00e1nos orvosdoktori diplom\u00e1t a Semmelweis Orvostudom\u00e1nyi Egyetemen 1994-ben szerzett. 1994- t\u0151l a Semmelweis Egyetem Urol\u00f3giai Klinik\u00e1j\u00e1n dolgozik.<\/p>\n<p><strong>Beoszt\u00e1sa: <\/strong>egyetemi tan\u00e1rseg\u00e9d<br \/>\n<strong>Szakk\u00e9pes\u00edt\u00e9sei:<\/strong> aneszteziol\u00f3gia \u00e9s intenz\u00edv ter\u00e1pia (2001)<br \/>\n<strong>Nyelvtud\u00e1s:<\/strong> angol<br \/>\n<strong>Tudom\u00e1nyos t\u00e1rsas\u00e1gi tags\u00e1g:<\/strong> Aneszteziol\u00f3giai \u00e9s Intenz\u00edv Ter\u00e1pi\u00e1s T\u00e1rsas\u00e1g<br \/>\n<strong>Tudom\u00e1nyos \u00e9rdekl\u0151d\u00e9s:<\/strong> urol\u00f3giai aneszt\u00e9zia<\/p>\n","protected":false},"excerpt":{"rendered":"<p>1968-ban sz\u00fcletett Salg\u00f3tarj\u00e1nban, \u00e9s a Pet\u0151fi S\u00e1ndor Gimn\u00e1ziumban 1987-ben <a href=\"https:\/\/semmelweis.hu\/urologia\/files\/2013\/04\/P\u00e9nzes-Erzs\u00e9bet-klinikai-szakorvos-aneszteziol\u00f3gus_pp.jpg\"><\/a>\u00e9retts\u00e9gizett. \u00c1ltal\u00e1nos orvosdoktori diplom\u00e1t a Semmelweis Orvostudom\u00e1nyi Egyetemen 1994-ben szerzett. 1994- t\u0151l a Semmelweis Egyetem Urol\u00f3giai Klinik\u00e1j\u00e1n dolgozik.<br \/>\nBeoszt\u00e1sa: egyetemi tan\u00e1rseg\u00e9d<br \/>\nSzakk\u00e9pes\u00edt\u00e9sei: aneszteziol\u00f3gia \u00e9s intenz\u00edv ter\u00e1pia (2001)<br \/>\nNyelvtud\u00e1s: angol<br \/>\nTudom\u00e1nyos t\u00e1rsas\u00e1gi tags\u00e1g: Aneszteziol\u00f3giai \u00e9s Intenz\u00edv Ter\u00e1pi\u00e1s T\u00e1rsas\u00e1g<br \/>\nTudom\u00e1nyos \u00e9rdekl\u0151d\u00e9s: urol\u00f3giai aneszt\u00e9zia<\/p>\n","protected":false},"author":316,"featured_media":0,"parent":333,"menu_order":0,"comment_status":"open","ping_status":"open","template":"onecolumn-page.php","meta":{"_acf_changed":false,"footnotes":""},"categories":[],"tags":[],"class_list":["post-1284","page","type-page","status-publish","hentry"],"acf":[],"_links":{"self":[{"href":"https:\/\/semmelweis.hu\/urologia\/wp-json\/wp\/v2\/pages\/1284","targetHints":{"allow":["GET"]}}],"collection":[{"href":"https:\/\/semmelweis.hu\/urologia\/wp-json\/wp\/v2\/pages"}],"about":[{"href":"https:\/\/semmelweis.hu\/urologia\/wp-json\/wp\/v2\/types\/page"}],"author":[{"embeddable":true,"href":"https:\/\/semmelweis.hu\/urologia\/wp-json\/wp\/v2\/users\/316"}],"replies":[{"embeddable":true,"href":"https:\/\/semmelweis.hu\/urologia\/wp-json\/wp\/v2\/comments?post=1284"}],"version-history":[{"count":3,"href":"https:\/\/semmelweis.hu\/urologia\/wp-json\/wp\/v2\/pages\/1284\/revisions"}],"predecessor-version":[{"id":1291,"href":"https:\/\/semmelweis.hu\/urologia\/wp-json\/wp\/v2\/pages\/1284\/revisions\/1291"}],"up":[{"embeddable":true,"href":"https:\/\/semmelweis.hu\/urologia\/wp-json\/wp\/v2\/pages\/333"}],"wp:attachment":[{"href":"https:\/\/semmelweis.hu\/urologia\/wp-json\/wp\/v2\/media?parent=1284"}],"wp:term":[{"taxonomy":"category","embeddable":true,"href":"https:\/\/semmelweis.hu\/urologia\/wp-json\/wp\/v2\/categories?post=1284"},{"taxonomy":"post_tag","embeddable":true,"href":"https:\/\/semmelweis.hu\/urologia\/wp-json\/wp\/v2\/tags?post=1284"}],"curies":[{"name":"wp","href":"https:\/\/api.w.org\/{rel}","templated":true}]}}