{"id":1281,"date":"2014-11-19T11:31:19","date_gmt":"2014-11-19T10:31:19","guid":{"rendered":"http:\/\/semmelweis.hu\/urologia\/?page_id=1281"},"modified":"2022-05-10T14:34:18","modified_gmt":"2022-05-10T12:34:18","slug":"szabo-krisztina","status":"publish","type":"page","link":"https:\/\/semmelweis.hu\/urologia\/altalanos-informaciok\/a-klinika-orvosai\/szabo-krisztina\/","title":{"rendered":"Szab\u00f3 Krisztina"},"content":{"rendered":"<p><a href=\"https:\/\/semmelweis.hu\/urologia\/files\/2015\/07\/SzaboK.jpg\"><img loading=\"lazy\" decoding=\"async\" class=\"alignright size-medium wp-image-1715\" src=\"https:\/\/semmelweis.hu\/urologia\/files\/2015\/07\/SzaboK-200x300.jpg\" alt=\"SzaboK\" width=\"200\" height=\"300\" srcset=\"https:\/\/semmelweis.hu\/urologia\/files\/2015\/07\/SzaboK-200x300.jpg 200w, https:\/\/semmelweis.hu\/urologia\/files\/2015\/07\/SzaboK-683x1024.jpg 683w, https:\/\/semmelweis.hu\/urologia\/files\/2015\/07\/SzaboK.jpg 800w\" sizes=\"auto, (max-width: 200px) 100vw, 200px\" \/><\/a>1954-ben sz\u00fcletett Veszpr\u00e9mben, \u00e9s a budapesti Szil\u00e1gyi Erzs\u00e9bet Gimn\u00e1ziumban 1973-ban \u00e9retts\u00e9gizett. \u00c1ltal\u00e1nos orvosdoktori diplom\u00e1t a Semmelweis Orvostudom\u00e1nyi Egyetemen 1980-ban szerzett. 1981 \u00e9s 94 k\u00f6z\u00f6tt a SE I. sz. Seb\u00e9szeti Klinik\u00e1n dolgozott. 1994-t\u0151l a Semmelweis Egyetem Urol\u00f3giai Klinik\u00e1j\u00e1n dolgozik.<\/p>\n<p><strong>Beoszt\u00e1sa:<\/strong> egyetemi adjunktus, perioperat\u00edv \u0151rz\u0151 vezet\u0151je<br \/>\n<strong>Szakk\u00e9pes\u00edt\u00e9sei:<\/strong> aneszteziol\u00f3gia \u00e9s intenz\u00edv ter\u00e1pia (1987)<br \/>\n<strong>Nyelvtud\u00e1s:<\/strong> angol, n\u00e9met, spanyol<br \/>\n<strong>K\u00fclf\u00f6ldi tanulm\u00e1nyutak:<\/strong><br \/>\n2001-2002 Danderyd Sjukhus-Stockholm<br \/>\n<strong>Tudom\u00e1nyos t\u00e1rsas\u00e1gi tags\u00e1g:<\/strong><br \/>\nAneszteziol\u00f3giai \u00e9s Intenz\u00edv Ter\u00e1pi\u00e1s T\u00e1rsas\u00e1g<br \/>\nEuropean Society of Anaesthesiologists<br \/>\nMagyar Urol\u00f3gus T\u00e1rsas\u00e1g<br \/>\n<strong>Tudom\u00e1nyos \u00e9rdekl\u0151d\u00e9s:<\/strong><br \/>\nintraoperat\u00edv szed\u00e1l\u00e1s, posztoperat\u00edv f\u00e1jdalomcsillap\u00edt\u00e1s<br \/>\nurol\u00f3giai eredet\u0171 sepsis<\/p>\n","protected":false},"excerpt":{"rendered":"<p><a href=\"https:\/\/semmelweis.hu\/urologia\/files\/2015\/07\/SzaboK.jpg\"><\/a> 1954-ben sz\u00fcletett Veszpr\u00e9mben, \u00e9s a budapesti Szil\u00e1gyi Erzs\u00e9bet Gimn\u00e1ziumban 1973-ban \u00e9retts\u00e9gizett. \u00c1ltal\u00e1nos orvosdoktori diplom\u00e1t a Semmelweis Orvostudom\u00e1nyi Egyetemen 1980-ban szerzett. 1981 \u00e9s 94 k\u00f6z\u00f6tt a SE I. sz. Seb\u00e9szeti Klinik\u00e1n dolgozott. 1994-t\u0151l a Semmelweis Egyetem Urol\u00f3giai Klinik\u00e1j\u00e1n dolgozik. Beoszt\u00e1sa: egyetemi adjunktus, perioperat\u00edv \u0151rz\u0151 vezet\u0151je Szakk\u00e9pes\u00edt\u00e9sei: aneszteziol\u00f3gia \u00e9s intenz\u00edv ter\u00e1pia (1987) Nyelvtud\u00e1s: angol, n\u00e9met, spanyol K\u00fclf\u00f6ldi &hellip;<\/p>\n","protected":false},"author":316,"featured_media":0,"parent":333,"menu_order":0,"comment_status":"open","ping_status":"open","template":"onecolumn-page.php","meta":{"_acf_changed":false,"footnotes":""},"categories":[],"tags":[],"class_list":["post-1281","page","type-page","status-publish","hentry"],"acf":[],"_links":{"self":[{"href":"https:\/\/semmelweis.hu\/urologia\/wp-json\/wp\/v2\/pages\/1281","targetHints":{"allow":["GET"]}}],"collection":[{"href":"https:\/\/semmelweis.hu\/urologia\/wp-json\/wp\/v2\/pages"}],"about":[{"href":"https:\/\/semmelweis.hu\/urologia\/wp-json\/wp\/v2\/types\/page"}],"author":[{"embeddable":true,"href":"https:\/\/semmelweis.hu\/urologia\/wp-json\/wp\/v2\/users\/316"}],"replies":[{"embeddable":true,"href":"https:\/\/semmelweis.hu\/urologia\/wp-json\/wp\/v2\/comments?post=1281"}],"version-history":[{"count":4,"href":"https:\/\/semmelweis.hu\/urologia\/wp-json\/wp\/v2\/pages\/1281\/revisions"}],"predecessor-version":[{"id":3120,"href":"https:\/\/semmelweis.hu\/urologia\/wp-json\/wp\/v2\/pages\/1281\/revisions\/3120"}],"up":[{"embeddable":true,"href":"https:\/\/semmelweis.hu\/urologia\/wp-json\/wp\/v2\/pages\/333"}],"wp:attachment":[{"href":"https:\/\/semmelweis.hu\/urologia\/wp-json\/wp\/v2\/media?parent=1281"}],"wp:term":[{"taxonomy":"category","embeddable":true,"href":"https:\/\/semmelweis.hu\/urologia\/wp-json\/wp\/v2\/categories?post=1281"},{"taxonomy":"post_tag","embeddable":true,"href":"https:\/\/semmelweis.hu\/urologia\/wp-json\/wp\/v2\/tags?post=1281"}],"curies":[{"name":"wp","href":"https:\/\/api.w.org\/{rel}","templated":true}]}}