{"id":1270,"date":"2014-11-19T11:41:11","date_gmt":"2014-11-19T10:41:11","guid":{"rendered":"http:\/\/semmelweis.hu\/urologia\/?page_id=1270"},"modified":"2022-08-31T10:53:21","modified_gmt":"2022-08-31T08:53:21","slug":"becsi-aron","status":"publish","type":"page","link":"https:\/\/semmelweis.hu\/urologia\/altalanos-informaciok\/a-klinika-orvosai\/becsi-aron\/","title":{"rendered":"B\u00e9csi \u00c1ron"},"content":{"rendered":"<p><a href=\"https:\/\/semmelweis.hu\/urologia\/files\/2015\/07\/BecsiA.jpg\"><img loading=\"lazy\" decoding=\"async\" class=\"alignright size-medium wp-image-1696\" src=\"https:\/\/semmelweis.hu\/urologia\/files\/2015\/07\/BecsiA-200x300.jpg\" alt=\"BecsiA\" width=\"200\" height=\"300\" srcset=\"https:\/\/semmelweis.hu\/urologia\/files\/2015\/07\/BecsiA-200x300.jpg 200w, https:\/\/semmelweis.hu\/urologia\/files\/2015\/07\/BecsiA-683x1024.jpg 683w, https:\/\/semmelweis.hu\/urologia\/files\/2015\/07\/BecsiA.jpg 800w\" sizes=\"auto, (max-width: 200px) 100vw, 200px\" \/><\/a>1983-ban sz\u00fcletett Budapesten. \u00c9retts\u00e9gij\u00e9t 2002-ben a Budai Ciszterci Szent Imre Gimn\u00e1ziumban tette le. \u00c1ltal\u00e1nos orvosdoktori diplom\u00e1j\u00e1t a Semmelweis Egyetemen szerezte meg 2009-ben. A diploma \u00e1tv\u00e9tel\u00e9t k\u00f6vet\u0151en a B\u00e1cs-Kiskun Megyei K\u00f3rh\u00e1z, urol\u00f3giai oszt\u00e1ly\u00e1n kezdett dolgozni, majd 2009 okt\u00f3bere \u00f3ta a Semmelweis Egyetem Urol\u00f3giai Klinik\u00e1j\u00e1n dolgozik.<\/p>\n<p><strong>Beoszt\u00e1sa:<\/strong> klinikai szakorvos<\/p>\n<p><strong>Nyelvtud\u00e1s:<\/strong> angol, n\u00e9met<\/p>\n<p><strong>Publik\u00e1ci\u00f3s lista<\/strong>:<br \/>\n<a href=\"https:\/\/vm.mtmt.hu\/search\/slist.php?AuthorID=10046234&amp;pr_on=1\" target=\"_blank\" rel=\"noopener\">Aktualiz\u00e1lt lista nyomtathat\u00f3 v\u00e1ltozatban let\u00f6lthet\u0151<\/a><\/p>\n<p><strong>Tudom\u00e1nyos t\u00e1rsas\u00e1gi tags\u00e1g:<\/strong><br \/>\nEuropean Association of Urology<br \/>\nMagyar Urol\u00f3gusok T\u00e1rsas\u00e1ga<\/p>\n<p><strong>D\u00edjak:<\/strong><br \/>\nMedis Challenge d\u00edj &#8211; Microsurgical resection for organ-sparing treatment in small size testicular and epididymal tumour\u00a0 cases &#8211; A 2014 okt\u00f3ber\u00e9ben a European Association of Urology Central European Meetingen bemutatott poszter elismer\u00e9sek\u00e9nt<\/p>\n<p>&nbsp;<\/p>\n","protected":false},"excerpt":{"rendered":"<p><a href=\"https:\/\/semmelweis.hu\/urologia\/files\/2015\/07\/BecsiA.jpg\"><\/a> 1983-ban sz\u00fcletett Budapesten. \u00c9retts\u00e9gij\u00e9t 2002-ben a Budai Ciszterci Szent Imre Gimn\u00e1ziumban tette le. \u00c1ltal\u00e1nos orvosdoktori diplom\u00e1j\u00e1t a Semmelweis Egyetemen szerezte meg 2009-ben. A diploma \u00e1tv\u00e9tel\u00e9t k\u00f6vet\u0151en a B\u00e1cs-Kiskun Megyei K\u00f3rh\u00e1z, urol\u00f3giai oszt\u00e1ly\u00e1n kezdett dolgozni, majd 2009 okt\u00f3bere \u00f3ta a Semmelweis Egyetem Urol\u00f3giai Klinik\u00e1j\u00e1n dolgozik. Beoszt\u00e1sa: klinikai szakorvos Nyelvtud\u00e1s: angol, n\u00e9met Publik\u00e1ci\u00f3s lista: <a href=\"https:\/\/vm.mtmt.hu\/search\/slist.php?AuthorID=10046234&amp;pr_on=1\" target=\"_blank\" rel=\"noopener\">Aktualiz\u00e1lt lista nyomtathat\u00f3 v\u00e1ltozatban let\u00f6lthet\u0151<\/a> Tudom\u00e1nyos t\u00e1rsas\u00e1gi tags\u00e1g: &hellip;<\/p>\n","protected":false},"author":316,"featured_media":0,"parent":333,"menu_order":0,"comment_status":"open","ping_status":"open","template":"onecolumn-page.php","meta":{"_acf_changed":false,"footnotes":""},"categories":[],"tags":[],"class_list":["post-1270","page","type-page","status-publish","hentry"],"acf":[],"_links":{"self":[{"href":"https:\/\/semmelweis.hu\/urologia\/wp-json\/wp\/v2\/pages\/1270","targetHints":{"allow":["GET"]}}],"collection":[{"href":"https:\/\/semmelweis.hu\/urologia\/wp-json\/wp\/v2\/pages"}],"about":[{"href":"https:\/\/semmelweis.hu\/urologia\/wp-json\/wp\/v2\/types\/page"}],"author":[{"embeddable":true,"href":"https:\/\/semmelweis.hu\/urologia\/wp-json\/wp\/v2\/users\/316"}],"replies":[{"embeddable":true,"href":"https:\/\/semmelweis.hu\/urologia\/wp-json\/wp\/v2\/comments?post=1270"}],"version-history":[{"count":10,"href":"https:\/\/semmelweis.hu\/urologia\/wp-json\/wp\/v2\/pages\/1270\/revisions"}],"predecessor-version":[{"id":4106,"href":"https:\/\/semmelweis.hu\/urologia\/wp-json\/wp\/v2\/pages\/1270\/revisions\/4106"}],"up":[{"embeddable":true,"href":"https:\/\/semmelweis.hu\/urologia\/wp-json\/wp\/v2\/pages\/333"}],"wp:attachment":[{"href":"https:\/\/semmelweis.hu\/urologia\/wp-json\/wp\/v2\/media?parent=1270"}],"wp:term":[{"taxonomy":"category","embeddable":true,"href":"https:\/\/semmelweis.hu\/urologia\/wp-json\/wp\/v2\/categories?post=1270"},{"taxonomy":"post_tag","embeddable":true,"href":"https:\/\/semmelweis.hu\/urologia\/wp-json\/wp\/v2\/tags?post=1270"}],"curies":[{"name":"wp","href":"https:\/\/api.w.org\/{rel}","templated":true}]}}