{"id":10,"date":"2012-02-04T14:00:22","date_gmt":"2012-02-04T14:00:22","guid":{"rendered":"http:\/\/semmelweis-egyetem.hu\/urologia\/?page_id=10"},"modified":"2025-07-24T09:39:07","modified_gmt":"2025-07-24T07:39:07","slug":"altalanos-informaciok","status":"publish","type":"page","link":"https:\/\/semmelweis.hu\/urologia\/altalanos-informaciok\/","title":{"rendered":"Klinik\u00e1nk"},"content":{"rendered":"<h4><strong>Betegell\u00e1t\u00e1s<\/strong><\/h4>\n<p>A fekv\u0151beteg-ell\u00e1t\u00e1s 3 korszer\u0171 oszt\u00e1lyon 56 \u00e1gyon, 2 ny\u00edlt \u00e9s 3 endoszk\u00f3pos m\u0171t\u00e9tet lehet\u0151v\u00e9 tev\u0151 helyis\u00e9gben\u00a0t\u00f6rt\u00e9nik. A j\u00e1r\u00f3beteg-rendel\u00e9sen \u00e9vente 40000 szakorvosi kezel\u00e9st v\u00e9geznek. A k\u00f6vetkez\u0151 speci\u00e1lis rendel\u00e9sek\u00a0\u00e1llnak a betegek rendelkez\u00e9s\u00e9re: uroonkol\u00f3gia, h\u00fagy\u00fati k\u00f6ves betegek ell\u00e1t\u00e1sa, fejl\u0151d\u00e9si rendelleness\u00e9gek,\u00a0h\u00fagy\u00fati \u00e9s nemi szervek gyullad\u00e1sos betegs\u00e9gei, a vizelet\u00fcr\u00edt\u00e9si zavarok kezel\u00e9se, mereved\u00e9si zavarok\u00a0\u00e9s nemz\u0151k\u00e9pess\u00e9gi zavarok kezel\u00e9se.<\/p>\n<p>A klinik\u00e1n az urol\u00f3gia csaknem valamennyi diagnosztikai \u00e9s ter\u00e1pi\u00e1s m\u00f3dszer\u00e9t alkalmazz\u00e1k. Sz\u00e1mos vizsg\u00e1l\u00f3\u00a0\u00e9s m\u0171t\u00e9ti elj\u00e1r\u00e1st a klinika vezetett be az orsz\u00e1gos gyakorlatba. A diagnosztikus munk\u00e1t korszer\u0171 r\u00f6ntgen- \u00e9s\u00a04 &#8211; k\u00f6z\u00fcl\u00fck k\u00e9t sz\u00ednes Dopplerrel felszerelt &#8211; ultrahangk\u00e9sz\u00fcl\u00e9k seg\u00edti. Az inkontinens betegek ell\u00e1t\u00e1s\u00e1t a m\u0171t\u00e9tek\u00a0mellett fizioter\u00e1pia teszi lehet\u0151v\u00e9. 2008 tavasza \u00f3ta magnetoter\u00e1pi\u00e1s kezel\u00e9sekre is adott a lehet\u0151s\u00e9g,\u00a0mely az inkontinencia \u00e9s a kr\u00f3nikus kismedencei gyullad\u00e1sok hat\u00e9kony kezel\u00e9se. 2009-ben az Androl\u00f3giai\u00a0Centrumot \u00fajj\u00e1\u00e9p\u00edtett\u00fck. A legkorszer\u0171bb felszerelts\u00e9g lehet\u0151v\u00e9 teszi a f\u00e9rfimedd\u0151s\u00e9g \u00e9s a szexu\u00e1lis zavarok\u00a0teljes k\u00f6r\u0171 kivizsg\u00e1l\u00e1s\u00e1t \u00e9s kezel\u00e9s\u00e9t.<\/p>\n<h4><strong>Oktat\u00e1s<\/strong><\/h4>\n<p>A klinik\u00e1n orvosk\u00e9pz\u00e9s \u00e9s -tov\u00e1bbk\u00e9pz\u00e9s is folyik. A h\u00e1rom nyelven (magyar, angol, n\u00e9met) v\u00e9gzett kiscsoportos\u00a0medikusoktat\u00e1s mellett speci\u00e1lis szaktanfolyamok is \u00e9vente t\u00f6bbsz\u00f6r ker\u00fclnek megrendez\u00e9sre. Ezek l\u00e1togatotts\u00e1ga\u00a0jelent\u0151s.<\/p>\n<h4><strong>Kutat\u00e1s<\/strong><\/h4>\n<p>A klinika sz\u00e9les k\u00f6r\u0171 tudom\u00e1nyos munk\u00e1ss\u00e1ga t\u00f6bb hazai \u00e9s k\u00fclf\u00f6ldi szaklapban rendszeresen megjelenik,\u00a0sz\u00e1mos szakk\u00f6nyv, tank\u00f6nyv \u00e9s k\u00f6nyvr\u00e9szlet jelzi a klinika munkat\u00e1rsainak tudom\u00e1nyos aktivit\u00e1s\u00e1t. A klinika tudom\u00e1nyos tev\u00e9kenys\u00e9g\u00e9nek megbecs\u00fcl\u00e9s\u00e9t jelzi az a t\u00e9ny, hogy a klinika orvosai sz\u00e1mos nemzetk\u00f6zi \u00e9s hazai tudom\u00e1nyos t\u00e1rsas\u00e1gnak, foly\u00f3iratok szerkeszt\u0151bizotts\u00e1g\u00e1nak tagjai, valamint nemzetk\u00f6zi tudom\u00e1nyos szervezetekben\u00a0is tev\u00e9kenykednek. A klinik\u00e1n tal\u00e1lhat\u00f3 az orsz\u00e1g legnagyobb szakmai k\u00f6nyvt\u00e1ra \u00e9s az orsz\u00e1g egyetlen\u00a0urol\u00f3giai m\u00fazeuma.<\/p>\n<div class=\"keretes w-100\">\n<p>A klinika igazgat\u00f3ja, prof. Nyir\u00e1dy P\u00e9ter az Urol\u00f3giai, dr. Kopa Zsolt pedig az Androl\u00f3giai Gr\u00e9miumnak az eln\u00f6ke. Az Eur\u00f3pai Urol\u00f3gus Akad\u00e9mia k\u00e9t magyar tagja: prof. Nyir\u00e1dy P\u00e9ter, aki a Magyar Uroonkol\u00f3giai T\u00e1rsas\u00e1g jelenlegi eln\u00f6ke \u00e9s prof. Romics Imre, aki az el\u0151z\u0151 eln\u00f6ke.<\/p>\n<\/div>\n<p>Az Eur\u00f3pai Urol\u00f3gus Koll\u00e9gium (European Board of Urology) 2004-ben \u2013 K\u00f6z\u00e9p-Kelet-Eur\u00f3p\u00e1ban els\u0151k\u00e9nt \u00e9s egyed\u00fclik\u00e9nt \u2013 akkredit\u00e1lta a klinik\u00e1t. (\u201eEBU Certified Cclinic\u201d), majd ezt a min\u0151s\u00edt\u00e9st 2016-ben meg\u00faj\u00edtott\u00e1k.<\/p>\n[slb_exclude]<div data-carousel-extra='{\"blog_id\":61,\"permalink\":\"https:\\\/\\\/semmelweis.hu\\\/urologia\\\/altalanos-informaciok\\\/\"}' class=\"tiled-gallery type-rectangular\" data-original-width=\"753\"><div class=\"gallery-row\" style=\"width: 748px; height: 303px;\"><div class=\"gallery-group images-2\" style=\"width: 293px; height: 307px;\"><div class=\"tiled-gallery-item tiled-gallery-item-large\"><a href=\"https:\/\/semmelweis.hu\/urologia\/files\/2014\/03\/urolbejaratk\u00f6zel.jpg\"><img loading=\"lazy\" decoding=\"async\" data-attachment-id=\"513\" data-orig-file=\"https:\/\/semmelweis.hu\/urologia\/files\/2014\/03\/urolbejaratk\u00f6zel.jpg\" data-orig-size=\"580,300\" data-comments-opened=\"1\" data-image-meta=\"{&quot;aperture&quot;:&quot;0&quot;,&quot;credit&quot;:&quot;&quot;,&quot;camera&quot;:&quot;&quot;,&quot;caption&quot;:&quot;&quot;,&quot;created_timestamp&quot;:&quot;0&quot;,&quot;copyright&quot;:&quot;&quot;,&quot;focal_length&quot;:&quot;0&quot;,&quot;iso&quot;:&quot;0&quot;,&quot;shutter_speed&quot;:&quot;0&quot;,&quot;title&quot;:&quot;&quot;}\" data-image-title=\"urolbejaratk\u00f6zel\" data-image-description=\"\" data-medium-file=\"https:\/\/semmelweis.hu\/urologia\/files\/2014\/03\/urolbejaratk\u00f6zel-300x155.jpg\" data-large-file=\"https:\/\/semmelweis.hu\/urologia\/files\/2014\/03\/urolbejaratk\u00f6zel.jpg\" src=\"https:\/\/semmelweis.hu\/urologia\/files\/2014\/03\/urolbejaratk\u00f6zel-289x150.jpg\" width=\"289\" height=\"150\" align=\"left\" title=\"\" \/><\/a><\/div><div class=\"tiled-gallery-item tiled-gallery-item-large\"><a href=\"https:\/\/semmelweis.hu\/urologia\/files\/2012\/02\/uro2.jpg\"><img loading=\"lazy\" decoding=\"async\" data-attachment-id=\"34\" data-orig-file=\"https:\/\/semmelweis.hu\/urologia\/files\/2012\/02\/uro2.jpg\" data-orig-size=\"580,300\" data-comments-opened=\"1\" data-image-meta=\"{&quot;aperture&quot;:&quot;0&quot;,&quot;credit&quot;:&quot;&quot;,&quot;camera&quot;:&quot;&quot;,&quot;caption&quot;:&quot;&quot;,&quot;created_timestamp&quot;:&quot;0&quot;,&quot;copyright&quot;:&quot;&quot;,&quot;focal_length&quot;:&quot;0&quot;,&quot;iso&quot;:&quot;0&quot;,&quot;shutter_speed&quot;:&quot;0&quot;,&quot;title&quot;:&quot;&quot;}\" data-image-title=\"uro2\" data-image-description=\"\" data-medium-file=\"https:\/\/semmelweis.hu\/urologia\/files\/2012\/02\/uro2-300x155.jpg\" data-large-file=\"https:\/\/semmelweis.hu\/urologia\/files\/2012\/02\/uro2.jpg\" src=\"https:\/\/semmelweis.hu\/urologia\/files\/2012\/02\/uro2-289x149.jpg\" width=\"289\" height=\"149\" align=\"left\" title=\"\" \/><\/a><\/div><\/div><div class=\"gallery-group images-1\" style=\"width: 455px; height: 307px;\"><div class=\"tiled-gallery-item tiled-gallery-item-large\"><a href=\"https:\/\/semmelweis.hu\/urologia\/files\/2014\/03\/urologia_3d.jpg\"><img loading=\"lazy\" decoding=\"async\" data-attachment-id=\"230\" data-orig-file=\"https:\/\/semmelweis.hu\/urologia\/files\/2014\/03\/urologia_3d.jpg\" data-orig-size=\"1186,798\" data-comments-opened=\"1\" data-image-meta=\"{&quot;aperture&quot;:&quot;0&quot;,&quot;credit&quot;:&quot;&quot;,&quot;camera&quot;:&quot;&quot;,&quot;caption&quot;:&quot;&quot;,&quot;created_timestamp&quot;:&quot;0&quot;,&quot;copyright&quot;:&quot;&quot;,&quot;focal_length&quot;:&quot;0&quot;,&quot;iso&quot;:&quot;0&quot;,&quot;shutter_speed&quot;:&quot;0&quot;,&quot;title&quot;:&quot;&quot;}\" data-image-title=\"urologia_3d\" data-image-description=\"\" data-medium-file=\"https:\/\/semmelweis.hu\/urologia\/files\/2014\/03\/urologia_3d-300x201.jpg\" data-large-file=\"https:\/\/semmelweis.hu\/urologia\/files\/2014\/03\/urologia_3d-1024x688.jpg\" src=\"https:\/\/semmelweis.hu\/urologia\/files\/2014\/03\/urologia_3d-451x303.jpg\" width=\"451\" height=\"303\" align=\"left\" title=\"\" \/><\/a><\/div><\/div><\/div><div class=\"gallery-row\" style=\"width: 748px; height: 220px;\"><div class=\"gallery-group images-1\" style=\"width: 430px; height: 224px;\"><div class=\"tiled-gallery-item tiled-gallery-item-large\"><a href=\"https:\/\/semmelweis.hu\/urologia\/files\/2012\/02\/uro1.jpg\"><img loading=\"lazy\" decoding=\"async\" data-attachment-id=\"33\" data-orig-file=\"https:\/\/semmelweis.hu\/urologia\/files\/2012\/02\/uro1.jpg\" data-orig-size=\"580,300\" data-comments-opened=\"1\" data-image-meta=\"{&quot;aperture&quot;:&quot;0&quot;,&quot;credit&quot;:&quot;&quot;,&quot;camera&quot;:&quot;&quot;,&quot;caption&quot;:&quot;&quot;,&quot;created_timestamp&quot;:&quot;0&quot;,&quot;copyright&quot;:&quot;&quot;,&quot;focal_length&quot;:&quot;0&quot;,&quot;iso&quot;:&quot;0&quot;,&quot;shutter_speed&quot;:&quot;0&quot;,&quot;title&quot;:&quot;&quot;}\" data-image-title=\"uro1\" data-image-description=\"\" data-medium-file=\"https:\/\/semmelweis.hu\/urologia\/files\/2012\/02\/uro1-300x155.jpg\" data-large-file=\"https:\/\/semmelweis.hu\/urologia\/files\/2012\/02\/uro1.jpg\" src=\"https:\/\/semmelweis.hu\/urologia\/files\/2012\/02\/uro1-426x220.jpg\" width=\"426\" height=\"220\" align=\"left\" title=\"\" \/><\/a><\/div><\/div><div class=\"gallery-group images-1\" style=\"width: 318px; height: 224px;\"><div class=\"tiled-gallery-item tiled-gallery-item-large\"><a href=\"https:\/\/semmelweis.hu\/urologia\/files\/2022\/08\/tablo20200915_vegleges_page-0001-scaled.jpg\"><img loading=\"lazy\" decoding=\"async\" data-attachment-id=\"3889\" data-orig-file=\"https:\/\/semmelweis.hu\/urologia\/files\/2022\/08\/tablo20200915_vegleges_page-0001-scaled.jpg\" data-orig-size=\"2560,1792\" data-comments-opened=\"0\" data-image-meta=\"{&quot;aperture&quot;:&quot;0&quot;,&quot;credit&quot;:&quot;&quot;,&quot;camera&quot;:&quot;&quot;,&quot;caption&quot;:&quot;&quot;,&quot;created_timestamp&quot;:&quot;0&quot;,&quot;copyright&quot;:&quot;&quot;,&quot;focal_length&quot;:&quot;0&quot;,&quot;iso&quot;:&quot;0&quot;,&quot;shutter_speed&quot;:&quot;0&quot;,&quot;title&quot;:&quot;&quot;,&quot;orientation&quot;:&quot;0&quot;}\" data-image-title=\"tabl\u00f320200915_vegleges_page-0001\" data-image-description=\"\" data-medium-file=\"https:\/\/semmelweis.hu\/urologia\/files\/2022\/08\/tablo20200915_vegleges_page-0001-300x210.jpg\" data-large-file=\"https:\/\/semmelweis.hu\/urologia\/files\/2022\/08\/tablo20200915_vegleges_page-0001-1024x717.jpg\" src=\"https:\/\/semmelweis.hu\/urologia\/files\/2022\/08\/tablo20200915_vegleges_page-0001-scaled-314x220.jpg\" width=\"314\" height=\"220\" align=\"left\" title=\"\" \/><\/a><\/div><\/div><\/div><div class=\"gallery-row\" style=\"width: 748px; height: 231px;\"><div class=\"gallery-group images-1\" style=\"width: 420px; height: 235px;\"><div class=\"tiled-gallery-item tiled-gallery-item-large\"><a href=\"https:\/\/semmelweis.hu\/urologia\/files\/2022\/08\/urologia_2019-csoportkep-scaled.jpg\"><img loading=\"lazy\" decoding=\"async\" data-attachment-id=\"3885\" data-orig-file=\"https:\/\/semmelweis.hu\/urologia\/files\/2022\/08\/urologia_2019-csoportkep-scaled.jpg\" data-orig-size=\"2560,1425\" data-comments-opened=\"0\" data-image-meta=\"{&quot;aperture&quot;:&quot;7.1&quot;,&quot;credit&quot;:&quot;&quot;,&quot;camera&quot;:&quot;NIKON D7200&quot;,&quot;caption&quot;:&quot;&quot;,&quot;created_timestamp&quot;:&quot;1560241982&quot;,&quot;copyright&quot;:&quot;&quot;,&quot;focal_length&quot;:&quot;30&quot;,&quot;iso&quot;:&quot;200&quot;,&quot;shutter_speed&quot;:&quot;0.003125&quot;,&quot;title&quot;:&quot;&quot;,&quot;orientation&quot;:&quot;1&quot;}\" data-image-title=\"urologia_2019 csoportkep\" data-image-description=\"\" data-medium-file=\"https:\/\/semmelweis.hu\/urologia\/files\/2022\/08\/urologia_2019-csoportkep-300x167.jpg\" data-large-file=\"https:\/\/semmelweis.hu\/urologia\/files\/2022\/08\/urologia_2019-csoportkep-1024x570.jpg\" src=\"https:\/\/semmelweis.hu\/urologia\/files\/2022\/08\/urologia_2019-csoportkep-scaled-416x231.jpg\" width=\"416\" height=\"231\" align=\"left\" title=\"\" \/><\/a><\/div><\/div><div class=\"gallery-group images-1\" style=\"width: 328px; height: 235px;\"><div class=\"tiled-gallery-item tiled-gallery-item-large\"><a href=\"https:\/\/semmelweis.hu\/urologia\/files\/2014\/12\/IMGP1230cut.jpg\"><img loading=\"lazy\" decoding=\"async\" data-attachment-id=\"1384\" data-orig-file=\"https:\/\/semmelweis.hu\/urologia\/files\/2014\/12\/IMGP1230cut.jpg\" data-orig-size=\"2560,1825\" data-comments-opened=\"1\" data-image-meta=\"{&quot;aperture&quot;:&quot;0&quot;,&quot;credit&quot;:&quot;&quot;,&quot;camera&quot;:&quot;&quot;,&quot;caption&quot;:&quot;&quot;,&quot;created_timestamp&quot;:&quot;0&quot;,&quot;copyright&quot;:&quot;&quot;,&quot;focal_length&quot;:&quot;0&quot;,&quot;iso&quot;:&quot;0&quot;,&quot;shutter_speed&quot;:&quot;0&quot;,&quot;title&quot;:&quot;&quot;,&quot;orientation&quot;:&quot;0&quot;}\" data-image-title=\"M\u0171t\u00e9t\" data-image-description=\"\" data-medium-file=\"https:\/\/semmelweis.hu\/urologia\/files\/2014\/12\/IMGP1230cut-300x213.jpg\" data-large-file=\"https:\/\/semmelweis.hu\/urologia\/files\/2014\/12\/IMGP1230cut-1024x730.jpg\" src=\"https:\/\/semmelweis.hu\/urologia\/files\/2014\/12\/IMGP1230cut-324x231.jpg\" width=\"324\" height=\"231\" align=\"left\" title=\"Balr\u00f3l: Prof. G.N. Thalmann, Prof. Nyir\u00e1dy P\u00e9ter, Dr. B\u00e9csi \u00c1ron\" \/><\/a><div class=\"tiled-gallery-caption\">Balr\u00f3l: Prof. G.N. Thalmann, Prof. Nyir\u00e1dy P\u00e9ter, Dr. B\u00e9csi \u00c1ron<\/div><\/div><\/div><\/div><div class=\"gallery-row\" style=\"width: 748px; height: 226px;\"><div class=\"gallery-group images-1\" style=\"width: 405px; height: 230px;\"><div class=\"tiled-gallery-item tiled-gallery-item-large\"><a href=\"https:\/\/semmelweis.hu\/urologia\/files\/2014\/11\/IMGP0873-e1415094795851.jpg\"><img loading=\"lazy\" decoding=\"async\" data-attachment-id=\"1212\" data-orig-file=\"https:\/\/semmelweis.hu\/urologia\/files\/2014\/11\/IMGP0873-e1415094795851.jpg\" data-orig-size=\"2560,1440\" data-comments-opened=\"1\" data-image-meta=\"{&quot;aperture&quot;:&quot;0&quot;,&quot;credit&quot;:&quot;&quot;,&quot;camera&quot;:&quot;&quot;,&quot;caption&quot;:&quot;&quot;,&quot;created_timestamp&quot;:&quot;0&quot;,&quot;copyright&quot;:&quot;&quot;,&quot;focal_length&quot;:&quot;0&quot;,&quot;iso&quot;:&quot;0&quot;,&quot;shutter_speed&quot;:&quot;0&quot;,&quot;title&quot;:&quot;&quot;,&quot;orientation&quot;:&quot;0&quot;}\" data-image-title=\"104. szoba\" data-image-description=\"\" data-medium-file=\"https:\/\/semmelweis.hu\/urologia\/files\/2014\/11\/IMGP0873-e1415094795851-300x168.jpg\" data-large-file=\"https:\/\/semmelweis.hu\/urologia\/files\/2014\/11\/IMGP0873-e1415094795851-1024x576.jpg\" src=\"https:\/\/semmelweis.hu\/urologia\/files\/2014\/11\/IMGP0873-e1415094795851-401x226.jpg\" width=\"401\" height=\"226\" align=\"left\" title=\"\" \/><\/a><\/div><\/div><div class=\"gallery-group images-1\" style=\"width: 343px; height: 230px;\"><div class=\"tiled-gallery-item tiled-gallery-item-large\"><a href=\"https:\/\/semmelweis.hu\/urologia\/files\/2014\/11\/RS22428_KA-20140917-IMG_9730-urologia-rendelo.jpg\"><img loading=\"lazy\" decoding=\"async\" data-attachment-id=\"1197\" data-orig-file=\"https:\/\/semmelweis.hu\/urologia\/files\/2014\/11\/RS22428_KA-20140917-IMG_9730-urologia-rendelo.jpg\" data-orig-size=\"2560,1707\" data-comments-opened=\"1\" data-image-meta=\"{&quot;aperture&quot;:&quot;0&quot;,&quot;credit&quot;:&quot;Kov\\u00e1cs Attila&quot;,&quot;camera&quot;:&quot;&quot;,&quot;caption&quot;:&quot;&quot;,&quot;created_timestamp&quot;:&quot;1410956222&quot;,&quot;copyright&quot;:&quot;Kov\\u00e1cs Attila&quot;,&quot;focal_length&quot;:&quot;0&quot;,&quot;iso&quot;:&quot;0&quot;,&quot;shutter_speed&quot;:&quot;0&quot;,&quot;title&quot;:&quot;&quot;,&quot;orientation&quot;:&quot;0&quot;}\" data-image-title=\"\" data-image-description=\"\" data-medium-file=\"https:\/\/semmelweis.hu\/urologia\/files\/2014\/11\/RS22428_KA-20140917-IMG_9730-urologia-rendelo-300x200.jpg\" data-large-file=\"https:\/\/semmelweis.hu\/urologia\/files\/2014\/11\/RS22428_KA-20140917-IMG_9730-urologia-rendelo-1024x682.jpg\" src=\"https:\/\/semmelweis.hu\/urologia\/files\/2014\/11\/RS22428_KA-20140917-IMG_9730-urologia-rendelo-339x226.jpg\" width=\"339\" height=\"226\" align=\"left\" title=\"Kontinencia Centrum vizsg\u00e1l\u00f3\" \/><\/a><div class=\"tiled-gallery-caption\">Kontinencia Centrum vizsg\u00e1l\u00f3<\/div><\/div><\/div><\/div><div class=\"gallery-row\" style=\"width: 748px; height: 336px;\"><div class=\"gallery-group images-1\" style=\"width: 509px; height: 340px;\"><div class=\"tiled-gallery-item tiled-gallery-item-large\"><a href=\"https:\/\/semmelweis.hu\/urologia\/files\/2014\/11\/RS23190_KA-20140929-IMG_6888-kontinencia-centrum-atado-scr.jpg\"><img loading=\"lazy\" decoding=\"async\" data-attachment-id=\"1194\" data-orig-file=\"https:\/\/semmelweis.hu\/urologia\/files\/2014\/11\/RS23190_KA-20140929-IMG_6888-kontinencia-centrum-atado-scr.jpg\" data-orig-size=\"950,633\" data-comments-opened=\"1\" data-image-meta=\"{&quot;aperture&quot;:&quot;0&quot;,&quot;credit&quot;:&quot;&quot;,&quot;camera&quot;:&quot;&quot;,&quot;caption&quot;:&quot;&quot;,&quot;created_timestamp&quot;:&quot;0&quot;,&quot;copyright&quot;:&quot;&quot;,&quot;focal_length&quot;:&quot;0&quot;,&quot;iso&quot;:&quot;0&quot;,&quot;shutter_speed&quot;:&quot;0&quot;,&quot;title&quot;:&quot;&quot;,&quot;orientation&quot;:&quot;0&quot;}\" data-image-title=\"RS23190_KA-20140929-IMG_6888-kontinencia-centrum-atado-scr\" data-image-description=\"\" data-medium-file=\"https:\/\/semmelweis.hu\/urologia\/files\/2014\/11\/RS23190_KA-20140929-IMG_6888-kontinencia-centrum-atado-scr-300x199.jpg\" data-large-file=\"https:\/\/semmelweis.hu\/urologia\/files\/2014\/11\/RS23190_KA-20140929-IMG_6888-kontinencia-centrum-atado-scr.jpg\" src=\"https:\/\/semmelweis.hu\/urologia\/files\/2014\/11\/RS23190_KA-20140929-IMG_6888-kontinencia-centrum-atado-scr-505x336.jpg\" width=\"505\" height=\"336\" align=\"left\" title=\"Kontinencia Centrum vizsg\u00e1l\u00f3\" \/><\/a><div class=\"tiled-gallery-caption\">Kontinencia Centrum vizsg\u00e1l\u00f3<\/div><\/div><\/div><div class=\"gallery-group images-2\" style=\"width: 239px; height: 340px;\"><div class=\"tiled-gallery-item tiled-gallery-item-small\"><a href=\"https:\/\/semmelweis.hu\/urologia\/files\/2014\/10\/MG_9677.jpg\"><img loading=\"lazy\" decoding=\"async\" data-attachment-id=\"1155\" data-orig-file=\"https:\/\/semmelweis.hu\/urologia\/files\/2014\/10\/MG_9677.jpg\" data-orig-size=\"2560,1839\" data-comments-opened=\"1\" data-image-meta=\"{&quot;aperture&quot;:&quot;0&quot;,&quot;credit&quot;:&quot;Ambrus Marcsi&quot;,&quot;camera&quot;:&quot;&quot;,&quot;caption&quot;:&quot;&quot;,&quot;created_timestamp&quot;:&quot;1411737203&quot;,&quot;copyright&quot;:&quot;&quot;,&quot;focal_length&quot;:&quot;0&quot;,&quot;iso&quot;:&quot;0&quot;,&quot;shutter_speed&quot;:&quot;0&quot;,&quot;title&quot;:&quot;&quot;}\" data-image-title=\"\" data-image-description=\"\" data-medium-file=\"https:\/\/semmelweis.hu\/urologia\/files\/2014\/10\/MG_9677-300x215.jpg\" data-large-file=\"https:\/\/semmelweis.hu\/urologia\/files\/2014\/10\/MG_9677-1024x735.jpg\" src=\"https:\/\/semmelweis.hu\/urologia\/files\/2014\/10\/MG_9677-235x169.jpg\" width=\"235\" height=\"169\" align=\"left\" title=\"\" \/><\/a><\/div><div class=\"tiled-gallery-item tiled-gallery-item-small\"><a href=\"https:\/\/semmelweis.hu\/urologia\/files\/2014\/10\/MG_9805.jpg\"><img loading=\"lazy\" decoding=\"async\" data-attachment-id=\"1154\" data-orig-file=\"https:\/\/semmelweis.hu\/urologia\/files\/2014\/10\/MG_9805.jpg\" data-orig-size=\"2560,1772\" data-comments-opened=\"1\" data-image-meta=\"{&quot;aperture&quot;:&quot;0&quot;,&quot;credit&quot;:&quot;Ambrus Marcsi&quot;,&quot;camera&quot;:&quot;&quot;,&quot;caption&quot;:&quot;&quot;,&quot;created_timestamp&quot;:&quot;1411739446&quot;,&quot;copyright&quot;:&quot;&quot;,&quot;focal_length&quot;:&quot;0&quot;,&quot;iso&quot;:&quot;0&quot;,&quot;shutter_speed&quot;:&quot;0&quot;,&quot;title&quot;:&quot;&quot;}\" data-image-title=\"\" data-image-description=\"\" data-medium-file=\"https:\/\/semmelweis.hu\/urologia\/files\/2014\/10\/MG_9805-300x207.jpg\" data-large-file=\"https:\/\/semmelweis.hu\/urologia\/files\/2014\/10\/MG_9805-1024x708.jpg\" src=\"https:\/\/semmelweis.hu\/urologia\/files\/2014\/10\/MG_9805-235x163.jpg\" width=\"235\" height=\"163\" align=\"left\" title=\"\" \/><\/a><\/div><\/div><\/div><div class=\"gallery-row\" style=\"width: 748px; height: 360px;\"><div class=\"gallery-group images-1\" style=\"width: 264px; height: 364px;\"><div class=\"tiled-gallery-item tiled-gallery-item-large\"><a href=\"https:\/\/semmelweis.hu\/urologia\/files\/2014\/04\/ESWL.jpg\"><img loading=\"lazy\" decoding=\"async\" data-attachment-id=\"640\" data-orig-file=\"https:\/\/semmelweis.hu\/urologia\/files\/2014\/04\/ESWL.jpg\" data-orig-size=\"614,852\" data-comments-opened=\"1\" data-image-meta=\"{&quot;aperture&quot;:&quot;0&quot;,&quot;credit&quot;:&quot;&quot;,&quot;camera&quot;:&quot;&quot;,&quot;caption&quot;:&quot;&quot;,&quot;created_timestamp&quot;:&quot;0&quot;,&quot;copyright&quot;:&quot;&quot;,&quot;focal_length&quot;:&quot;0&quot;,&quot;iso&quot;:&quot;0&quot;,&quot;shutter_speed&quot;:&quot;0&quot;,&quot;title&quot;:&quot;&quot;}\" data-image-title=\"ESWL\" data-image-description=\"\" data-medium-file=\"https:\/\/semmelweis.hu\/urologia\/files\/2014\/04\/ESWL-216x300.jpg\" data-large-file=\"https:\/\/semmelweis.hu\/urologia\/files\/2014\/04\/ESWL.jpg\" src=\"https:\/\/semmelweis.hu\/urologia\/files\/2014\/04\/ESWL-260x360.jpg\" width=\"260\" height=\"360\" align=\"left\" title=\"\" \/><\/a><\/div><\/div><div class=\"gallery-group images-1\" style=\"width: 484px; height: 364px;\"><div class=\"tiled-gallery-item tiled-gallery-item-large\"><a href=\"https:\/\/semmelweis.hu\/urologia\/files\/2014\/07\/IMGP0727.jpg\"><img loading=\"lazy\" decoding=\"async\" data-attachment-id=\"759\" data-orig-file=\"https:\/\/semmelweis.hu\/urologia\/files\/2014\/07\/IMGP0727.jpg\" data-orig-size=\"2560,1920\" data-comments-opened=\"1\" data-image-meta=\"{&quot;aperture&quot;:&quot;0&quot;,&quot;credit&quot;:&quot;&quot;,&quot;camera&quot;:&quot;&quot;,&quot;caption&quot;:&quot;&quot;,&quot;created_timestamp&quot;:&quot;0&quot;,&quot;copyright&quot;:&quot;&quot;,&quot;focal_length&quot;:&quot;0&quot;,&quot;iso&quot;:&quot;0&quot;,&quot;shutter_speed&quot;:&quot;0&quot;,&quot;title&quot;:&quot;&quot;}\" data-image-title=\"IMGP0727\" data-image-description=\"\" data-medium-file=\"https:\/\/semmelweis.hu\/urologia\/files\/2014\/07\/IMGP0727-300x225.jpg\" data-large-file=\"https:\/\/semmelweis.hu\/urologia\/files\/2014\/07\/IMGP0727-1024x768.jpg\" src=\"https:\/\/semmelweis.hu\/urologia\/files\/2014\/07\/IMGP0727-480x360.jpg\" width=\"480\" height=\"360\" align=\"left\" title=\"Dr. Majoros Attila, Dr. Wilhem Bauer\" \/><\/a><div class=\"tiled-gallery-caption\">Dr. Majoros Attila, Dr. Wilhem Bauer<\/div><\/div><\/div><\/div><\/div>[\/slb_exclude]\n","protected":false},"excerpt":{"rendered":"<p>A Semmelweis Egyetem Urol\u00f3giai Klinik\u00e1j\u00e1n az urol\u00f3gia csaknem valamennyi diagnosztikai \u00e9s ter\u00e1pi\u00e1s m\u00f3dszer\u00e9t alkalmazzuk. Sz\u00e1mos vizsg\u00e1l\u00f3 \u00e9s m\u0171t\u00e9ti elj\u00e1r\u00e1st a klinika vezetett be az orsz\u00e1gos gyakorlatba. A diagnosztikus munk\u00e1t korszer\u0171 r\u00f6ntgen \u00e9s rendel\u0151nk\u00e9nt 6, k\u00f6z\u00fcl\u00fck 3 sz\u00ednes dopplerrel felszerelt ultrahangk\u00e9sz\u00fcl\u00e9k seg\u00edti. Az inkontinens betegek ell\u00e1t\u00e1s\u00e1t a m\u0171t\u00e9tek mellett fizioter\u00e1pia teszi lehet\u0151v\u00e9.<\/p>\n<p>Androl\u00f3giai Centrumunkban a legkorszer\u0171bb felszerelts\u00e9g seg\u00edts\u00e9g\u00e9vel vizsg\u00e1ljuk ki \u00e9s kezelj\u00fck a f\u00e9rfimedd\u0151s\u00e9get illetve a szexu\u00e1lis zavarokat. Klinik\u00e1nkon Kontinencia Centrum \u00e9s Urodinamikai Laborat\u00f3rium m\u0171k\u00f6dik.<\/p>\n","protected":false},"author":316,"featured_media":4430,"parent":0,"menu_order":0,"comment_status":"open","ping_status":"open","template":"","meta":{"_acf_changed":false,"footnotes":""},"categories":[],"tags":[],"class_list":["post-10","page","type-page","status-publish","has-post-thumbnail","hentry"],"acf":[],"_links":{"self":[{"href":"https:\/\/semmelweis.hu\/urologia\/wp-json\/wp\/v2\/pages\/10","targetHints":{"allow":["GET"]}}],"collection":[{"href":"https:\/\/semmelweis.hu\/urologia\/wp-json\/wp\/v2\/pages"}],"about":[{"href":"https:\/\/semmelweis.hu\/urologia\/wp-json\/wp\/v2\/types\/page"}],"author":[{"embeddable":true,"href":"https:\/\/semmelweis.hu\/urologia\/wp-json\/wp\/v2\/users\/316"}],"replies":[{"embeddable":true,"href":"https:\/\/semmelweis.hu\/urologia\/wp-json\/wp\/v2\/comments?post=10"}],"version-history":[{"count":11,"href":"https:\/\/semmelweis.hu\/urologia\/wp-json\/wp\/v2\/pages\/10\/revisions"}],"predecessor-version":[{"id":4727,"href":"https:\/\/semmelweis.hu\/urologia\/wp-json\/wp\/v2\/pages\/10\/revisions\/4727"}],"wp:featuredmedia":[{"embeddable":true,"href":"https:\/\/semmelweis.hu\/urologia\/wp-json\/wp\/v2\/media\/4430"}],"wp:attachment":[{"href":"https:\/\/semmelweis.hu\/urologia\/wp-json\/wp\/v2\/media?parent=10"}],"wp:term":[{"taxonomy":"category","embeddable":true,"href":"https:\/\/semmelweis.hu\/urologia\/wp-json\/wp\/v2\/categories?post=10"},{"taxonomy":"post_tag","embeddable":true,"href":"https:\/\/semmelweis.hu\/urologia\/wp-json\/wp\/v2\/tags?post=10"}],"curies":[{"name":"wp","href":"https:\/\/api.w.org\/{rel}","templated":true}]}}