{"id":9795,"date":"2024-04-26T11:37:58","date_gmt":"2024-04-26T09:37:58","guid":{"rendered":"https:\/\/semmelweis.hu\/tuzoltoklinika\/?page_id=9795"},"modified":"2026-02-25T09:31:31","modified_gmt":"2026-02-25T08:31:31","slug":"tdk","status":"publish","type":"page","link":"https:\/\/semmelweis.hu\/tuzoltoklinika\/en\/education\/tdk\/","title":{"rendered":"TDK"},"content":{"rendered":"<p>If you find a topic of interest from the list below, you can request the supervisor\u2019s contact details at <a href=\"mailto:oktatas@gyerekklinika.com\">oktatas@gyerekklinika.com<\/a>.<\/p>\n<p>If the topic you are interested in is not included in the list, we recommend that you contact the course coordinator at <a href=\"mailto:pasztor.borbala@gyerekklinika.com\">pasztor.borbala@gyerekklinika.com<\/a>.<\/p>\n<p>After consulting with your supervisor, please register for the TDK course in Neptun, and then visit the Education Secretariat of the clinic to collect your attendance sheet and complete the necessary administration.<\/p>\n<p>At the beginning of each semester, you must obtain a new attendance sheet. Submitting the completed sheet to the Education Office is a prerequisite for receiving the end-of-semester signature and practical grade.<\/p>\n\n<table id=\"tablepress-4\" class=\"tablepress tablepress-id-4\">\n<thead>\n<tr class=\"row-1\">\n\t<th class=\"column-1\">TDK themes 2026-27<\/th><th class=\"column-2\">Tutor<\/th>\n<\/tr>\n<\/thead>\n<tbody class=\"row-striping row-hover\">\n<tr class=\"row-2\">\n\t<td class=\"column-1\">Growth disorders<\/td><td class=\"column-2\">Dr. Bertalan Rita \/ Dr. K\u00f3nya S\u00e1rma<\/td>\n<\/tr>\n<tr class=\"row-3\">\n\t<td class=\"column-1\">Importance of growth hormone suppression test in children with tall stature<\/td><td class=\"column-2\">Dr. Bertalan Rita<\/td>\n<\/tr>\n<tr class=\"row-4\">\n\t<td class=\"column-1\">Congenital Adrenal Hyperplagia<\/td><td class=\"column-2\">Dr. Bertalan Rita, Dr. Beniczky Nikolett<\/td>\n<\/tr>\n<tr class=\"row-5\">\n\t<td class=\"column-1\">Immune mediated central nervous diseases<\/td><td class=\"column-2\">Dr. Dobner S\u00e1ra<\/td>\n<\/tr>\n<tr class=\"row-6\">\n\t<td class=\"column-1\">Neurologic diseases and sports<\/td><td class=\"column-2\">Dr. Dobner S\u00e1ra<\/td>\n<\/tr>\n<tr class=\"row-7\">\n\t<td class=\"column-1\">CNS leukaemia diagnostics and comparison of CSF test modalities<\/td><td class=\"column-2\">Dr. Erd\u00e9lyi D\u00e1niel<\/td>\n<\/tr>\n<tr class=\"row-8\">\n\t<td class=\"column-1\">Acute Lymphoblastic Leukaemia Inter Continental Study group<\/td><td class=\"column-2\">Dr. Erd\u00e9lyi D\u00e1niel<\/td>\n<\/tr>\n<tr class=\"row-9\">\n\t<td class=\"column-1\">Treatment of ALL relapse in childhood and adolescents<\/td><td class=\"column-2\">Dr. Erd\u00e9lyi D\u00e1niel (docens)<\/td>\n<\/tr>\n<tr class=\"row-10\">\n\t<td class=\"column-1\">Assessment of CNS involvement of leukaemia<\/td><td class=\"column-2\">Dr. Erd\u00e9lyi D\u00e1niel, Dr. Alm\u00e1si Laura<\/td>\n<\/tr>\n<tr class=\"row-11\">\n\t<td class=\"column-1\">Rare embryonal tumors the central nervous system<\/td><td class=\"column-2\">Dr. Garami Mikl\u00f3s (docens)<\/td>\n<\/tr>\n<tr class=\"row-12\">\n\t<td class=\"column-1\">New biomarkers in autoinflammatory diseases (FMF, SJIA)<\/td><td class=\"column-2\">Dr. Horv\u00e1th Zsuzsanna (adjunktus)<\/td>\n<\/tr>\n<tr class=\"row-13\">\n\t<td class=\"column-1\">Disease control and quality of life in autoinflammatory diseases (FMF, SJIA)<\/td><td class=\"column-2\">Dr. Horv\u00e1th Zsuzsanna (adjunktus)<\/td>\n<\/tr>\n<tr class=\"row-14\">\n\t<td class=\"column-1\">Vaccination coverage in autoinflammatory diseases (FMF, SJIA)<\/td><td class=\"column-2\">Dr. Horv\u00e1th Zsuzsanna (adjunktus)<\/td>\n<\/tr>\n<tr class=\"row-15\">\n\t<td class=\"column-1\">Total thyreoidectomy in childre<\/td><td class=\"column-2\">Dr. Jen\u0151v\u00e1ri Zolt\u00e1n<\/td>\n<\/tr>\n<tr class=\"row-16\">\n\t<td class=\"column-1\">Surgical treatment of intersexuality<\/td><td class=\"column-2\">Dr. Jen\u0151v\u00e1ri Zolt\u00e1n<\/td>\n<\/tr>\n<tr class=\"row-17\">\n\t<td class=\"column-1\">Parenchymal sparing tumorresection in chidlren<\/td><td class=\"column-2\">Dr. Jen\u0151v\u00e1ri Zolt\u00e1n<\/td>\n<\/tr>\n<tr class=\"row-18\">\n\t<td class=\"column-1\">Preventive mutilation ih children<\/td><td class=\"column-2\">Dr. Jen\u0151v\u00e1ri Zolt\u00e1n<\/td>\n<\/tr>\n<tr class=\"row-19\">\n\t<td class=\"column-1\">Neurological manifestations of type 1 neurofibromatosis<\/td><td class=\"column-2\">Dr. Liptai Zolt\u00e1n (docens)<\/td>\n<\/tr>\n<tr class=\"row-20\">\n\t<td class=\"column-1\">Neuroinfections: causes, clinical, laboratory and radiological characteristics<\/td><td class=\"column-2\">Dr. Liptai Zolt\u00e1n (docens)<\/td>\n<\/tr>\n<tr class=\"row-21\">\n\t<td class=\"column-1\">Clinical characteristics, diagnosis and treatment of neuroimmunological diseases in childhood<\/td><td class=\"column-2\">Dr. Liptai Zolt\u00e1n (docens)<\/td>\n<\/tr>\n<tr class=\"row-22\">\n\t<td class=\"column-1\">Investigation of the effectiveness of disease-modifying therapies in Duchenne muscular dystophy<\/td><td class=\"column-2\">Dr. Liptai Zolt\u00e1n (docens) \/ Dr. Szab\u00f3 L\u00e9na (adjunktus)<\/td>\n<\/tr>\n<tr class=\"row-23\">\n\t<td class=\"column-1\">New therapeutical possibilites for the treatment of relapsed or therapy refracter Hodgkin's disease<\/td><td class=\"column-2\">Dr. M\u00fcller Judit (docens)<\/td>\n<\/tr>\n<tr class=\"row-24\">\n\t<td class=\"column-1\">Hypereosinophilia in childhood<\/td><td class=\"column-2\">Dr. M\u00fcller Judit (docens)<\/td>\n<\/tr>\n<tr class=\"row-25\">\n\t<td class=\"column-1\">Targeted treatment in juvenile idiopathis arthritis: long-term results<\/td><td class=\"column-2\">Dr. Ponyi Andrea (adjunktus)<\/td>\n<\/tr>\n<tr class=\"row-26\">\n\t<td class=\"column-1\">Presentation, managament and disease outcome in patients with childhood systemic lupus erythematosus<\/td><td class=\"column-2\">Dr. Ponyi Andrea (adjunktus)<\/td>\n<\/tr>\n<tr class=\"row-27\">\n\t<td class=\"column-1\">Immunization in patients with systemic autoimmune diseases<\/td><td class=\"column-2\">Dr. Ponyi Andrea (adjunktus)<\/td>\n<\/tr>\n<tr class=\"row-28\">\n\t<td class=\"column-1\">Clinical presentation and treatment of idiopathic and JIA-associated uveitis<\/td><td class=\"column-2\">Dr. Ponyi Andrea (adjunktus)<\/td>\n<\/tr>\n<\/tbody>\n<\/table>\n<!-- #tablepress-4 from cache -->\n","protected":false},"excerpt":{"rendered":"<p>If you find a topic of interest from the list below, you can request the supervisor\u2019s contact details at <a href=\"mailto:oktatas@gyerekklinika.com\">oktatas@gyerekklinika.com<\/a> . If the topic you are interested in is not included in the list, we recommend that you contact the course coordinator at <a href=\"mailto:pasztor.borbala@gyerekklinika.com\">pasztor.borbala@gyerekklinika.com<\/a> . After consulting with your supervisor, please register for the TDK course in &hellip;<\/p>\n","protected":false},"author":101602,"featured_media":0,"parent":3713,"menu_order":6,"comment_status":"closed","ping_status":"closed","template":"","meta":{"_acf_changed":false,"footnotes":""},"categories":[],"tags":[],"class_list":["post-9795","page","type-page","status-publish","hentry"],"acf":[],"_links":{"self":[{"href":"https:\/\/semmelweis.hu\/tuzoltoklinika\/wp-json\/wp\/v2\/pages\/9795","targetHints":{"allow":["GET"]}}],"collection":[{"href":"https:\/\/semmelweis.hu\/tuzoltoklinika\/wp-json\/wp\/v2\/pages"}],"about":[{"href":"https:\/\/semmelweis.hu\/tuzoltoklinika\/wp-json\/wp\/v2\/types\/page"}],"author":[{"embeddable":true,"href":"https:\/\/semmelweis.hu\/tuzoltoklinika\/wp-json\/wp\/v2\/users\/101602"}],"replies":[{"embeddable":true,"href":"https:\/\/semmelweis.hu\/tuzoltoklinika\/wp-json\/wp\/v2\/comments?post=9795"}],"version-history":[{"count":10,"href":"https:\/\/semmelweis.hu\/tuzoltoklinika\/wp-json\/wp\/v2\/pages\/9795\/revisions"}],"predecessor-version":[{"id":12065,"href":"https:\/\/semmelweis.hu\/tuzoltoklinika\/wp-json\/wp\/v2\/pages\/9795\/revisions\/12065"}],"up":[{"embeddable":true,"href":"https:\/\/semmelweis.hu\/tuzoltoklinika\/wp-json\/wp\/v2\/pages\/3713"}],"wp:attachment":[{"href":"https:\/\/semmelweis.hu\/tuzoltoklinika\/wp-json\/wp\/v2\/media?parent=9795"}],"wp:term":[{"taxonomy":"category","embeddable":true,"href":"https:\/\/semmelweis.hu\/tuzoltoklinika\/wp-json\/wp\/v2\/categories?post=9795"},{"taxonomy":"post_tag","embeddable":true,"href":"https:\/\/semmelweis.hu\/tuzoltoklinika\/wp-json\/wp\/v2\/tags?post=9795"}],"curies":[{"name":"wp","href":"https:\/\/api.w.org\/{rel}","templated":true}]}}