{"id":9367,"date":"2023-09-13T12:25:27","date_gmt":"2023-09-13T10:25:27","guid":{"rendered":"https:\/\/semmelweis.hu\/tuzoltoklinika\/?page_id=9367"},"modified":"2026-03-06T15:13:19","modified_gmt":"2026-03-06T14:13:19","slug":"retinoblastoma-szakmai-napok","status":"publish","type":"page","link":"https:\/\/semmelweis.hu\/tuzoltoklinika\/oktatas\/akkreditalt-tovabbkepzeseink\/retinoblastoma-szakmai-napok\/","title":{"rendered":"Retinoblastoma Szakmai Napok"},"content":{"rendered":"<p><strong>A 2023-ban elind\u00edtott, akkredit\u00e1lt Retinoblastoma Szakmai Napok c\u00e9lja, hogy \u00e1tfog\u00f3 \u00e9s naprak\u00e9sz szakmai ismereteket ny\u00fajtson a retinoblastom\u00e1s betegek ell\u00e1t\u00e1s\u00e1ban r\u00e9szt vev\u0151 szakemberek sz\u00e1m\u00e1ra. A rendezv\u00e9nysorozat a maga nem\u00e9ben egyed\u00fcl\u00e1ll\u00f3, hiszen a Semmelweis Egyetem Gyermekgy\u00f3gy\u00e1szati \u00e9s Szem\u00e9szeti Klinik\u00e1inak szoros egy\u00fcttm\u0171k\u00f6d\u00e9s\u00e9ben val\u00f3sul meg.<\/strong><\/p>\n<p>Az int\u00e9zm\u00e9nyek k\u00f6z\u00f6tti multidiszciplin\u00e1ris szakmai \u00f6sszefog\u00e1s, valamint az elm\u00falt \u00e9vekben bevezetett \u00faj diagnosztikus \u00e9s ter\u00e1pi\u00e1s lehet\u0151s\u00e9gek eredm\u00e9nyek\u00e9nt a retinoblastom\u00e1s betegek gy\u00f3gyul\u00e1si es\u00e9lyei jelent\u0151sen javultak. A Szakmai Napok ezen tapasztalatok \u00e9s korszer\u0171 szeml\u00e9let bemutat\u00e1s\u00e1t t\u0171zik ki c\u00e9lul.<\/p>\n<p>A programokat minden alkalommal \u00fagy \u00e1ll\u00edtjuk \u00f6ssze, hogy az elhangz\u00f3 el\u0151ad\u00e1sok \u00faj, gyakorlatban is hasznos\u00edthat\u00f3 ismereteket k\u00f6zvet\u00edtsenek a r\u00e9sztvev\u0151 koll\u00e9g\u00e1k sz\u00e1m\u00e1ra.<\/p>\n<p>A rendezv\u00e9nyeken val\u00f3 r\u00e9szv\u00e9tel akkredit\u00e1lt, az esem\u00e9nyek\u00e9rt ut\u00f3lag kreditpont szerezhet\u0151.<\/p>\n<h3>K\u00f6vetkez\u0151 alkalom:<\/h3>\n<ul class='eme_events_list'><li>2026. m\u00e1jus 15.  p\u00e9ntek - 09:00<br \/> <a href='https:\/\/semmelweis.hu\/tuzoltoklinika\/hu\/events\/gyermekszemeszeti-onkologia-onkologiai-es-nefrologiai-betegsegek\/' title='Gyermekszem\u00e9szeti onkol\u00f3gia: Onkol\u00f3giai \u00e9s nefrol\u00f3giai betegs\u00e9gek'>Gyermekszem\u00e9szeti onkol\u00f3gia: Onkol\u00f3giai \u00e9s nefrol\u00f3giai betegs\u00e9gek<\/a><br \/><\/li><\/ul>\n<h3>Mi a retinoblastoma?<\/h3>\n<p>A retinoblastoma a szem belsej\u00e9b\u0151l kiindul\u00f3 gyermekkori rosszindulat\u00fa daganat, mely az idegh\u00e1rtya \u00e9retlen sejtjeib\u0151l indul ki.<\/p>\n<p>A retinoblastom\u00e1k 60%-a v\u00e9letlenszer\u0171en alakul ki, 40%-uk \u00f6r\u00f6kl\u0151d\u0151. Az el\u0151bbi esetben a daganat t\u00f6bbnyire egyoldali \u00e9s egyg\u00f3c\u00fa. Az \u00f6r\u00f6kl\u0151d\u0151 forma \u00e9rintheti az egyik szemet, de ak\u00e1r mindkett\u0151t is.<\/p>\n<div class=\"fontos_div\">\n<p>A retinoblastoma leggyakoribb els\u0151 t\u00fcnete a pupilla (szembog\u00e1r) ter\u00fclet\u00e9nek <strong>feh\u00e9r visszf\u00e9nye<\/strong>, melyet <strong>\u201cmacskaszem\u201d<\/strong> t\u00fcnetnek is neveznek. Ha vakuval f\u00e9nyk\u00e9p k\u00e9sz\u00fcl a gyermek arc\u00e1r\u00f3l, a szembog\u00e1r ter\u00fclet\u00e9n a megszokott piros folt helyett <strong>s\u00e1rg\u00e1s-feh\u00e9r folt<\/strong>ot l\u00e1tunk. <strong>Kancsals\u00e1g<\/strong> is felh\u00edvhatja a figyelmet a betegs\u00e9gre. Ritk\u00e1bban el\u0151fordul\u00f3 t\u00fcnet a gyullad\u00e1s, a m\u00e1sodlagos z\u00f6ldh\u00e1lyog \u00e9s a nagyobb, a szem\u00fcregben el\u0151r\u00e9bb elhelyezked\u0151 szemgoly\u00f3, valamint a sziv\u00e1rv\u00e1nyh\u00e1rtya sz\u00edn\u00e9nek megv\u00e1ltoz\u00e1sa. Ut\u00f3bbiak el\u0151rehaladott betegs\u00e9g eset\u00e9n fordulnak el\u0151.<\/p>\n<\/div>\n<p>Ha egy gyermekn\u00e9l a fenti t\u00fcnetek valamelyik\u00e9t \u00e9szlelik, a gyermek\u00a0<strong>azonnali szem\u00e9szeti vizsg\u00e1lat<\/strong>a sz\u00fcks\u00e9ges. A szem\u00e9szeti vizsg\u00e1lat csak abban az esetben teljes \u00e9rt\u00e9k\u0171, ha\u00a0<strong>pupillat\u00e1g\u00edt\u00e1s mellett a szemfen\u00e9k vizsg\u00e1lat<\/strong>a is megt\u00f6rt\u00e9nik. Fiatal, a szem\u00e9szeti vizsg\u00e1latn\u00e1l m\u00e9g egy\u00fcttm\u0171k\u00f6d\u00e9sre k\u00e9ptelen gyermekn\u00e9l a vizsg\u00e1latot altat\u00e1sban kell elv\u00e9gezni.<\/p>\n<p>A retinoblastom\u00e1s gyermek kivizsg\u00e1l\u00e1sa, kezel\u00e9se, gondoz\u00e1sa t\u00f6bb szakter\u00fclet szoros egy\u00fcttm\u0171k\u00f6d\u00e9s\u00e9t ig\u00e9nyli (szem\u00e9sz, gyermekonkol\u00f3gus, radiol\u00f3gus, sug\u00e1rter\u00e1pi\u00e1s szakember, intervenci\u00f3s radiol\u00f3gus, genetikus, patol\u00f3gus, pszichol\u00f3gus, protetikai szakember).<\/p>\n<p>A kezel\u00e9s mindig komplex \u00e9s egy\u00e9nre szabott kell legyen. F\u00fcgg a gyermek \u00e9letkor\u00e1t\u00f3l, att\u00f3l, hogy egy- vagy k\u00e9toldali\/ egy- vagy t\u00f6bbg\u00f3c\u00fa a daganat, a tumor elhelyezked\u00e9s\u00e9t\u0151l is, nem csak a nagys\u00e1g\u00e1t\u00f3l \u00e9s els\u0151sorban att\u00f3l a fontos t\u00e9nyt\u0151l, hogy az adott szem(ek)en l\u00e1t\u00f3k\u00e9pess\u00e9g meg\u0151rz\u00e9s\u00e9re van-e rem\u00e9ny.<\/p>\n<p><strong>Kezel\u00e9si m\u00f3dok:<\/strong>\u00a0l\u00e9zerkezel\u00e9s, fagyaszt\u00e1s, intrav\u00e9n\u00e1s vagy helyi kemoter\u00e1pia, a szemgoly\u00f3 elt\u00e1vol\u00edt\u00e1sa, sug\u00e1rkezel\u00e9s. Els\u0151dleges szempont a gyermek \u00e9let\u00e9nek biztons\u00e1gban tud\u00e1sa, m\u00e1sodlagos a szemgoly\u00f3 megtart\u00e1sa \u00e9s v\u00e9g\u00fcl, amennyiben lehets\u00e9ges, a l\u00e1t\u00e1s meg\u0151rz\u00e9se. A betegs\u00e9g korai felismer\u00e9se, azaz kicsi daganatok eset\u00e9n j\u00f3 l\u00e1t\u00f3\u00e9less\u00e9g \u00e9rhet\u0151 el. Az eg\u00e9sz szemgoly\u00f3t kit\u00f6lt\u0151 elv\u00e1ltoz\u00e1s \u00e9szlel\u00e9sekor nincs m\u00f3d a szemgoly\u00f3 megtart\u00e1s\u00e1ra.<\/p>\n<p>Magyarorsz\u00e1gon a reitnoblastom\u00e1s gyermekek mindegyike a Semmelweis Egyetem Gyermekgy\u00f3gy\u00e1szati \u00e9s Szem\u00e9szeti Klinik\u00e1j\u00e1nak egy\u00fcttm\u0171k\u00f6d\u00e9s\u00e9vel kap nemzetk\u00f6zi sz\u00ednvonal\u00fa ell\u00e1t\u00e1st.<\/p>\n<p>A korai diagn\u00f3zis\u00e9rt mindenki felel\u0151s, aki a gyermek k\u00f6rnyezet\u00e9ben van \u00e9s figyeli fejl\u0151d\u00e9s\u00e9t (sz\u00fcl\u0151, csal\u00e1d, bar\u00e1t, v\u00e9d\u0151n\u0151, gyermekorvos, h\u00e1ziorvos). Javasoljuk \u00e9s fontosnak tartjuk a v\u00f6r\u00f6s visszf\u00e9ny ellen\u0151rz\u00e9s\u00e9t az \u00e9letkorhoz k\u00f6t\u00f6tt sz\u0171r\u0151vizsg\u00e1latok keret\u00e9ben, \u00e9s abban az esetben, ha a sz\u00fcl\u0151 a gyermek szemeit furcs\u00e1nak l\u00e1tja, l\u00e1t\u00e1si figyelm\u00e9t nem tartja megfelel\u0151nek. A v\u00f6r\u00f6s visszf\u00e9ny ellen\u0151rz\u00e9s\u00e9re kiv\u00e1l\u00f3an alkalmas a vakuval, mobiltelefonnal k\u00e9sz\u00edtett f\u00e9nyk\u00e9p.<\/p>\n<script type=\"text\/javascript\" src=\"https:\/\/semmelweis.hu\/tuzoltoklinika\/wp-content\/themes\/se18\/dist\/scripts\/carousel.js\"><\/script>    <section class=\"post-cards shortcode-wrapper\">\r\n        <div id=\"news-container\" class=\" d-none d-sm-flex flex-column  full-width-post-cards-shortcode-card news-container-for-card-code\" style=\"\">\r\n                            <div class=\"section-row row mt-0  pr-normal mx-0\">\r\n                    <div class=\"col-auto section-title\">\r\n                        <h2>Kapcsol\u00f3d\u00f3 h\u00edrek<\/h2>\r\n                    <\/div>\r\n                <\/div>\r\n\r\n            \r\n            <div class=\"row card-row my-2 pt-3 pb-0 mx-0 w-100 \">\r\n               \r\n                \ufeff\r\n    <div class=\"card-format col col-12 col-md-4 col-lg-4 pl-1 pl-md-0 pr-1 pr-md-2 mb-2\">\r\n        <a class=\"d-block w-100\"  href=\"https:\/\/semmelweis.hu\/tuzoltoklinika\/2025\/05\/06\/lato-jovot-epitunk-gyermekszemeszeti-onkologiai-konferencia-szakembereknek\/\">\r\n      <!--  <a class=\"d-block w-100\" target=\"_blank\" href=\" \"> -->\r\n            <div class=\"card\">\r\n                                    <div class=\"card-image img-fluid \">\r\n                         \r\n                        <img loading=\"lazy\" decoding=\"async\" width=\"400\" height=\"267\" src=\"https:\/\/semmelweis.hu\/tuzoltoklinika\/files\/2025\/04\/Nevtelen-terv.jpg\" class=\"landscape wp-post-image\" alt=\"\" srcset=\"https:\/\/semmelweis.hu\/tuzoltoklinika\/files\/2025\/04\/Nevtelen-terv.jpg 400w, https:\/\/semmelweis.hu\/tuzoltoklinika\/files\/2025\/04\/Nevtelen-terv-203x135.jpg 203w\" sizes=\"auto, (max-width: 400px) 100vw, 400px\" \/>                    <\/div>\r\n                \r\n                <div class=\"card-body\">\r\n                    <div class=\"card-date text-uppercase    \">\r\n                                                    <h5><span class=\"font-weight-normal\">2025. <\/span>m\u00e1jus 6.<\/h5>\r\n                                            <\/div>\r\n                    <div class=\"card-title\">\r\n                        <h3 class=\"mt-2 entry-title\">L\u00e1t\u00f3 j\u00f6v\u0151t \u00e9p\u00edt\u00fcnk \u2013 Gyermekszem\u00e9szeti onkol\u00f3giai konferencia szakembereknek<\/h3>\r\n                    <\/div>\r\n                    <style>\r\n                        .card-text-inside{\r\n                                                 display: -webkit-box;\r\n                    -webkit-line-clamp: 4;\r\n                    -webkit-box-orient: vertical;\r\n                     overflow:hidden;\r\n                     text-overflow: ellipsis;\r\n                        }\r\n                        <\/style>\r\n                                    <\/div>\r\n            <\/div>\r\n        <\/a>\r\n    <\/div>\r\n\r\n\r\n\ufeff\r\n    <div class=\"card-format col col-12 col-md-4 col-lg-4 pl-1 pl-md-0 pr-1 pr-md-2 mb-2\">\r\n        <a class=\"d-block w-100\"  href=\"https:\/\/semmelweis.hu\/tuzoltoklinika\/2024\/05\/15\/retinoblastoma-szakmai-nap-fokuszban-a-gyermekszemeszeti-onkologia\/\">\r\n      <!--  <a class=\"d-block w-100\" target=\"_blank\" href=\" \"> -->\r\n            <div class=\"card\">\r\n                                    <div class=\"card-image img-fluid \">\r\n                         \r\n                        <img loading=\"lazy\" decoding=\"async\" width=\"753\" height=\"502\" src=\"https:\/\/semmelweis.hu\/tuzoltoklinika\/files\/2024\/05\/retinoblastoma_3_V-768x512.png\" class=\"landscape wp-post-image\" alt=\"\" srcset=\"https:\/\/semmelweis.hu\/tuzoltoklinika\/files\/2024\/05\/retinoblastoma_3_V-768x512.png 768w, https:\/\/semmelweis.hu\/tuzoltoklinika\/files\/2024\/05\/retinoblastoma_3_V-400x267.png 400w, https:\/\/semmelweis.hu\/tuzoltoklinika\/files\/2024\/05\/retinoblastoma_3_V-753x502.png 753w, https:\/\/semmelweis.hu\/tuzoltoklinika\/files\/2024\/05\/retinoblastoma_3_V-203x135.png 203w, https:\/\/semmelweis.hu\/tuzoltoklinika\/files\/2024\/05\/retinoblastoma_3_V.png 1024w\" sizes=\"auto, (max-width: 753px) 100vw, 753px\" \/>                    <\/div>\r\n                \r\n                <div class=\"card-body\">\r\n                    <div class=\"card-date text-uppercase    \">\r\n                                                    <h5><span class=\"font-weight-normal\">2024. <\/span>m\u00e1jus 15.<\/h5>\r\n                                            <\/div>\r\n                    <div class=\"card-title\">\r\n                        <h3 class=\"mt-2 entry-title\">Retinoblastoma Szakmai Nap &#8211; f\u00f3kuszban a gyermekszem\u00e9szeti onkol\u00f3gia<\/h3>\r\n                    <\/div>\r\n                    <style>\r\n                        .card-text-inside{\r\n                                                 display: -webkit-box;\r\n                    -webkit-line-clamp: 4;\r\n                    -webkit-box-orient: vertical;\r\n                     overflow:hidden;\r\n                     text-overflow: ellipsis;\r\n                        }\r\n                        <\/style>\r\n                                    <\/div>\r\n            <\/div>\r\n        <\/a>\r\n    <\/div>\r\n\r\n\r\n\ufeff\r\n    <div class=\"card-format col col-12 col-md-4 col-lg-4 pl-1 pl-md-0 pr-1 pr-md-2 mb-2\">\r\n        <a class=\"d-block w-100\"  href=\"https:\/\/semmelweis.hu\/tuzoltoklinika\/2023\/09\/12\/fokuszban-a-gyermekszemeszeti-onkologia-nemzetkozi-szakmai-konferencia-2024-majus-10\/\">\r\n      <!--  <a class=\"d-block w-100\" target=\"_blank\" href=\" \"> -->\r\n            <div class=\"card\">\r\n                                    <div class=\"card-image img-fluid bg-image\">\r\n                         \r\n                        <img class='wp-post-image img-fluid landscape' src='https:\/\/semmelweis.hu\/tuzoltoklinika\/wp-content\/themes\/se18\/dist\/images\/svg\/bg-image.svg' \/>                    <\/div>\r\n                \r\n                <div class=\"card-body\">\r\n                    <div class=\"card-date text-uppercase    \">\r\n                                                    <h5><span class=\"font-weight-normal\">2023. <\/span>szeptember 12.<\/h5>\r\n                                            <\/div>\r\n                    <div class=\"card-title\">\r\n                        <h3 class=\"mt-2 entry-title\">F\u00f3kuszban a Gyermekszem\u00e9szeti onkol\u00f3gia! Nemzetk\u00f6zi szakmai konferencia: 2024. m\u00e1jus 10.<\/h3>\r\n                    <\/div>\r\n                    <style>\r\n                        .card-text-inside{\r\n                                                 display: -webkit-box;\r\n                    -webkit-line-clamp: 4;\r\n                    -webkit-box-orient: vertical;\r\n                     overflow:hidden;\r\n                     text-overflow: ellipsis;\r\n                        }\r\n                        <\/style>\r\n                                    <\/div>\r\n            <\/div>\r\n        <\/a>\r\n    <\/div>\r\n\r\n\r\n\ufeff\r\n    <div class=\"card-format col col-12 col-md-4 col-lg-4 pl-1 pl-md-0 pr-1 pr-md-2 mb-2\">\r\n        <a class=\"d-block w-100\"  href=\"https:\/\/semmelweis.hu\/tuzoltoklinika\/2023\/05\/21\/nemzetkozi-retinoblastoma-het-szakmai-konferenciaval-a-gyermekgyogyaszati-klinikan\/\">\r\n      <!--  <a class=\"d-block w-100\" target=\"_blank\" href=\" \"> -->\r\n            <div class=\"card\">\r\n                                    <div class=\"card-image img-fluid bg-image\">\r\n                         \r\n                        <img class='wp-post-image img-fluid landscape' src='https:\/\/semmelweis.hu\/tuzoltoklinika\/wp-content\/themes\/se18\/dist\/images\/svg\/bg-image.svg' \/>                    <\/div>\r\n                \r\n                <div class=\"card-body\">\r\n                    <div class=\"card-date text-uppercase    \">\r\n                                                    <h5><span class=\"font-weight-normal\">2023. <\/span>m\u00e1jus 21.<\/h5>\r\n                                            <\/div>\r\n                    <div class=\"card-title\">\r\n                        <h3 class=\"mt-2 entry-title\">Nemzetk\u00f6zi Retinoblastoma H\u00e9t szakmai konferenci\u00e1val a Gyermekgy\u00f3gy\u00e1szati Klinik\u00e1n<\/h3>\r\n                    <\/div>\r\n                    <style>\r\n                        .card-text-inside{\r\n                                                 display: -webkit-box;\r\n                    -webkit-line-clamp: 4;\r\n                    -webkit-box-orient: vertical;\r\n                     overflow:hidden;\r\n                     text-overflow: ellipsis;\r\n                        }\r\n                        <\/style>\r\n                                    <\/div>\r\n            <\/div>\r\n        <\/a>\r\n    <\/div>\r\n\r\n\r\n                \r\n            <\/div>\r\n        <\/div>\r\n\r\n                                <div class=\"section-row row mt-0  pr-normal mx-0 d-md-none\">\r\n                    <div class=\"col-auto section-title\">\r\n                        <h2>Kapcsol\u00f3d\u00f3 h\u00edrek<\/h2>\r\n                    <\/div>\r\n                <\/div>\r\n                        <div class=\"post-slide-hirek row px-0\">\r\n            <style>\r\n                .post-slide-hirek .owl-nav button {\r\n                    margin: 0px !important;\r\n                    height: 100% !important;\r\n                }\r\n\r\n                .card-custom-title {\r\n                    font-size: 17px;\r\n                    line-height: 23px;\r\n                    overflow: hidden;\r\n                    text-overflow: ellipsis;\r\n                    display: -webkit-box;\r\n                    -webkit-line-clamp: 3;\r\n                    -webkit-box-orient: vertical;\r\n                    min-height: 72px;\r\n                }\r\n\r\n                .card-custom-max-h {\r\n                    max-height: 235px !important;\r\n                    object-fit: cover;\r\n                }\r\n\r\n                .post-slide-hirek .owl-item .card-img img {\r\n                    opacity: 1 !important;\r\n                    aspect-ratio: 3\/ 2;\r\n\r\n                }\r\n                .card:has(.card-date:not(.d-none)):not(:has(img)) {\r\n                    margin-top: 20px;\r\n                }\r\n            <\/style>\r\n                            <div class=\"owl-carousel col-12 px-0 mt-2 mb-4 md-md-0 d-sm-none\">\r\n                                            <a class=\"item-1\" href=\"https:\/\/semmelweis.hu\/tuzoltoklinika\/2025\/05\/06\/lato-jovot-epitunk-gyermekszemeszeti-onkologiai-konferencia-szakembereknek\/\">\r\n\r\n                            <div class=\"card-img \">\r\n                                <img loading=\"lazy\" decoding=\"async\" width=\"400\" height=\"267\" src=\"https:\/\/semmelweis.hu\/tuzoltoklinika\/files\/2025\/04\/Nevtelen-terv.jpg\" class=\"d-block card-custom-max-h  img-fluid n-1 wp-post-image\" alt=\"\" srcset=\"https:\/\/semmelweis.hu\/tuzoltoklinika\/files\/2025\/04\/Nevtelen-terv.jpg 400w, https:\/\/semmelweis.hu\/tuzoltoklinika\/files\/2025\/04\/Nevtelen-terv-203x135.jpg 203w\" sizes=\"auto, (max-width: 400px) 100vw, 400px\" \/>                            <\/div>\r\n                            <div class=\"card-title mb-1\">\r\n                                <h3 class=\"mt-0 pt-1 mb-0 px-2 card-custom-title d-flex align-items-center d-md-block\">\r\n                                    <span class=\"entry-title pt-0 pt-md-1\">L\u00e1t\u00f3 j\u00f6v\u0151t \u00e9p\u00edt\u00fcnk \u2013 Gyermekszem\u00e9szeti onkol\u00f3giai konferencia szakembereknek                                <\/h3>\r\n                            <\/div>\r\n                            \r\n\r\n                        <\/a>\r\n                                            <a class=\"item-2\" href=\"https:\/\/semmelweis.hu\/tuzoltoklinika\/2024\/05\/15\/retinoblastoma-szakmai-nap-fokuszban-a-gyermekszemeszeti-onkologia\/\">\r\n\r\n                            <div class=\"card-img \">\r\n                                <img loading=\"lazy\" decoding=\"async\" width=\"560\" height=\"374\" src=\"https:\/\/semmelweis.hu\/tuzoltoklinika\/files\/2024\/05\/retinoblastoma_3_V.png\" class=\"d-block card-custom-max-h  img-fluid n-2 wp-post-image\" alt=\"\" srcset=\"https:\/\/semmelweis.hu\/tuzoltoklinika\/files\/2024\/05\/retinoblastoma_3_V.png 1024w, https:\/\/semmelweis.hu\/tuzoltoklinika\/files\/2024\/05\/retinoblastoma_3_V-400x267.png 400w, https:\/\/semmelweis.hu\/tuzoltoklinika\/files\/2024\/05\/retinoblastoma_3_V-768x512.png 768w, https:\/\/semmelweis.hu\/tuzoltoklinika\/files\/2024\/05\/retinoblastoma_3_V-753x502.png 753w, https:\/\/semmelweis.hu\/tuzoltoklinika\/files\/2024\/05\/retinoblastoma_3_V-203x135.png 203w\" sizes=\"auto, (max-width: 560px) 100vw, 560px\" \/>                            <\/div>\r\n                            <div class=\"card-title mb-1\">\r\n                                <h3 class=\"mt-0 pt-1 mb-0 px-2 card-custom-title d-flex align-items-center d-md-block\">\r\n                                    <span class=\"entry-title pt-0 pt-md-1\">Retinoblastoma Szakmai Nap &#8211; f\u00f3kuszban a gyermekszem\u00e9szeti onkol\u00f3gia                                <\/h3>\r\n                            <\/div>\r\n                            \r\n\r\n                        <\/a>\r\n                                            <a class=\"item-3\" href=\"https:\/\/semmelweis.hu\/tuzoltoklinika\/2023\/09\/12\/fokuszban-a-gyermekszemeszeti-onkologia-nemzetkozi-szakmai-konferencia-2024-majus-10\/\">\r\n\r\n                            <div class=\"card-img bg-image\">\r\n                                <img decoding=\"async\" class=\"wp-post-image img-fluid\" src=\"https:\/\/semmelweis.hu\/wp-content\/themes\/se18\/dist\/images\/svg\/bg-image.svg\">                            <\/div>\r\n                            <div class=\"card-title mb-1\">\r\n                                <h3 class=\"mt-0 pt-1 mb-0 px-2 card-custom-title d-flex align-items-center d-md-block\">\r\n                                    <span class=\"entry-title pt-0 pt-md-1\">F\u00f3kuszban a Gyermekszem\u00e9szeti onkol\u00f3gia! Nemzetk\u00f6zi szakmai konferencia: 2024. m\u00e1jus 10.                                <\/h3>\r\n                            <\/div>\r\n                            \r\n\r\n                        <\/a>\r\n                                            <a class=\"item-4\" href=\"https:\/\/semmelweis.hu\/tuzoltoklinika\/2023\/05\/21\/nemzetkozi-retinoblastoma-het-szakmai-konferenciaval-a-gyermekgyogyaszati-klinikan\/\">\r\n\r\n                            <div class=\"card-img bg-image\">\r\n                                <img decoding=\"async\" class=\"wp-post-image img-fluid\" src=\"https:\/\/semmelweis.hu\/wp-content\/themes\/se18\/dist\/images\/svg\/bg-image.svg\">                            <\/div>\r\n                            <div class=\"card-title mb-1\">\r\n                                <h3 class=\"mt-0 pt-1 mb-0 px-2 card-custom-title d-flex align-items-center d-md-block\">\r\n                                    <span class=\"entry-title pt-0 pt-md-1\">Nemzetk\u00f6zi Retinoblastoma H\u00e9t szakmai konferenci\u00e1val a Gyermekgy\u00f3gy\u00e1szati Klinik\u00e1n                                <\/h3>\r\n                            <\/div>\r\n                            \r\n\r\n                        <\/a>\r\n                                    <\/div>\r\n\r\n                    \r\n        <\/div><!-- owl-carousel -->\r\n    <\/section>\r\n\r\n\n","protected":false},"excerpt":{"rendered":"<p>2023. m\u00e1jus 19-\u00e9n a Nemzetk\u00f6zi Retinoblastoma H\u00e9t keret\u00e9ben a Semmelweis Egyetem Gyermekgy\u00f3gy\u00e1szati \u00e9s Szem\u00e9szeti Klinik\u00e1i k\u00f6z\u00f6sen rendezt\u00e9k meg a T\u0171zolt\u00f3 utcai R\u00e9szleg tanterm\u00e9ben a Retinoblastoma Nap szakmai konferenci\u00e1t. Az esem\u00e9nyt Prof. Dr. Szab\u00f3 Attila klinikai k\u00f6zpont eln\u00f6k \u00far nyitotta meg. K\u00f6sz\u00f6nt\u0151j\u00e9ben kiemelte annak az egyed\u00fcl\u00e1ll\u00f3, t\u00f6bb szakmai csoport \u00f6sszefog\u00e1s\u00e1val l\u00e9trej\u00f6tt Retinoblastoma Munkacsoportnak a jelent\u0151s\u00e9g\u00e9t, amellyel &hellip;<\/p>\n","protected":false},"author":101602,"featured_media":11828,"parent":10833,"menu_order":2,"comment_status":"closed","ping_status":"closed","template":"","meta":{"_acf_changed":false,"footnotes":""},"categories":[],"tags":[],"class_list":["post-9367","page","type-page","status-publish","has-post-thumbnail","hentry"],"acf":[],"_links":{"self":[{"href":"https:\/\/semmelweis.hu\/tuzoltoklinika\/wp-json\/wp\/v2\/pages\/9367","targetHints":{"allow":["GET"]}}],"collection":[{"href":"https:\/\/semmelweis.hu\/tuzoltoklinika\/wp-json\/wp\/v2\/pages"}],"about":[{"href":"https:\/\/semmelweis.hu\/tuzoltoklinika\/wp-json\/wp\/v2\/types\/page"}],"author":[{"embeddable":true,"href":"https:\/\/semmelweis.hu\/tuzoltoklinika\/wp-json\/wp\/v2\/users\/101602"}],"replies":[{"embeddable":true,"href":"https:\/\/semmelweis.hu\/tuzoltoklinika\/wp-json\/wp\/v2\/comments?post=9367"}],"version-history":[{"count":9,"href":"https:\/\/semmelweis.hu\/tuzoltoklinika\/wp-json\/wp\/v2\/pages\/9367\/revisions"}],"predecessor-version":[{"id":12130,"href":"https:\/\/semmelweis.hu\/tuzoltoklinika\/wp-json\/wp\/v2\/pages\/9367\/revisions\/12130"}],"up":[{"embeddable":true,"href":"https:\/\/semmelweis.hu\/tuzoltoklinika\/wp-json\/wp\/v2\/pages\/10833"}],"wp:featuredmedia":[{"embeddable":true,"href":"https:\/\/semmelweis.hu\/tuzoltoklinika\/wp-json\/wp\/v2\/media\/11828"}],"wp:attachment":[{"href":"https:\/\/semmelweis.hu\/tuzoltoklinika\/wp-json\/wp\/v2\/media?parent=9367"}],"wp:term":[{"taxonomy":"category","embeddable":true,"href":"https:\/\/semmelweis.hu\/tuzoltoklinika\/wp-json\/wp\/v2\/categories?post=9367"},{"taxonomy":"post_tag","embeddable":true,"href":"https:\/\/semmelweis.hu\/tuzoltoklinika\/wp-json\/wp\/v2\/tags?post=9367"}],"curies":[{"name":"wp","href":"https:\/\/api.w.org\/{rel}","templated":true}]}}