{"id":9345,"date":"2023-09-13T10:13:51","date_gmt":"2023-09-13T08:13:51","guid":{"rendered":"https:\/\/semmelweis.hu\/tuzoltoklinika\/?page_id=9345"},"modified":"2024-09-23T12:24:58","modified_gmt":"2024-09-23T10:24:58","slug":"akkreditalt-rendezvenyeink","status":"publish","type":"page","link":"https:\/\/semmelweis.hu\/tuzoltoklinika\/akkreditalt-rendezvenyeink\/","title":{"rendered":"Akkredit\u00e1lt rendezv\u00e9nyeink"},"content":{"rendered":"<p style=\"text-align: justify\">Orvosaink, szakdolgoz\u00f3ink sz\u00e1m\u00e1ra lehet\u0151s\u00e9get biztos\u00edtunk tud\u00e1suk sz\u00e9les\u00edt\u00e9s\u00e9re, az <a href=\"https:\/\/n9.cl\/lkyjf\" target=\"_blank\" rel=\"noopener\">OFTEX<\/a> \u00e1ltal akkredit\u00e1lt rendezv\u00e9nyek k\u00f6z\u00fcl t\u00f6bb olyan is Gyermekgy\u00f3gy\u00e1szati Klinik\u00e1nk szervez\u00e9s\u00e9ben val\u00f3sul meg, melyek ut\u00e1n kreditpont szerezhet\u0151.<\/p>\n<p style=\"text-align: justify\">\u00a0<\/p>\n","protected":false},"excerpt":{"rendered":"<p>Orvosaink, szakdolgoz\u00f3ink sz\u00e1m\u00e1ra lehet\u0151s\u00e9get biztos\u00edtunk tud\u00e1suk sz\u00e9les\u00edt\u00e9s\u00e9re, az <a href=\"https:\/\/n9.cl\/lkyjf\" target=\"_blank\" rel=\"noopener\">OFTEX<\/a> \u00e1ltal akkredit\u00e1lt rendezv\u00e9nyek k\u00f6z\u00fcl t\u00f6bb olyan is Gyermekgy\u00f3gy\u00e1szati Klinik\u00e1nk szervez\u00e9s\u00e9ben val\u00f3sul meg, melyek ut\u00e1n kreditpont szerezhet\u0151.<br \/>\n\u00a0<\/p>\n","protected":false},"author":101602,"featured_media":0,"parent":0,"menu_order":0,"comment_status":"closed","ping_status":"closed","template":"","meta":{"_acf_changed":false,"footnotes":""},"categories":[],"tags":[],"class_list":["post-9345","page","type-page","status-publish","hentry"],"acf":[],"_links":{"self":[{"href":"https:\/\/semmelweis.hu\/tuzoltoklinika\/wp-json\/wp\/v2\/pages\/9345","targetHints":{"allow":["GET"]}}],"collection":[{"href":"https:\/\/semmelweis.hu\/tuzoltoklinika\/wp-json\/wp\/v2\/pages"}],"about":[{"href":"https:\/\/semmelweis.hu\/tuzoltoklinika\/wp-json\/wp\/v2\/types\/page"}],"author":[{"embeddable":true,"href":"https:\/\/semmelweis.hu\/tuzoltoklinika\/wp-json\/wp\/v2\/users\/101602"}],"replies":[{"embeddable":true,"href":"https:\/\/semmelweis.hu\/tuzoltoklinika\/wp-json\/wp\/v2\/comments?post=9345"}],"version-history":[{"count":4,"href":"https:\/\/semmelweis.hu\/tuzoltoklinika\/wp-json\/wp\/v2\/pages\/9345\/revisions"}],"predecessor-version":[{"id":10271,"href":"https:\/\/semmelweis.hu\/tuzoltoklinika\/wp-json\/wp\/v2\/pages\/9345\/revisions\/10271"}],"wp:attachment":[{"href":"https:\/\/semmelweis.hu\/tuzoltoklinika\/wp-json\/wp\/v2\/media?parent=9345"}],"wp:term":[{"taxonomy":"category","embeddable":true,"href":"https:\/\/semmelweis.hu\/tuzoltoklinika\/wp-json\/wp\/v2\/categories?post=9345"},{"taxonomy":"post_tag","embeddable":true,"href":"https:\/\/semmelweis.hu\/tuzoltoklinika\/wp-json\/wp\/v2\/tags?post=9345"}],"curies":[{"name":"wp","href":"https:\/\/api.w.org\/{rel}","templated":true}]}}