{"id":9010,"date":"2023-04-20T15:29:45","date_gmt":"2023-04-20T13:29:45","guid":{"rendered":"https:\/\/semmelweis.hu\/tuzoltoklinika\/?page_id=9010"},"modified":"2026-02-18T08:44:15","modified_gmt":"2026-02-18T07:44:15","slug":"fekvobeteg-ellatas","status":"publish","type":"page","link":"https:\/\/semmelweis.hu\/tuzoltoklinika\/fekvobeteg-ellatas\/","title":{"rendered":"Fekv\u0151beteg-ell\u00e1t\u00e1s"},"content":{"rendered":"<p>Klinik\u00e1nk jelenleg 124 beteg\u00e1ggyal m\u0171k\u00f6dik. A fekv\u0151beteg-oszt\u00e1lyok sz\u00ednvonalas ter\u00e1pi\u00e1s h\u00e1tteret biztos\u00edtanak a klinika jelent\u0151s ambul\u00e1ns betegforgalm\u00e1nak, egyes specialit\u00e1sok szervezett magyarorsz\u00e1gi k\u00f6zpontjai a klinik\u00e1n m\u0171k\u00f6dnek. Amennyiben gyermek\u00e9nek kezel\u0151orvosa klinikai ell\u00e1t\u00e1st javasol, az oszt\u00e1ly n\u0151v\u00e9rpultj\u00e1n\u00e1l kell jelentkezni \u00e9s az oszt\u00e1lyon szolg\u00e1latot teljes\u00edt\u0151 \u00e1pol\u00f3 bek\u00eds\u00e9ri \u00d6n\u00f6ket a k\u00f3rterembe.\u00a0<\/p>\n<p>A fekv\u0151beteg elj\u00e1r\u00e1ssal kapcsolatban\u00a0<span style=\"color: #ff0000\"><span style=\"color: #000000\">minden r\u00e9szletes inform\u00e1ci\u00f3t megtal\u00e1lhatnak<\/span><\/span> <a href=\"https:\/\/semmelweis.hu\/tuzoltoklinika\/betegellatas\/altalanos-informaciok-a-fekvobeteg-ellatasrol\/\" target=\"_blank\" rel=\"noopener\"><strong>itt<\/strong><\/a>.<\/p>\n<table style=\"border-collapse: collapse;width: 100%;height: 330px\">\n<tbody>\n<tr style=\"height: 33px\">\n<td style=\"width: 50%;height: 33px\"><strong>FEKV\u0150BETEG-OSZT\u00c1LY<\/strong><\/td>\n<td style=\"width: 50%;height: 33px\"><strong>NEAK K\u00d3D<\/strong><\/td>\n<\/tr>\n<tr style=\"height: 33px\">\n<td style=\"width: 50%;height: 33px\">Haematol\u00f3giai oszt\u00e1ly<\/td>\n<td style=\"width: 50%;height: 33px\">01H7105T7<\/td>\n<\/tr>\n<tr style=\"height: 33px\">\n<td style=\"width: 50%;height: 33px\">Gasztroenterol\u00f3giai oszt\u00e1ly<\/td>\n<td style=\"width: 50%;height: 33px\">01H710507<\/td>\n<\/tr>\n<tr style=\"height: 33px\">\n<td style=\"width: 50%;height: 33px\">Intenz\u00edv oszt\u00e1ly<\/td>\n<td style=\"width: 50%;height: 33px\">01H711517<\/td>\n<\/tr>\n<tr>\n<td style=\"width: 50%\">Immunol\u00f3giai \u00e9s reumatol\u00f3giai oszt\u00e1ly<\/td>\n<td style=\"width: 50%\">01H710507<\/td>\n<\/tr>\n<tr style=\"height: 33px\">\n<td style=\"width: 50%;height: 33px\">Neurol\u00f3giai oszt\u00e1ly<\/td>\n<td style=\"width: 50%;height: 33px\">01H71G097<\/td>\n<\/tr>\n<tr style=\"height: 33px\">\n<td style=\"width: 50%;height: 33px\">Neurol\u00f3giai ritka betegs\u00e9gek oszt\u00e1lya<\/td>\n<td style=\"width: 50%;height: 33px\">01H71G097<\/td>\n<\/tr>\n<tr style=\"height: 33px\">\n<td style=\"width: 50%;height: 33px\">Neuro-onkol\u00f3giai oszt\u00e1ly<\/td>\n<td style=\"width: 50%;height: 33px\">01H7105T7<\/td>\n<\/tr>\n<tr style=\"height: 33px\">\n<td style=\"width: 50%;height: 33px\">Onkol\u00f3giai oszt\u00e1ly<\/td>\n<td style=\"width: 50%;height: 33px\">01H7105T7<\/td>\n<\/tr>\n<tr style=\"height: 33px\">\n<td style=\"width: 50%;height: 33px\">Pulmonol\u00f3giai oszt\u00e1ly<\/td>\n<td style=\"width: 50%;height: 33px\">01H710507<\/td>\n<\/tr>\n<tr style=\"height: 33px\">\n<td style=\"width: 50%;height: 33px\">Seb\u00e9szeti oszt\u00e1ly<\/td>\n<td style=\"width: 50%;height: 33px\">01H714817<\/td>\n<\/tr>\n<\/tbody>\n<\/table>\n","protected":false},"excerpt":{"rendered":"<p>Klinik\u00e1nk jelenleg 124 beteg\u00e1ggyal m\u0171k\u00f6dik. A fekv\u0151beteg-oszt\u00e1lyok sz\u00ednvonalas ter\u00e1pi\u00e1s h\u00e1tteret biztos\u00edtanak a klinika jelent\u0151s ambul\u00e1ns betegforgalm\u00e1nak, egyes specialit\u00e1sok szervezett magyarorsz\u00e1gi k\u00f6zpontjai a klinik\u00e1n m\u0171k\u00f6dnek. Amennyiben gyermek\u00e9nek kezel\u0151orvosa klinikai ell\u00e1t\u00e1st javasol, az oszt\u00e1ly n\u0151v\u00e9rpultj\u00e1n\u00e1l kell jelentkezni \u00e9s az oszt\u00e1lyon szolg\u00e1latot teljes\u00edt\u0151 \u00e1pol\u00f3 bek\u00eds\u00e9ri \u00d6n\u00f6ket a k\u00f3rterembe.\u00a0 A fekv\u0151beteg elj\u00e1r\u00e1ssal kapcsolatban\u00a0minden r\u00e9szletes inform\u00e1ci\u00f3t megtal\u00e1lhatnak <a href=\"https:\/\/semmelweis.hu\/tuzoltoklinika\/betegellatas\/altalanos-informaciok-a-fekvobeteg-ellatasrol\/\" target=\"_blank\" rel=\"noopener\">itt<\/a> . FEKV\u0150BETEG-OSZT\u00c1LY NEAK &hellip;<\/p>\n","protected":false},"author":101602,"featured_media":0,"parent":0,"menu_order":0,"comment_status":"closed","ping_status":"closed","template":"","meta":{"_acf_changed":false,"footnotes":""},"categories":[],"tags":[],"class_list":["post-9010","page","type-page","status-publish","hentry"],"acf":[],"_links":{"self":[{"href":"https:\/\/semmelweis.hu\/tuzoltoklinika\/wp-json\/wp\/v2\/pages\/9010","targetHints":{"allow":["GET"]}}],"collection":[{"href":"https:\/\/semmelweis.hu\/tuzoltoklinika\/wp-json\/wp\/v2\/pages"}],"about":[{"href":"https:\/\/semmelweis.hu\/tuzoltoklinika\/wp-json\/wp\/v2\/types\/page"}],"author":[{"embeddable":true,"href":"https:\/\/semmelweis.hu\/tuzoltoklinika\/wp-json\/wp\/v2\/users\/101602"}],"replies":[{"embeddable":true,"href":"https:\/\/semmelweis.hu\/tuzoltoklinika\/wp-json\/wp\/v2\/comments?post=9010"}],"version-history":[{"count":9,"href":"https:\/\/semmelweis.hu\/tuzoltoklinika\/wp-json\/wp\/v2\/pages\/9010\/revisions"}],"predecessor-version":[{"id":11976,"href":"https:\/\/semmelweis.hu\/tuzoltoklinika\/wp-json\/wp\/v2\/pages\/9010\/revisions\/11976"}],"wp:attachment":[{"href":"https:\/\/semmelweis.hu\/tuzoltoklinika\/wp-json\/wp\/v2\/media?parent=9010"}],"wp:term":[{"taxonomy":"category","embeddable":true,"href":"https:\/\/semmelweis.hu\/tuzoltoklinika\/wp-json\/wp\/v2\/categories?post=9010"},{"taxonomy":"post_tag","embeddable":true,"href":"https:\/\/semmelweis.hu\/tuzoltoklinika\/wp-json\/wp\/v2\/tags?post=9010"}],"curies":[{"name":"wp","href":"https:\/\/api.w.org\/{rel}","templated":true}]}}