{"id":9009,"date":"2023-04-20T15:29:45","date_gmt":"2023-04-20T13:29:45","guid":{"rendered":"https:\/\/semmelweis.hu\/tuzoltoklinika\/?page_id=9009"},"modified":"2026-02-19T08:38:15","modified_gmt":"2026-02-19T07:38:15","slug":"jarobeteg-ellatas","status":"publish","type":"page","link":"https:\/\/semmelweis.hu\/tuzoltoklinika\/jarobeteg-ellatas\/","title":{"rendered":"J\u00e1r\u00f3beteg-ell\u00e1t\u00e1s"},"content":{"rendered":"<p>Int\u00e9zm\u00e9ny\u00fcnkben a<strong> J\u00e1r\u00f3beteg-ell\u00e1t\u00e1s <\/strong>el\u0151zetes id\u0151pont egyeztet\u00e9ssel vagy s\u00fcrg\u0151ss\u00e9ggel t\u00f6rt\u00e9nik. Az el\u0151jegyz\u00e9s szem\u00e9lyesen vagy telefonon t\u00f6rt\u00e9nhet az <a href=\"https:\/\/semmelweis.hu\/tuzoltoklinika\/betegellatas\/rendelesi-beosztas-2\/\" target=\"_blank\" rel=\"noopener\">adott ambulanci\u00e1n\/szakrendel\u0151ben.<\/a><\/p>\n<p>A j\u00e1r\u00f3beteg rendel\u00e9ssel kapcsolatos <a href=\"https:\/\/semmelweis.hu\/tuzoltoklinika\/betegellatas\/altalanos-informaciok-a-jarobetegrendelesekrol\/\" target=\"_blank\" rel=\"noopener\"><strong>minden r\u00e9szletes inform\u00e1ci\u00f3 megtal\u00e1lhat\u00f3 itt.<\/strong><\/a><\/p>\n<table style=\"width: 100%;border-collapse: collapse;height: 495px\">\n<tbody>\n<tr style=\"height: 33px\">\n<td style=\"width: 50%;height: 33px;vertical-align: middle\"><strong>SZAKRENDEL\u00c9S<\/strong><\/td>\n<td style=\"width: 50%;height: 33px;vertical-align: middle\"><strong>NEAK K\u00d3D<\/strong><\/td>\n<\/tr>\n<tr style=\"height: 33px\">\n<td style=\"width: 50%;height: 33px;vertical-align: middle\">\u00c1ltal\u00e1nos ambulancia<\/td>\n<td style=\"width: 50%;height: 33px;vertical-align: middle\">01H720517<\/td>\n<\/tr>\n<tr style=\"height: 33px\">\n<td style=\"width: 50%;height: 33px;vertical-align: middle\">Citogenetikai laborat\u00f3rium<\/td>\n<td style=\"width: 50%;height: 33px;vertical-align: middle\">01H725447<\/td>\n<\/tr>\n<tr style=\"height: 33px\">\n<td style=\"width: 50%;height: 33px;vertical-align: middle\">Endokrinol\u00f3giai ambulancia<\/td>\n<td style=\"width: 50%;height: 33px;vertical-align: middle\">01H723017<\/td>\n<\/tr>\n<tr style=\"height: 33px\">\n<td style=\"width: 50%;height: 33px;vertical-align: middle\">Gasztroenterol\u00f3giai ambulancia<\/td>\n<td style=\"width: 50%;height: 33px;vertical-align: middle\">01H72G317<\/td>\n<\/tr>\n<tr style=\"height: 33px\">\n<td style=\"width: 50%;height: 33px;vertical-align: middle\">Hum\u00e1ngenetikai tan\u00e1csad\u00e1s<\/td>\n<td style=\"width: 50%;height: 33px;vertical-align: middle\">01H720467<\/td>\n<\/tr>\n<tr style=\"height: 33px\">\n<td style=\"width: 50%;height: 33px;vertical-align: middle\">Kardiol\u00f3giai ambulancia<\/td>\n<td style=\"width: 50%;height: 33px;vertical-align: middle\">01H72G407<\/td>\n<\/tr>\n<tr style=\"height: 33px\">\n<td style=\"width: 50%;height: 33px;vertical-align: middle\">Nephrol\u00f3giai ambulancia<\/td>\n<td style=\"width: 50%;height: 33px;vertical-align: middle\">01H723717<\/td>\n<\/tr>\n<tr style=\"height: 33px\">\n<td style=\"width: 50%;height: 33px;vertical-align: middle\">Neurol\u00f3giai ambulancia<\/td>\n<td style=\"width: 50%;height: 33px;vertical-align: middle\">01H72G097<\/td>\n<\/tr>\n<tr style=\"height: 33px\">\n<td style=\"width: 50%;vertical-align: middle;height: 33px\">Onkohaematol\u00f3giai ambulancia<\/td>\n<td style=\"width: 50%;vertical-align: middle;height: 33px\">01H722817<\/td>\n<\/tr>\n<tr style=\"height: 33px\">\n<td style=\"width: 50%;height: 33px;vertical-align: middle\">Pulmonol\u00f3giai ambulancia<\/td>\n<td style=\"width: 50%;height: 33px;vertical-align: middle\">01H72G197<\/td>\n<\/tr>\n<tr style=\"height: 33px\">\n<td style=\"width: 50%;vertical-align: middle;height: 33px\">Radiol\u00f3gia &#8211; R\u00f6ntgen (+ODM)<\/td>\n<td style=\"width: 50%;vertical-align: middle;height: 33px\">01H725117<\/td>\n<\/tr>\n<tr>\n<td style=\"width: 50%;vertical-align: middle\">Reumatol\u00f3giai ambulancia<\/td>\n<td style=\"width: 50%;vertical-align: middle\">01H720517<\/td>\n<\/tr>\n<tr style=\"height: 33px\">\n<td style=\"width: 50%;height: 33px;vertical-align: middle\">Seb\u00e9szeti ambulancia<\/td>\n<td style=\"width: 50%;height: 33px;vertical-align: middle\">01H724817<\/td>\n<\/tr>\n<tr style=\"height: 33px\">\n<td style=\"width: 50%;vertical-align: middle;height: 33px\">Zs\u00edranyagcsere ambulancia<\/td>\n<td style=\"width: 50%;vertical-align: middle;height: 33px\">01H723027<\/td>\n<\/tr>\n<\/tbody>\n<\/table>\n","protected":false},"excerpt":{"rendered":"<p>Int\u00e9zm\u00e9ny\u00fcnkben a J\u00e1r\u00f3beteg-ell\u00e1t\u00e1s el\u0151zetes id\u0151pont egyeztet\u00e9ssel vagy s\u00fcrg\u0151ss\u00e9ggel t\u00f6rt\u00e9nik. Az el\u0151jegyz\u00e9s szem\u00e9lyesen vagy telefonon t\u00f6rt\u00e9nhet az <a href=\"https:\/\/semmelweis.hu\/tuzoltoklinika\/betegellatas\/rendelesi-beosztas-2\/\" target=\"_blank\" rel=\"noopener\">adott ambulanci\u00e1n\/szakrendel\u0151ben.<\/a> A j\u00e1r\u00f3beteg rendel\u00e9ssel kapcsolatos <a href=\"https:\/\/semmelweis.hu\/tuzoltoklinika\/betegellatas\/altalanos-informaciok-a-jarobetegrendelesekrol\/\" target=\"_blank\" rel=\"noopener\">minden r\u00e9szletes inform\u00e1ci\u00f3 megtal\u00e1lhat\u00f3 itt.<\/a> SZAKRENDEL\u00c9S NEAK K\u00d3D \u00c1ltal\u00e1nos ambulancia 01H720517 Citogenetikai laborat\u00f3rium 01H725447 Endokrinol\u00f3giai ambulancia 01H723017 Gasztroenterol\u00f3giai ambulancia 01H72G317 Hum\u00e1ngenetikai tan\u00e1csad\u00e1s 01H720467 Kardiol\u00f3giai ambulancia 01H72G407 Nephrol\u00f3giai ambulancia 01H723717 Neurol\u00f3giai ambulancia 01H72G097 Onkohaematol\u00f3giai ambulancia 01H722817 Pulmonol\u00f3giai ambulancia 01H72G197 Radiol\u00f3gia &#8211; &hellip;<\/p>\n","protected":false},"author":101602,"featured_media":0,"parent":0,"menu_order":0,"comment_status":"closed","ping_status":"closed","template":"","meta":{"_acf_changed":false,"footnotes":""},"categories":[],"tags":[],"class_list":["post-9009","page","type-page","status-publish","hentry"],"acf":[],"_links":{"self":[{"href":"https:\/\/semmelweis.hu\/tuzoltoklinika\/wp-json\/wp\/v2\/pages\/9009","targetHints":{"allow":["GET"]}}],"collection":[{"href":"https:\/\/semmelweis.hu\/tuzoltoklinika\/wp-json\/wp\/v2\/pages"}],"about":[{"href":"https:\/\/semmelweis.hu\/tuzoltoklinika\/wp-json\/wp\/v2\/types\/page"}],"author":[{"embeddable":true,"href":"https:\/\/semmelweis.hu\/tuzoltoklinika\/wp-json\/wp\/v2\/users\/101602"}],"replies":[{"embeddable":true,"href":"https:\/\/semmelweis.hu\/tuzoltoklinika\/wp-json\/wp\/v2\/comments?post=9009"}],"version-history":[{"count":10,"href":"https:\/\/semmelweis.hu\/tuzoltoklinika\/wp-json\/wp\/v2\/pages\/9009\/revisions"}],"predecessor-version":[{"id":11986,"href":"https:\/\/semmelweis.hu\/tuzoltoklinika\/wp-json\/wp\/v2\/pages\/9009\/revisions\/11986"}],"wp:attachment":[{"href":"https:\/\/semmelweis.hu\/tuzoltoklinika\/wp-json\/wp\/v2\/media?parent=9009"}],"wp:term":[{"taxonomy":"category","embeddable":true,"href":"https:\/\/semmelweis.hu\/tuzoltoklinika\/wp-json\/wp\/v2\/categories?post=9009"},{"taxonomy":"post_tag","embeddable":true,"href":"https:\/\/semmelweis.hu\/tuzoltoklinika\/wp-json\/wp\/v2\/tags?post=9009"}],"curies":[{"name":"wp","href":"https:\/\/api.w.org\/{rel}","templated":true}]}}