{"id":9,"date":"2013-02-05T11:11:41","date_gmt":"2013-02-05T10:11:41","guid":{"rendered":"http:\/\/tuzoltoklinika.semmelweis.hu\/?page_id=9"},"modified":"2024-08-22T14:52:01","modified_gmt":"2024-08-22T12:52:01","slug":"minosegbiztositas","status":"publish","type":"page","link":"https:\/\/semmelweis.hu\/tuzoltoklinika\/bemutatkozas\/minosegbiztositas\/","title":{"rendered":"Min\u0151s\u00e9gbiztos\u00edt\u00e1s"},"content":{"rendered":"<p>&nbsp;<\/p>\n<blockquote>\n<p>A neh\u00e9zs\u00e9g nem is annyira abban rejlik, hogy \u00faj elk\u00e9pzel\u00e9seket dolgozzunk ki, ink\u00e1bb abban, hogy mi magunk megszabaduljunk a r\u00e9giek hat\u00e1sa al\u00f3l. (<span style=\"font-size: 14pt\">John Maynard Keynes<\/span>)<\/p>\n<\/blockquote>\n<p>&nbsp;<\/p>\n<p style=\"text-align: center\">A Semmelweis Egyetem T\u0171zolt\u00f3 utcai r\u00e9szlege elk\u00f6telezett az ir\u00e1ny\u00edt\u00e1si rendszerek hat\u00e9kony m\u0171k\u00f6dtet\u00e9se \u00e9s teljes k\u00f6r\u0171 kiterjeszt\u00e9se ir\u00e1nt.<br \/>\nInt\u00e9zm\u00e9ny\u00fcnk 2025. szeptember 16-ig \u00e9rv\u00e9nyes tan\u00fas\u00edtv\u00e1nyokkal rendelkezik<\/p>\n<table style=\"border-collapse: collapse;width: 100%\">\n<tbody>\n<tr>\n<td style=\"width: 50%;text-align: center\"><strong>ISO9001:2015<\/strong> <a href=\"https:\/\/semmelweis.hu\/tuzoltoklinika\/files\/2023\/02\/SE-ISO-9001-2015-MAGYAR-2022-09-17.pdf\" target=\"_blank\" rel=\"noopener\">SE-ISO-MAGYAR-2019-09-17<\/a><\/td>\n<td style=\"width: 50%;text-align: center\"><img loading=\"lazy\" decoding=\"async\" class=\"size-thumbnail wp-image-5129 aligncenter\" src=\"https:\/\/semmelweis.hu\/tuzoltoklinika\/files\/2020\/01\/ISO-logo-150x150.jpg\" alt=\"\" width=\"150\" height=\"150\" \/><\/td>\n<\/tr>\n<tr>\n<td style=\"width: 50%;text-align: center\"><strong>MEES<\/strong> <a href=\"https:\/\/semmelweis.hu\/tuzoltoklinika\/files\/2023\/02\/SE-MEES-2-MAGYAR-2022-09-17-1.pdf\" target=\"_blank\" rel=\"noopener\">SE-MEES-MAGYAR-2019-09-17<\/a><\/td>\n<td style=\"width: 50%;text-align: center\"><img loading=\"lazy\" decoding=\"async\" class=\"size-thumbnail wp-image-5130 aligncenter\" src=\"https:\/\/semmelweis.hu\/tuzoltoklinika\/files\/2020\/01\/MEES-logo-150x150.jpg\" alt=\"\" width=\"150\" height=\"150\" \/><\/td>\n<\/tr>\n<\/tbody>\n<\/table>\n<p>&nbsp;<\/p>\n<p style=\"text-align: center\">Az integr\u00e1lt ir\u00e1ny\u00edt\u00e1si rendszer (MIR, EIR) r\u00e9szleteivel kapcsolatos valamennyi inform\u00e1ci\u00f3 megtal\u00e1lhat\u00f3 az Egyetem Min\u0151s\u00e9gbiztos\u00edt\u00e1si Oszt\u00e1ly\u00e1nak honlapj\u00e1n: <a href=\"https:\/\/semmelweis.hu\/az-egyetemrol\/semmelweis-egyetem-minosegiranyitasi-rendszer\/\" target=\"_blank\" rel=\"noopener\">https:\/\/semmelweis.hu\/az-egyetemrol\/semmelweis-egyetem-minosegiranyitasi-rendszer\/<\/a><\/p>\n<p>&nbsp;<\/p>\n<p>&nbsp;<\/p>\n<p>&nbsp;<\/p>\n<p>&nbsp;<\/p>\n<p>&nbsp;<\/p>\n<p>&nbsp;<\/p>\n<p>&nbsp;<\/p>\n<p>&nbsp;<\/p>\n<p>&nbsp;<\/p>\n<p>&nbsp;<\/p>\n<hr \/>\n<p>&nbsp;<\/p>\n","protected":false},"excerpt":{"rendered":"<p>&nbsp; A neh\u00e9zs\u00e9g nem is annyira abban rejlik, hogy \u00faj elk\u00e9pzel\u00e9seket dolgozzunk ki, ink\u00e1bb abban, hogy mi magunk megszabaduljunk a r\u00e9giek hat\u00e1sa al\u00f3l. (John Maynard Keynes) &nbsp; A Semmelweis Egyetem T\u0171zolt\u00f3 utcai r\u00e9szlege elk\u00f6telezett az ir\u00e1ny\u00edt\u00e1si rendszerek hat\u00e9kony m\u0171k\u00f6dtet\u00e9se \u00e9s teljes k\u00f6r\u0171 kiterjeszt\u00e9se ir\u00e1nt. Int\u00e9zm\u00e9ny\u00fcnk 2025. szeptember 16-ig \u00e9rv\u00e9nyes tan\u00fas\u00edtv\u00e1nyokkal rendelkezik ISO9001:2015 <a href=\"https:\/\/semmelweis.hu\/tuzoltoklinika\/files\/2023\/02\/SE-ISO-9001-2015-MAGYAR-2022-09-17.pdf\" target=\"_blank\" rel=\"noopener\">SE-ISO-MAGYAR-2019-09-17<\/a> MEES <a href=\"https:\/\/semmelweis.hu\/tuzoltoklinika\/files\/2023\/02\/SE-MEES-2-MAGYAR-2022-09-17-1.pdf\" target=\"_blank\" rel=\"noopener\">SE-MEES-MAGYAR-2019-09-17<\/a> &nbsp; Az &hellip;<\/p>\n","protected":false},"author":158,"featured_media":0,"parent":23,"menu_order":6,"comment_status":"closed","ping_status":"closed","template":"","meta":{"_acf_changed":false,"footnotes":""},"categories":[],"tags":[],"class_list":["post-9","page","type-page","status-publish","hentry"],"acf":[],"_links":{"self":[{"href":"https:\/\/semmelweis.hu\/tuzoltoklinika\/wp-json\/wp\/v2\/pages\/9","targetHints":{"allow":["GET"]}}],"collection":[{"href":"https:\/\/semmelweis.hu\/tuzoltoklinika\/wp-json\/wp\/v2\/pages"}],"about":[{"href":"https:\/\/semmelweis.hu\/tuzoltoklinika\/wp-json\/wp\/v2\/types\/page"}],"author":[{"embeddable":true,"href":"https:\/\/semmelweis.hu\/tuzoltoklinika\/wp-json\/wp\/v2\/users\/158"}],"replies":[{"embeddable":true,"href":"https:\/\/semmelweis.hu\/tuzoltoklinika\/wp-json\/wp\/v2\/comments?post=9"}],"version-history":[{"count":11,"href":"https:\/\/semmelweis.hu\/tuzoltoklinika\/wp-json\/wp\/v2\/pages\/9\/revisions"}],"predecessor-version":[{"id":10313,"href":"https:\/\/semmelweis.hu\/tuzoltoklinika\/wp-json\/wp\/v2\/pages\/9\/revisions\/10313"}],"up":[{"embeddable":true,"href":"https:\/\/semmelweis.hu\/tuzoltoklinika\/wp-json\/wp\/v2\/pages\/23"}],"wp:attachment":[{"href":"https:\/\/semmelweis.hu\/tuzoltoklinika\/wp-json\/wp\/v2\/media?parent=9"}],"wp:term":[{"taxonomy":"category","embeddable":true,"href":"https:\/\/semmelweis.hu\/tuzoltoklinika\/wp-json\/wp\/v2\/categories?post=9"},{"taxonomy":"post_tag","embeddable":true,"href":"https:\/\/semmelweis.hu\/tuzoltoklinika\/wp-json\/wp\/v2\/tags?post=9"}],"curies":[{"name":"wp","href":"https:\/\/api.w.org\/{rel}","templated":true}]}}