{"id":8008,"date":"2022-04-27T15:28:11","date_gmt":"2022-04-27T13:28:11","guid":{"rendered":"https:\/\/semmelweis.hu\/gyermekklinika2\/?page_id=8008"},"modified":"2024-03-25T17:22:52","modified_gmt":"2024-03-25T16:22:52","slug":"contact","status":"publish","type":"page","link":"https:\/\/semmelweis.hu\/tuzoltoklinika\/en\/contact\/","title":{"rendered":"Contact"},"content":{"rendered":"<h4><strong>2nd Department of Pediatrics<\/strong><\/h4>\n<p><strong>Address:<\/strong> 1094 Budapest, T\u0171zolt\u00f3 utca 7-9.<br \/>\n<strong>Postal address:<\/strong> 1085 Budapest, \u00dcll\u0151i \u00fat 26.<br \/>\n<strong>Director<\/strong>: Dr. Szab\u00f3 Attila M.D., PhD., D.Sc.<br \/>\n<strong>Phone:<\/strong> +36 06 1 215-1380<br \/>\n\n<!-- iframe plugin v.4.9 wordpress.org\/plugins\/iframe\/ -->\n<iframe loading=\"lazy\" src=\"https:\/\/maps.google.hu\/maps?f=q&#038;source=s_q&#038;hl=hu&#038;geocode=&#038;q=Budapest,+Angyal+utca+39&#038;aq=0&#038;oq=Angyal+utca+39.&#038;sll=47.161161,19.505383&#038;sspn=5.69268,9.766846&#038;t=m&#038;ie=UTF8&#038;hq=&#038;hnear=1094+Budapest,+IX.+ker%C3%BClet,+Angyal+utca+39&#038;z=14&#038;iwloc=A&#038;output=embed\" width=\"100%\" height=\"450\" scrolling=\"yes\" class=\"iframe-class\" frameborder=\"0\"><\/iframe>\n\u00a0<\/p>\n","protected":false},"excerpt":{"rendered":"<p>2nd Department of Pediatrics<br \/>\nAddress: 1094 Budapest, T\u0171zolt\u00f3 utca 7-9.<br \/>\nPostal address: 1085 Budapest, \u00dcll\u0151i \u00fat 26.<br \/>\nDirector: Dr. Szab\u00f3 Attila M.D., PhD., D.Sc.<br \/>\nPhone: +36 06 1 215-1380<br \/>\n\u00a0<\/p>\n","protected":false},"author":101602,"featured_media":0,"parent":0,"menu_order":8,"comment_status":"closed","ping_status":"closed","template":"","meta":{"_acf_changed":false,"footnotes":""},"categories":[],"tags":[],"class_list":["post-8008","page","type-page","status-publish","hentry"],"acf":[],"_links":{"self":[{"href":"https:\/\/semmelweis.hu\/tuzoltoklinika\/wp-json\/wp\/v2\/pages\/8008","targetHints":{"allow":["GET"]}}],"collection":[{"href":"https:\/\/semmelweis.hu\/tuzoltoklinika\/wp-json\/wp\/v2\/pages"}],"about":[{"href":"https:\/\/semmelweis.hu\/tuzoltoklinika\/wp-json\/wp\/v2\/types\/page"}],"author":[{"embeddable":true,"href":"https:\/\/semmelweis.hu\/tuzoltoklinika\/wp-json\/wp\/v2\/users\/101602"}],"replies":[{"embeddable":true,"href":"https:\/\/semmelweis.hu\/tuzoltoklinika\/wp-json\/wp\/v2\/comments?post=8008"}],"version-history":[{"count":6,"href":"https:\/\/semmelweis.hu\/tuzoltoklinika\/wp-json\/wp\/v2\/pages\/8008\/revisions"}],"predecessor-version":[{"id":9756,"href":"https:\/\/semmelweis.hu\/tuzoltoklinika\/wp-json\/wp\/v2\/pages\/8008\/revisions\/9756"}],"wp:attachment":[{"href":"https:\/\/semmelweis.hu\/tuzoltoklinika\/wp-json\/wp\/v2\/media?parent=8008"}],"wp:term":[{"taxonomy":"category","embeddable":true,"href":"https:\/\/semmelweis.hu\/tuzoltoklinika\/wp-json\/wp\/v2\/categories?post=8008"},{"taxonomy":"post_tag","embeddable":true,"href":"https:\/\/semmelweis.hu\/tuzoltoklinika\/wp-json\/wp\/v2\/tags?post=8008"}],"curies":[{"name":"wp","href":"https:\/\/api.w.org\/{rel}","templated":true}]}}