{"id":7998,"date":"2022-04-26T14:37:45","date_gmt":"2022-04-26T12:37:45","guid":{"rendered":"https:\/\/semmelweis.hu\/gyermekklinika2\/?page_id=7998"},"modified":"2026-02-24T09:08:50","modified_gmt":"2026-02-24T08:08:50","slug":"eletmod-ambulancia","status":"publish","type":"page","link":"https:\/\/semmelweis.hu\/tuzoltoklinika\/betegellatas\/diagnosztikai-reszlegek\/eletmod-ambulancia\/","title":{"rendered":"\u00c9letm\u00f3d Ambulancia"},"content":{"rendered":"<p><span style=\"font-weight: 400\">A Semmelweis Egyetem Gyermekgy\u00f3gy\u00e1szati Klinika T\u0171zolt\u00f3 utcai r\u00e9szleg\u00e9n m\u0171k\u00f6d\u0151 \u00c9letm\u00f3d Ambulancia ingyenes tan\u00e1csad\u00e1ssal v\u00e1rja a t\u00fals\u00falyos, s\u00falyprobl\u00e9m\u00e1val k\u00fczd\u0151 gyerekeket \u00e9s csal\u00e1djukat. A szem\u00e9lyre szabott, komplex konzult\u00e1ci\u00f3n azok a fiatalok vehetnek r\u00e9szt, akiket az elm\u00falt egy \u00e9vben\u00a0 int\u00e9zm\u00e9ny\u00fcnk endokrinol\u00f3giai oszt\u00e1ly\u00e1n, vagy m\u00e1s int\u00e9zm\u00e9nyben vizsg\u00e1ltak t\u00fals\u00faly miatt, \u00e9s a kivizsg\u00e1l\u00e1s alapj\u00e1n \u00e9letm\u00f3dv\u00e1lt\u00e1st javasoltak sz\u00e1m\u00e1ra.<\/span><\/p>\n<p><strong>Bejelentkez\u00e9si lehet\u0151s\u00e9g: <span style=\"color: #ff0000\">eletmodambulancia@gyerekklinika.com<\/span><\/strong><\/p>\n<p><strong>\u00c9letm\u00f3d Ambulanci\u00e1nk szakemberei:<\/strong><br \/>\n<span style=\"font-weight: 400\">Dr. G\u00e1cs Zs\u00f3fia, gyermekgy\u00f3gy\u00e1sz-endokrinol\u00f3gus szakorvos<\/span><br \/>\n<span style=\"font-weight: 400\">Magyar Emma, klinikai szakpszichol\u00f3gus<\/span><br \/>\n<span style=\"font-weight: 400\">Tarr Zs\u00f3fia, gy\u00f3gytorn\u00e1sz<\/span><br \/>\n<span style=\"font-weight: 400\">Gangl Kinga, dietetikus<\/span><\/p>\n<h3 style=\"text-align: justify\">Orvosi konzult\u00e1ci\u00f3<\/h3>\n<p><span style=\"font-weight: 400\">Az \u00c9letm\u00f3d Ambulanci\u00e1n az orvosi konzult\u00e1ci\u00f3 sor\u00e1n lehet\u0151s\u00e9g van a t\u00fals\u00faly h\u00e1tter\u00e9ben \u00e1ll\u00f3 genetikai okok \u00e1tbesz\u00e9l\u00e9s\u00e9re, illetve a csal\u00e1dban is ismert betegs\u00e9gek \u00e9s a gyermek laborat\u00f3riumi leletei figyelembev\u00e9tel\u00e9vel a t\u00fals\u00falyhoz kapcsol\u00f3d\u00f3 sz\u00f6v\u0151dm\u00e9nyek (pl. cukoranyagcsere-zavar, magas v\u00e9rnyom\u00e1s) egy\u00e9ni kock\u00e1zat\u00e1nak felm\u00e9r\u00e9s\u00e9re. Az orvosi tan\u00e1csad\u00e1s kit\u00e9r a t\u00fals\u00falyb\u00f3l ad\u00f3d\u00f3 k\u00f3ros k\u00f6vetkezm\u00e9nyek lehets\u00e9ges elker\u00fcl\u00e9s\u00e9nek m\u00f3dozataira is. A konzult\u00e1ci\u00f3 sor\u00e1n felt\u00e9rk\u00e9pezz\u00fck, \u00e9s t\u00e1mogatjuk a hozz\u00e1nk \u00e9rkez\u0151 csal\u00e1dok \u00e9letm\u00f3dv\u00e1lt\u00e1shoz kapcsol\u00f3d\u00f3 motiv\u00e1ci\u00f3j\u00e1t is.<\/span><\/p>\n<h3>Gy\u00f3gytorna: mozg\u00e1svizsg\u00e1lat \u00e9s tan\u00e1csad\u00e1s<\/h3>\n<p><span style=\"font-weight: 400\">A testtart\u00e1s \u00e9s az izomer\u0151 vizsg\u00e1lat\u00e1val mozg\u00e1sszervi panaszok kisz\u0171r\u00e9s\u00e9re, a kezel\u00e9si terv \u00e1tbesz\u00e9l\u00e9s\u00e9re adunk lehet\u0151s\u00e9get. Szobaker\u00e9kp\u00e1r, illetve elliptikus tr\u00e9ner haszn\u00e1lat\u00e1val, pulzusm\u00e9r\u00e9ssel m\u00e9rj\u00fck fel az edzetts\u00e9gi \u00e1llapotot, \u00edgy egy\u00e9nre szabott tan\u00e1csokkal seg\u00edtj\u00fck az \u00f6n\u00e1ll\u00f3an v\u00e9gezhet\u0151 mozg\u00e1sprogram \u00f6ssze\u00e1ll\u00edt\u00e1s\u00e1t. A mozg\u00e1sszervi panaszok \u00e9s az edzetts\u00e9gi \u00e1llapot v\u00e1ltoz\u00e1s\u00e1nak nyomon k\u00f6vet\u00e9s\u00e9re is lehet\u0151s\u00e9get biztos\u00edtunk.<\/span><\/p>\n<h3>Dietetikai tan\u00e1csad\u00e1s<\/h3>\n<p><span style=\"font-weight: 400\">A test\u00f6sszet\u00e9tel m\u00e9r\u00e9s eredm\u00e9ny\u00e9nek ki\u00e9rt\u00e9kel\u00e9se ut\u00e1n felm\u00e9rj\u00fck a gyermek t\u00e1pl\u00e1lkoz\u00e1si szok\u00e1sait. Ezt k\u00f6vet\u0151en szem\u00e9lyre szabott t\u00e1pl\u00e1lkoz\u00e1si \u00e9s \u00e9letviteli tan\u00e1csad\u00e1st tartunk. Az elhangzottakr\u00f3l t\u00e1j\u00e9koztat\u00f3 anyagokat adunk. Lehet\u0151s\u00e9get biztos\u00edtunk a testt\u00f6meg-cs\u00f6kken\u00e9s nyomonk\u00f6vet\u00e9s\u00e9re, m\u00e9r\u00e9s\u00e9re kontrollvizsg\u00e1lat form\u00e1j\u00e1ban.<\/span><\/p>\n<h3>Pszichol\u00f3giai tan\u00e1csad\u00e1s \u00e9s gondoz\u00e1s<\/h3>\n<p><span style=\"font-weight: 400\">Az ambulanci\u00e1ra \u00e9rkez\u0151 csal\u00e1dok sz\u00e1m\u00e1ra \u00e9letm\u00f3dv\u00e1lt\u00e1st seg\u00edt\u0151 eg\u00e9szs\u00e9gpszichol\u00f3giai tan\u00e1csad\u00e1st biztos\u00edtunk. A tan\u00e1csad\u00e1s sor\u00e1n t\u00e1mogatjuk a probl\u00e9m\u00e1s ev\u00e9si szok\u00e1sok felt\u00e9rk\u00e9pez\u00e9s\u00e9t \u00e9s \u00e1talak\u00edt\u00e1s\u00e1t, amennyiben sz\u00fcks\u00e9ges, felt\u00e1rjuk az ehhez kapcsol\u00f3d\u00f3 pszich\u00e9s neh\u00e9zs\u00e9geket, pl. t\u00falev\u00e9s, \u00e9rzelmi ev\u00e9s. A kamaszok sz\u00e1m\u00e1ra egy \u00e9letm\u00f3dv\u00e1lt\u00e1st seg\u00edt\u0151 kiadv\u00e1nnyal, a <a href=\"https:\/\/forbes.hu\/a-jo-elet\/valtoztatni-nehez-de-segit-benne-a-tul-sulyos-fuzet-az-eletmodvaltas-meno-eszkozet-alkottak-meg-orvosok-es-grafikusok\/\" target=\"_blank\" rel=\"noopener\">&#8222;<\/a><\/span><a href=\"https:\/\/forbes.hu\/a-jo-elet\/valtoztatni-nehez-de-segit-benne-a-tul-sulyos-fuzet-az-eletmodvaltas-meno-eszkozet-alkottak-meg-orvosok-es-grafikusok\/\" target=\"_blank\" rel=\"noopener\"><i><span style=\"font-weight: 400\">T\u00fal s\u00falyos f\u00fczettel&#8221;<\/span><\/i><\/a><span style=\"font-weight: 400\"> k\u00e9sz\u00fcl\u00fcnk.<\/span><\/p>\n","protected":false},"excerpt":{"rendered":"<p>A Semmelweis Egyetem Gyermekgy\u00f3gy\u00e1szati Klinika T\u0171zolt\u00f3 utcai r\u00e9szleg\u00e9n m\u0171k\u00f6d\u0151 \u00c9letm\u00f3d Ambulancia ingyenes tan\u00e1csad\u00e1ssal v\u00e1rja a t\u00fals\u00falyos, s\u00falyprobl\u00e9m\u00e1val k\u00fczd\u0151 gyerekeket \u00e9s csal\u00e1djukat. A szem\u00e9lyre szabott, komplex konzult\u00e1ci\u00f3n azok a fiatalok vehetnek r\u00e9szt, akiket az elm\u00falt egy \u00e9vben\u00a0 int\u00e9zm\u00e9ny\u00fcnk endokrinol\u00f3giai oszt\u00e1ly\u00e1n, vagy m\u00e1s int\u00e9zm\u00e9nyben vizsg\u00e1ltak t\u00fals\u00faly miatt, \u00e9s a kivizsg\u00e1l\u00e1s alapj\u00e1n \u00e9letm\u00f3dv\u00e1lt\u00e1st javasoltak sz\u00e1m\u00e1ra. Bejelentkez\u00e9si lehet\u0151s\u00e9g: eletmodambulancia@gyerekklinika.com &hellip;<\/p>\n","protected":false},"author":101602,"featured_media":0,"parent":1570,"menu_order":0,"comment_status":"closed","ping_status":"closed","template":"","meta":{"_acf_changed":false,"footnotes":""},"categories":[],"tags":[],"class_list":["post-7998","page","type-page","status-publish","hentry"],"acf":[],"_links":{"self":[{"href":"https:\/\/semmelweis.hu\/tuzoltoklinika\/wp-json\/wp\/v2\/pages\/7998","targetHints":{"allow":["GET"]}}],"collection":[{"href":"https:\/\/semmelweis.hu\/tuzoltoklinika\/wp-json\/wp\/v2\/pages"}],"about":[{"href":"https:\/\/semmelweis.hu\/tuzoltoklinika\/wp-json\/wp\/v2\/types\/page"}],"author":[{"embeddable":true,"href":"https:\/\/semmelweis.hu\/tuzoltoklinika\/wp-json\/wp\/v2\/users\/101602"}],"replies":[{"embeddable":true,"href":"https:\/\/semmelweis.hu\/tuzoltoklinika\/wp-json\/wp\/v2\/comments?post=7998"}],"version-history":[{"count":10,"href":"https:\/\/semmelweis.hu\/tuzoltoklinika\/wp-json\/wp\/v2\/pages\/7998\/revisions"}],"predecessor-version":[{"id":12010,"href":"https:\/\/semmelweis.hu\/tuzoltoklinika\/wp-json\/wp\/v2\/pages\/7998\/revisions\/12010"}],"up":[{"embeddable":true,"href":"https:\/\/semmelweis.hu\/tuzoltoklinika\/wp-json\/wp\/v2\/pages\/1570"}],"wp:attachment":[{"href":"https:\/\/semmelweis.hu\/tuzoltoklinika\/wp-json\/wp\/v2\/media?parent=7998"}],"wp:term":[{"taxonomy":"category","embeddable":true,"href":"https:\/\/semmelweis.hu\/tuzoltoklinika\/wp-json\/wp\/v2\/categories?post=7998"},{"taxonomy":"post_tag","embeddable":true,"href":"https:\/\/semmelweis.hu\/tuzoltoklinika\/wp-json\/wp\/v2\/tags?post=7998"}],"curies":[{"name":"wp","href":"https:\/\/api.w.org\/{rel}","templated":true}]}}