{"id":7988,"date":"2022-04-26T10:27:42","date_gmt":"2022-04-26T08:27:42","guid":{"rendered":"https:\/\/semmelweis.hu\/gyermekklinika2\/?page_id=7988"},"modified":"2026-03-12T11:58:05","modified_gmt":"2026-03-12T10:58:05","slug":"klinikai-adatkezelesi-tajekoztatok","status":"publish","type":"page","link":"https:\/\/semmelweis.hu\/tuzoltoklinika\/bemutatkozas\/adatvedelem\/klinikai-adatkezelesi-tajekoztatok\/","title":{"rendered":"Adatkezel\u00e9si nyilv\u00e1ntart\u00e1sok"},"content":{"rendered":"<p>A Semmelweis Egyetem Adatv\u00e9delmi \u00e9s Betegjogi K\u00f6zpontj\u00e1nak j\u00f3v\u00e1hagy\u00e1s\u00e1val elk\u00e9sz\u00edtett\u00fck az Egyetem Gyermekgy\u00f3gy\u00e1szati Klinika szervezeti egys\u00e9g\u00e9re vonatkoz\u00f3 Adatkezel\u00e9si nyilv\u00e1ntart\u00e1sainkat:<\/p>\n<ul>\n<li><a href=\"https:\/\/semmelweis.hu\/tuzoltoklinika\/files\/2026\/02\/Adatkezelesi-nyilvantartas-2024_1.-Fekvobeteg-ellatas-3.xlsx\" target=\"_blank\" rel=\"noopener\">Fekv\u0151beteg-ell\u00e1t\u00e1sok<\/a><\/li>\n<li><a href=\"https:\/\/semmelweis.hu\/tuzoltoklinika\/files\/2026\/02\/Adatkezelesi-nyilvantartas-2024_1.-Jarobeteg-ellatas-3.xlsx\" target=\"_blank\" rel=\"noopener\">J\u00e1r\u00f3beteg-ell\u00e1t\u00e1sok<\/a><\/li>\n<li><a href=\"https:\/\/semmelweis.hu\/tuzoltoklinika\/files\/2026\/02\/Adatkezelesi-nyilvantartas-2024_1.-Tudomanyos-kutatas-2.xlsx\" target=\"_blank\" rel=\"noopener\">Tudom\u00e1nyos kutat\u00e1sok<\/a><\/li>\n<li><a href=\"https:\/\/semmelweis.hu\/tuzoltoklinika\/files\/2026\/02\/Adatkezelesi-nyilvantartas-2024-1.-Oktatas-szervezes.xlsx\" target=\"_blank\" rel=\"noopener\">Szak- \u00e9s tov\u00e1bbk\u00e9pz\u00e9s<\/a><\/li>\n<li><a href=\"https:\/\/semmelweis.hu\/tuzoltoklinika\/files\/2026\/03\/Adatkezelesi-nyilvantartas-2026_1.-Titkarsag-3.xlsx\" target=\"_blank\" rel=\"noopener\">Titk\u00e1rs\u00e1g<\/a><\/li>\n<li><a href=\"https:\/\/semmelweis.hu\/tuzoltoklinika\/files\/2026\/02\/Adatkezelesi-tajekoztato-2024_1.-Munkaugy-Eu.szolg-2.xlsx\" target=\"_blank\" rel=\"noopener\">Munka\u00fcgy<\/a><\/li>\n<\/ul>\n","protected":false},"excerpt":{"rendered":"<p>A Semmelweis Egyetem Adatv\u00e9delmi \u00e9s Betegjogi K\u00f6zpontj\u00e1nak j\u00f3v\u00e1hagy\u00e1s\u00e1val elk\u00e9sz\u00edtett\u00fck az Egyetem Gyermekgy\u00f3gy\u00e1szati Klinika szervezeti egys\u00e9g\u00e9re vonatkoz\u00f3 Adatkezel\u00e9si nyilv\u00e1ntart\u00e1sainkat:<\/p>\n<p><a href=\"https:\/\/semmelweis.hu\/tuzoltoklinika\/files\/2026\/02\/Adatkezelesi-nyilvantartas-2024_1.-Fekvobeteg-ellatas-3.xlsx\" target=\"_blank\" rel=\"noopener\">Fekv\u0151beteg-ell\u00e1t\u00e1sok<\/a><br \/>\n<a href=\"https:\/\/semmelweis.hu\/tuzoltoklinika\/files\/2026\/02\/Adatkezelesi-nyilvantartas-2024_1.-Jarobeteg-ellatas-3.xlsx\" target=\"_blank\" rel=\"noopener\">J\u00e1r\u00f3beteg-ell\u00e1t\u00e1sok<\/a><br \/>\n<a href=\"https:\/\/semmelweis.hu\/tuzoltoklinika\/files\/2026\/02\/Adatkezelesi-nyilvantartas-2024_1.-Tudomanyos-kutatas-2.xlsx\" target=\"_blank\" rel=\"noopener\">Tudom\u00e1nyos kutat\u00e1sok<\/a><br \/>\n<a href=\"https:\/\/semmelweis.hu\/tuzoltoklinika\/files\/2026\/02\/Adatkezelesi-nyilvantartas-2024-1.-Oktatas-szervezes.xlsx\" target=\"_blank\" rel=\"noopener\">Szak- \u00e9s tov\u00e1bbk\u00e9pz\u00e9s<\/a><br \/>\n<a href=\"https:\/\/semmelweis.hu\/tuzoltoklinika\/files\/2026\/03\/Adatkezelesi-nyilvantartas-2026_1.-Titkarsag-3.xlsx\" target=\"_blank\" rel=\"noopener\">Titk\u00e1rs\u00e1g<\/a><br \/>\n<a href=\"https:\/\/semmelweis.hu\/tuzoltoklinika\/files\/2026\/02\/Adatkezelesi-tajekoztato-2024_1.-Munkaugy-Eu.szolg-2.xlsx\" target=\"_blank\" rel=\"noopener\">Munka\u00fcgy<\/a><\/p>\n","protected":false},"author":101602,"featured_media":0,"parent":7549,"menu_order":0,"comment_status":"closed","ping_status":"closed","template":"","meta":{"_acf_changed":false,"footnotes":""},"categories":[],"tags":[],"class_list":["post-7988","page","type-page","status-publish","hentry"],"acf":[],"_links":{"self":[{"href":"https:\/\/semmelweis.hu\/tuzoltoklinika\/wp-json\/wp\/v2\/pages\/7988","targetHints":{"allow":["GET"]}}],"collection":[{"href":"https:\/\/semmelweis.hu\/tuzoltoklinika\/wp-json\/wp\/v2\/pages"}],"about":[{"href":"https:\/\/semmelweis.hu\/tuzoltoklinika\/wp-json\/wp\/v2\/types\/page"}],"author":[{"embeddable":true,"href":"https:\/\/semmelweis.hu\/tuzoltoklinika\/wp-json\/wp\/v2\/users\/101602"}],"replies":[{"embeddable":true,"href":"https:\/\/semmelweis.hu\/tuzoltoklinika\/wp-json\/wp\/v2\/comments?post=7988"}],"version-history":[{"count":10,"href":"https:\/\/semmelweis.hu\/tuzoltoklinika\/wp-json\/wp\/v2\/pages\/7988\/revisions"}],"predecessor-version":[{"id":12149,"href":"https:\/\/semmelweis.hu\/tuzoltoklinika\/wp-json\/wp\/v2\/pages\/7988\/revisions\/12149"}],"up":[{"embeddable":true,"href":"https:\/\/semmelweis.hu\/tuzoltoklinika\/wp-json\/wp\/v2\/pages\/7549"}],"wp:attachment":[{"href":"https:\/\/semmelweis.hu\/tuzoltoklinika\/wp-json\/wp\/v2\/media?parent=7988"}],"wp:term":[{"taxonomy":"category","embeddable":true,"href":"https:\/\/semmelweis.hu\/tuzoltoklinika\/wp-json\/wp\/v2\/categories?post=7988"},{"taxonomy":"post_tag","embeddable":true,"href":"https:\/\/semmelweis.hu\/tuzoltoklinika\/wp-json\/wp\/v2\/tags?post=7988"}],"curies":[{"name":"wp","href":"https:\/\/api.w.org\/{rel}","templated":true}]}}