{"id":7941,"date":"2022-04-05T08:42:53","date_gmt":"2022-04-05T06:42:53","guid":{"rendered":"https:\/\/semmelweis.hu\/gyermekklinika2\/?page_id=7941"},"modified":"2026-02-25T11:49:08","modified_gmt":"2026-02-25T10:49:08","slug":"thesis","status":"publish","type":"page","link":"https:\/\/semmelweis.hu\/tuzoltoklinika\/en\/education\/thesis\/","title":{"rendered":"Thesis"},"content":{"rendered":"<h3>Thesis format requirements<\/h3>\n<p>The thesis must be at least 50,000 characters long, with a maximum length of 100,000 characters without spaces. The font to be used is Times New Roman, font size: 12. The length includes tables and the bibliography, but does not include figures, footnotes, or references.<\/p>\n<h3>Appearance of the thesis<\/h3>\n<p>On the black hardcover, write the word &#8222;Thesis,&#8221; followed by the student&#8217;s name and the year. After a blank, sturdier white page, write the name of the university, then the name of the faculty. In the middle, write the student&#8217;s name and the title of the thesis. The university&#8217;s coat of arms can be copied into the background, but this is optional. At the bottom, the name and title of the supervisor, and finally the exact name of the clinic. The table of contents begins on the next page. The thesis must also be closed with a sheet of higher quality paper. Not electronically, only when binding, the Plagiarism Statement must be included at the end of the thesis.<\/p>\n<p><a href=\"https:\/\/semmelweis.hu\/tuzoltoklinika\/files\/2026\/01\/image2.jpg\"><img loading=\"lazy\" decoding=\"async\" class=\"aligncenter wp-image-11831 size-large\" src=\"https:\/\/semmelweis.hu\/tuzoltoklinika\/files\/2026\/01\/image2-1024x701.jpg\" alt=\"\" width=\"753\" height=\"515\" srcset=\"https:\/\/semmelweis.hu\/tuzoltoklinika\/files\/2026\/01\/image2-1024x701.jpg 1024w, https:\/\/semmelweis.hu\/tuzoltoklinika\/files\/2026\/01\/image2-400x274.jpg 400w, https:\/\/semmelweis.hu\/tuzoltoklinika\/files\/2026\/01\/image2-768x526.jpg 768w, https:\/\/semmelweis.hu\/tuzoltoklinika\/files\/2026\/01\/image2-175x120.jpg 175w, https:\/\/semmelweis.hu\/tuzoltoklinika\/files\/2026\/01\/image2-753x515.jpg 753w, https:\/\/semmelweis.hu\/tuzoltoklinika\/files\/2026\/01\/image2.jpg 1154w\" sizes=\"auto, (max-width: 753px) 100vw, 753px\" \/><\/a><\/p>\n<div class=\"fontos_div\">\n<p>The thesis registration form must be submitted to the Education Secretariat after it has been signed by the supervisor. After this, it will be approved by the head of department.<\/p>\n<p>&nbsp;<\/p>\n<p>Two copies of the completed thesis must be submitted to the Education Secretariat. Please send an electronic copy by email to <a href=\"mailto:oktatas@gyerekklinika.com\">oktatas@gyerekklinika.com<\/a>.<br \/>\nFile name: Your name \u2013 Title of your thesis. <strong>We only accept PDF documents.<\/strong><\/p>\n<p>&nbsp;<\/p>\n<p>The supervisor is responsible for organizing the defense. The members of the committee are:<\/p>\n<ol>\n<li>the supervisor, who is also the internal reviewer,<\/li>\n<li>an external reviewer from another institution,<\/li>\n<li>the chair<\/li>\n<\/ol>\n<p>The members of the committee decide on the date of the defense, which is communicated to the student by email by the Education Secretariat.<\/p>\n<p>&nbsp;<\/p>\n<p>The review is prepared in a separate document, with questions addressed to the student, which the student answers during the defense. The reviewer grades the thesis.<\/p>\n<p>&nbsp;<\/p>\n<p>The minutes of the defense are printed in two copies by the Educational Secretariat, one of which is sent to the Dean&#8217;s Office and the other to the clinic library.<\/p>\n<\/div>\n<p><strong>You can choose a topic for yourself from the list below. Only one student may write on each of the listed thesis topics.<\/strong><\/p>\n\n<table id=\"tablepress-8\" class=\"tablepress tablepress-id-8\">\n<thead>\n<tr class=\"row-1\">\n\t<th class=\"column-1\">Title<\/th><th class=\"column-2\">Tutor<\/th>\n<\/tr>\n<\/thead>\n<tbody class=\"row-striping row-hover\">\n<tr class=\"row-2\">\n\t<td class=\"column-1\">Arteficial Intelligence in Pediatric Endocrinology<\/td><td class=\"column-2\">Dr. Bertalan Rita<\/td>\n<\/tr>\n<tr class=\"row-3\">\n\t<td class=\"column-1\">Neurologic diseases and sports<\/td><td class=\"column-2\">Dr. Dobner S\u00e1ra<\/td>\n<\/tr>\n<tr class=\"row-4\">\n\t<td class=\"column-1\">Central nervous system side effects of chemotherapy in pediatrics cancer patients<\/td><td class=\"column-2\">Dr. Erd\u00e9lyi D\u00e1niel<\/td>\n<\/tr>\n<tr class=\"row-5\">\n\t<td class=\"column-1\">Comparison of test modalities used in cerebrospinal fluid analysis in leukemia<\/td><td class=\"column-2\">Dr. Erd\u00e9lyi D\u00e1niel<\/td>\n<\/tr>\n<tr class=\"row-6\">\n\t<td class=\"column-1\">Novel biomarkers and diagnostic means in the diagnostics of central nervous system involvement in childhood ALL<\/td><td class=\"column-2\">Dr. Erd\u00e9lyi D\u00e1niel<\/td>\n<\/tr>\n<tr class=\"row-7\">\n\t<td class=\"column-1\">Hot to treat relapse in childhood acute lymophoblastic leukaemia<\/td><td class=\"column-2\">Dr. Erd\u00e9lyi D\u00e1niel<\/td>\n<\/tr>\n<tr class=\"row-8\">\n\t<td class=\"column-1\">Familial mediterranean fever (FMF) - clinical picture and therapy<\/td><td class=\"column-2\">Dr. Horv\u00e1th Zsuzsanna<\/td>\n<\/tr>\n<tr class=\"row-9\">\n\t<td class=\"column-1\">Behcet syndrome - clinical picture and therapy<\/td><td class=\"column-2\">Dr. Horv\u00e1th Zsuzsanna<\/td>\n<\/tr>\n<tr class=\"row-10\">\n\t<td class=\"column-1\">Parenchymal sparing tumor resection in children<\/td><td class=\"column-2\">Dr. Jen\u0151v\u00e1ri Zolt\u00e1n<\/td>\n<\/tr>\n<tr class=\"row-11\">\n\t<td class=\"column-1\">Preventive mutilation in children<\/td><td class=\"column-2\">Dr. Jen\u0151v\u00e1ri Zolt\u00e1n<\/td>\n<\/tr>\n<tr class=\"row-12\">\n\t<td class=\"column-1\">Clinical characteristics, diagnosis and treatment of neuroinfectious and neuroimmunological diseases in childhood<\/td><td class=\"column-2\">Dr. Liptai Zolt\u00e1n<\/td>\n<\/tr>\n<tr class=\"row-13\">\n\t<td class=\"column-1\">Neurological picture of children with neurofibromatosis type 1<\/td><td class=\"column-2\">Dr. Liptai Zolt\u00e1n<\/td>\n<\/tr>\n<tr class=\"row-14\">\n\t<td class=\"column-1\">Management of juvenile dermatomyositis<\/td><td class=\"column-2\">Dr. Ponyi Andrea<\/td>\n<\/tr>\n<tr class=\"row-15\">\n\t<td class=\"column-1\">Natural history of Duchenne muscular dystrophy in Hungary<\/td><td class=\"column-2\">Dr. Szab\u00f3 L\u00e9na<\/td>\n<\/tr>\n<\/tbody>\n<\/table>\n\n","protected":false},"excerpt":{"rendered":"<p>Thesis format requirements The thesis must be at least 50,000 characters long, with a maximum length of 100,000 characters without spaces. The font to be used is Times New Roman, font size: 12. The length includes tables and the bibliography, but does not include figures, footnotes, or references. Appearance of the thesis On the black &hellip;<\/p>\n","protected":false},"author":101602,"featured_media":0,"parent":3713,"menu_order":4,"comment_status":"closed","ping_status":"closed","template":"","meta":{"_acf_changed":false,"footnotes":""},"categories":[],"tags":[],"class_list":["post-7941","page","type-page","status-publish","hentry"],"acf":[],"_links":{"self":[{"href":"https:\/\/semmelweis.hu\/tuzoltoklinika\/wp-json\/wp\/v2\/pages\/7941","targetHints":{"allow":["GET"]}}],"collection":[{"href":"https:\/\/semmelweis.hu\/tuzoltoklinika\/wp-json\/wp\/v2\/pages"}],"about":[{"href":"https:\/\/semmelweis.hu\/tuzoltoklinika\/wp-json\/wp\/v2\/types\/page"}],"author":[{"embeddable":true,"href":"https:\/\/semmelweis.hu\/tuzoltoklinika\/wp-json\/wp\/v2\/users\/101602"}],"replies":[{"embeddable":true,"href":"https:\/\/semmelweis.hu\/tuzoltoklinika\/wp-json\/wp\/v2\/comments?post=7941"}],"version-history":[{"count":10,"href":"https:\/\/semmelweis.hu\/tuzoltoklinika\/wp-json\/wp\/v2\/pages\/7941\/revisions"}],"predecessor-version":[{"id":12078,"href":"https:\/\/semmelweis.hu\/tuzoltoklinika\/wp-json\/wp\/v2\/pages\/7941\/revisions\/12078"}],"up":[{"embeddable":true,"href":"https:\/\/semmelweis.hu\/tuzoltoklinika\/wp-json\/wp\/v2\/pages\/3713"}],"wp:attachment":[{"href":"https:\/\/semmelweis.hu\/tuzoltoklinika\/wp-json\/wp\/v2\/media?parent=7941"}],"wp:term":[{"taxonomy":"category","embeddable":true,"href":"https:\/\/semmelweis.hu\/tuzoltoklinika\/wp-json\/wp\/v2\/categories?post=7941"},{"taxonomy":"post_tag","embeddable":true,"href":"https:\/\/semmelweis.hu\/tuzoltoklinika\/wp-json\/wp\/v2\/tags?post=7941"}],"curies":[{"name":"wp","href":"https:\/\/api.w.org\/{rel}","templated":true}]}}