{"id":7559,"date":"2021-07-28T10:50:07","date_gmt":"2021-07-28T08:50:07","guid":{"rendered":"https:\/\/semmelweis.hu\/gyermekklinika2\/?page_id=7559"},"modified":"2023-09-20T12:47:42","modified_gmt":"2023-09-20T10:47:42","slug":"adatkezelesi-tajekoztatok","status":"publish","type":"page","link":"https:\/\/semmelweis.hu\/tuzoltoklinika\/bemutatkozas\/adatvedelem\/adatkezelesi-tajekoztatok\/","title":{"rendered":"Adatkezel\u00e9si t\u00e1j\u00e9koztat\u00f3"},"content":{"rendered":"<p>&nbsp;<\/p>\n<p style=\"text-align: justify\">Aj\u00e1nljuk sz\u00edves figyelm\u00fckbe a Semmelweis Egyetem Gyermekgy\u00f3gy\u00e1szati Klinika <a href=\"https:\/\/semmelweis.hu\/tuzoltoklinika\/files\/2023\/09\/Adatkezelesi-tajekoztato.pdf\" target=\"_blank\" rel=\"noopener\"><em>&#8222;Adatkezel\u00e9si t\u00e1j\u00e9koztat\u00f3 az adatkezel\u00e9sek \u00e1ltal \u00e9rintett szem\u00e9lyek r\u00e9sz\u00e9re a Semmelweis Egyetem Gyermekgy\u00f3gy\u00e1szati Klinika szervezeti egys\u00e9ge \u00e1ltal v\u00e9gzett szem\u00e9lyes adatkezel\u00e9sekr\u0151l&#8221;<\/em><\/a> sz\u00f3l\u00f3 nyilv\u00e1ntart\u00e1s\u00e1t.<\/p>\n<p>&nbsp;<\/p>\n<p>&nbsp;<\/p>\n","protected":false},"excerpt":{"rendered":"<p>&nbsp;<br \/>\nAj\u00e1nljuk sz\u00edves figyelm\u00fckbe a Semmelweis Egyetem Gyermekgy\u00f3gy\u00e1szati Klinika <a href=\"https:\/\/semmelweis.hu\/tuzoltoklinika\/files\/2023\/09\/Adatkezelesi-tajekoztato.pdf\" target=\"_blank\" rel=\"noopener\">&#8222;Adatkezel\u00e9si t\u00e1j\u00e9koztat\u00f3 az adatkezel\u00e9sek \u00e1ltal \u00e9rintett szem\u00e9lyek r\u00e9sz\u00e9re a Semmelweis Egyetem Gyermekgy\u00f3gy\u00e1szati Klinika szervezeti egys\u00e9ge \u00e1ltal v\u00e9gzett szem\u00e9lyes adatkezel\u00e9sekr\u0151l&#8221;<\/a> sz\u00f3l\u00f3 nyilv\u00e1ntart\u00e1s\u00e1t.<br \/>\n&nbsp;<br \/>\n&nbsp;<\/p>\n","protected":false},"author":101602,"featured_media":0,"parent":7549,"menu_order":0,"comment_status":"closed","ping_status":"closed","template":"","meta":{"_acf_changed":false,"footnotes":""},"categories":[],"tags":[],"class_list":["post-7559","page","type-page","status-publish","hentry"],"acf":[],"_links":{"self":[{"href":"https:\/\/semmelweis.hu\/tuzoltoklinika\/wp-json\/wp\/v2\/pages\/7559","targetHints":{"allow":["GET"]}}],"collection":[{"href":"https:\/\/semmelweis.hu\/tuzoltoklinika\/wp-json\/wp\/v2\/pages"}],"about":[{"href":"https:\/\/semmelweis.hu\/tuzoltoklinika\/wp-json\/wp\/v2\/types\/page"}],"author":[{"embeddable":true,"href":"https:\/\/semmelweis.hu\/tuzoltoklinika\/wp-json\/wp\/v2\/users\/101602"}],"replies":[{"embeddable":true,"href":"https:\/\/semmelweis.hu\/tuzoltoklinika\/wp-json\/wp\/v2\/comments?post=7559"}],"version-history":[{"count":6,"href":"https:\/\/semmelweis.hu\/tuzoltoklinika\/wp-json\/wp\/v2\/pages\/7559\/revisions"}],"predecessor-version":[{"id":9404,"href":"https:\/\/semmelweis.hu\/tuzoltoklinika\/wp-json\/wp\/v2\/pages\/7559\/revisions\/9404"}],"up":[{"embeddable":true,"href":"https:\/\/semmelweis.hu\/tuzoltoklinika\/wp-json\/wp\/v2\/pages\/7549"}],"wp:attachment":[{"href":"https:\/\/semmelweis.hu\/tuzoltoklinika\/wp-json\/wp\/v2\/media?parent=7559"}],"wp:term":[{"taxonomy":"category","embeddable":true,"href":"https:\/\/semmelweis.hu\/tuzoltoklinika\/wp-json\/wp\/v2\/categories?post=7559"},{"taxonomy":"post_tag","embeddable":true,"href":"https:\/\/semmelweis.hu\/tuzoltoklinika\/wp-json\/wp\/v2\/tags?post=7559"}],"curies":[{"name":"wp","href":"https:\/\/api.w.org\/{rel}","templated":true}]}}