{"id":7339,"date":"2021-05-31T11:13:18","date_gmt":"2021-05-31T09:13:18","guid":{"rendered":"https:\/\/semmelweis.hu\/gyermekklinika2\/?page_id=7339"},"modified":"2026-02-25T12:41:07","modified_gmt":"2026-02-25T11:41:07","slug":"rektori-palyazatok","status":"publish","type":"page","link":"https:\/\/semmelweis.hu\/tuzoltoklinika\/oktatas\/rektori-palyazatok\/","title":{"rendered":"Rektori p\u00e1ly\u00e1zatok"},"content":{"rendered":"<p>Az egyetem t\u00e1j\u00e9koztat\u00e1sa a Rektori p\u00e1ly\u00e1zatr\u00f3l az al\u00e1bbi linken \u00e9rhet\u0151 el: <a href=\"https:\/\/semmelweis.hu\/tdk\/rektori-palyazat\/\" target=\"_blank\" rel=\"noopener\">https:\/\/semmelweis.hu\/tdk\/rektori-palyazat\/<\/a><\/p>\n\n<table id=\"tablepress-5\" class=\"tablepress tablepress-id-5\">\n<thead>\n<tr class=\"row-1\">\n\t<th class=\"column-1\">Rektori p\u00e1ly\u00e1zat c\u00edmek 2026-27<\/th><th class=\"column-2\">T\u00e9mavezet\u0151<\/th>\n<\/tr>\n<\/thead>\n<tbody class=\"row-striping row-hover\">\n<tr class=\"row-2\">\n\t<td class=\"column-1\">Gonad dysgenesis gyermek \u00e9s fiatal feln\u0151ttkorban<\/td><td class=\"column-2\">Dr. Bertalan Rita<\/td>\n<\/tr>\n<tr class=\"row-3\">\n\t<td class=\"column-1\">Noonan szindr\u00f3ma gyermekkorban<\/td><td class=\"column-2\">Dr. Bertalan Rita<\/td>\n<\/tr>\n<tr class=\"row-4\">\n\t<td class=\"column-1\">Kezel\u00e9si lehet\u0151s\u00e9gek standard ter\u00e1pi\u00e1ra rezisztens JIA-ban<\/td><td class=\"column-2\">Dr. Constantin Tam\u00e1s<\/td>\n<\/tr>\n<tr class=\"row-5\">\n\t<td class=\"column-1\">Betegk\u00f6zpont\u00fa kimeneti mutat\u00f3k vizsg\u00e1lata JIA-ban<\/td><td class=\"column-2\">Dr. Constantin Tam\u00e1s<\/td>\n<\/tr>\n<tr class=\"row-6\">\n\t<td class=\"column-1\">Aktivit\u00e1si \u00e9s kimeneteli klinikai \u00e9s biomarkerek juvenilis idiopathi\u00e1s arthritisben<\/td><td class=\"column-2\">Dr. Constantin Tam\u00e1s<\/td>\n<\/tr>\n<tr class=\"row-7\">\n\t<td class=\"column-1\">C\u00e9lzott kezel\u00e9sek gyermekkori l\u00e1gyr\u00e9szszark\u00f3m\u00e1kban<\/td><td class=\"column-2\">Dr. Cs\u00f3ka Monika<\/td>\n<\/tr>\n<tr class=\"row-8\">\n\t<td class=\"column-1\">Immunmedi\u00e1lt k\u00f6zponti idegrendszeri k\u00f3rk\u00e9pek gyermekkorban<\/td><td class=\"column-2\">Dr. Dobner Sarolta<\/td>\n<\/tr>\n<tr class=\"row-9\">\n\t<td class=\"column-1\">Herpes encephalitis<\/td><td class=\"column-2\">Dr. Dobner Sarolta<\/td>\n<\/tr>\n<tr class=\"row-10\">\n\t<td class=\"column-1\">Achondroplasias betegek neurol\u00f3giai sz\u00f6v\u0151dm\u00e9nyei<\/td><td class=\"column-2\">Dr. Dobner Sarolta<\/td>\n<\/tr>\n<tr class=\"row-11\">\n\t<td class=\"column-1\">Neurol\u00f3giai betegs\u00e9gek \u00e9s sportol\u00e1s<\/td><td class=\"column-2\">Dr. Dobner Sarolta<\/td>\n<\/tr>\n<tr class=\"row-12\">\n\t<td class=\"column-1\">Gyermekkori \u00e9s kamasz\/fiatal feln\u0151ttkori ALL recid\u00edva kezel\u00e9se<\/td><td class=\"column-2\">Dr. Erd\u00e9lyi D\u00e1niel<\/td>\n<\/tr>\n<tr class=\"row-13\">\n\t<td class=\"column-1\">Gyermekkori akut limfoblasztos leuk\u00e9mia k\u00f6zponti idegrendszeri \u00e9rintetts\u00e9g\u00e9nek diagnosztik\u00e1ja<\/td><td class=\"column-2\">Dr. Erd\u00e9lyi D\u00e1niel<\/td>\n<\/tr>\n<tr class=\"row-14\">\n\t<td class=\"column-1\">Rizik\u00f3faktorok gyermekkori akut limfoblasztos leuk\u00e9mia recid\u00edv\u00e1ban<\/td><td class=\"column-2\">Dr. Erd\u00e9lyi D\u00e1niel<\/td>\n<\/tr>\n<tr class=\"row-15\">\n\t<td class=\"column-1\">T\u00fals\u00fallyal \u00e9l\u0151 gyerekek a testnevel\u00e9s \u00f3r\u00e1n<\/td><td class=\"column-2\">Dr. G\u00e1cs Zs\u00f3fia<\/td>\n<\/tr>\n<tr class=\"row-16\">\n\t<td class=\"column-1\">Sz\u00e1m\u00edt\u00f3g\u00e9pes j\u00e1t\u00e9k \u00e9s hypertonia<\/td><td class=\"column-2\">Dr. G\u00e1cs Zs\u00f3fia<\/td>\n<\/tr>\n<tr class=\"row-17\">\n\t<td class=\"column-1\">Ritka gyermekkori k\u00f6zponti idegrendszeri embryonalis tu - Regiszter analysis<\/td><td class=\"column-2\">Dr. Garami Mikl\u00f3s<\/td>\n<\/tr>\n<tr class=\"row-18\">\n\t<td class=\"column-1\">Gyermekkori daganatos megbeteged\u00e9ssel diagnosztiz\u00e1ltak sz\u00fcks\u00e9gletei: irodalom kutat\u00e1s \u00e9s meta anal\u00edzis (e-QoL)<\/td><td class=\"column-2\">Dr. Garami Mikl\u00f3s<\/td>\n<\/tr>\n<tr class=\"row-19\">\n\t<td class=\"column-1\">I-es t\u00edpus\u00fa neurofibromatosis: genot\u00edpus - fenot\u00edpus \u00f6sszef\u00fcgg\u00e9se<\/td><td class=\"column-2\">Dr. Garami Mikl\u00f3s, Dr. Botos P\u00e9ter<\/td>\n<\/tr>\n<tr class=\"row-20\">\n\t<td class=\"column-1\">A gyeremkonkologiai protokollok - k\u00e9s\u0151i sz\u00f6v\u0151dm\u00e9nyek:fertilit\u00e1si probl\u00e9m\u00e1k \u00e9s megold\u00e1sok<\/td><td class=\"column-2\">Dr. Garami Mikl\u00f3s, Dr. Juh\u00e1sz Orsolya<\/td>\n<\/tr>\n<tr class=\"row-21\">\n\t<td class=\"column-1\">N\u00f6veked\u00e9si hormonp\u00f3tl\u00e1s a klinikai gyakorlatban: tapasztalatok a gyermekkori agytumort t\u00fal\u00e9l\u0151k k\u00f6r\u00e9ben<\/td><td class=\"column-2\">Dr. Garami Mikl\u00f3s, Dr. Pfeffer Anita<\/td>\n<\/tr>\n<tr class=\"row-22\">\n\t<td class=\"column-1\">A b\u00e9l mikrobiom \u00e9s tumormikrobiom st\u00e1tusz vizsg\u00e1lata szold agyi tumoros gyermekekben<\/td><td class=\"column-2\">Dr. Garami Mikl\u00f3s, Dr. S\u00e1gi Vikt\u00f3ria<\/td>\n<\/tr>\n<tr class=\"row-23\">\n\t<td class=\"column-1\">Medulloblastom\u00e1s gyermekek neurokognit\u00edv funkci\u00f3inak vizsg\u00e1lata<\/td><td class=\"column-2\">Dr. Garami Mikl\u00f3s, Dr. Szabados M\u00e1rton<\/td>\n<\/tr>\n<tr class=\"row-24\">\n\t<td class=\"column-1\">Juvenilis spondylarthropahia kezel\u00e9se, kimenetele<\/td><td class=\"column-2\">Dr. Garan Di\u00e1na<\/td>\n<\/tr>\n<tr class=\"row-25\">\n\t<td class=\"column-1\">A 22q11 mikrodel\u00e9ci\u00f3s szindr\u00f3ma klinikai aspektusai<\/td><td class=\"column-2\">Dr. Haltrich Ir\u00e9n<\/td>\n<\/tr>\n<tr class=\"row-26\">\n\t<td class=\"column-1\">Centr\u00e1lis kan\u00fclh\u00f6z kapcsol\u00f3d\u00f3 sz\u00f6v\u0151dm\u00e9nyek gyermekkori haemato-onkol\u00f3giai megbeteged\u00e9sekben<\/td><td class=\"column-2\">Dr. Hegyi M\u00e1rta<\/td>\n<\/tr>\n<tr class=\"row-27\">\n\t<td class=\"column-1\">A pszichoszoci\u00e1lis, kognit\u00edv \u00e9s szubjekt\u00edv fizik\u00e1lis k\u00e9pess\u00e9gek hossz\u00fa t\u00e1v\u00fa v\u00e1ltoz\u00e1sa intenz\u00edv oszt\u00e1lyon kezelt gyermekekn\u00e9l<\/td><td class=\"column-2\">Dr. Horv\u00e1th Kl\u00e1ra<\/td>\n<\/tr>\n<tr class=\"row-28\">\n\t<td class=\"column-1\">Virtu\u00e1lis val\u00f3s\u00e1g\u00a0alap\u00fa felk\u00e9sz\u00edt\u00e9s hat\u00e1sa MRI vizsg\u00e1latban r\u00e9szes\u00fcl\u0151 gyermekekben<\/td><td class=\"column-2\">Dr. Horv\u00e1th Kl\u00e1ra<\/td>\n<\/tr>\n<tr class=\"row-29\">\n\t<td class=\"column-1\">Autoinflammat\u00f3rikus betegs\u00e9gek \u00e9s amyloid\u00f3zis<\/td><td class=\"column-2\">Dr. Horv\u00e1th Zsuzsanna<\/td>\n<\/tr>\n<tr class=\"row-30\">\n\t<td class=\"column-1\">Kock\u00e1zatbecsl\u00e9s Kawasaki szindr\u00f3m\u00e1ban<\/td><td class=\"column-2\">Dr. Horv\u00e1th Zsuzsanna<\/td>\n<\/tr>\n<tr class=\"row-31\">\n\t<td class=\"column-1\">Turnes syndrom\u00e1s betegek ut\u00e1nk\u00f6vet\u00e9se<\/td><td class=\"column-2\">Dr. Hossz\u00fa \u00c9va<\/td>\n<\/tr>\n<tr class=\"row-32\">\n\t<td class=\"column-1\">Turner syndrom\u00e1s betegek n\u00f6veked\u00e9se GH kezel\u00e9s alatt<\/td><td class=\"column-2\">Dr. Hossz\u00fa \u00c9va<\/td>\n<\/tr>\n<tr class=\"row-33\">\n\t<td class=\"column-1\">Obesitas \u00e9s hypothyreosis<\/td><td class=\"column-2\">Dr. Hossz\u00fa \u00c9va<\/td>\n<\/tr>\n<tr class=\"row-34\">\n\t<td class=\"column-1\">Csontt\u00f6r\u00e9sek \u00e9s a csont \u00e1sv\u00e1nyianyagtartam\u00e1nak \u00f6sszef\u00fcgg\u00e9se<\/td><td class=\"column-2\">Dr. Hossz\u00fa \u00c9va<\/td>\n<\/tr>\n<tr class=\"row-35\">\n\t<td class=\"column-1\">Duchenne izomdisztrofi\u00e1s betegek csontmetabolizmusa<\/td><td class=\"column-2\">Dr. Hossz\u00fa \u00c9va<\/td>\n<\/tr>\n<tr class=\"row-36\">\n\t<td class=\"column-1\">Duchenne izomdisztrofi\u00e1s betegek csontv\u00e9delme<\/td><td class=\"column-2\">Dr. Hossz\u00fa \u00c9va<\/td>\n<\/tr>\n<tr class=\"row-37\">\n\t<td class=\"column-1\">Osteogenesis imperfectas betegek kezel\u00e9si lehet\u0151s\u00e9gei<\/td><td class=\"column-2\">Dr. Hossz\u00fa \u00c9va<\/td>\n<\/tr>\n<tr class=\"row-38\">\n\t<td class=\"column-1\">Gyermekkori appedicitsek mikrobiol\u00f3giai vizsg\u00e1latainak retrospekt\u00edv elemz\u00e9se<\/td><td class=\"column-2\">Dr. Jen\u0151v\u00e1ri Zolt\u00e1n<\/td>\n<\/tr>\n<tr class=\"row-39\">\n\t<td class=\"column-1\">Gyermekkori t\u00f6r\u00e9sek r\u00f6gz\u00edt\u00e9se percutan Kirschner dr\u00f3tos r\u00f6gz\u00edt\u00e9ssel<\/td><td class=\"column-2\">Dr. Jen\u0151v\u00e1ri Zolt\u00e1n<\/td>\n<\/tr>\n<tr class=\"row-40\">\n\t<td class=\"column-1\">Gyermekkori l\u00e1gy\u00e9ks\u00e9rvek m\u0171t\u00e9ti megold\u00e1sainak \u00f6sszehasonl\u00edt\u00e1sa<\/td><td class=\"column-2\">Dr. Jen\u0151v\u00e1ri Zolt\u00e1n<\/td>\n<\/tr>\n<tr class=\"row-41\">\n\t<td class=\"column-1\">Neuroinfekci\u00f3k \u00e9s neuroimmunol\u00f3giai betegs\u00e9gek klinikai, radiol\u00f3giai, laborat\u00f3riumi jellemz\u0151i \u00e9s ezek hat\u00e1sa a kimenetelre<\/td><td class=\"column-2\">Dr. Liptai Zolt\u00e1n<\/td>\n<\/tr>\n<tr class=\"row-42\">\n\t<td class=\"column-1\">1-es t\u00edpus\u00fa neurofibromatosisos gyermekek neurol\u00f3giai k\u00e9pe<\/td><td class=\"column-2\">Dr. Liptai Zolt\u00e1n<\/td>\n<\/tr>\n<tr class=\"row-43\">\n\t<td class=\"column-1\">Kr\u00f3nikus immun thrombocytopenia \u00faj kezel\u00e9si lehet\u0151s\u00e9gei gyermekkorban<\/td><td class=\"column-2\">Dr. M\u00fcller Judit<\/td>\n<\/tr>\n<tr class=\"row-44\">\n\t<td class=\"column-1\">A gyermekkori asztma kezel\u00e9s\u00e9nek v\u00e1ltoz\u00e1sa az elm\u00falt 10 \u00e9vben<\/td><td class=\"column-2\">Dr. N\u00e9meth \u00c1gnes<\/td>\n<\/tr>\n<tr class=\"row-45\">\n\t<td class=\"column-1\">A gyermekkori asztma kezel\u00e9s\u00e9e 5 \u00e9ves kor alatt<\/td><td class=\"column-2\">Dr. N\u00e9meth \u00c1gnes<\/td>\n<\/tr>\n<tr class=\"row-46\">\n\t<td class=\"column-1\">Biol\u00f3giai ter\u00e1pia szerepe gyermekkori asthm\u00e1s megbeteged\u00e9sekben<\/td><td class=\"column-2\">Dr. N\u00e9meth \u00c1gnes<\/td>\n<\/tr>\n<tr class=\"row-47\">\n\t<td class=\"column-1\">Post COVID szindr\u00f3m\u00e1s betegek l\u00e9g\u00fati megbeteged\u00e9sei gyermekkorban<\/td><td class=\"column-2\">Dr. N\u00e9meth \u00c1gnes<\/td>\n<\/tr>\n<tr class=\"row-48\">\n\t<td class=\"column-1\">SARs CoV2 ferz\u0151z\u00e9s, influenza, RSV fert\u0151z\u00e9s kisdedkorban<\/td><td class=\"column-2\">Dr. N\u00e9meth \u00c1gnes<\/td>\n<\/tr>\n<tr class=\"row-49\">\n\t<td class=\"column-1\">SARSCoV2 fert\u0151z\u00e9st k\u00f6vet\u0151 k\u00f3r\u00e1llapotok gyermekkorban<\/td><td class=\"column-2\">Dr. N\u00e9meth \u00c1gnes<\/td>\n<\/tr>\n<tr class=\"row-50\">\n\t<td class=\"column-1\">SARSCoV2 fert\u0151z\u00e9st k\u00f6vet\u0151 sz\u00edvritmuszavarok \u00e9s kezel\u00e9s\u00fck<\/td><td class=\"column-2\">Dr. N\u00e9meth \u00c1gnes<\/td>\n<\/tr>\n<tr class=\"row-51\">\n\t<td class=\"column-1\">Juvenilis dermatomyositis: pathomechanizmus, klinikai k\u00e9p \u00e9s kezel\u00e9si lehet\u0151s\u00e9gek<\/td><td class=\"column-2\">Dr. Ponyi Andrea<\/td>\n<\/tr>\n<tr class=\"row-52\">\n\t<td class=\"column-1\">Sziszt\u00e9m\u00e1s lupus erythematosus: klinikum \u00e9s kezel\u00e9s gyermekkorban<\/td><td class=\"column-2\">Dr. Ponyi Andrea<\/td>\n<\/tr>\n<tr class=\"row-53\">\n\t<td class=\"column-1\">C\u00e9lzott kezel\u00e9sek juvenilis idiopathi\u00e1s arthritisben: hossz\u00fat\u00e1v\u00fa eredm\u00e9nyek<\/td><td class=\"column-2\">Dr. Ponyi Andrea<\/td>\n<\/tr>\n<tr class=\"row-54\">\n\t<td class=\"column-1\">Gyermekkori pajzsmirigy m\u0171t\u00e9tek sz\u00f6v\u0151dm\u00e9nyeinek vizsg\u00e1lata<\/td><td class=\"column-2\">Dr. Prokopp Tam\u00e1s<\/td>\n<\/tr>\n<tr class=\"row-55\">\n\t<td class=\"column-1\">Betegs\u00e9gm\u00f3dos\u00edt\u00f3 ter\u00e1pi\u00e1k hossz\u00fat\u00e1v\u00fa hat\u00e1s\u00e1t befoly\u00e1sol\u00f3 t\u00e9nyez\u0151k vizsg\u00e1lata spinalis muscularis atrophiaban<\/td><td class=\"column-2\">Dr. Szab\u00f3 L\u00e9na<\/td>\n<\/tr>\n<tr class=\"row-56\">\n\t<td class=\"column-1\">Duchenne f\u00e9le izomsorvads\u00e1 term\u00e9szetes lefoly\u00e1sa Magyarorsz\u00e1gon<\/td><td class=\"column-2\">Dr. Szab\u00f3 L\u00e9na<\/td>\n<\/tr>\n<tr class=\"row-57\">\n\t<td class=\"column-1\">Retinoblastoma korszer\u0171 diagnosztik\u00e1ja \u00e9s kezel\u00e9se<\/td><td class=\"column-2\">Dr. Szab\u00f3 S\u00e1ndor\/Dr Cs\u00f3ka Monika<\/td>\n<\/tr>\n<tr class=\"row-58\">\n\t<td class=\"column-1\">Biol\u00f3giai ter\u00e1pia monitoriz\u00e1l\u00e1sa gyermekkori gyullad\u00e1sos b\u00e9lbetegs\u00e9gekben<\/td><td class=\"column-2\">Dr. Vojnisek Zsuzsanna<\/td>\n<\/tr>\n<tr class=\"row-59\">\n\t<td class=\"column-1\">Gyullad\u00e1sos b\u00e9lbeteg gyermekek \u00e9letmin\u0151s\u00e9g\u00e9nek vizsg\u00e1lata<\/td><td class=\"column-2\">Dr. Vojnisek Zsuzsanna<\/td>\n<\/tr>\n<tr class=\"row-60\">\n\t<td class=\"column-1\">T\u00e1pl\u00e1lkoz\u00e1si szok\u00e1sok gyullad\u00e1sos b\u00e9lbeteg gyermekek k\u00f6r\u00e9ben<\/td><td class=\"column-2\">Dr. Vojnisek Zsuzsanna<\/td>\n<\/tr>\n<tr class=\"row-61\">\n\t<td class=\"column-1\">Eszk\u00f6z\u00f6s t\u00e1pl\u00e1l\u00e1si lehet\u0151s\u00e9gek onkol\u00f3giai betegekn\u00e9l<\/td><td class=\"column-2\">Dr. Vojnisek Zsuzsanna<\/td>\n<\/tr>\n<tr class=\"row-62\">\n\t<td class=\"column-1\">Gyullad\u00e1sos b\u00e9lbetegs\u00e9g extraintestinalis manifeszt\u00e1ci\u00f3i a Gyermekklinika T\u0171zolt\u00f3 utcai r\u00e9szleg\u00e9n gondozott betegek k\u00f6z\u00f6tt<\/td><td class=\"column-2\">Dr. Vojnisek Zsuzsanna<\/td>\n<\/tr>\n<tr class=\"row-63\">\n\t<td class=\"column-1\">Gyermekkori lymphoblasos lymphoma retrosperkz\u00edv adatelemz\u00e9se<\/td><td class=\"column-2\">Prof. Dr. Kov\u00e1cs G\u00e1bor<\/td>\n<\/tr>\n<tr class=\"row-64\">\n\t<td class=\"column-1\">Netrop\u00e9ni\u00e1s betegek mikrobiol\u00f3gia adatainak elemz\u00e9se<\/td><td class=\"column-2\">Prof. Dr. Kov\u00e1cs G\u00e1bor<\/td>\n<\/tr>\n<tr class=\"row-65\">\n\t<td class=\"column-1\">Orsz\u00e1gos gyermekkori ITP adatok feldolgoz\u00e1sa<\/td><td class=\"column-2\">Prof. Dr. Kov\u00e1cs G\u00e1bor<\/td>\n<\/tr>\n<tr class=\"row-66\">\n\t<td class=\"column-1\">A fenntart\u00f3 \u00e9s intenz\u00edv ter\u00e1pia denzit\u00e1s\u00e1nak jelent\u0151s\u00e9ge gyermekkori ALL-ben - retrospekt\u00edv adatelemz\u00e9s<\/td><td class=\"column-2\">Prof. Dr. Kov\u00e1cs G\u00e1bor<\/td>\n<\/tr>\n<\/tbody>\n<\/table>\n<!-- #tablepress-5 from cache -->\n","protected":false},"excerpt":{"rendered":"<p>Az egyetem t\u00e1j\u00e9koztat\u00e1sa a Rektori p\u00e1ly\u00e1zatr\u00f3l az al\u00e1bbi linken \u00e9rhet\u0151 el: <a href=\"https:\/\/semmelweis.hu\/tdk\/rektori-palyazat\/\" target=\"_blank\" rel=\"noopener\">https:\/\/semmelweis.hu\/tdk\/rektori-palyazat\/<\/a><\/p>\n","protected":false},"author":101602,"featured_media":0,"parent":2298,"menu_order":9,"comment_status":"closed","ping_status":"closed","template":"","meta":{"_acf_changed":false,"footnotes":""},"categories":[],"tags":[],"class_list":["post-7339","page","type-page","status-publish","hentry"],"acf":[],"_links":{"self":[{"href":"https:\/\/semmelweis.hu\/tuzoltoklinika\/wp-json\/wp\/v2\/pages\/7339","targetHints":{"allow":["GET"]}}],"collection":[{"href":"https:\/\/semmelweis.hu\/tuzoltoklinika\/wp-json\/wp\/v2\/pages"}],"about":[{"href":"https:\/\/semmelweis.hu\/tuzoltoklinika\/wp-json\/wp\/v2\/types\/page"}],"author":[{"embeddable":true,"href":"https:\/\/semmelweis.hu\/tuzoltoklinika\/wp-json\/wp\/v2\/users\/101602"}],"replies":[{"embeddable":true,"href":"https:\/\/semmelweis.hu\/tuzoltoklinika\/wp-json\/wp\/v2\/comments?post=7339"}],"version-history":[{"count":4,"href":"https:\/\/semmelweis.hu\/tuzoltoklinika\/wp-json\/wp\/v2\/pages\/7339\/revisions"}],"predecessor-version":[{"id":12079,"href":"https:\/\/semmelweis.hu\/tuzoltoklinika\/wp-json\/wp\/v2\/pages\/7339\/revisions\/12079"}],"up":[{"embeddable":true,"href":"https:\/\/semmelweis.hu\/tuzoltoklinika\/wp-json\/wp\/v2\/pages\/2298"}],"wp:attachment":[{"href":"https:\/\/semmelweis.hu\/tuzoltoklinika\/wp-json\/wp\/v2\/media?parent=7339"}],"wp:term":[{"taxonomy":"category","embeddable":true,"href":"https:\/\/semmelweis.hu\/tuzoltoklinika\/wp-json\/wp\/v2\/categories?post=7339"},{"taxonomy":"post_tag","embeddable":true,"href":"https:\/\/semmelweis.hu\/tuzoltoklinika\/wp-json\/wp\/v2\/tags?post=7339"}],"curies":[{"name":"wp","href":"https:\/\/api.w.org\/{rel}","templated":true}]}}