{"id":7281,"date":"2021-05-12T10:39:35","date_gmt":"2021-05-12T08:39:35","guid":{"rendered":"https:\/\/semmelweis.hu\/gyermekklinika2\/?page_id=7281"},"modified":"2026-01-12T11:55:47","modified_gmt":"2026-01-12T10:55:47","slug":"tantargyi-kovetelmenyek","status":"publish","type":"page","link":"https:\/\/semmelweis.hu\/tuzoltoklinika\/oktatas\/fogorvoskepzes\/tantargyi-kovetelmenyek\/","title":{"rendered":"Tant\u00e1rgyi k\u00f6vetelm\u00e9nyek"},"content":{"rendered":"<p style=\"text-align: center\"><strong>FOK tant\u00e1rgyi k\u00f6vetelm\u00e9nyrendszer a 2025\/2026. tan\u00e9vre vonatkoz\u00f3an magyar, angol \u00e9s n\u00e9met nyelven<\/strong><\/p>\n<p>Magyar: <a href=\"https:\/\/semmelweis.hu\/tuzoltoklinika\/files\/2026\/01\/FOK-magyar-kovetelmenyrendszer-FOKVGY2369_1M-2025-26.pdf\" target=\"_blank\" rel=\"noopener\">FOK-25-26_HU<\/a><\/p>\n<p>Angol: <a href=\"https:\/\/semmelweis.hu\/tuzoltoklinika\/files\/2026\/01\/FOKVGY2369_1A-Course-Syllabus-2025-26.pdf\" target=\"_blank\" rel=\"noopener\">FOK-25-26_EN<\/a><\/p>\n<p>N\u00e9met: <a href=\"https:\/\/semmelweis.hu\/tuzoltoklinika\/files\/2026\/01\/Studienfachbeschreibung-FOKVGY2369_1N-2025-26.pdf\" target=\"_blank\" rel=\"noopener\">FOK-25-26_DE<\/a><\/p>\n","protected":false},"excerpt":{"rendered":"<p>FOK tant\u00e1rgyi k\u00f6vetelm\u00e9nyrendszer a 2025\/2026. tan\u00e9vre vonatkoz\u00f3an magyar, angol \u00e9s n\u00e9met nyelven<br \/>\nMagyar: <a href=\"https:\/\/semmelweis.hu\/tuzoltoklinika\/files\/2026\/01\/FOK-magyar-kovetelmenyrendszer-FOKVGY2369_1M-2025-26.pdf\" target=\"_blank\" rel=\"noopener\">FOK-25-26_HU<\/a><br \/>\nAngol: <a href=\"https:\/\/semmelweis.hu\/tuzoltoklinika\/files\/2026\/01\/FOKVGY2369_1A-Course-Syllabus-2025-26.pdf\" target=\"_blank\" rel=\"noopener\">FOK-25-26_EN<\/a><br \/>\nN\u00e9met: <a href=\"https:\/\/semmelweis.hu\/tuzoltoklinika\/files\/2026\/01\/Studienfachbeschreibung-FOKVGY2369_1N-2025-26.pdf\" target=\"_blank\" rel=\"noopener\">FOK-25-26_DE<\/a><\/p>\n","protected":false},"author":101602,"featured_media":0,"parent":3471,"menu_order":1,"comment_status":"closed","ping_status":"closed","template":"","meta":{"_acf_changed":false,"footnotes":""},"categories":[],"tags":[],"class_list":["post-7281","page","type-page","status-publish","hentry"],"acf":[],"_links":{"self":[{"href":"https:\/\/semmelweis.hu\/tuzoltoklinika\/wp-json\/wp\/v2\/pages\/7281","targetHints":{"allow":["GET"]}}],"collection":[{"href":"https:\/\/semmelweis.hu\/tuzoltoklinika\/wp-json\/wp\/v2\/pages"}],"about":[{"href":"https:\/\/semmelweis.hu\/tuzoltoklinika\/wp-json\/wp\/v2\/types\/page"}],"author":[{"embeddable":true,"href":"https:\/\/semmelweis.hu\/tuzoltoklinika\/wp-json\/wp\/v2\/users\/101602"}],"replies":[{"embeddable":true,"href":"https:\/\/semmelweis.hu\/tuzoltoklinika\/wp-json\/wp\/v2\/comments?post=7281"}],"version-history":[{"count":10,"href":"https:\/\/semmelweis.hu\/tuzoltoklinika\/wp-json\/wp\/v2\/pages\/7281\/revisions"}],"predecessor-version":[{"id":11848,"href":"https:\/\/semmelweis.hu\/tuzoltoklinika\/wp-json\/wp\/v2\/pages\/7281\/revisions\/11848"}],"up":[{"embeddable":true,"href":"https:\/\/semmelweis.hu\/tuzoltoklinika\/wp-json\/wp\/v2\/pages\/3471"}],"wp:attachment":[{"href":"https:\/\/semmelweis.hu\/tuzoltoklinika\/wp-json\/wp\/v2\/media?parent=7281"}],"wp:term":[{"taxonomy":"category","embeddable":true,"href":"https:\/\/semmelweis.hu\/tuzoltoklinika\/wp-json\/wp\/v2\/categories?post=7281"},{"taxonomy":"post_tag","embeddable":true,"href":"https:\/\/semmelweis.hu\/tuzoltoklinika\/wp-json\/wp\/v2\/tags?post=7281"}],"curies":[{"name":"wp","href":"https:\/\/api.w.org\/{rel}","templated":true}]}}