{"id":72,"date":"2013-02-06T10:34:02","date_gmt":"2013-02-06T09:34:02","guid":{"rendered":"http:\/\/tuzoltoklinika.semmelweis.hu\/?page_id=72"},"modified":"2025-11-19T09:02:02","modified_gmt":"2025-11-19T08:02:02","slug":"betegjogi-kepviselet","status":"publish","type":"page","link":"https:\/\/semmelweis.hu\/tuzoltoklinika\/betegellatas\/betegjogi-kepviselet\/","title":{"rendered":"Betegjogi k\u00e9pviselet"},"content":{"rendered":"<p style=\"text-align: center\">Gyermekgy\u00f3gy\u00e1szati Klinik\u00e1nk ter\u00fcletileg illet\u00e9kes betegjogi k\u00e9pvisel\u0151je:<br \/>\n<span style=\"color: #ff0000\"><strong>Erhardtn\u00e9 Dr. Gach\u00e1lyi Anik\u00f3<\/strong><\/span><br \/>\n<strong>aniko.erhardtne@ijsz.bm.gov.hu<\/strong><br \/>\n<strong>06\/20-4899-525<\/strong><\/p>\n<p>&nbsp;<\/p>\n<table style=\"border-collapse: collapse;width: 100%\">\n<tbody>\n<tr>\n<td style=\"width: 99.9999%;text-align: center\" colspan=\"3\"><strong>FOGAD\u00d3\u00d3RA<\/strong><\/td>\n<\/tr>\n<tr>\n<td style=\"width: 24.4605%\"><strong>ID\u0150PONTJA<\/strong><\/td>\n<td style=\"width: 44.1697%;text-align: center\">telefonon el\u0151re egyeztetett id\u0151pontban<\/td>\n<td style=\"width: 31.3697%\">\u00a0<\/td>\n<\/tr>\n<tr>\n<td style=\"width: 24.4605%\"><strong>H\u00cdVHAT\u00d3<\/strong><\/td>\n<td style=\"width: 44.1697%;text-align: center\">H\u00c9TF\u0150-CS\u00dcT\u00d6RT\u00d6K<\/td>\n<td style=\"width: 31.3697%;text-align: center\">08:00 &#8211; 16:30 \u00f3ra k\u00f6z\u00f6tt<\/td>\n<\/tr>\n<tr>\n<td style=\"width: 24.4605%\"><strong>HELYSZ\u00cdN<\/strong><\/td>\n<td style=\"width: 44.1697%;text-align: center\">Semmelweis Egyetem Gyermekgy\u00f3gy\u00e1szati Klinika T\u0171zolt\u00f3 utcai r\u00e9szleg (kor\u00e1bbi II. sz. Gyermekgy\u00f3gy\u00e1szati Klinika)<\/td>\n<td style=\"width: 31.3697%;text-align: center\">1094 Budapest, T\u0171zolt\u00f3 u. 7-9.<\/td>\n<\/tr>\n<\/tbody>\n<\/table>\n<p style=\"text-align: justify\">\u00a0<\/p>\n<p style=\"text-align: justify\">A jogv\u00e9delmi k\u00e9pvisel\u0151 az <a href=\"https:\/\/www.ijsz.hu\/\" target=\"_blank\" rel=\"noopener\">Integr\u00e1lt Jogv\u00e9delmi Szolg\u00e1lat<\/a> (IJSZ) munkat\u00e1rsa, az eg\u00e9szs\u00e9g\u00fcgyi int\u00e9zm\u00e9nyt\u0151l f\u00fcggetlen szem\u00e9ly.\u00a0<br \/>\nA fent megadott el\u00e9rhet\u0151s\u00e9gek sikertelens\u00e9ge eset\u00e9n az IJSZ z\u00f6ld sz\u00e1ma h\u00edvhat\u00f3: 06\/80-620-055<\/p>\n<p>&nbsp;<\/p>\n<table style=\"border-collapse: collapse;width: 100%\">\n<tbody>\n<tr>\n<td style=\"width: 100%;text-align: center\" colspan=\"2\"><strong>Integr\u00e1lt Jogv\u00e9delmi Szolg\u00e1lat el\u00e9rhet\u0151s\u00e9gei<\/strong><\/td>\n<\/tr>\n<tr>\n<td style=\"width: 37.7091%;text-align: right\">Levelez\u00e9si c\u00edm:<\/td>\n<td style=\"width: 62.2909%\">1134 Budapest, T\u00fcz\u00e9r u. 33-35.<\/td>\n<\/tr>\n<tr>\n<td style=\"width: 37.7091%;text-align: right\">Postac\u00edm:<\/td>\n<td style=\"width: 62.2909%\">1365 Budapest, Pf.: 646.<\/td>\n<\/tr>\n<tr>\n<td style=\"width: 37.7091%;text-align: right\">K\u00f6zponti telefonsz\u00e1m:\u00a0<\/td>\n<td style=\"width: 62.2909%\">+36-1\/8969-000<\/td>\n<\/tr>\n<tr>\n<td style=\"width: 37.7091%;text-align: right\">K\u00f6zponti e-mail:<\/td>\n<td style=\"width: 62.2909%\">ijsz@ijsz.bm.gov.hu<\/td>\n<\/tr>\n<tr>\n<td style=\"width: 37.7091%;text-align: right\">Ingyenesen h\u00edvhat\u00f3 z\u00f6ld sz\u00e1m:<\/td>\n<td style=\"width: 62.2909%\">+36-80\/620-055<\/td>\n<\/tr>\n<tr>\n<td style=\"width: 37.7091%;text-align: right\">K\u00fclf\u00f6ldr\u0151l h\u00edvhat\u00f3 telefonsz\u00e1m:\u00a0<\/td>\n<td style=\"width: 62.2909%\">+36-20\/489-96-14<\/td>\n<\/tr>\n<\/tbody>\n<\/table>\n<div>\u00a0<\/div>\n<div>\u00a0<\/div>\n<p><strong>A betegjogi k\u00e9pvisel\u0151 f\u0151 tev\u00e9kenys\u00e9ge:<\/strong><\/p>\n<ul>\n<li style=\"text-align: justify\">seg\u00edt a betegnek panasza megfogalmaz\u00e1s\u00e1ban,<\/li>\n<li style=\"text-align: justify\">kezdem\u00e9nyezheti a panasz kivizsg\u00e1l\u00e1s\u00e1t,<\/li>\n<li style=\"text-align: justify\">a beteg \u2013 illetve eg\u00e9szs\u00e9g\u00fcgyi okb\u00f3l t\u00f6rt\u00e9n\u0151 akad\u00e1lyoztat\u00e1sa eset\u00e9n a hozz\u00e1tartoz\u00f3 \u2013 \u00edr\u00e1sbeli meghatalmaz\u00e1sa alapj\u00e1n panaszt tehet az eg\u00e9szs\u00e9g\u00fcgyi szolg\u00e1ltat\u00f3 vezet\u0151j\u00e9n\u00e9l, fenntart\u00f3j\u00e1n\u00e1l, tov\u00e1bb\u00e1 a beteg gy\u00f3gykezel\u00e9s\u00e9vel \u00f6sszef\u00fcgg\u0151 \u00fcgyekben elj\u00e1r az arra hat\u00e1sk\u00f6rrel \u00e9s illet\u00e9kess\u00e9ggel rendelkez\u0151 hat\u00f3s\u00e1gn\u00e1l, \u00e9s ennek sor\u00e1n k\u00e9pviseli a beteget,<\/li>\n<li style=\"text-align: justify\">seg\u00edti a beteget az eg\u00e9szs\u00e9g\u00fcgyi dokument\u00e1ci\u00f3hoz val\u00f3 hozz\u00e1jut\u00e1sban, azzal kapcsolatos megjegyz\u00e9sek, k\u00e9rd\u00e9sek megfogalmaz\u00e1s\u00e1ban.<\/li>\n<\/ul>\n<p><strong>A betegjogi k\u00e9pvisel\u0151 panaszkezel\u00e9se:<\/strong><\/p>\n<ul>\n<li style=\"text-align: justify\">A betegjogi k\u00e9pvisel\u0151 t\u00e1j\u00e9koztatja a beteget a megtett panasz \u00e9s az arra kapott v\u00e1lasz tartalm\u00e1r\u00f3l, az elj\u00e1r\u00e1si cselekm\u00e9nyek helyzet\u00e9r\u0151l, az esetleges tov\u00e1bbi jogorvoslatok, elj\u00e1r\u00e1sok kezdem\u00e9nyez\u00e9s\u00e9nek lehet\u0151s\u00e9geir\u0151l.<\/li>\n<li style=\"text-align: justify\">A betegjogi k\u00e9pvisel\u0151t\u0151l a panasz kivizsg\u00e1l\u00e1s\u00e1ra ir\u00e1nyul\u00f3 megkeres\u00e9sre az eg\u00e9szs\u00e9g\u00fcgyi szolg\u00e1ltat\u00f3 vezet\u0151je 30 napon bel\u00fcl \u00e9rdemben v\u00e1laszol.<\/li>\n<li style=\"text-align: justify\">A betegjogi k\u00e9pvisel\u0151 a panasz megalapozotts\u00e1ga eset\u00e9n az \u00e9rintett \u00e9s a szolg\u00e1ltat\u00f3 k\u00f6z\u00f6tti megegyez\u00e9s l\u00e9trehoz\u00e1s\u00e1ra t\u00f6rekszik.<\/li>\n<\/ul>\n<p><strong>A betegjogi k\u00e9pvisel\u0151 jogai, k\u00f6telezetts\u00e9gei:<\/strong><\/p>\n<p>A betegjogi k\u00e9pvisel\u0151 \u2013 az ell\u00e1t\u00e1s zavartalans\u00e1g\u00e1t nem vesz\u00e9lyeztetve \u2013 illet\u00e9kess\u00e9gi k\u00f6r\u00e9ben jogosult:<\/p>\n<ul>\n<li>az eg\u00e9szs\u00e9g\u00fcgyi szolg\u00e1ltat\u00f3 m\u0171k\u00f6d\u00e9si ter\u00fclet\u00e9re bel\u00e9pni,<\/li>\n<li>az \u00fcgyre vonatkoz\u00f3 iratokba betekinteni,<\/li>\n<li>az eg\u00e9szs\u00e9g\u00fcgyben dolgoz\u00f3khoz k\u00e9rd\u00e9st int\u00e9zni.<\/li>\n<\/ul>\n<p><strong>A betegjogi k\u00e9pvisel\u0151 k\u00f6teles:<\/strong><\/p>\n<ul>\n<li style=\"text-align: justify\">a betegre vonatkoz\u00f3 orvosi titkot megtartani,<\/li>\n<li style=\"text-align: justify\">a beteg szem\u00e9lyes adatait a vonatkoz\u00f3 jogszab\u00e1lyok szerint kezelni,<\/li>\n<li style=\"text-align: justify\">az eg\u00e9szs\u00e9g\u00fcgyi szolg\u00e1ltat\u00f3 m\u0171k\u00f6d\u00e9s\u00e9vel kapcsolatban \u00e9szlelt jogs\u00e9rt\u0151 gyakorlatra \u00e9s egy\u00e9b hi\u00e1nyoss\u00e1gokra a szolg\u00e1ltat\u00f3 vezet\u0151j\u00e9nek, illetve fenntart\u00f3j\u00e1nak a figyelm\u00e9t felh\u00edvni, \u00e9s azok megsz\u00fcntet\u00e9s\u00e9re javaslatot tenni,<\/li>\n<li style=\"text-align: justify\">k\u00fcl\u00f6n\u00f6s figyelmet ford\u00edtani az \u00e9letkoruk, testi vagy szellemi fogyat\u00e9koss\u00e1guk, eg\u00e9szs\u00e9gi \u00e1llapotuk, illetve t\u00e1rsadalmi-szoci\u00e1lis helyzet\u00fck miatt kiszolg\u00e1ltatott helyzetben l\u00e9v\u0151k beteg jogi v\u00e9delm\u00e9re,<\/li>\n<li style=\"text-align: justify\">rendszeresen t\u00e1j\u00e9koztatni az eg\u00e9szs\u00e9g\u00fcgyi dolgoz\u00f3kat a betegjogokra vonatkoz\u00f3 jogszab\u00e1lyokr\u00f3l, \u00e9s azok v\u00e1ltoz\u00e1sair\u00f3l.<\/li>\n<\/ul>\n","protected":false},"excerpt":{"rendered":"<p>Gyermekgy\u00f3gy\u00e1szati Klinik\u00e1nk ter\u00fcletileg illet\u00e9kes betegjogi k\u00e9pvisel\u0151je: Erhardtn\u00e9 Dr. Gach\u00e1lyi Anik\u00f3 aniko.erhardtne@ijsz.bm.gov.hu 06\/20-4899-525 &nbsp; FOGAD\u00d3\u00d3RA ID\u0150PONTJA telefonon el\u0151re egyeztetett id\u0151pontban \u00a0 H\u00cdVHAT\u00d3 H\u00c9TF\u0150-CS\u00dcT\u00d6RT\u00d6K 08:00 &#8211; 16:30 \u00f3ra k\u00f6z\u00f6tt HELYSZ\u00cdN Semmelweis Egyetem Gyermekgy\u00f3gy\u00e1szati Klinika T\u0171zolt\u00f3 utcai r\u00e9szleg (kor\u00e1bbi II. sz. Gyermekgy\u00f3gy\u00e1szati Klinika) 1094 Budapest, T\u0171zolt\u00f3 u. 7-9. \u00a0 A jogv\u00e9delmi k\u00e9pvisel\u0151 az <a href=\"https:\/\/www.ijsz.hu\/\" target=\"_blank\" rel=\"noopener\">Integr\u00e1lt Jogv\u00e9delmi Szolg\u00e1lat<\/a> (IJSZ) munkat\u00e1rsa, az eg\u00e9szs\u00e9g\u00fcgyi int\u00e9zm\u00e9nyt\u0151l &hellip;<\/p>\n","protected":false},"author":158,"featured_media":0,"parent":3972,"menu_order":5,"comment_status":"closed","ping_status":"closed","template":"","meta":{"_acf_changed":false,"footnotes":""},"categories":[],"tags":[],"class_list":["post-72","page","type-page","status-publish","hentry"],"acf":[],"_links":{"self":[{"href":"https:\/\/semmelweis.hu\/tuzoltoklinika\/wp-json\/wp\/v2\/pages\/72","targetHints":{"allow":["GET"]}}],"collection":[{"href":"https:\/\/semmelweis.hu\/tuzoltoklinika\/wp-json\/wp\/v2\/pages"}],"about":[{"href":"https:\/\/semmelweis.hu\/tuzoltoklinika\/wp-json\/wp\/v2\/types\/page"}],"author":[{"embeddable":true,"href":"https:\/\/semmelweis.hu\/tuzoltoklinika\/wp-json\/wp\/v2\/users\/158"}],"replies":[{"embeddable":true,"href":"https:\/\/semmelweis.hu\/tuzoltoklinika\/wp-json\/wp\/v2\/comments?post=72"}],"version-history":[{"count":11,"href":"https:\/\/semmelweis.hu\/tuzoltoklinika\/wp-json\/wp\/v2\/pages\/72\/revisions"}],"predecessor-version":[{"id":11588,"href":"https:\/\/semmelweis.hu\/tuzoltoklinika\/wp-json\/wp\/v2\/pages\/72\/revisions\/11588"}],"up":[{"embeddable":true,"href":"https:\/\/semmelweis.hu\/tuzoltoklinika\/wp-json\/wp\/v2\/pages\/3972"}],"wp:attachment":[{"href":"https:\/\/semmelweis.hu\/tuzoltoklinika\/wp-json\/wp\/v2\/media?parent=72"}],"wp:term":[{"taxonomy":"category","embeddable":true,"href":"https:\/\/semmelweis.hu\/tuzoltoklinika\/wp-json\/wp\/v2\/categories?post=72"},{"taxonomy":"post_tag","embeddable":true,"href":"https:\/\/semmelweis.hu\/tuzoltoklinika\/wp-json\/wp\/v2\/tags?post=72"}],"curies":[{"name":"wp","href":"https:\/\/api.w.org\/{rel}","templated":true}]}}