{"id":6399,"date":"2020-09-04T12:03:55","date_gmt":"2020-09-04T10:03:55","guid":{"rendered":"https:\/\/semmelweis.hu\/gyermekklinika2\/?page_id=6399"},"modified":"2026-01-12T10:53:51","modified_gmt":"2026-01-12T09:53:51","slug":"cseregyakorlat-mas-egyetemek-hallgatoi","status":"publish","type":"page","link":"https:\/\/semmelweis.hu\/tuzoltoklinika\/oktatas\/cseregyakorlat-mas-egyetemek-hallgatoi\/","title":{"rendered":"Cseregyakorlat\/m\u00e1s egyetemek hallgat\u00f3i"},"content":{"rendered":"<p><strong>Tisztelt Hallgat\u00f3k!\u00a0<\/strong><\/p>\n<p style=\"text-align: justify\"><span style=\"font-weight: 400\">Klinik\u00e1nkon az al\u00e1bbi egys\u00e9ges szab\u00e1lyok alapj\u00e1n fogadunk hallgat\u00f3kat m\u00e1sik egyetemekr\u0151l.<\/span><\/p>\n<p>&nbsp;<\/p>\n<p style=\"text-align: justify\"><span style=\"font-weight: 400\">ERASMUS:<\/span><\/p>\n<p style=\"text-align: justify\"><span style=\"font-weight: 400\">Az ERASMUS programon bel\u00fcl a jelentkez\u00e9s az ERASMUS irod\u00e1n kereszt\u00fcl t\u00f6rt\u00e9nik: Jelentkezni az adott szemeszter els\u0151 napj\u00e1ig lehet. (pl \u0151szre \u00e9s t\u00e9lre szeptemberig, tavaszra \u00e9s ny\u00e1rra febru\u00e1rig). Felmer\u00fcl\u0151 tov\u00e1bbi k\u00e9rd\u00e9sek \u00e9s a jelentkez\u00e9s pontos menete c\u00e9lj\u00e1b\u00f3l k\u00e9rj\u00fck az keress\u00e9k fel az egyetem\u00fcnk honlapj\u00e1t, valamint vegy\u00e9k fel a kapcsolatot az ERASMUS irod\u00e1val! <\/span><span style=\"font-weight: 400\">\u00a0 <\/span><a href=\"https:\/\/semmelweis.hu\/erasmus\/\" target=\"_blank\" rel=\"noopener noreferrer\"><span style=\"font-weight: 400\">https:\/\/semmelweis.hu\/erasmus\/<\/span><\/a><\/p>\n<p style=\"text-align: justify\"><span style=\"font-weight: 400\">email c\u00edm: <\/span><a href=\"mailto:erasmusincoming@semmelwieis-univ.hu\" target=\"_blank\" rel=\"noopener noreferrer\"><span style=\"font-weight: 400\">erasmusincoming@semmelwieis-univ.hu<\/span><\/a><\/p>\n<p style=\"text-align: justify\">\u00a0<\/p>\n<p style=\"text-align: justify\"><span style=\"font-weight: 400\">EGY\u00c9NI SZERVEZ\u00c9S\u0170 GYAKORLAT:<\/span><\/p>\n<p style=\"text-align: justify\"><span style=\"font-weight: 400\">Egy\u00e9b, egyetemek k\u00f6z\u00f6tti egyezm\u00e9ny vagy egy\u00e9ni szervez\u00e9s alapj\u00e1n t\u00f6rt\u00e9n\u0151 gyakorlat szervez\u00e9sek <\/span><span style=\"font-weight: 400\">c\u00e9lj\u00e1b\u00f3l \u00edrjanak az <\/span><a href=\"mailto:oktatas@gyerekklinika.com\"><span style=\"font-weight: 400\">oktatas@gyerekklinika.com<\/span><\/a><span style=\"font-weight: 400\"> c\u00edmre!<\/span><\/p>\n<p style=\"text-align: justify\">\u00a0<\/p>\n<p style=\"text-align: justify\"><span style=\"font-weight: 400\">Minden (Erasmus \u00e9s egy\u00e9b csereprogram eset\u00e9ben is) n\u00e1lunk gyakorlatot v\u00e9gz\u0151 hallgat\u00f3ra egys\u00e9gesen az al\u00e1bbi szab\u00e1lyok vonatkoznak:\u00a0<\/span><\/p>\n<ul style=\"text-align: justify\">\n<li style=\"font-weight: 400\"><span style=\"font-weight: 400\">Azon hallgat\u00f3, akinek nincs gyermekgy\u00f3gy\u00e1szati el\u0151k\u00e9pzetts\u00e9ge, csak a magyar vagy az angol \u00f6t\u00f6d\u00e9ves blokkoktat\u00e1sba tud bekapcsol\u00f3dni. Ezek a turnusok szeptember \u00e9s j\u00fanius k\u00f6z\u00f6tt futnak.\u00a0<\/span><\/li>\n<li style=\"font-weight: 400\"><span style=\"font-weight: 400\">Azon hallgat\u00f3, akinek van el\u0151k\u00e9pzetts\u00e9ge az oszt\u00e1lyos munk\u00e1ba ker\u00fcl beoszt\u00e1sra, hasonl\u00f3an mint egyetem\u00fcnk hatod\u00e9ves hallgat\u00f3i.\u00a0<\/span><\/li>\n<li style=\"font-weight: 400\"><span style=\"font-weight: 400\">Ny\u00e1ri <\/span><span style=\"font-weight: 400\">nem<\/span><span style=\"font-weight: 400\"> ERASMUS programhoz tartoz\u00f3 gyakorlat eset\u00e9ben CSAK olyan tov\u00e1bbi jelentkez\u0151ket tudunk fogadunk, akiknek gyermekgy\u00f3gy\u00e1szatb\u00f3l el\u0151k\u00e9pzetts\u00e9ge van.\u00a0<\/span><\/li>\n<\/ul>\n<p style=\"text-align: justify\">\u00a0<\/p>\n<p style=\"text-align: justify\">\u00a0<\/p>\n<p>&nbsp;<\/p>\n<p>Dear Students,<\/p>\n<p style=\"text-align: justify\">Welcome to the website of the 2<sup>nd<\/sup> Department of Pediatrics. Thank you for your interest in our Department. We accept medical students from other universities to join our pediatric training. The following principles apply.<\/p>\n<ul style=\"text-align: justify\">\n<li>If you have no previous completed pediatric training element in your tuition before your planned practice at our department: you can join our fifth-year block education, either in the Hungarian or the English language program. These are four-week-long courses plus one week for the exam. Courses run from September to June at preset dates, and provide 8 am &#8211; 4 pm full time activities including lectures, ward practice and seminars, a full training we provide for our 5th year students. Your practice may be extended with weeks of ward and clinic attendance (what our 6th year students undertake, e.g. if your university expects you to have a longer training period to fulfill their pediatric subject requirements) but can\u2019t be shortened.<\/li>\n<li>If you already had some training in pediatrics, you can have a practice similar to sixth year students at our university. You will then be assigned to our tutors for a mixture of ward and outpatient clinic attendance covering various pediatric subspecialties. You can join us between August and February. Within this period, we are flexible on dates and the length of practice.<\/li>\n<li>Please apply well ahead, this will make it more likely that we can accept and book you. Send your request at the very minimum one month before the planned start of your practice.<\/li>\n<\/ul>\n<p style=\"text-align: justify\"><strong>\u00a0<\/strong><\/p>\n<p style=\"text-align: justify\">APPLICATION VIA ERASMUS:<\/p>\n<p style=\"text-align: justify\">Within the ERASMUS program, the application should always be made through the ERASMUS office. For further questions and the exact application process, please visit our university&#8217;s website and contact the ERASMUS office.<\/p>\n<p style=\"text-align: justify\">Website: <a href=\"https:\/\/semmelweis.hu\/erasmus\/\" target=\"_blank\" rel=\"noopener noreferrer\">https:\/\/semmelweis.hu\/erasmus\/<\/a><\/p>\n<p style=\"text-align: justify\">E-mail address: <a href=\"mailto:erasmusincoming@semmelwieis-univ.hu\" target=\"_blank\" rel=\"noopener noreferrer\">erasmusincoming@semmelwieis-univ.hu<\/a><\/p>\n<p style=\"text-align: justify\"><strong>\u00a0<\/strong><\/p>\n<p style=\"text-align: justify\">APPLICATION FOR ALL OTHERS:<\/p>\n<p style=\"text-align: justify\">For other internships based on inter-university agreements or for individual applications, you should inquire at the email address below. You can ask for information regarding the fees via the same e-mail address.<\/p>\n<p style=\"text-align: justify\">E-mail adress: <a href=\"mailto:oktatas@gyerekklinika.com\">oktatas@gyerekklinika.com<\/a><\/p>\n<p style=\"text-align: justify\">\u00a0<\/p>\n<p style=\"text-align: justify\">\u00a0<\/p>\n","protected":false},"excerpt":{"rendered":"<p>Tisztelt Hallgat\u00f3k!\u00a0 Klinik\u00e1nkon az al\u00e1bbi egys\u00e9ges szab\u00e1lyok alapj\u00e1n fogadunk hallgat\u00f3kat m\u00e1sik egyetemekr\u0151l. &nbsp; ERASMUS: Az ERASMUS programon bel\u00fcl a jelentkez\u00e9s az ERASMUS irod\u00e1n kereszt\u00fcl t\u00f6rt\u00e9nik: Jelentkezni az adott szemeszter els\u0151 napj\u00e1ig lehet. (pl \u0151szre \u00e9s t\u00e9lre szeptemberig, tavaszra \u00e9s ny\u00e1rra febru\u00e1rig). Felmer\u00fcl\u0151 tov\u00e1bbi k\u00e9rd\u00e9sek \u00e9s a jelentkez\u00e9s pontos menete c\u00e9lj\u00e1b\u00f3l k\u00e9rj\u00fck az keress\u00e9k fel az &hellip;<\/p>\n","protected":false},"author":101602,"featured_media":0,"parent":2298,"menu_order":12,"comment_status":"closed","ping_status":"closed","template":"","meta":{"_acf_changed":false,"footnotes":""},"categories":[],"tags":[],"class_list":["post-6399","page","type-page","status-publish","hentry"],"acf":[],"_links":{"self":[{"href":"https:\/\/semmelweis.hu\/tuzoltoklinika\/wp-json\/wp\/v2\/pages\/6399","targetHints":{"allow":["GET"]}}],"collection":[{"href":"https:\/\/semmelweis.hu\/tuzoltoklinika\/wp-json\/wp\/v2\/pages"}],"about":[{"href":"https:\/\/semmelweis.hu\/tuzoltoklinika\/wp-json\/wp\/v2\/types\/page"}],"author":[{"embeddable":true,"href":"https:\/\/semmelweis.hu\/tuzoltoklinika\/wp-json\/wp\/v2\/users\/101602"}],"replies":[{"embeddable":true,"href":"https:\/\/semmelweis.hu\/tuzoltoklinika\/wp-json\/wp\/v2\/comments?post=6399"}],"version-history":[{"count":9,"href":"https:\/\/semmelweis.hu\/tuzoltoklinika\/wp-json\/wp\/v2\/pages\/6399\/revisions"}],"predecessor-version":[{"id":6412,"href":"https:\/\/semmelweis.hu\/tuzoltoklinika\/wp-json\/wp\/v2\/pages\/6399\/revisions\/6412"}],"up":[{"embeddable":true,"href":"https:\/\/semmelweis.hu\/tuzoltoklinika\/wp-json\/wp\/v2\/pages\/2298"}],"wp:attachment":[{"href":"https:\/\/semmelweis.hu\/tuzoltoklinika\/wp-json\/wp\/v2\/media?parent=6399"}],"wp:term":[{"taxonomy":"category","embeddable":true,"href":"https:\/\/semmelweis.hu\/tuzoltoklinika\/wp-json\/wp\/v2\/categories?post=6399"},{"taxonomy":"post_tag","embeddable":true,"href":"https:\/\/semmelweis.hu\/tuzoltoklinika\/wp-json\/wp\/v2\/tags?post=6399"}],"curies":[{"name":"wp","href":"https:\/\/api.w.org\/{rel}","templated":true}]}}