{"id":6271,"date":"2020-08-06T14:05:45","date_gmt":"2020-08-06T12:05:45","guid":{"rendered":"https:\/\/semmelweis.hu\/gyermekklinika2\/?page_id=6271"},"modified":"2026-03-25T15:37:11","modified_gmt":"2026-03-25T14:37:11","slug":"szakkepzes","status":"publish","type":"page","link":"https:\/\/semmelweis.hu\/tuzoltoklinika\/oktatas\/szakkepzes\/","title":{"rendered":"Szakk\u00e9pz\u00e9s"},"content":{"rendered":"<h5>Rezidensfelv\u00e9tel<\/h5>\n<p>A Gyermekgy\u00f3gy\u00e1szati Klinika 2026. szeptember 15-ig \u00e9s december 31-ig bet\u00f6lthet\u0151 rezidensi \u00e1ll\u00e1st hirdet az al\u00e1bbi szakm\u00e1kban:<\/p>\n<table style=\"border-collapse: collapse;width: 100%;height: 231px\">\n<tbody>\n<tr style=\"height: 33px\">\n<td style=\"width: 50%;height: 33px\"><strong>Szakma<\/strong><\/td>\n<td style=\"width: 50%;height: 33px\"><strong>Rezidensi hely<\/strong><\/td>\n<\/tr>\n<tr style=\"height: 33px\">\n<td style=\"width: 50%;height: 33px\">csecsem\u0151- \u00e9s gyermekgy\u00f3gy\u00e1szat<\/td>\n<td style=\"width: 50%;height: 33px\">2<\/td>\n<\/tr>\n<tr style=\"height: 33px\">\n<td style=\"width: 50%;height: 33px\">gyermek- \u00e9s ifj\u00fas\u00e1gpszichi\u00e1tria<\/td>\n<td style=\"width: 50%;height: 33px\">1<\/td>\n<\/tr>\n<tr style=\"height: 33px\">\n<td style=\"width: 50%;height: 33px\">gyermekseb\u00e9szet (T\u0171zolt\u00f3 utcai r\u00e9szleg)<\/td>\n<td style=\"width: 50%;height: 33px\">1<\/td>\n<\/tr>\n<tr style=\"height: 33px\">\n<td style=\"width: 50%;height: 33px\">klinikai genetika<\/td>\n<td style=\"width: 50%;height: 33px\">1<\/td>\n<\/tr>\n<tr style=\"height: 33px\">\n<td style=\"width: 50%;height: 33px\">radiol\u00f3gia<\/td>\n<td style=\"width: 50%;height: 33px\">1<\/td>\n<\/tr>\n<tr style=\"height: 33px\">\n<td style=\"width: 50%;height: 33px\">h\u00e1zi gyermekorvosi ut\u00e1np\u00f3tl\u00e1s biztos\u00edt\u00e1sa (csecsem\u0151- \u00e9s gyermekgy\u00f3gy\u00e1szat keret\u00e9ben)<\/td>\n<td style=\"width: 50%;height: 33px\">10<\/td>\n<\/tr>\n<\/tbody>\n<\/table>\n<p>A meghirdetett rezidensi \u00e1ll\u00e1shelyekre a jel\u00f6ltek <strong>2026. m\u00e1jus 31-ig jelentkezhetnek<\/strong> \u00f6n\u00e9letrajz, motiv\u00e1ci\u00f3s lev\u00e9l, esetleg aj\u00e1nl\u00e1s, valamint a felv\u00e9teli meghallgat\u00e1son adhat\u00f3 pontsz\u00e1mot al\u00e1t\u00e1maszt\u00f3 dokumentumok beny\u00fajt\u00e1s\u00e1val a <a href=\"http:\/\/reny.hu\" target=\"_blank\" rel=\"noopener\">Rezidensnyilv\u00e1ntart\u00f3 port\u00e1lon<\/a> kereszt\u00fcl.<\/p>\n<p>Tov\u00e1bbi r\u00e9szletek az al\u00e1bbi t\u00e1j\u00e9koztat\u00f3ban:<\/p>\n<p><a href=\"https:\/\/semmelweis.hu\/tuzoltoklinika\/files\/2026\/03\/Rezidensfelvetel_2026.pdf\" target=\"_blank\" rel=\"noopener\"><span style=\"color: #ff0000;font-size: 18pt\"><strong>REZIDENSFELV\u00c9TEL 2026<\/strong><\/span>\u00a0&#8211; T\u00e1j\u00e9koztat\u00f3<\/a><\/p>\n<h5>Szakk\u00e9pz\u00e9si tanfolyamaink \u2013 2026. I. f\u00e9l\u00e9v<\/h5>\n<p>2026.03.09-2026.03.13. <a href=\"https:\/\/www.oftex.hu\/project_o\/actual_prg\/system\/launch.php?pg=.\/oftex\/szakkepzesTanfolyam\/ReziTanf_Adatlap.php?msgid=93602&amp;tableid=0&amp;retcode=rezitanflist\" target=\"_blank\" rel=\"noopener\"><em><strong>Gyermekgy\u00f3gy\u00e1szat szakvizsga el\u0151k\u00e9sz\u00edt\u0151 tanfolyam<\/strong><\/em><\/a><\/p>\n<p>2026.03.20-2026.03.22. <strong><em><a href=\"https:\/\/www.oftex.hu\/project_o\/actual_prg\/system\/launch.php?pg=.\/oftex\/szakkepzesTanfolyam\/ReziTanf_Adatlap.php?msgid=93897&amp;tableid=0&amp;retcode=rezitanflist\" target=\"_blank\" rel=\"noopener\">Gyermekgasztroenterol\u00f3gia \u00e9s hepatol\u00f3gia szakvizsga felk\u00e9sz\u00edt\u0151 tanfolyam<\/a><\/em><\/strong><\/p>\n<p>2026.04.23-2026.04.24. <a href=\"https:\/\/www.oftex.hu\/project_o\/actual_prg\/system\/launch.php?pg=.\/oftex\/szakkepzesTanfolyam\/ReziTanf_Adatlap.php?msgid=93389&amp;tableid=0&amp;retcode=rezitanflist\" target=\"_blank\" rel=\"noopener\"><em><strong>K\u00e9palkot\u00f3 diagnosztika gyermekkorban (MELLKAS), &#8211; szakk\u00e9pz\u00e9si tanfolyam<\/strong><\/em><\/a><\/p>\n","protected":false},"excerpt":{"rendered":"<p>Rezidensfelv\u00e9tel A Gyermekgy\u00f3gy\u00e1szati Klinika 2026. szeptember 15-ig \u00e9s december 31-ig bet\u00f6lthet\u0151 rezidensi \u00e1ll\u00e1st hirdet az al\u00e1bbi szakm\u00e1kban: Szakma Rezidensi hely csecsem\u0151- \u00e9s gyermekgy\u00f3gy\u00e1szat 2 gyermek- \u00e9s ifj\u00fas\u00e1gpszichi\u00e1tria 1 gyermekseb\u00e9szet (T\u0171zolt\u00f3 utcai r\u00e9szleg) 1 klinikai genetika 1 radiol\u00f3gia 1 h\u00e1zi gyermekorvosi ut\u00e1np\u00f3tl\u00e1s biztos\u00edt\u00e1sa (csecsem\u0151- \u00e9s gyermekgy\u00f3gy\u00e1szat keret\u00e9ben) 10 A meghirdetett rezidensi \u00e1ll\u00e1shelyekre a jel\u00f6ltek 2026. m\u00e1jus &hellip;<\/p>\n","protected":false},"author":101602,"featured_media":0,"parent":2298,"menu_order":10,"comment_status":"closed","ping_status":"closed","template":"","meta":{"_acf_changed":false,"footnotes":""},"categories":[],"tags":[],"class_list":["post-6271","page","type-page","status-publish","hentry"],"acf":[],"_links":{"self":[{"href":"https:\/\/semmelweis.hu\/tuzoltoklinika\/wp-json\/wp\/v2\/pages\/6271","targetHints":{"allow":["GET"]}}],"collection":[{"href":"https:\/\/semmelweis.hu\/tuzoltoklinika\/wp-json\/wp\/v2\/pages"}],"about":[{"href":"https:\/\/semmelweis.hu\/tuzoltoklinika\/wp-json\/wp\/v2\/types\/page"}],"author":[{"embeddable":true,"href":"https:\/\/semmelweis.hu\/tuzoltoklinika\/wp-json\/wp\/v2\/users\/101602"}],"replies":[{"embeddable":true,"href":"https:\/\/semmelweis.hu\/tuzoltoklinika\/wp-json\/wp\/v2\/comments?post=6271"}],"version-history":[{"count":10,"href":"https:\/\/semmelweis.hu\/tuzoltoklinika\/wp-json\/wp\/v2\/pages\/6271\/revisions"}],"predecessor-version":[{"id":12261,"href":"https:\/\/semmelweis.hu\/tuzoltoklinika\/wp-json\/wp\/v2\/pages\/6271\/revisions\/12261"}],"up":[{"embeddable":true,"href":"https:\/\/semmelweis.hu\/tuzoltoklinika\/wp-json\/wp\/v2\/pages\/2298"}],"wp:attachment":[{"href":"https:\/\/semmelweis.hu\/tuzoltoklinika\/wp-json\/wp\/v2\/media?parent=6271"}],"wp:term":[{"taxonomy":"category","embeddable":true,"href":"https:\/\/semmelweis.hu\/tuzoltoklinika\/wp-json\/wp\/v2\/categories?post=6271"},{"taxonomy":"post_tag","embeddable":true,"href":"https:\/\/semmelweis.hu\/tuzoltoklinika\/wp-json\/wp\/v2\/tags?post=6271"}],"curies":[{"name":"wp","href":"https:\/\/api.w.org\/{rel}","templated":true}]}}