{"id":4206,"date":"2019-08-29T09:16:21","date_gmt":"2019-08-29T07:16:21","guid":{"rendered":"http:\/\/semmelweis.hu\/gyermekklinika2\/?page_id=4206"},"modified":"2022-05-04T14:05:38","modified_gmt":"2022-05-04T12:05:38","slug":"partnerunk","status":"publish","type":"page","link":"https:\/\/semmelweis.hu\/tuzoltoklinika\/kapcsolat\/partnerunk\/","title":{"rendered":"Egy\u00fcttm\u0171k\u00f6d\u0151 partnereink"},"content":{"rendered":"<h4 style=\"text-align: center;\">T\u00e9r\u00edt\u00e9ses betegell\u00e1t\u00e1sban partner\u00fcnk:<\/h4>\n<p><a href=\"https:\/\/semmelweiskft.hu\/\"><img loading=\"lazy\" decoding=\"async\" class=\"aligncenter wp-image-2003 size-full\" src=\"https:\/\/semmelweis.hu\/tuzoltoklinika\/files\/2014\/11\/semmelweis_kft_240-e1613050128479.jpg\" alt=\"\" width=\"240\" height=\"240\" \/><\/a><\/p>\n<hr \/>\n<h4 style=\"text-align: center;\">Parkol\u00e1sban partner\u00fcnk:<\/h4>\n<p><a href=\"https:\/\/www.carepark.hu\/new\/\"><img loading=\"lazy\" decoding=\"async\" class=\"aligncenter size-medium wp-image-7586\" src=\"https:\/\/semmelweis.hu\/tuzoltoklinika\/files\/2021\/08\/CarePark-400x162.gif\" alt=\"\" width=\"400\" height=\"162\" \/><\/a><\/p>\n<p>&nbsp;<\/p>\n","protected":false},"excerpt":{"rendered":"<p>T\u00e9r\u00edt\u00e9ses betegell\u00e1t\u00e1sban partner\u00fcnk:<br \/>\n<a href=\"https:\/\/semmelweiskft.hu\/\"><\/a><\/p>\n<p>Parkol\u00e1sban partner\u00fcnk:<br \/>\n<a href=\"https:\/\/www.carepark.hu\/new\/\"><\/a><br \/>\n&nbsp;<\/p>\n","protected":false},"author":101602,"featured_media":0,"parent":64,"menu_order":5,"comment_status":"closed","ping_status":"closed","template":"","meta":{"_acf_changed":false,"footnotes":""},"categories":[],"tags":[],"class_list":["post-4206","page","type-page","status-publish","hentry"],"acf":[],"_links":{"self":[{"href":"https:\/\/semmelweis.hu\/tuzoltoklinika\/wp-json\/wp\/v2\/pages\/4206","targetHints":{"allow":["GET"]}}],"collection":[{"href":"https:\/\/semmelweis.hu\/tuzoltoklinika\/wp-json\/wp\/v2\/pages"}],"about":[{"href":"https:\/\/semmelweis.hu\/tuzoltoklinika\/wp-json\/wp\/v2\/types\/page"}],"author":[{"embeddable":true,"href":"https:\/\/semmelweis.hu\/tuzoltoklinika\/wp-json\/wp\/v2\/users\/101602"}],"replies":[{"embeddable":true,"href":"https:\/\/semmelweis.hu\/tuzoltoklinika\/wp-json\/wp\/v2\/comments?post=4206"}],"version-history":[{"count":10,"href":"https:\/\/semmelweis.hu\/tuzoltoklinika\/wp-json\/wp\/v2\/pages\/4206\/revisions"}],"predecessor-version":[{"id":8094,"href":"https:\/\/semmelweis.hu\/tuzoltoklinika\/wp-json\/wp\/v2\/pages\/4206\/revisions\/8094"}],"up":[{"embeddable":true,"href":"https:\/\/semmelweis.hu\/tuzoltoklinika\/wp-json\/wp\/v2\/pages\/64"}],"wp:attachment":[{"href":"https:\/\/semmelweis.hu\/tuzoltoklinika\/wp-json\/wp\/v2\/media?parent=4206"}],"wp:term":[{"taxonomy":"category","embeddable":true,"href":"https:\/\/semmelweis.hu\/tuzoltoklinika\/wp-json\/wp\/v2\/categories?post=4206"},{"taxonomy":"post_tag","embeddable":true,"href":"https:\/\/semmelweis.hu\/tuzoltoklinika\/wp-json\/wp\/v2\/tags?post=4206"}],"curies":[{"name":"wp","href":"https:\/\/api.w.org\/{rel}","templated":true}]}}