{"id":3996,"date":"2019-06-13T10:05:15","date_gmt":"2019-06-13T08:05:15","guid":{"rendered":"http:\/\/semmelweis.hu\/gyermekklinika2\/?page_id=3996"},"modified":"2023-05-05T10:50:58","modified_gmt":"2023-05-05T08:50:58","slug":"teriteses-szolgaltatasok","status":"publish","type":"page","link":"https:\/\/semmelweis.hu\/tuzoltoklinika\/betegellatas\/teriteses-szolgaltatasok\/","title":{"rendered":"T\u00e9r\u00edt\u00e9ses szolg\u00e1ltat\u00e1sok"},"content":{"rendered":"<p style=\"text-align: justify\"><a href=\"https:\/\/semmelweis.hu\/tuzoltoklinika\/files\/2014\/11\/semmelweis_kft_240-e1613050128479.jpg\"><img loading=\"lazy\" decoding=\"async\" class=\"size-full wp-image-2003 alignleft\" src=\"https:\/\/semmelweis.hu\/tuzoltoklinika\/files\/2014\/11\/semmelweis_kft_240-e1613050128479.jpg\" alt=\"\" width=\"240\" height=\"240\" \/><\/a>Int\u00e9zm\u00e9ny\u00fcnkben (t\u00e9r\u00edt\u00e9s ellen\u00e9ben) tov\u00e1bbi szolg\u00e1ltat\u00e1sok ig\u00e9nybev\u00e9tel\u00e9re ny\u00edlik lehet\u0151s\u00e9g.<\/p>\n<p style=\"text-align: justify\">Szolg\u00e1ltat\u00e1sainkat a <a href=\"https:\/\/semmelweiskft.hu\/\" target=\"_blank\" rel=\"noopener noreferrer\"><strong>Semmelweis Eg\u00e9szs\u00e9g\u00fcgyi Kft-n<\/strong><\/a> kereszt\u00fcl is ig\u00e9nybe vehetik.\u00a0\u00a0<\/p>\n<p style=\"text-align: justify\">A t\u00e9r\u00edt\u00e9ses szolg\u00e1ltat\u00e1sokat \u00e9s a kapcsol\u00f3d\u00f3 d\u00edjakat a <a href=\"https:\/\/semmelweis.hu\/jogigfoig\/files\/2020\/09\/T%C3%A9r%C3%ADt%C3%A9si-d%C3%ADj-szab%C3%A1lyzat_hat%C3%A1lyos_2020_09_09_tol.pdf\" target=\"_blank\" rel=\"noopener noreferrer\"><strong>Semmelweis Egyetem T\u00e9r\u00edt\u00e9si D\u00edj Szab\u00e1lyzata tartalmazza<\/strong><\/a>.<\/p>\n<p>&nbsp;<\/p>\n<p>&nbsp;<\/p>\n","protected":false},"excerpt":{"rendered":"<p><a href=\"https:\/\/semmelweis.hu\/tuzoltoklinika\/files\/2014\/11\/semmelweis_kft_240-e1613050128479.jpg\"><\/a>Int\u00e9zm\u00e9ny\u00fcnkben (t\u00e9r\u00edt\u00e9s ellen\u00e9ben) tov\u00e1bbi szolg\u00e1ltat\u00e1sok ig\u00e9nybev\u00e9tel\u00e9re ny\u00edlik lehet\u0151s\u00e9g.<br \/>\nSzolg\u00e1ltat\u00e1sainkat a <a href=\"https:\/\/semmelweiskft.hu\/\" target=\"_blank\" rel=\"noopener noreferrer\">Semmelweis Eg\u00e9szs\u00e9g\u00fcgyi Kft-n<\/a> kereszt\u00fcl is ig\u00e9nybe vehetik.\u00a0\u00a0<br \/>\nA t\u00e9r\u00edt\u00e9ses szolg\u00e1ltat\u00e1sokat \u00e9s a kapcsol\u00f3d\u00f3 d\u00edjakat a <a href=\"https:\/\/semmelweis.hu\/jogigfoig\/files\/2020\/09\/T%C3%A9r%C3%ADt%C3%A9si-d%C3%ADj-szab%C3%A1lyzat_hat%C3%A1lyos_2020_09_09_tol.pdf\" target=\"_blank\" rel=\"noopener noreferrer\">Semmelweis Egyetem T\u00e9r\u00edt\u00e9si D\u00edj Szab\u00e1lyzata tartalmazza<\/a>.<br \/>\n&nbsp;<br \/>\n&nbsp;<\/p>\n","protected":false},"author":12,"featured_media":0,"parent":3972,"menu_order":10,"comment_status":"closed","ping_status":"closed","template":"","meta":{"_acf_changed":false,"footnotes":""},"categories":[],"tags":[],"class_list":["post-3996","page","type-page","status-publish","hentry"],"acf":[],"_links":{"self":[{"href":"https:\/\/semmelweis.hu\/tuzoltoklinika\/wp-json\/wp\/v2\/pages\/3996","targetHints":{"allow":["GET"]}}],"collection":[{"href":"https:\/\/semmelweis.hu\/tuzoltoklinika\/wp-json\/wp\/v2\/pages"}],"about":[{"href":"https:\/\/semmelweis.hu\/tuzoltoklinika\/wp-json\/wp\/v2\/types\/page"}],"author":[{"embeddable":true,"href":"https:\/\/semmelweis.hu\/tuzoltoklinika\/wp-json\/wp\/v2\/users\/12"}],"replies":[{"embeddable":true,"href":"https:\/\/semmelweis.hu\/tuzoltoklinika\/wp-json\/wp\/v2\/comments?post=3996"}],"version-history":[{"count":7,"href":"https:\/\/semmelweis.hu\/tuzoltoklinika\/wp-json\/wp\/v2\/pages\/3996\/revisions"}],"predecessor-version":[{"id":9068,"href":"https:\/\/semmelweis.hu\/tuzoltoklinika\/wp-json\/wp\/v2\/pages\/3996\/revisions\/9068"}],"up":[{"embeddable":true,"href":"https:\/\/semmelweis.hu\/tuzoltoklinika\/wp-json\/wp\/v2\/pages\/3972"}],"wp:attachment":[{"href":"https:\/\/semmelweis.hu\/tuzoltoklinika\/wp-json\/wp\/v2\/media?parent=3996"}],"wp:term":[{"taxonomy":"category","embeddable":true,"href":"https:\/\/semmelweis.hu\/tuzoltoklinika\/wp-json\/wp\/v2\/categories?post=3996"},{"taxonomy":"post_tag","embeddable":true,"href":"https:\/\/semmelweis.hu\/tuzoltoklinika\/wp-json\/wp\/v2\/tags?post=3996"}],"curies":[{"name":"wp","href":"https:\/\/api.w.org\/{rel}","templated":true}]}}