{"id":3991,"date":"2019-06-13T09:52:50","date_gmt":"2019-06-13T07:52:50","guid":{"rendered":"http:\/\/semmelweis.hu\/gyermekklinika2\/?page_id=3991"},"modified":"2023-04-20T15:32:58","modified_gmt":"2023-04-20T13:32:58","slug":"altalanos-informaciok-a-fekvobeteg-ellatasrol","status":"publish","type":"page","link":"https:\/\/semmelweis.hu\/tuzoltoklinika\/betegellatas\/altalanos-informaciok-a-fekvobeteg-ellatasrol\/","title":{"rendered":"Fekv\u0151beteg ell\u00e1t\u00e1s"},"content":{"rendered":"<p style=\"text-align: justify\">Klinik\u00e1nk jelenleg 124 beteg\u00e1ggyal m\u0171k\u00f6dik. A fekv\u0151beteg-oszt\u00e1lyok sz\u00ednvonalas ter\u00e1pi\u00e1s h\u00e1tteret biztos\u00edtanak a klinika jelent\u0151s ambul\u00e1ns betegforgalm\u00e1nak, egyes specialit\u00e1sok szervezett magyarorsz\u00e1gi k\u00f6zpontjai a klinik\u00e1n m\u0171k\u00f6dnek.<\/p>\n<p style=\"text-align: justify\">Amennyiben gyermek\u00e9nek kezel\u0151orvosa klinikai ell\u00e1t\u00e1st javasol, az oszt\u00e1ly n\u0151v\u00e9rpultj\u00e1n\u00e1l kell jelentkezni \u00e9s az oszt\u00e1lyon szolg\u00e1latot teljes\u00edt\u0151 \u00e1pol\u00f3 bek\u00eds\u00e9ri \u00d6n\u00f6ket a k\u00f3rterembe. A k\u00f3rtermekben \u00e1pol\u00f3, oszt\u00e1lyos orvos \u00e9s oszt\u00e1lyvezet\u0151 orvos v\u00e9gzi az ell\u00e1t\u00e1st.<\/p>\n<p style=\"text-align: justify\">A t\u00e9nyszer\u0171 t\u00e1j\u00e9koztat\u00e1son t\u00falmen\u0151en szeretn\u00e9nk \u00d6n\u00f6ket arr\u00f3l is biztos\u00edtani, hogy olyan k\u00f3rh\u00e1zi k\u00f6rnyezetet igyekezt\u00fcnk kialak\u00edtani, mely cs\u00f6kkenti mind a beteg gyermekek, mind az \u0151 eg\u00e9szs\u00e9g\u00fck\u00e9rt agg\u00f3d\u00f3 szeretteik szorong\u00e1s\u00e1t. Minden lehets\u00e9ges m\u00f3don igyeksz\u00fcnk m\u00e9rs\u00e9kelni az orvosi vizsg\u00e1latokkal, kezel\u00e9sekkel j\u00e1r\u00f3 f\u00e1jdalmat, kellemetlens\u00e9get \u00e9s a k\u00f3rh\u00e1zi \u00e1pol\u00e1si id\u0151szakot ler\u00f6vid\u00edteni. Biztos\u00edtjuk, hogy 1 sz\u00fcl\u0151 folyamatosan beteg gyermeke mellett tart\u00f3zkodhasson (kiv\u00e9tel az Intenz\u00edv oszt\u00e1ly)<\/p>\n<p style=\"text-align: justify\"><strong><u>L\u00e1togat\u00e1s \u00e9s az int\u00e9zm\u00e9nyben val\u00f3 tart\u00f3zkod\u00e1s rendje:<\/u><\/strong><\/p>\n<p style=\"text-align: justify\"><strong>L\u00e1togat\u00e1si id\u0151<\/strong>: a h\u00e9t minden napj\u00e1n 15:00-19:00 \u00f3ra k\u00f6z\u00f6tt lehets\u00e9ges<\/p>\n<p style=\"text-align: justify\">14 \u00e9v alatti gyermek csak fel\u00fcgyelettel l\u00e1togathatja a Klinik\u00e1nkat!<\/p>\n<p style=\"text-align: justify\">14 \u00e9ven aluli gyermekek a saj\u00e1t \u00e9rdek\u00fckben, Int\u00e9zm\u00e9ny\u00fcnk betegeit nem l\u00e1togathatj\u00e1k!<\/p>\n<p style=\"text-align: justify\">Felh\u00edvjuk kedves betegeink figyelm\u00e9t, hogy klinik\u00e1nk oktat\u00f3 int\u00e9zm\u00e9ny, ez\u00e9rt az orvostanhallgat\u00f3k illetve \u00e1pol\u00f3 hallgat\u00f3k oktat\u00e1sa fekv\u0151beteg oszt\u00e1lyainkon t\u00f6rt\u00e9nik. Az oktat\u00e1sok id\u0151pontja v\u00e1ltoz\u00f3, 8:00-16:00 \u00f3r\u00e1ig tart. K\u00e9rj\u00fck kedves betegeinket, l\u00e1togat\u00f3kat, hogy seg\u00edts\u00e9k az oktat\u00e1st.<\/p>\n<p style=\"text-align: justify\">K\u00e9rj\u00fck, olvass\u00e1k el Klinik\u00e1nk <strong><a href=\"https:\/\/semmelweis.hu\/tuzoltoklinika\/files\/2020\/11\/Betegt\u00e1j\u00e9koztat\u00f3-h\u00e1zirend-T\u0171zolt\u00f3-utca.docx\" target=\"_blank\" rel=\"noopener noreferrer\">H\u00e1zirendj\u00e9t<\/a>!<\/strong><\/p>\n<ul>\n<li><strong><a href=\"https:\/\/semmelweis.hu\/tuzoltoklinika\/betegellatas\/diagnosztikai-reszlegek\/\">Diagnosztikai r\u00e9szlegek<\/a><\/strong>\n<ul>\n<li><a href=\"https:\/\/semmelweis.hu\/tuzoltoklinika\/betegellatas\/diagnosztikai-reszlegek\/epidemiologiai-munkacsoport\/\">Epidemiol\u00f3giai Munkacsoport<\/a><\/li>\n<li><a href=\"https:\/\/semmelweis.hu\/tuzoltoklinika\/betegellatas\/diagnosztikai-reszlegek\/genetikai-reszleg\/\">Genetikai R\u00e9szleg<\/a><\/li>\n<li><a href=\"https:\/\/semmelweis.hu\/tuzoltoklinika\/betegellatas\/diagnosztikai-reszlegek\/gyogytorna\/\">Gy\u00f3gytorna<\/a><\/li>\n<li><a href=\"https:\/\/semmelweis.hu\/tuzoltoklinika\/betegellatas\/diagnosztikai-reszlegek\/hipertonia-reszleg\/\">Hipert\u00f3nia R\u00e9szleg<\/a><\/li>\n<li><a href=\"https:\/\/semmelweis.hu\/tuzoltoklinika\/betegellatas\/diagnosztikai-reszlegek\/kardiologia\/\">Kardiol\u00f3gia<\/a><\/li>\n<li><a href=\"https:\/\/semmelweis.hu\/tuzoltoklinika\/betegellatas\/diagnosztikai-reszlegek\/klinikai-kemiai-laboratorium\/\">Klinikai K\u00e9miai Laborat\u00f3rium<\/a><\/li>\n<li><a href=\"https:\/\/semmelweis.hu\/tuzoltoklinika\/betegellatas\/diagnosztikai-reszlegek\/osteologia\/\">Osteol\u00f3gia<\/a><\/li>\n<li><a href=\"https:\/\/semmelweis.hu\/tuzoltoklinika\/betegellatas\/diagnosztikai-reszlegek\/pszicho-szocialis-munkacsoport\/\">Pszicho-szoci\u00e1lis munkacsoport<\/a><\/li>\n<li><a href=\"https:\/\/semmelweis.hu\/tuzoltoklinika\/betegellatas\/diagnosztikai-reszlegek\/radiologia\/\">Radiol\u00f3gia<\/a><\/li>\n<\/ul>\n<\/li>\n<li><strong><a href=\"https:\/\/semmelweis.hu\/tuzoltoklinika\/betegellatas\/ambulanciak-es-fekvobeteg-osztalyaink\/\">Ambulanci\u00e1k \u00e9s fekv\u0151beteg oszt\u00e1lyaink<\/a><\/strong>\n<ul>\n<li><a href=\"https:\/\/semmelweis.hu\/tuzoltoklinika\/betegellatas\/ambulanciak-es-fekvobeteg-osztalyaink\/1-b-onkologia\/\">1.B.Onkol\u00f3gia<\/a><\/li>\n<li><a href=\"https:\/\/semmelweis.hu\/tuzoltoklinika\/betegellatas\/ambulanciak-es-fekvobeteg-osztalyaink\/endokrinologia\/\">Endokrinol\u00f3gia<\/a><\/li>\n<li><a href=\"https:\/\/semmelweis.hu\/tuzoltoklinika\/betegellatas\/ambulanciak-es-fekvobeteg-osztalyaink\/gasztroenterologia\/\">Gasztroenterol\u00f3gia<\/a><\/li>\n<li><a href=\"https:\/\/semmelweis.hu\/tuzoltoklinika\/betegellatas\/ambulanciak-es-fekvobeteg-osztalyaink\/haematologia\/\">Haematol\u00f3gia<\/a><\/li>\n<li><a href=\"https:\/\/semmelweis.hu\/tuzoltoklinika\/betegellatas\/ambulanciak-es-fekvobeteg-osztalyaink\/haematologiai-ambulancia\/\">Haematol\u00f3giai ambulancia<\/a><\/li>\n<li><a href=\"https:\/\/semmelweis.hu\/tuzoltoklinika\/betegellatas\/ambulanciak-es-fekvobeteg-osztalyaink\/intenziv-osztaly\/\">Intenz\u00edv Oszt\u00e1ly<\/a><\/li>\n<li><a href=\"https:\/\/semmelweis.hu\/tuzoltoklinika\/betegellatas\/ambulanciak-es-fekvobeteg-osztalyaink\/nappali-osztaly\/\">Nappali Oszt\u00e1ly<\/a><\/li>\n<li><a href=\"https:\/\/semmelweis.hu\/tuzoltoklinika\/betegellatas\/ambulanciak-es-fekvobeteg-osztalyaink\/neuro-onkologia\/\">Neuro-Onkol\u00f3gia<\/a><\/li>\n<li><a href=\"https:\/\/semmelweis.hu\/tuzoltoklinika\/betegellatas\/ambulanciak-es-fekvobeteg-osztalyaink\/neurologia\/\">Neurol\u00f3gia<\/a><\/li>\n<li><a href=\"https:\/\/semmelweis.hu\/tuzoltoklinika\/betegellatas\/ambulanciak-es-fekvobeteg-osztalyaink\/pulmonologia\/\">Pulmonol\u00f3gia<\/a><\/li>\n<li><a href=\"https:\/\/semmelweis.hu\/tuzoltoklinika\/betegellatas\/ambulanciak-es-fekvobeteg-osztalyaink\/reumatologia-immunologia\/\">Reumatol\u00f3gia<\/a><\/li>\n<li><a href=\"https:\/\/semmelweis.hu\/tuzoltoklinika\/betegellatas\/ambulanciak-es-fekvobeteg-osztalyaink\/sebeszet\/\">Seb\u00e9szet<\/a><\/li>\n<\/ul>\n<\/li>\n<\/ul>\n","protected":false},"excerpt":{"rendered":"<p>Klinik\u00e1nk jelenleg 124 beteg\u00e1ggyal m\u0171k\u00f6dik. A fekv\u0151beteg-oszt\u00e1lyok sz\u00ednvonalas ter\u00e1pi\u00e1s h\u00e1tteret biztos\u00edtanak a klinika jelent\u0151s ambul\u00e1ns betegforgalm\u00e1nak, egyes specialit\u00e1sok szervezett magyarorsz\u00e1gi k\u00f6zpontjai a klinik\u00e1n m\u0171k\u00f6dnek. Amennyiben gyermek\u00e9nek kezel\u0151orvosa klinikai ell\u00e1t\u00e1st javasol, az oszt\u00e1ly n\u0151v\u00e9rpultj\u00e1n\u00e1l kell jelentkezni \u00e9s az oszt\u00e1lyon szolg\u00e1latot teljes\u00edt\u0151 \u00e1pol\u00f3 bek\u00eds\u00e9ri \u00d6n\u00f6ket a k\u00f3rterembe. A k\u00f3rtermekben \u00e1pol\u00f3, oszt\u00e1lyos orvos \u00e9s oszt\u00e1lyvezet\u0151 orvos v\u00e9gzi az &hellip;<\/p>\n","protected":false},"author":12,"featured_media":0,"parent":3972,"menu_order":1,"comment_status":"closed","ping_status":"closed","template":"","meta":{"_acf_changed":false,"footnotes":""},"categories":[],"tags":[],"class_list":["post-3991","page","type-page","status-publish","hentry"],"acf":[],"_links":{"self":[{"href":"https:\/\/semmelweis.hu\/tuzoltoklinika\/wp-json\/wp\/v2\/pages\/3991","targetHints":{"allow":["GET"]}}],"collection":[{"href":"https:\/\/semmelweis.hu\/tuzoltoklinika\/wp-json\/wp\/v2\/pages"}],"about":[{"href":"https:\/\/semmelweis.hu\/tuzoltoklinika\/wp-json\/wp\/v2\/types\/page"}],"author":[{"embeddable":true,"href":"https:\/\/semmelweis.hu\/tuzoltoklinika\/wp-json\/wp\/v2\/users\/12"}],"replies":[{"embeddable":true,"href":"https:\/\/semmelweis.hu\/tuzoltoklinika\/wp-json\/wp\/v2\/comments?post=3991"}],"version-history":[{"count":10,"href":"https:\/\/semmelweis.hu\/tuzoltoklinika\/wp-json\/wp\/v2\/pages\/3991\/revisions"}],"predecessor-version":[{"id":9008,"href":"https:\/\/semmelweis.hu\/tuzoltoklinika\/wp-json\/wp\/v2\/pages\/3991\/revisions\/9008"}],"up":[{"embeddable":true,"href":"https:\/\/semmelweis.hu\/tuzoltoklinika\/wp-json\/wp\/v2\/pages\/3972"}],"wp:attachment":[{"href":"https:\/\/semmelweis.hu\/tuzoltoklinika\/wp-json\/wp\/v2\/media?parent=3991"}],"wp:term":[{"taxonomy":"category","embeddable":true,"href":"https:\/\/semmelweis.hu\/tuzoltoklinika\/wp-json\/wp\/v2\/categories?post=3991"},{"taxonomy":"post_tag","embeddable":true,"href":"https:\/\/semmelweis.hu\/tuzoltoklinika\/wp-json\/wp\/v2\/tags?post=3991"}],"curies":[{"name":"wp","href":"https:\/\/api.w.org\/{rel}","templated":true}]}}