{"id":3972,"date":"2019-06-13T09:36:00","date_gmt":"2019-06-13T07:36:00","guid":{"rendered":"http:\/\/semmelweis.hu\/gyermekklinika2\/?page_id=3972"},"modified":"2025-05-16T08:47:09","modified_gmt":"2025-05-16T06:47:09","slug":"betegellatas","status":"publish","type":"page","link":"https:\/\/semmelweis.hu\/tuzoltoklinika\/betegellatas\/","title":{"rendered":"Betegell\u00e1t\u00e1s"},"content":{"rendered":"<blockquote>\n<p style=\"text-align: center\">Amint elkezdesz megv\u00e1ltoztatni n\u00e9h\u00e1ny dolgot, hely\u00e9re ker\u00fcl a t\u00f6bbi is. <span style=\"font-size: 14pt\">(Veronica Henry)<\/span><\/p>\n<\/blockquote>\n<p>&nbsp;<\/p>\n<p><span style=\"color: #ff0000\"><a href=\"https:\/\/semmelweis.hu\/tuzoltoklinika\/betegellatas\/rendelesi-beosztas-2\/\" target=\"_blank\" rel=\"noopener\"><strong>RENDEL\u00c9SEINK<\/strong><\/a><\/span><\/p>\n<p>&nbsp;<\/p>\n<p style=\"text-align: justify\">A Semmelweis Egyetem Gyermekgy\u00f3gy\u00e1szati Klinika T\u0171zolt\u00f3 utcai r\u00e9szleg\u00e9n <em>(kor\u00e1bbi II. sz. Gyermekgy\u00f3gy\u00e1szati Klinika)<\/em> kiemelten fontos feladatnak tartjuk a betegek \u00e9s hozz\u00e1tartoz\u00f3ik t\u00e1j\u00e9koztat\u00e1shoz f\u0171z\u0151d\u0151 jog\u00e1nak teljes k\u00f6r\u0171 gyakorl\u00e1s\u00e1t, az orvos-beteg kapcsolatban az eredm\u00e9nyes betegell\u00e1t\u00e1shoz sz\u00fcks\u00e9ges inform\u00e1ci\u00f3 \u00e1raml\u00e1s\u00e1nak biztos\u00edt\u00e1s\u00e1t. C\u00e9lunk, hogy hasznos inform\u00e1ci\u00f3kkal seg\u00edts\u00fck betegeink int\u00e9zm\u00e9nybeli ell\u00e1t\u00e1s\u00e1t, cs\u00f6kkents\u00fck az esetleges bizonytalans\u00e1got. Az ell\u00e1t\u00e1shoz sz\u00fcks\u00e9ges tudnival\u00f3k rendelkez\u00e9sre \u00e1ll\u00e1sa egyar\u00e1nt fontos a beteg (hozz\u00e1tartoz\u00f3) \u00e9s az int\u00e9zm\u00e9ny munkat\u00e1rsai sz\u00e1m\u00e1ra is, \u00edgy val\u00f3s\u00edthat\u00f3 meg hat\u00e9konyan, eredm\u00e9nyesen \u00e9s biztons\u00e1gosan az ell\u00e1t\u00e1s. <a href=\"https:\/\/semmelweis.hu\/tuzoltoklinika\/files\/2020\/11\/Betegt\u00e1j\u00e9koztat\u00f3-h\u00e1zirend-T\u0171zolt\u00f3-utca.docx\" target=\"_blank\" rel=\"noopener noreferrer\">Klinik\u00e1nk H\u00e1zirendje<\/a><\/p>\n<ul>\n<li><a href=\"https:\/\/semmelweis.hu\/tuzoltoklinika\/betegellatas\/altalanos-informaciok-a-jarobetegrendelesekrol\/\">\u00c1ltal\u00e1nos inform\u00e1ci\u00f3k a j\u00e1r\u00f3beteg-ell\u00e1t\u00e1sr\u00f3l<\/a><\/li>\n<li><a href=\"https:\/\/semmelweis.hu\/tuzoltoklinika\/betegellatas\/altalanos-informaciok-a-fekvobeteg-ellatasrol\/\">\u00c1ltal\u00e1nos inform\u00e1ci\u00f3k a fekv\u0151beteg-ell\u00e1t\u00e1sr\u00f3l<\/a><\/li>\n<\/ul>\n<div class=\"keretes w-100\">\n<h4 style=\"text-align: justify\"><strong>R\u00e9szlegeink, ambulanci\u00e1k \u00e9s oszt\u00e1lyok<\/strong><\/h4>\n<ul>\n<li><strong><a href=\"https:\/\/semmelweis.hu\/tuzoltoklinika\/betegellatas\/diagnosztikai-reszlegek\/\">Diagnosztikai r\u00e9szlegek<\/a><\/strong>\n<ul>\n<li><a href=\"https:\/\/semmelweis.hu\/tuzoltoklinika\/betegellatas\/diagnosztikai-reszlegek\/epidemiologiai-munkacsoport\/\">Epidemiol\u00f3giai Munkacsoport<\/a><\/li>\n<li><a href=\"https:\/\/semmelweis.hu\/tuzoltoklinika\/betegellatas\/diagnosztikai-reszlegek\/genetikai-reszleg\/\">Genetikai R\u00e9szleg<\/a><\/li>\n<li><a href=\"https:\/\/semmelweis.hu\/tuzoltoklinika\/betegellatas\/diagnosztikai-reszlegek\/gyogytorna\/\">Gy\u00f3gytorna<\/a><\/li>\n<li><a href=\"https:\/\/semmelweis.hu\/tuzoltoklinika\/betegellatas\/diagnosztikai-reszlegek\/hipertonia-reszleg\/\">Hipert\u00f3nia R\u00e9szleg<\/a><\/li>\n<li><a href=\"https:\/\/semmelweis.hu\/tuzoltoklinika\/betegellatas\/diagnosztikai-reszlegek\/kardiologia\/\">Kardiol\u00f3gia<\/a><\/li>\n<li><a href=\"https:\/\/semmelweis.hu\/tuzoltoklinika\/betegellatas\/diagnosztikai-reszlegek\/klinikai-kemiai-laboratorium\/\">Klinikai K\u00e9miai Laborat\u00f3rium<\/a><\/li>\n<li><a href=\"https:\/\/semmelweis.hu\/tuzoltoklinika\/betegellatas\/diagnosztikai-reszlegek\/osteologia\/\">Osteol\u00f3gia<\/a><\/li>\n<li><a href=\"https:\/\/semmelweis.hu\/tuzoltoklinika\/betegellatas\/diagnosztikai-reszlegek\/pszicho-szocialis-munkacsoport\/\">Pszicho-szoci\u00e1lis munkacsoport<\/a><\/li>\n<li><a href=\"https:\/\/semmelweis.hu\/tuzoltoklinika\/betegellatas\/diagnosztikai-reszlegek\/radiologia\/\">Radiol\u00f3gia<\/a><\/li>\n<\/ul>\n<\/li>\n<li><strong><a href=\"https:\/\/semmelweis.hu\/tuzoltoklinika\/betegellatas\/ambulanciak-es-fekvobeteg-osztalyaink\/\">Ambulanci\u00e1k \u00e9s fekv\u0151beteg oszt\u00e1lyaink<\/a><\/strong>\n<ul>\n<li><a href=\"https:\/\/semmelweis.hu\/tuzoltoklinika\/betegellatas\/ambulanciak-es-fekvobeteg-osztalyaink\/endokrinologia\/\">Endokrinol\u00f3gia<\/a><\/li>\n<li><a href=\"https:\/\/semmelweis.hu\/tuzoltoklinika\/betegellatas\/ambulanciak-es-fekvobeteg-osztalyaink\/eletmod-ambulancia\/\" target=\"_blank\" rel=\"noopener\">\u00c9letm\u00f3d Ambulancia<\/a><\/li>\n<li><a href=\"https:\/\/semmelweis.hu\/tuzoltoklinika\/betegellatas\/ambulanciak-es-fekvobeteg-osztalyaink\/gasztroenterologia\/\">Gasztroenterol\u00f3gia<\/a><\/li>\n<li><a href=\"https:\/\/semmelweis.hu\/tuzoltoklinika\/betegellatas\/ambulanciak-es-fekvobeteg-osztalyaink\/haematologia\/\">Haematol\u00f3gia<\/a><\/li>\n<li><a href=\"https:\/\/semmelweis.hu\/tuzoltoklinika\/betegellatas\/ambulanciak-es-fekvobeteg-osztalyaink\/haematologiai-ambulancia\/\">Haematol\u00f3giai ambulancia<\/a><\/li>\n<li><a href=\"https:\/\/semmelweis.hu\/tuzoltoklinika\/betegellatas\/ambulanciak-es-fekvobeteg-osztalyaink\/intenziv-osztaly\/\">Intenz\u00edv Oszt\u00e1ly<\/a><\/li>\n<li><a href=\"https:\/\/semmelweis.hu\/tuzoltoklinika\/betegellatas\/ambulanciak-es-fekvobeteg-osztalyaink\/nappali-osztaly\/\">Nappali Oszt\u00e1ly<\/a><\/li>\n<li><a href=\"https:\/\/semmelweis.hu\/tuzoltoklinika\/betegellatas\/ambulanciak-es-fekvobeteg-osztalyaink\/neuro-onkologia\/\">Neuro-Onkol\u00f3gia<\/a><\/li>\n<li><a href=\"https:\/\/semmelweis.hu\/tuzoltoklinika\/betegellatas\/ambulanciak-es-fekvobeteg-osztalyaink\/neurologia\/\">Neurol\u00f3gia<\/a><\/li>\n<li><a href=\"https:\/\/semmelweis.hu\/tuzoltoklinika\/betegellatas\/ambulanciak-es-fekvobeteg-osztalyaink\/1-b-onkologia\/\">Onkol\u00f3gia<\/a><\/li>\n<li><a href=\"https:\/\/semmelweis.hu\/tuzoltoklinika\/betegellatas\/ambulanciak-es-fekvobeteg-osztalyaink\/post-covid-ambulancia\/\" target=\"_blank\" rel=\"noopener\">POST-COVID Ambulancia<\/a><\/li>\n<li><a href=\"https:\/\/semmelweis.hu\/tuzoltoklinika\/betegellatas\/ambulanciak-es-fekvobeteg-osztalyaink\/pulmonologia\/\">Pulmonol\u00f3gia<\/a><\/li>\n<li><a href=\"https:\/\/semmelweis.hu\/tuzoltoklinika\/betegellatas\/ambulanciak-es-fekvobeteg-osztalyaink\/reumatologia-immunologia\/\">Reumatol\u00f3gia<\/a><\/li>\n<li><a href=\"https:\/\/semmelweis.hu\/tuzoltoklinika\/betegellatas\/ambulanciak-es-fekvobeteg-osztalyaink\/sebeszet\/\">Seb\u00e9szet<\/a><\/li>\n<\/ul>\n<\/li>\n<\/ul>\n<\/div>\n<p>&nbsp;<\/p>\n<h4>V\u00e1rjuk elhivatott, az eg\u00e9szs\u00e9g\u00fcgy ir\u00e1nt \u00e9rdekl\u0151d\u0151k jelentkez\u00e9s\u00e9t<\/h4>\n<p><img loading=\"lazy\" decoding=\"async\" class=\"size-medium wp-image-8262 alignright\" style=\"text-align: justify\" src=\"https:\/\/semmelweis.hu\/tuzoltoklinika\/files\/2022\/08\/Segedapolok-2-400x261.jpg\" alt=\"\" width=\"400\" height=\"261\" srcset=\"https:\/\/semmelweis.hu\/tuzoltoklinika\/files\/2022\/08\/Segedapolok-2-400x261.jpg 400w, https:\/\/semmelweis.hu\/tuzoltoklinika\/files\/2022\/08\/Segedapolok-2.jpg 522w\" sizes=\"auto, (max-width: 400px) 100vw, 400px\" \/><\/p>\n<p style=\"text-align: justify\">Sajn\u00e1latos m\u00f3don, az elm\u00falt \u00e9vekben lass\u00fa, folyamatos cs\u00f6kken\u00e9st mutatott szakdolgoz\u00f3i \u00e1llom\u00e1nyunk l\u00e9tsz\u00e1ma, \u00edgy komoly kih\u00edv\u00e1st jelent a neh\u00e9z sors\u00fa beteg gyermekek folyamatos ell\u00e1t\u00e1s\u00e1nak biztos\u00edt\u00e1sa. Int\u00e9zm\u00e9ny\u00fcnkben kezel\u00fcnk sok s\u00falyos betegcsoportba tartoz\u00f3 (leuk\u00e9mia, daganatos megbeteged\u00e9sek, \u00edz\u00fcleti b\u00e1ntalmak, s\u00falyos ideggy\u00f3gy\u00e1szati k\u00f3rk\u00e9pek) gyermeket, akiknek gy\u00f3gy\u00edt\u00e1s\u00e1ban most \u00d6n\u00f6k is r\u00e9szt v\u00e1llalhatnak.<\/p>\n<p style=\"text-align: justify\">A\u00a0<a href=\"https:\/\/semmelweis.hu\/telefonkonyv\/?inst_id=39\" target=\"_blank\" rel=\"noopener\">Semmelweis Egyetem Gyermekgy\u00f3gy\u00e1szati Klinika T\u0171zolt\u00f3 utcai r\u00e9szlege<\/a> (kor\u00e1bbi II. sz. Gyermekgy\u00f3gy\u00e1szati Klinika)\u00a0v\u00e1rja elhivatott, az eg\u00e9szs\u00e9g\u00fcgy ir\u00e1nt \u00e9rdekl\u0151d\u0151k jelentkez\u00e9s\u00e9t, akik seg\u00e9d\u00e1pol\u00f3k\u00e9nt seg\u00edten\u00e9k munk\u00e1nkat. K\u00fcl\u00f6n\u00f6sen \u00f6r\u00fcln\u00e9nk, ha orvostanhallgat\u00f3kat k\u00f6sz\u00f6nthetn\u00e9nk koll\u00e9g\u00e1ink k\u00f6z\u00f6tt, akiknek ez nagyszer\u0171 gyakorl\u00e1si, tanul\u00e1si lehet\u0151s\u00e9g. De term\u00e9szetesen minden jelentkez\u0151t \u00f6r\u00f6mmel fogadunk, fontos seg\u00edts\u00e9g\u00fckre nagy sz\u00fcks\u00e9g\u00fcnk van!<\/p>\n<p style=\"text-align: center\">V\u00e1rjuk jelentkez\u00e9seiket az al\u00e1bbi el\u00e9rhet\u0151s\u00e9gen:<br \/>\nStaub Edina M\u00e1ria, r\u00e9szlegvezet\u0151 f\u0151n\u0151v\u00e9r<br \/>\n<a href=\"mailto:staub.edina.maria@semmelweis.hu\">staub.edina.maria@semmelweis.hu<\/a><\/p>\n<p style=\"text-align: justify\">\u00a0<\/p>\n","protected":false},"excerpt":{"rendered":"<p>Amint elkezdesz megv\u00e1ltoztatni n\u00e9h\u00e1ny dolgot, hely\u00e9re ker\u00fcl a t\u00f6bbi is. (Veronica Henry) &nbsp; <a href=\"https:\/\/semmelweis.hu\/tuzoltoklinika\/betegellatas\/rendelesi-beosztas-2\/\" target=\"_blank\" rel=\"noopener\">RENDEL\u00c9SEINK<\/a> &nbsp; A Semmelweis Egyetem Gyermekgy\u00f3gy\u00e1szati Klinika T\u0171zolt\u00f3 utcai r\u00e9szleg\u00e9n (kor\u00e1bbi II. sz. Gyermekgy\u00f3gy\u00e1szati Klinika) kiemelten fontos feladatnak tartjuk a betegek \u00e9s hozz\u00e1tartoz\u00f3ik t\u00e1j\u00e9koztat\u00e1shoz f\u0171z\u0151d\u0151 jog\u00e1nak teljes k\u00f6r\u0171 gyakorl\u00e1s\u00e1t, az orvos-beteg kapcsolatban az eredm\u00e9nyes betegell\u00e1t\u00e1shoz sz\u00fcks\u00e9ges inform\u00e1ci\u00f3 \u00e1raml\u00e1s\u00e1nak biztos\u00edt\u00e1s\u00e1t. C\u00e9lunk, hogy hasznos inform\u00e1ci\u00f3kkal &hellip;<\/p>\n","protected":false},"author":12,"featured_media":0,"parent":0,"menu_order":2,"comment_status":"closed","ping_status":"closed","template":"","meta":{"_acf_changed":false,"footnotes":""},"categories":[],"tags":[],"class_list":["post-3972","page","type-page","status-publish","hentry"],"acf":[],"_links":{"self":[{"href":"https:\/\/semmelweis.hu\/tuzoltoklinika\/wp-json\/wp\/v2\/pages\/3972","targetHints":{"allow":["GET"]}}],"collection":[{"href":"https:\/\/semmelweis.hu\/tuzoltoklinika\/wp-json\/wp\/v2\/pages"}],"about":[{"href":"https:\/\/semmelweis.hu\/tuzoltoklinika\/wp-json\/wp\/v2\/types\/page"}],"author":[{"embeddable":true,"href":"https:\/\/semmelweis.hu\/tuzoltoklinika\/wp-json\/wp\/v2\/users\/12"}],"replies":[{"embeddable":true,"href":"https:\/\/semmelweis.hu\/tuzoltoklinika\/wp-json\/wp\/v2\/comments?post=3972"}],"version-history":[{"count":11,"href":"https:\/\/semmelweis.hu\/tuzoltoklinika\/wp-json\/wp\/v2\/pages\/3972\/revisions"}],"predecessor-version":[{"id":11203,"href":"https:\/\/semmelweis.hu\/tuzoltoklinika\/wp-json\/wp\/v2\/pages\/3972\/revisions\/11203"}],"wp:attachment":[{"href":"https:\/\/semmelweis.hu\/tuzoltoklinika\/wp-json\/wp\/v2\/media?parent=3972"}],"wp:term":[{"taxonomy":"category","embeddable":true,"href":"https:\/\/semmelweis.hu\/tuzoltoklinika\/wp-json\/wp\/v2\/categories?post=3972"},{"taxonomy":"post_tag","embeddable":true,"href":"https:\/\/semmelweis.hu\/tuzoltoklinika\/wp-json\/wp\/v2\/tags?post=3972"}],"curies":[{"name":"wp","href":"https:\/\/api.w.org\/{rel}","templated":true}]}}