{"id":3953,"date":"2013-12-13T09:19:07","date_gmt":"2013-12-13T08:19:07","guid":{"rendered":"http:\/\/semmelweis.hu\/gyermekklinika2\/?page_id=3953"},"modified":"2025-02-03T12:57:53","modified_gmt":"2025-02-03T11:57:53","slug":"pancaresurfup","status":"publish","type":"page","link":"https:\/\/semmelweis.hu\/tuzoltoklinika\/bemutatkozas\/elnyert-palyazataink\/pancaresurfup\/","title":{"rendered":"PanCareSurFup"},"content":{"rendered":"<p style=\"text-align: center\">R\u00f6vid\u00edt\u00e9s: <strong>PanCareSurFup<\/strong><\/p>\n<p style=\"text-align: center\">Teljes c\u00edm: <em>PanCare daganatos betegs\u00e9gb\u0151l gy\u00f3gyult gyermek \u00e9s kamasz t\u00fal\u00e9l\u0151k k\u00f6vet\u00e9ses vizsg\u00e1lata<\/em><\/p>\n<p style=\"text-align: center\">Project sz\u00e1ma 257505<\/p>\n<p style=\"text-align: justify\">A PanCareSurFup egy Eur\u00f3pai Uni\u00f3 \u00e1ltal t\u00e1mogatott kutat\u00e1si projekt az al\u00e1bbi c\u00e9lkit\u0171z\u00e9sekkel:<\/p>\n<ul>\n<li style=\"text-align: justify\">meghat\u00e1rozni\n<ul>\n<li>a sz\u00edvbetegs\u00e9g kock\u00e1zat\u00e1t<\/li>\n<li>a k\u00e9s\u0151bbi daganatos betegs\u00e9g kock\u00e1zat\u00e1t<\/li>\n<li>a k\u00e9s\u0151i hal\u00e1loz\u00e1s okait gyermek- \u00e9s serd\u00fcl\u0151kori daganatos betegs\u00e9gb\u0151l gy\u00f3gyult tart\u00f3s t\u00fal\u00e9l\u0151k k\u00f6z\u00f6tt (\u00a0<a href=\"http:\/\/www.pancaresurfup.eu\/\">http:\/\/www.pancaresurfup.eu\/)<\/a><\/li>\n<\/ul>\n<\/li>\n<li>sor ker\u00fcl\n<ul>\n<li style=\"text-align: justify\">az eredm\u00e9nyek seg\u00edts\u00e9g\u00e9vel a bizony\u00edt\u00e9kokon alapul\u00f3 ir\u00e1nymutat\u00e1sok kidolgoz\u00e1s\u00e1ra, f\u0151 c\u00e9l a betegek hossz\u00fat\u00e1v\u00fa nyomon k\u00f6vet\u00e9se, gondoz\u00e1s c\u00e9lj\u00e1b\u00f3l<\/li>\n<li style=\"text-align: justify\">az eredm\u00e9nyek publik\u00e1l\u00e1sa<\/li>\n<\/ul>\n<\/li>\n<\/ul>\n<p style=\"text-align: justify\">Az elm\u00falt 40 \u00e9vben a gyermekkori daganatok progn\u00f3zisa dr\u00e1maian javult. A gyermekek visszaes\u00e9smentes, 5 \u00e9ves t\u00fal\u00e9l\u00e9se megk\u00f6zel\u00edti a 80 %-ot a fejlett orsz\u00e1gokban. A gy\u00f3gyultak prevalenci\u00e1ja 1:750. A daganatbetegs\u00e9gb\u0151l gy\u00f3gyult tart\u00f3s t\u00fal\u00e9l\u0151k epidemiol\u00f3giai adatai hi\u00e1nyosak Eur\u00f3p\u00e1ban, de sz\u00e1mukat 300.000-500.000 k\u00f6z\u00f6ttinek becs\u00fclik. Val\u00f3j\u00e1ban szignifik\u00e1ns k\u00fcl\u00f6nbs\u00e9g van mind a t\u00fal\u00e9l\u00e9sben, mind a gondoz\u00e1sban a k\u00fcl\u00f6nb\u00f6z\u0151 eur\u00f3pai orsz\u00e1gokban. A jelenleg foly\u00f3 \u00e9szak-amerikai kutat\u00e1sok azt igazolt\u00e1k, hogy a k\u00e9s\u0151i komplik\u00e1ci\u00f3k gyakoris\u00e1ga n\u0151 a k\u00f6vet\u00e9si id\u0151 el\u0151re haladt\u00e1val \u00e9s nincs bizony\u00edt\u00e9k arra, hogy el\u00e9ri a cs\u00facs\u00e1t. N\u00e9h\u00e1ny k\u00e9s\u0151i komplik\u00e1ci\u00f3ja a kezel\u00e9snek kr\u00f3nikus betegs\u00e9ghez vagy rokkants\u00e1ghoz vezet \u00e9s ez\u00e9rt jelent\u0151s teher mind az egy\u00e9nnek, mind a csal\u00e1dnak, mind az eg\u00e9szs\u00e9g\u00fcgyi rendszernek, mind a t\u00e1rsadalomnak. A mell\u00e9khat\u00e1sok korai felismer\u00e9se \u00e9s kezel\u00e9se lehet\u0151s\u00e9get teremt arra, hogy a t\u00fal\u00e9l\u0151k \u00e9letmin\u0151s\u00e9g\u00e9t jav\u00edtsuk, \u00e9s hogy maxim\u00e1lisan kihaszn\u00e1lhassuk az eg\u00e9szs\u00e9g\u00fcgyi szolg\u00e1latban rejl\u0151 lehet\u0151s\u00e9geket. A PanCareSurPup egy olyan egys\u00e9ges csoportja kutat\u00e1si \u00e9s gondoz\u00e1si projekteknek, amik megfelelnek fenti krit\u00e9riumoknak.<\/p>\n<p style=\"text-align: justify\">A PanCareSurFup, a m\u00e1r l\u00e9tez\u0151 regiszterek \u00e9s adatb\u00e1zisok egy\u00fcttm\u0171k\u00f6d\u00e9s\u00e9n kereszt\u00fcl, a daganatkezel\u00e9s mell\u00e9khat\u00e1sainak rizik\u00f3t\u00e9nyez\u0151ir\u0151l szeretne adatot gy\u0171jteni \u00e9s ez\u00e1ltal egy retrospekt\u00edv eur\u00f3pai kohortot l\u00e9trehozni. Ezt a Mainzi sz\u00e9khely\u0171\u00a0 adatb\u00e1zist kutat\u00e1si c\u00e9lokra szeretn\u00e9nk haszn\u00e1lni, mint a sug\u00e1rk\u00e1rosod\u00e1s okozta mell\u00e9khat\u00e1sok felm\u00e9r\u00e9se, kardiotoxicit\u00e1s, m\u00e1sodik malignit\u00e1s\u00a0 k\u00e9s\u0151i mortalit\u00e1s, a k\u00f6vet\u00e9ssel, optim\u00e1lis gondoz\u00e1ssal kapcsolatos aj\u00e1nl\u00e1sok kidolgoz\u00e1sa. Az aj\u00e1nl\u00e1sok orsz\u00e1gokra val\u00f3 adapt\u00e1l\u00e1sa \u00e9s az oktat\u00e1s is fontos szerephez jut.<\/p>\n<p style=\"text-align: justify\">A v\u00e1rhat\u00f3 haszon, hogy minden eur\u00f3pai daganatbetegs\u00e9gb\u0151l gy\u00f3gyult t\u00fal\u00e9l\u0151 egys\u00e9ges \u00e9s jobb gondoz\u00e1sban r\u00e9szes\u00fclhessen. Magyarorsz\u00e1g ehhez az adatb\u00e1zis l\u00e9trehoz\u00e1s\u00e1hoz szolg\u00e1ltat adatokat \u00e9s az aj\u00e1nl\u00e1sok kidolgoz\u00e1s\u00e1ban is r\u00e9szt vesz.<\/p>\n<p style=\"text-align: justify\">Ezen p\u00e1ly\u00e1zat hazai megval\u00f3s\u00edt\u00e1s\u00e1ban vezet\u0151 szerepet j\u00e1tszik a Semmelweis Egyetem Gyermekgy\u00f3gy\u00e1szati Klinik\u00e1j\u00e1nak T\u0171zolt\u00f3 utcai r\u00e9szlege (kor\u00e1bbi: II. sz. Gyermekgy\u00f3gy\u00e1szati Klinika) \u00e9s az <a href=\"https:\/\/www.ogyr.hu\/login\" target=\"_blank\" rel=\"noopener\">Orsz\u00e1gos Gyermektumor Regiszter<\/a>, az orsz\u00e1g valamennyi gyermekonkol\u00f3giai k\u00f6zpontj\u00e1nak k\u00f6zrem\u0171k\u00f6d\u00e9s\u00e9vel.<\/p>\n<p style=\"text-align: justify\"><b>Dr. B\u00e1rdi Edit<\/b><br \/>\nprojektvezet\u0151<\/p>\n<p style=\"text-align: justify\"><b>Dr. Kov\u00e1cs G\u00e1bor<\/b><br \/>\nOrsz\u00e1gos Gyermekonkol\u00f3gai H\u00e1l\u00f3zat titk\u00e1ra<br \/>\nSemmelweis Egyetem k\u00e9pvisel\u0151je<\/p>\n<table style=\"height: 165px;width: 99.6991%\" border=\"0\" width=\"100%\" cellspacing=\"0\" cellpadding=\"0\">\n<tbody>\n<tr style=\"height: 230px\">\n<td style=\"height: 166px\" valign=\"top\" width=\"50%\">\n<p align=\"center\"><b>\u00a0<\/b><\/p>\n<p style=\"text-align: center\" align=\"center\"><b>Dr. Garami Mikl\u00f3s<\/b><br \/>\nOrsz\u00e1gos Gyermekonkol\u00f3giai H\u00e1l\u00f3zat titk\u00e1ra<br \/>\nOrsz\u00e1gos Gyermektumor Regiszter vezet\u0151je<\/p>\n<\/td>\n<td style=\"height: 166px\" valign=\"top\" width=\"50%\">\n<p align=\"center\"><b>\u00a0<\/b><\/p>\n<p style=\"text-align: center\"><b>Dr. Jakab Zsuzsanna<\/b><br \/>\nPanCareSurFup<br \/>\n\u00a0projektvezet\u0151, adatgy\u0171jt\u00e9si koordin\u00e1tor<\/p>\n<\/td>\n<\/tr>\n<\/tbody>\n<\/table>\n<p>&nbsp;<\/p>\n<p>A PanCare a gyermekek \u00e9s a serd\u00fcl\u0151korban daganatbetegs\u00e9g miatt kezelt t\u00fal\u00e9l\u0151k k\u00f6vet\u00e9ses vizsg\u00e1lat\u00e1nak eredm\u00e9nyei:\u00a0 <a href=\"https:\/\/semmelweis.hu\/tuzoltoklinika\/files\/2015\/03\/PCSF-Hungarian-final_1.pdf\">PCSF Hungarian final_1<\/a> (pdf)<\/p>\n","protected":false},"excerpt":{"rendered":"<p>R\u00f6vid\u00edt\u00e9s: PanCareSurFup Teljes c\u00edm: PanCare daganatos betegs\u00e9gb\u0151l gy\u00f3gyult gyermek \u00e9s kamasz t\u00fal\u00e9l\u0151k k\u00f6vet\u00e9ses vizsg\u00e1lata Project sz\u00e1ma 257505 A PanCareSurFup egy Eur\u00f3pai Uni\u00f3 \u00e1ltal t\u00e1mogatott kutat\u00e1si projekt az al\u00e1bbi c\u00e9lkit\u0171z\u00e9sekkel: meghat\u00e1rozni a sz\u00edvbetegs\u00e9g kock\u00e1zat\u00e1t a k\u00e9s\u0151bbi daganatos betegs\u00e9g kock\u00e1zat\u00e1t a k\u00e9s\u0151i hal\u00e1loz\u00e1s okait gyermek- \u00e9s serd\u00fcl\u0151kori daganatos betegs\u00e9gb\u0151l gy\u00f3gyult tart\u00f3s t\u00fal\u00e9l\u0151k k\u00f6z\u00f6tt (\u00a0 <a href=\"http:\/\/www.pancaresurfup.eu\/\">http:\/\/www.pancaresurfup.eu\/)<\/a> sor ker\u00fcl az &hellip;<\/p>\n","protected":false},"author":12,"featured_media":0,"parent":3949,"menu_order":2,"comment_status":"closed","ping_status":"closed","template":"","meta":{"_acf_changed":false,"footnotes":""},"categories":[],"tags":[],"class_list":["post-3953","page","type-page","status-publish","hentry"],"acf":[],"_links":{"self":[{"href":"https:\/\/semmelweis.hu\/tuzoltoklinika\/wp-json\/wp\/v2\/pages\/3953","targetHints":{"allow":["GET"]}}],"collection":[{"href":"https:\/\/semmelweis.hu\/tuzoltoklinika\/wp-json\/wp\/v2\/pages"}],"about":[{"href":"https:\/\/semmelweis.hu\/tuzoltoklinika\/wp-json\/wp\/v2\/types\/page"}],"author":[{"embeddable":true,"href":"https:\/\/semmelweis.hu\/tuzoltoklinika\/wp-json\/wp\/v2\/users\/12"}],"replies":[{"embeddable":true,"href":"https:\/\/semmelweis.hu\/tuzoltoklinika\/wp-json\/wp\/v2\/comments?post=3953"}],"version-history":[{"count":10,"href":"https:\/\/semmelweis.hu\/tuzoltoklinika\/wp-json\/wp\/v2\/pages\/3953\/revisions"}],"predecessor-version":[{"id":6341,"href":"https:\/\/semmelweis.hu\/tuzoltoklinika\/wp-json\/wp\/v2\/pages\/3953\/revisions\/6341"}],"up":[{"embeddable":true,"href":"https:\/\/semmelweis.hu\/tuzoltoklinika\/wp-json\/wp\/v2\/pages\/3949"}],"wp:attachment":[{"href":"https:\/\/semmelweis.hu\/tuzoltoklinika\/wp-json\/wp\/v2\/media?parent=3953"}],"wp:term":[{"taxonomy":"category","embeddable":true,"href":"https:\/\/semmelweis.hu\/tuzoltoklinika\/wp-json\/wp\/v2\/categories?post=3953"},{"taxonomy":"post_tag","embeddable":true,"href":"https:\/\/semmelweis.hu\/tuzoltoklinika\/wp-json\/wp\/v2\/tags?post=3953"}],"curies":[{"name":"wp","href":"https:\/\/api.w.org\/{rel}","templated":true}]}}