{"id":3951,"date":"2019-06-13T09:18:57","date_gmt":"2019-06-13T07:18:57","guid":{"rendered":"http:\/\/semmelweis.hu\/gyermekklinika2\/?page_id=3951"},"modified":"2025-02-03T13:23:46","modified_gmt":"2025-02-03T12:23:46","slug":"tamop","status":"publish","type":"page","link":"https:\/\/semmelweis.hu\/tuzoltoklinika\/bemutatkozas\/elnyert-palyazataink\/tamop\/","title":{"rendered":"T\u00c1MOP"},"content":{"rendered":"<p style=\"text-align: center\">R\u00f6vid n\u00e9v: K\u00e9pz\u00e9si programok az eg\u00e9szs\u00e9g\u00fcgyben (<span style=\"font-size: 12pt\"><b><span style=\"font-family: Arial\">T\u00c1MOP-6.2.2\/A\/KMR\/11\/1)<\/span><\/b><\/span><\/p>\n<p style=\"text-align: center\">Teljes c\u00edm: <strong>K\u00e9pz\u00e9si programok az eg\u00e9szs\u00e9g\u00fcgyi \u00e1gazat szolg\u00e1ltat\u00e1sfejleszt\u00e9se \u00e9rdek\u00e9ben &#8211; K\u00e9pz\u00e9si d\u00edj \u00e9s \u00f6szt\u00f6nd\u00edj t\u00e1mogat\u00e1sa az int\u00e9zm\u00e9nyek sz\u00e1m\u00e1ra a K\u00f6z\u00e9p-magyarorsz\u00e1gi r\u00e9gi\u00f3ban<\/strong><\/p>\n<p style=\"text-align: center\">Project sz\u00e1ma: 142484360<\/p>\n<p style=\"text-align: justify\"><strong>Alapvet\u0151 c\u00e9l:<\/strong> a Hum\u00e1n Er\u0151forr\u00e1s Operat\u00edv Program \u00e9s az \u00daj Sz\u00e9chenyi Terv keret\u00e9ben meghirdetett T\u00c1MOP-alapok az orvosok \u00e9s szak\u00e1pol\u00f3k k\u00e9pz\u00e9si jelleg\u0171 k\u00f6lts\u00e9geihez j\u00e1rulnak hozz\u00e1, a k\u00e9pz\u00e9ssel \u00f6sszef\u00fcgg\u0151 sz\u00e9les sk\u00e1l\u00e1n. A p\u00e1ly\u00e1zati konstrukci\u00f3 az eg\u00e9szs\u00e9g\u00fcgyi \u00e1gazatban fenn\u00e1ll\u00f3 hum\u00e1ner\u0151forr\u00e1s-kr\u00edzishelyzet kezel\u00e9s\u00e9t c\u00e9lozza, \u00f6sszhangban a Semmelweis Tervben meghat\u00e1rozott eg\u00e9szs\u00e9g\u00fcgyi strukt\u00fara \u00e1talak\u00edt\u00e1ssal. Kiemelt c\u00e9lja, hogy az eg\u00e9szs\u00e9g\u00fcgyben biztos\u00edtott megfelel\u0151 mennyis\u00e9g\u0171 \u00e9s min\u0151s\u00e9g\u0171 hum\u00e1ner\u0151forr\u00e1s k\u00f6vetkezt\u00e9ben javuljon az eg\u00e9szs\u00e9g\u00fcgyi ell\u00e1t\u00e1s sz\u00ednvonala, ez\u00e1ltal javuljon az egy\u00e9n eg\u00e9szs\u00e9g\u00fcgyi \u00e1llapota, melynek k\u00f6sz\u00f6nhet\u0151en javulnak az egy\u00e9n foglalkoztat\u00e1si es\u00e9lyei a munkaer\u0151piacon, \u00edgy hozz\u00e1j\u00e1rulva &#8222;a foglalkoztat\u00e1s dinamikus b\u0151v\u00edt\u00e9se&#8221; c\u00e9l megval\u00f3s\u00edt\u00e1s\u00e1hoz.\u00a0<\/p>\n<p style=\"text-align: justify\"><strong>R\u00e9szc\u00e9lok:<\/strong> \u00faj, megfelel\u0151 szakmai kompetenci\u00e1kat biztos\u00edt\u00f3 fels\u0151- \u00e9s k\u00f6z\u00e9pfok\u00fa szakk\u00e9pz\u00e9sek, szakir\u00e1ny\u00fa tov\u00e1bbk\u00e9pz\u00e9sek, eg\u00e9szs\u00e9g\u00fcgyi szakk\u00e9pes\u00edt\u00e9ssel rendelkez\u0151k \u00faj szakk\u00e9pes\u00edt\u00e9s\u00e9nek megszerz\u00e9se, melyek r\u00e9v\u00e9n siker\u00fclhet hozz\u00e1j\u00e1rulni az orvostudom\u00e1ny \u00e9s a technol\u00f3giai k\u00f6rnyezet \u00e1lland\u00f3 fejl\u0151d\u00e9se \u00e1ltal megk\u00f6vetelt szakmai elv\u00e1r\u00e1sokhoz.<\/p>\n<p style=\"text-align: justify\">Rendelkez\u00e9sre \u00e1ll\u00f3 forr\u00e1s: a\u00a0p\u00e1ly\u00e1zat meghirdet\u00e9sekor az elsz\u00e1molhat\u00f3 k\u00f6zkiad\u00e1sokra rendelkez\u00e9sre \u00e1ll\u00f3 keret\u00f6sszeg: 903.104.969 forint.<\/p>\n<p style=\"text-align: justify\">A rendelkez\u00e9sre \u00e1ll\u00f3 keret\u00f6sszeget a T\u00c1MOP 2007-08 \u00e9s 2011-13-as \u00e9vekre sz\u00f3l\u00f3 Akci\u00f3terv biztos\u00edtja.<\/p>\n<p style=\"text-align: justify\">\nA p\u00e1ly\u00e1zat 2 \u00fctemb\u0151l \u00e1ll, az I. \u00fctemre p\u00e1ly\u00e1zat bead\u00e1sa 2012. j\u00fanius 15-t\u0151l 2012. szeptember 30-ig, a II. \u00fctemre p\u00e1ly\u00e1zat bead\u00e1sa 2012. okt\u00f3ber 15-t\u0151l 2012.december 31-ig lehets\u00e9ges.<\/p>\n<p style=\"text-align: justify\">A rendelkez\u00e9sre \u00e1ll\u00f3 keret\u00f6sszeg: <strong>903.104.969 Ft <\/strong><\/p>\n<p style=\"text-align: justify\">A 2 \u00fctem keret\u00e9ben a forr\u00e1sfelhaszn\u00e1l\u00e1s az al\u00e1bbiak szerint t\u00f6rt\u00e9nik:<br \/>\nI. \u00fctem: 700.000.000 Ft<br \/>\nII. \u00fctem: 203.104.969 Ft<\/p>\n<p>T\u00e1mogat\u00e1s form\u00e1ja: vissza nem t\u00e9r\u00edtend\u0151 t\u00e1mogat\u00e1s<\/p>\n<p>T\u00e1mogat\u00e1s m\u00e9rt\u00e9ke: a projekt elsz\u00e1molhat\u00f3 \u00f6sszes k\u00f6lts\u00e9g\u00e9nek legfeljebb 100 %-a<\/p>\n<p style=\"text-align: justify\">A program &#8211; orvosai \u00e9s szak\u00e1pol\u00f3i felk\u00e9sz\u00fclts\u00e9g\u00e9n kereszt\u00fcl &#8211;\u00a0 jelent\u0151s hozz\u00e1j\u00e1rul\u00e1st biztos\u00edtott a Semmelweis Egyetem Gyermekgy\u00f3gy\u00e1szati Klinika T\u0171zolt\u00f3 utcai r\u00e9szleg\u00e9n foly\u00f3 szakmai munka sz\u00ednvonal\u00e1nak tov\u00e1bbi emel\u00e9s\u00e9hez. A p\u00e1ly\u00e1zat seg\u00edts\u00e9g\u00e9vel\u00a0 30 szak\u00e1pol\u00f3 \u00e9s 10 orvos szakmai tov\u00e1bbfejl\u0151d\u00e9s\u00e9t siker\u00fclt t\u00e1mogatni \u00f6szt\u00f6nd\u00edj- \u00e9s k\u00e9pz\u00e9si k\u00f6lts\u00e9g keret\u00e9ben. A szak\u00e1pol\u00f3k feln\u0151tt aneszteziol\u00f3giai \u00e9s intenz\u00edv szak\u00e1pol\u00f3i, illetve gyermek aneszteziol\u00f3giai \u00e9s intenz\u00edv szak\u00e1pol\u00f3i k\u00e9pes\u00edt\u00e9st szereztek, m\u00edg 9 orvos sz\u00e1m\u00e1ra az els\u0151 szakvizsga megszerz\u00e9s\u00e9t t\u00e1mogatta, m\u00edg 1 orvos sz\u00e1m\u00e1ra a m\u00e1sodik szakvizsga megszerz\u00e9s\u00e9t seg\u00edtette a p\u00e1ly\u00e1zat.<\/p>\n<p>&nbsp;<\/p>\n<p>&nbsp;<\/p>\n<p>&nbsp;<\/p>\n<p>&nbsp;<\/p>\n","protected":false},"excerpt":{"rendered":"<p>R\u00f6vid n\u00e9v: K\u00e9pz\u00e9si programok az eg\u00e9szs\u00e9g\u00fcgyben (T\u00c1MOP-6.2.2\/A\/KMR\/11\/1) Teljes c\u00edm: K\u00e9pz\u00e9si programok az eg\u00e9szs\u00e9g\u00fcgyi \u00e1gazat szolg\u00e1ltat\u00e1sfejleszt\u00e9se \u00e9rdek\u00e9ben &#8211; K\u00e9pz\u00e9si d\u00edj \u00e9s \u00f6szt\u00f6nd\u00edj t\u00e1mogat\u00e1sa az int\u00e9zm\u00e9nyek sz\u00e1m\u00e1ra a K\u00f6z\u00e9p-magyarorsz\u00e1gi r\u00e9gi\u00f3ban Project sz\u00e1ma: 142484360 Alapvet\u0151 c\u00e9l: a Hum\u00e1n Er\u0151forr\u00e1s Operat\u00edv Program \u00e9s az \u00daj Sz\u00e9chenyi Terv keret\u00e9ben meghirdetett T\u00c1MOP-alapok az orvosok \u00e9s szak\u00e1pol\u00f3k k\u00e9pz\u00e9si jelleg\u0171 k\u00f6lts\u00e9geihez j\u00e1rulnak hozz\u00e1, &hellip;<\/p>\n","protected":false},"author":12,"featured_media":0,"parent":3949,"menu_order":1,"comment_status":"closed","ping_status":"closed","template":"","meta":{"_acf_changed":false,"footnotes":""},"categories":[],"tags":[],"class_list":["post-3951","page","type-page","status-publish","hentry"],"acf":[],"_links":{"self":[{"href":"https:\/\/semmelweis.hu\/tuzoltoklinika\/wp-json\/wp\/v2\/pages\/3951","targetHints":{"allow":["GET"]}}],"collection":[{"href":"https:\/\/semmelweis.hu\/tuzoltoklinika\/wp-json\/wp\/v2\/pages"}],"about":[{"href":"https:\/\/semmelweis.hu\/tuzoltoklinika\/wp-json\/wp\/v2\/types\/page"}],"author":[{"embeddable":true,"href":"https:\/\/semmelweis.hu\/tuzoltoklinika\/wp-json\/wp\/v2\/users\/12"}],"replies":[{"embeddable":true,"href":"https:\/\/semmelweis.hu\/tuzoltoklinika\/wp-json\/wp\/v2\/comments?post=3951"}],"version-history":[{"count":10,"href":"https:\/\/semmelweis.hu\/tuzoltoklinika\/wp-json\/wp\/v2\/pages\/3951\/revisions"}],"predecessor-version":[{"id":10907,"href":"https:\/\/semmelweis.hu\/tuzoltoklinika\/wp-json\/wp\/v2\/pages\/3951\/revisions\/10907"}],"up":[{"embeddable":true,"href":"https:\/\/semmelweis.hu\/tuzoltoklinika\/wp-json\/wp\/v2\/pages\/3949"}],"wp:attachment":[{"href":"https:\/\/semmelweis.hu\/tuzoltoklinika\/wp-json\/wp\/v2\/media?parent=3951"}],"wp:term":[{"taxonomy":"category","embeddable":true,"href":"https:\/\/semmelweis.hu\/tuzoltoklinika\/wp-json\/wp\/v2\/categories?post=3951"},{"taxonomy":"post_tag","embeddable":true,"href":"https:\/\/semmelweis.hu\/tuzoltoklinika\/wp-json\/wp\/v2\/tags?post=3951"}],"curies":[{"name":"wp","href":"https:\/\/api.w.org\/{rel}","templated":true}]}}