{"id":3863,"date":"2019-05-23T15:00:35","date_gmt":"2019-05-23T13:00:35","guid":{"rendered":"http:\/\/semmelweis.hu\/gyermekklinika2\/?page_id=3863"},"modified":"2026-01-12T10:52:53","modified_gmt":"2026-01-12T09:52:53","slug":"konyvtar","status":"publish","type":"page","link":"https:\/\/semmelweis.hu\/tuzoltoklinika\/oktatas\/konyvtar\/","title":{"rendered":"K\u00f6nyvt\u00e1r"},"content":{"rendered":"<p style=\"text-align: justify\">Az orvosi irodalom elektronikus \u00faton val\u00f3 el\u00e9rhet\u0151s\u00e9ge alapvet\u0151en megv\u00e1ltoztatta a feladatokat. A pap\u00edrra nyomtatott, bek\u00f6t\u00f6tt foly\u00f3iratok \u00e9s k\u00f6nyvek forgat\u00e1sa kieg\u00e9sz\u00fclt a sz\u00e1m\u00edt\u00f3g\u00e9pes rendszer \u00e1ltal k\u00f6zvet\u00edtett, monitoron is megjelen\u0151 inform\u00e1ci\u00f3val. A klasszikus klinikai k\u00f6nyvt\u00e1r a gy\u0171jt\u0151k\u00f6r\u00f6n bel\u00fcli, alapvet\u0151en gyermekgy\u00f3gy\u00e1szati foly\u00f3iratokkal, fontosabb szakk\u00f6nyvekkel \u00e9s a technikai lehet\u0151s\u00e9gekkel \u00e9lve seg\u00edti a Klinika munk\u00e1j\u00e1t. A leg\u00fajabb tank\u00f6nyvek, k\u00e9zik\u00f6nyvek az orvosi szob\u00e1k polcain is ott sorakoznak, \u00edgy folyamatos el\u00e9rhet\u0151s\u00e9g\u00fck biztos\u00edtott.<\/p>\n<p style=\"text-align: justify\">A klinika K\u00f6nyvt\u00e1ra 2006-ban teljes m\u0171szaki \u00e9s \u00e9p\u00edt\u00e9szeti fel\u00faj\u00edt\u00e1son ment kereszt\u00fcl. Alapter\u00fclete b\u0151v\u00fclt, a szakorvosi irodalmat tartalmaz\u00f3 r\u00e9gi k\u00f6nyvt\u00e1rol\u00f3 szekr\u00e9nyek fel\u00faj\u00edt\u00e1s\u00e1val, \u00e9s hangulat\u00e1ban hozz\u00e1ill\u0151 kieg\u00e9sz\u00edt\u0151 berendez\u00e9si t\u00e1rgyakkal, alkalmas lett a szakirodalom k\u00f6vet\u00e9s\u00e9n t\u00fal felk\u00e9sz\u00fcl\u00e9sre, tanul\u00e1sra, megbesz\u00e9l\u00e9sek, tan\u00e1cskoz\u00e1sok, el\u0151ad\u00e1sok, tov\u00e1bbk\u00e9pz\u00e9sek megtart\u00e1s\u00e1ra. A h\u00e9tk\u00f6znap reggeli orvos-szakmai megbesz\u00e9l\u00e9seken, orvosi refer\u00e1l\u00f3kon illetve a k\u00e9thetente, h\u00e9tf\u0151 d\u00e9lut\u00e1nonk\u00e9nt ism\u00e9tl\u0151d\u0151 Tumor Board \u00fcl\u00e9sein kiemelked\u0151 seg\u00edts\u00e9get jelent a szakmai anyagok, r\u00f6ntgen, CT, illetve MRI felv\u00e9telek bemutat\u00e1s\u00e1ban a korszer\u0171, nagyk\u00e9perny\u0151s plazma k\u00e9perny\u0151, \u00e9s a digit\u00e1lis r\u00f6ntgen-\u00e1llom\u00e1s ki\u00e9p\u00edt\u00e9se.<\/p>\n<p style=\"text-align: justify\">A K\u00f6nyvt\u00e1r fontos szerepet kapott az egyetemi oktat\u00e1sban is, \u00a0megkapta a legkorszer\u0171bb internet-alap\u00fa audiovizu\u00e1lis technikai felszerel\u00e9st. A nyugodt \u00e9s k\u00e9nyelmes munkav\u00e9gz\u00e9st \u00e9s tanul\u00e1st seg\u00edti a kl\u00edmatechnika bevezet\u00e9se.<\/p>\n<p>Nyitva tart\u00e1s: 08:00 &#8211; 16:00 \u00f3ra k\u00f6z\u00f6tt (ny\u00e1ri id\u0151szakban: 08:00 &#8211; 15:00)<\/p>\n\r\n        [slb_exclude]\r\n        <div class=\"row galeria-wrapper mx-0 h-auto\">\r\n            <div class=\"col-9 pl-0 pr-2\">\r\n            <span class=\"gallery-item frame\">\r\n\t\t\t\t<div class=\"galeria-left-img\"><a href=\"https:\/\/semmelweis.hu\/tuzoltoklinika\/files\/2020\/09\/konyvtar-4.jpg\"><img src=https:\/\/semmelweis.hu\/tuzoltoklinika\/files\/2020\/09\/konyvtar-4.jpg  \r\n                            alt=\"\" \r\n                            class=\"attachment-sote-gallery-big size-sote-gallery-big\" \r\n                            srcset=\"https:\/\/semmelweis.hu\/tuzoltoklinika\/files\/2020\/09\/konyvtar-4-400x267.jpg 400w, https:\/\/semmelweis.hu\/tuzoltoklinika\/files\/2020\/09\/konyvtar-4-1024x682.jpg 1024w, https:\/\/semmelweis.hu\/tuzoltoklinika\/files\/2020\/09\/konyvtar-4-768x512.jpg 768w, https:\/\/semmelweis.hu\/tuzoltoklinika\/files\/2020\/09\/konyvtar-4-753x502.jpg 753w, https:\/\/semmelweis.hu\/tuzoltoklinika\/files\/2020\/09\/konyvtar-4-203x135.jpg 203w, https:\/\/semmelweis.hu\/tuzoltoklinika\/files\/2020\/09\/konyvtar-4.jpg 1280w\" ><\/a><\/div>\r\n            <\/span>\r\n\r\n            <\/div>\r\n\r\n\t\t\t<div class=\"col-3 pl-0 pr-0\">\r\n\t\t\t\t<div class=\"galeria-right-img d-flex justify-content-between flex-column h-100 w-100 px-0 mx-0 \">\r\n                <div class=\"galeria-box\">\r\n\t\t\t\t\t<h3 class=\"galeria-title\">Gal\u00e9ria<\/h3>\r\n\t\t\t\t\t<div class=\"galeria-subtitle\">\r\n\r\n\t\t\t\t\t\t<div class=\"galeria-page-counter\"><span>5<\/span>k\u00e9p<\/div>\r\n                    <\/div> <\/div>\r\n                    <span class=\"gallery-item frame d-none d-md-flex\">\r\n\t\t\t\t\t<div class=\"galeria-small-img mt-0\"><a href=\"https:\/\/semmelweis.hu\/tuzoltoklinika\/files\/2020\/10\/20201013_105013.jpg\"><img src=https:\/\/semmelweis.hu\/tuzoltoklinika\/files\/2020\/10\/20201013_105013.jpg \r\n                                alt=\"\"  \r\n                                class=\"attachment-sote-gallery-small size-sote-gallery-small\" \r\n                                srcset=\"https:\/\/semmelweis.hu\/tuzoltoklinika\/files\/2020\/10\/20201013_105013-199x400.jpg 199w, https:\/\/semmelweis.hu\/tuzoltoklinika\/files\/2020\/10\/20201013_105013-510x1024.jpg 510w, https:\/\/semmelweis.hu\/tuzoltoklinika\/files\/2020\/10\/20201013_105013.jpg 638w\" ><\/a><\/div>\r\n                    <\/span>\r\n                    <span class=\"gallery-item frame d-none d-md-flex\">\r\n\t\t\t\t\t<div class=\"galeria-small-img mt-0\"><a href=\"https:\/\/semmelweis.hu\/tuzoltoklinika\/files\/2020\/09\/konyvtar-2.jpg\"><img src=https:\/\/semmelweis.hu\/tuzoltoklinika\/files\/2020\/09\/konyvtar-2.jpg \r\n                                alt=\"\" \r\n                                class=\"attachment-sote-gallery-small size-sote-gallery-small\" \r\n                                srcset=\"https:\/\/semmelweis.hu\/tuzoltoklinika\/files\/2020\/09\/konyvtar-2-400x267.jpg 400w, https:\/\/semmelweis.hu\/tuzoltoklinika\/files\/2020\/09\/konyvtar-2-1024x682.jpg 1024w, https:\/\/semmelweis.hu\/tuzoltoklinika\/files\/2020\/09\/konyvtar-2-768x512.jpg 768w, https:\/\/semmelweis.hu\/tuzoltoklinika\/files\/2020\/09\/konyvtar-2-753x502.jpg 753w, https:\/\/semmelweis.hu\/tuzoltoklinika\/files\/2020\/09\/konyvtar-2-203x135.jpg 203w, https:\/\/semmelweis.hu\/tuzoltoklinika\/files\/2020\/09\/konyvtar-2.jpg 1280w\" ><\/a><\/div>\r\n                    <\/span>\r\n\r\n                <\/div>\r\n\r\n            <\/div>\r\n\r\n            <span class=\"gallery-item\"><div class=\"hidden\"><a href=\"https:\/\/semmelweis.hu\/tuzoltoklinika\/files\/2020\/09\/konyvtar-3.jpg\">\r\n        <img src=https:\/\/semmelweis.hu\/tuzoltoklinika\/files\/2020\/09\/konyvtar-3.jpg alt=\"\" class=\"attachment-sote-gallery-big size-sote-gallery-big\" srcset=\"https:\/\/semmelweis.hu\/tuzoltoklinika\/files\/2020\/09\/konyvtar-3-400x267.jpg 400w, https:\/\/semmelweis.hu\/tuzoltoklinika\/files\/2020\/09\/konyvtar-3-1024x682.jpg 1024w, https:\/\/semmelweis.hu\/tuzoltoklinika\/files\/2020\/09\/konyvtar-3-768x512.jpg 768w, https:\/\/semmelweis.hu\/tuzoltoklinika\/files\/2020\/09\/konyvtar-3-753x502.jpg 753w, https:\/\/semmelweis.hu\/tuzoltoklinika\/files\/2020\/09\/konyvtar-3-203x135.jpg 203w, https:\/\/semmelweis.hu\/tuzoltoklinika\/files\/2020\/09\/konyvtar-3.jpg 1280w\" >\r\n        <\/a><\/div><\/span><span class=\"gallery-item\"><div class=\"hidden\"><a href=\"https:\/\/semmelweis.hu\/tuzoltoklinika\/files\/2020\/09\/konyvtar-1.jpg\">\r\n        <img src=https:\/\/semmelweis.hu\/tuzoltoklinika\/files\/2020\/09\/konyvtar-1.jpg alt=\"\" class=\"attachment-sote-gallery-big size-sote-gallery-big\" srcset=\"https:\/\/semmelweis.hu\/tuzoltoklinika\/files\/2020\/09\/konyvtar-1-400x267.jpg 400w, https:\/\/semmelweis.hu\/tuzoltoklinika\/files\/2020\/09\/konyvtar-1-1024x682.jpg 1024w, https:\/\/semmelweis.hu\/tuzoltoklinika\/files\/2020\/09\/konyvtar-1-768x512.jpg 768w, https:\/\/semmelweis.hu\/tuzoltoklinika\/files\/2020\/09\/konyvtar-1-753x502.jpg 753w, https:\/\/semmelweis.hu\/tuzoltoklinika\/files\/2020\/09\/konyvtar-1-203x135.jpg 203w, https:\/\/semmelweis.hu\/tuzoltoklinika\/files\/2020\/09\/konyvtar-1.jpg 1280w\" >\r\n        <\/a><\/div><\/span>\r\n            <\/div>\r\n\r\n            [\/slb_exclude]\r\n\t\n","protected":false},"excerpt":{"rendered":"<p>Az orvosi irodalom elektronikus \u00faton val\u00f3 el\u00e9rhet\u0151s\u00e9ge alapvet\u0151en megv\u00e1ltoztatta a feladatokat. A pap\u00edrra nyomtatott, bek\u00f6t\u00f6tt foly\u00f3iratok \u00e9s k\u00f6nyvek forgat\u00e1sa kieg\u00e9sz\u00fclt a sz\u00e1m\u00edt\u00f3g\u00e9pes rendszer \u00e1ltal k\u00f6zvet\u00edtett, monitoron is megjelen\u0151 inform\u00e1ci\u00f3val. A klasszikus klinikai k\u00f6nyvt\u00e1r a gy\u0171jt\u0151k\u00f6r\u00f6n bel\u00fcli, alapvet\u0151en gyermekgy\u00f3gy\u00e1szati foly\u00f3iratokkal, fontosabb szakk\u00f6nyvekkel \u00e9s a technikai lehet\u0151s\u00e9gekkel \u00e9lve seg\u00edti a Klinika munk\u00e1j\u00e1t. A leg\u00fajabb tank\u00f6nyvek, k\u00e9zik\u00f6nyvek az &hellip;<\/p>\n","protected":false},"author":101602,"featured_media":0,"parent":2298,"menu_order":11,"comment_status":"closed","ping_status":"closed","template":"","meta":{"_acf_changed":false,"footnotes":""},"categories":[],"tags":[],"class_list":["post-3863","page","type-page","status-publish","hentry"],"acf":[],"_links":{"self":[{"href":"https:\/\/semmelweis.hu\/tuzoltoklinika\/wp-json\/wp\/v2\/pages\/3863","targetHints":{"allow":["GET"]}}],"collection":[{"href":"https:\/\/semmelweis.hu\/tuzoltoklinika\/wp-json\/wp\/v2\/pages"}],"about":[{"href":"https:\/\/semmelweis.hu\/tuzoltoklinika\/wp-json\/wp\/v2\/types\/page"}],"author":[{"embeddable":true,"href":"https:\/\/semmelweis.hu\/tuzoltoklinika\/wp-json\/wp\/v2\/users\/101602"}],"replies":[{"embeddable":true,"href":"https:\/\/semmelweis.hu\/tuzoltoklinika\/wp-json\/wp\/v2\/comments?post=3863"}],"version-history":[{"count":10,"href":"https:\/\/semmelweis.hu\/tuzoltoklinika\/wp-json\/wp\/v2\/pages\/3863\/revisions"}],"predecessor-version":[{"id":10114,"href":"https:\/\/semmelweis.hu\/tuzoltoklinika\/wp-json\/wp\/v2\/pages\/3863\/revisions\/10114"}],"up":[{"embeddable":true,"href":"https:\/\/semmelweis.hu\/tuzoltoklinika\/wp-json\/wp\/v2\/pages\/2298"}],"wp:attachment":[{"href":"https:\/\/semmelweis.hu\/tuzoltoklinika\/wp-json\/wp\/v2\/media?parent=3863"}],"wp:term":[{"taxonomy":"category","embeddable":true,"href":"https:\/\/semmelweis.hu\/tuzoltoklinika\/wp-json\/wp\/v2\/categories?post=3863"},{"taxonomy":"post_tag","embeddable":true,"href":"https:\/\/semmelweis.hu\/tuzoltoklinika\/wp-json\/wp\/v2\/tags?post=3863"}],"curies":[{"name":"wp","href":"https:\/\/api.w.org\/{rel}","templated":true}]}}