{"id":3840,"date":"2019-05-22T13:03:23","date_gmt":"2019-05-22T11:03:23","guid":{"rendered":"http:\/\/semmelweis.hu\/gyermekklinika2\/?page_id=3840"},"modified":"2023-04-20T13:58:24","modified_gmt":"2023-04-20T11:58:24","slug":"igazgatoi-koszonto","status":"publish","type":"page","link":"https:\/\/semmelweis.hu\/tuzoltoklinika\/bemutatkozas\/igazgatoi-koszonto\/","title":{"rendered":"Tansz\u00e9kvezet\u0151i k\u00f6sz\u00f6nt\u0151"},"content":{"rendered":"<blockquote>\n<p>\u00a0 <span style=\"font-size: 16pt\">Mondd el a m\u00faltat, diagnosztiz\u00e1ld a jelent, j\u00f3sold meg a j\u00f6v\u0151t! (Hippokrat\u00e9sz)<\/span><\/p>\n<\/blockquote>\n<p><img loading=\"lazy\" decoding=\"async\" class=\"alignright\" src=\"https:\/\/semmelweis.hu\/tuzoltoklinika\/files\/2018\/12\/igazgatoi4.jpg\" alt=\"\" width=\"200\" height=\"306\" \/><\/p>\n<p>Tisztelt L\u00e1togat\u00f3nk!\u00a0<\/p>\n<p>\u00dcdv\u00f6zl\u00f6m a Semmelweis Egyetem Gyermekgy\u00f3gy\u00e1szati Klinika T\u0171zolt\u00f3 utcai r\u00e9szleg\u00e9nek <em>(a kor\u00e1bbi II. sz\u00e1m\u00fa Gyermekgy\u00f3gy\u00e1szati Klinika)<\/em> honlapj\u00e1n! Engedje meg, hogy egy virtu\u00e1lis s\u00e9t\u00e1ra h\u00edvjam, \u00e9s bemutassam \u00d6nnek r\u00e9szleg\u00fcnket, mely m\u00e1r 138 \u00e9ve v\u00e1rja a gy\u00f3gyulni v\u00e1gy\u00f3 gyermekeket, \u00e9s ahol valamennyi koll\u00e9g\u00e1mmal egy\u00fctt azon dolgozunk, hogy visszaadjuk a hitet a gy\u00f3gyul\u00e1sban.<\/p>\n<p>A mi siker\u00fcnk gyermekeik gy\u00f3gyul\u00e1sa!<\/p>\n<p>K\u00f6sz\u00f6nj\u00fck megtisztel\u0151 bizalmukat!<\/p>\n<p>Dr. Kov\u00e1cs G\u00e1bor <br \/>\ntansz\u00e9kvezet\u0151, egyetemi tan\u00e1r<\/p>\n<p>&nbsp;<\/p>\n<p>&nbsp;<\/p>\n","protected":false},"excerpt":{"rendered":"<p>\u00a0 Mondd el a m\u00faltat, diagnosztiz\u00e1ld a jelent, j\u00f3sold meg a j\u00f6v\u0151t! (Hippokrat\u00e9sz) Tisztelt L\u00e1togat\u00f3nk!\u00a0 \u00dcdv\u00f6zl\u00f6m a Semmelweis Egyetem Gyermekgy\u00f3gy\u00e1szati Klinika T\u0171zolt\u00f3 utcai r\u00e9szleg\u00e9nek (a kor\u00e1bbi II. sz\u00e1m\u00fa Gyermekgy\u00f3gy\u00e1szati Klinika) honlapj\u00e1n! Engedje meg, hogy egy virtu\u00e1lis s\u00e9t\u00e1ra h\u00edvjam, \u00e9s bemutassam \u00d6nnek r\u00e9szleg\u00fcnket, mely m\u00e1r 138 \u00e9ve v\u00e1rja a gy\u00f3gyulni v\u00e1gy\u00f3 gyermekeket, \u00e9s ahol valamennyi koll\u00e9g\u00e1mmal &hellip;<\/p>\n","protected":false},"author":101602,"featured_media":0,"parent":23,"menu_order":1,"comment_status":"closed","ping_status":"closed","template":"","meta":{"_acf_changed":false,"footnotes":""},"categories":[],"tags":[],"class_list":["post-3840","page","type-page","status-publish","hentry"],"acf":[],"_links":{"self":[{"href":"https:\/\/semmelweis.hu\/tuzoltoklinika\/wp-json\/wp\/v2\/pages\/3840","targetHints":{"allow":["GET"]}}],"collection":[{"href":"https:\/\/semmelweis.hu\/tuzoltoklinika\/wp-json\/wp\/v2\/pages"}],"about":[{"href":"https:\/\/semmelweis.hu\/tuzoltoklinika\/wp-json\/wp\/v2\/types\/page"}],"author":[{"embeddable":true,"href":"https:\/\/semmelweis.hu\/tuzoltoklinika\/wp-json\/wp\/v2\/users\/101602"}],"replies":[{"embeddable":true,"href":"https:\/\/semmelweis.hu\/tuzoltoklinika\/wp-json\/wp\/v2\/comments?post=3840"}],"version-history":[{"count":11,"href":"https:\/\/semmelweis.hu\/tuzoltoklinika\/wp-json\/wp\/v2\/pages\/3840\/revisions"}],"predecessor-version":[{"id":8987,"href":"https:\/\/semmelweis.hu\/tuzoltoklinika\/wp-json\/wp\/v2\/pages\/3840\/revisions\/8987"}],"up":[{"embeddable":true,"href":"https:\/\/semmelweis.hu\/tuzoltoklinika\/wp-json\/wp\/v2\/pages\/23"}],"wp:attachment":[{"href":"https:\/\/semmelweis.hu\/tuzoltoklinika\/wp-json\/wp\/v2\/media?parent=3840"}],"wp:term":[{"taxonomy":"category","embeddable":true,"href":"https:\/\/semmelweis.hu\/tuzoltoklinika\/wp-json\/wp\/v2\/categories?post=3840"},{"taxonomy":"post_tag","embeddable":true,"href":"https:\/\/semmelweis.hu\/tuzoltoklinika\/wp-json\/wp\/v2\/tags?post=3840"}],"curies":[{"name":"wp","href":"https:\/\/api.w.org\/{rel}","templated":true}]}}