{"id":3515,"date":"2019-03-08T11:52:45","date_gmt":"2019-03-08T10:52:45","guid":{"rendered":"http:\/\/tuzoltoklinika.semmelweis.hu\/?page_id=3515"},"modified":"2026-01-12T11:54:03","modified_gmt":"2026-01-12T10:54:03","slug":"dentist-lectures","status":"publish","type":"page","link":"https:\/\/semmelweis.hu\/tuzoltoklinika\/en\/education\/dentist-lectures\/","title":{"rendered":"Dentist Students 4th year"},"content":{"rendered":"<div class=\"keretes\">\n<p><strong>Dr. Zs\u00f3fia G\u00e1cs<\/strong>, Head of English-language dentistry training<br \/>\n<strong>Dr. Monika Cs\u00f3ka<\/strong>, Head of German-language dentistry training<\/p>\n<p>All questions and inquiries related to education should be sent by email to <a href=\"mailto:oktatas@gyerekklinika.com\">oktatas@gyerekklinika.com<\/a><\/p>\n<\/div>\n<p>Dear Student,<\/p>\n<p>We look forward to seeing you at the Pediatric Clinic T\u0171zolt\u00f3 Utca Department.<\/p>\n<p>We would like to inform you that <strong>prior to starting your Paediatric practice with the valid stamp for the respective year an occupational healthcare clearance is obligatory<\/strong>.<\/p>\n<p>This should be organised through the University&#8217;s Occupational Healthcare Department.<\/p>\n<p>Occupational Healthcare can assist you with the necessary examinations, but please make sure you book an appointment well-before your practice.<\/p>\n<p><strong>You can find every information on these 2 links:<\/strong><\/p>\n<p><a href=\"https:\/\/semmelweis.hu\/registrar\/information\/aptitude-test\/\" target=\"_blank\" rel=\"noopener\">https:\/\/semmelweis.hu\/registrar\/information\/aptitude-test\/<\/a><\/p>\n<p><a href=\"https:\/\/semmelweis.hu\/registrar\/information\/aptitude-test\/faq\/\" target=\"_blank\" rel=\"noopener\">https:\/\/semmelweis.hu\/registrar\/information\/aptitude-test\/faq\/<\/a><\/p>\n<p>You should bring a lab coat and a (minimum surgery) mask with you for every practices.<\/p>\n<p>Registration for the colloquium exam is done through the Neptun system.<\/p>\n<p>The condition for obtaining a signature in Neptun is 90% attendance at practical classes and seminars.<\/p>\n<div class=\"fontos_div\">\n<p>Information about education and published educational materials can be found on Semmelweis University&#8217;s e-learning system (Moodle): <a href=\"https:\/\/itc.semmelweis.hu\/moodle\/login\/index.php\" target=\"_blank\" rel=\"noopener\">https:\/\/itc.semmelweis.hu\/moodle\/login\/index.php<\/a><\/p>\n<\/div>\n<h5>Course requirements<\/h5>\n<p><a href=\"https:\/\/semmelweis.hu\/tuzoltoklinika\/files\/2026\/01\/FOKVGY2369_1A-Course-Syllabus-2025-26.pdf\" target=\"_blank\" rel=\"noopener\">English<\/a><\/p>\n<p><a href=\"https:\/\/semmelweis.hu\/tuzoltoklinika\/files\/2026\/01\/Studienfachbeschreibung-FOKVGY2369_1N-2025-26.pdf\" target=\"_blank\" rel=\"noopener\">German<\/a><\/p>\n","protected":false},"excerpt":{"rendered":"<p>Dr. Zs\u00f3fia G\u00e1cs, Head of English-language dentistry training Dr. Monika Cs\u00f3ka, Head of German-language dentistry training All questions and inquiries related to education should be sent by email to <a href=\"mailto:oktatas@gyerekklinika.com\">oktatas@gyerekklinika.com<\/a> Dear Student, We look forward to seeing you at the Pediatric Clinic T\u0171zolt\u00f3 Utca Department. We would like to inform you that prior to starting your &hellip;<\/p>\n","protected":false},"author":158,"featured_media":0,"parent":3713,"menu_order":1,"comment_status":"closed","ping_status":"closed","template":"","meta":{"_acf_changed":false,"footnotes":""},"categories":[],"tags":[],"class_list":["post-3515","page","type-page","status-publish","hentry"],"acf":[],"_links":{"self":[{"href":"https:\/\/semmelweis.hu\/tuzoltoklinika\/wp-json\/wp\/v2\/pages\/3515","targetHints":{"allow":["GET"]}}],"collection":[{"href":"https:\/\/semmelweis.hu\/tuzoltoklinika\/wp-json\/wp\/v2\/pages"}],"about":[{"href":"https:\/\/semmelweis.hu\/tuzoltoklinika\/wp-json\/wp\/v2\/types\/page"}],"author":[{"embeddable":true,"href":"https:\/\/semmelweis.hu\/tuzoltoklinika\/wp-json\/wp\/v2\/users\/158"}],"replies":[{"embeddable":true,"href":"https:\/\/semmelweis.hu\/tuzoltoklinika\/wp-json\/wp\/v2\/comments?post=3515"}],"version-history":[{"count":10,"href":"https:\/\/semmelweis.hu\/tuzoltoklinika\/wp-json\/wp\/v2\/pages\/3515\/revisions"}],"predecessor-version":[{"id":11846,"href":"https:\/\/semmelweis.hu\/tuzoltoklinika\/wp-json\/wp\/v2\/pages\/3515\/revisions\/11846"}],"up":[{"embeddable":true,"href":"https:\/\/semmelweis.hu\/tuzoltoklinika\/wp-json\/wp\/v2\/pages\/3713"}],"wp:attachment":[{"href":"https:\/\/semmelweis.hu\/tuzoltoklinika\/wp-json\/wp\/v2\/media?parent=3515"}],"wp:term":[{"taxonomy":"category","embeddable":true,"href":"https:\/\/semmelweis.hu\/tuzoltoklinika\/wp-json\/wp\/v2\/categories?post=3515"},{"taxonomy":"post_tag","embeddable":true,"href":"https:\/\/semmelweis.hu\/tuzoltoklinika\/wp-json\/wp\/v2\/tags?post=3515"}],"curies":[{"name":"wp","href":"https:\/\/api.w.org\/{rel}","templated":true}]}}