{"id":3471,"date":"2019-03-06T13:46:01","date_gmt":"2019-03-06T12:46:01","guid":{"rendered":"http:\/\/tuzoltoklinika.semmelweis.hu\/?page_id=3471"},"modified":"2026-03-23T14:40:16","modified_gmt":"2026-03-23T13:40:16","slug":"fogorvoskepzes","status":"publish","type":"page","link":"https:\/\/semmelweis.hu\/tuzoltoklinika\/oktatas\/fogorvoskepzes\/","title":{"rendered":"Fogorvosk\u00e9pz\u00e9s"},"content":{"rendered":"<div class=\"keretes\">\n<p><strong>FOK magyar tanulm\u00e1nyi felel\u0151se:<\/strong><br \/>\nProf. Dr. Szab\u00f3 Andr\u00e1s<br \/>\nDr. P\u00e1link\u00e1s Annam\u00e1ria<\/p>\n<p>Az oktat\u00e1ssal kapcsolatos minden k\u00e9rd\u00e9st, megkeres\u00e9st e-mailben v\u00e1runk az <a href=\"mailto:oktatas@gyerekklinika.com\">oktatas@gyerekklinika.com<\/a> c\u00edmre.<\/p>\n<\/div>\n<p style=\"text-align: center\">Kedves Hallgat\u00f3k!<\/p>\n<p>A NEPTUN rendszerben t\u00f6rt\u00e9nt jelentkez\u00e9st k\u00f6vet\u0151en az els\u0151 tan\u00edt\u00e1si napon a T\u0171zolt\u00f3 Utcai R\u00e9szleg Tanterm\u00e9be kell \u00e9rkezni (1094 Budapest, T\u0171zolt\u00f3 u. 7-9., 8-as \u00e9p\u00fclet, I. emelet). Ekkor ker\u00fcl ellen\u0151rz\u00e9sre az Eg\u00e9szs\u00e9g\u00fcgyi kisk\u00f6nyv.<\/p>\n<div class=\"fontos_div\">\n<p>A Semmelweis Egyetem Gyermekgy\u00f3gy\u00e1szati Klinik\u00e1j\u00e1n <strong>minden gyakorlati tev\u00e9kenys\u00e9g megkezd\u00e9s\u00e9hez az adott \u00e9vfolyamhoz sz\u00fcks\u00e9ges \u00e9s \u00e9rv\u00e9nyes FE\u00dc pecs\u00e9ttel kell rendelkezni<\/strong>, amely tartalmazza a gyermekgy\u00f3gy\u00e1szathoz sz\u00fcks\u00e9ges vizsg\u00e1latokat is.<\/p>\n<p>A gyermekgy\u00f3gy\u00e1szat blokk megkezd\u00e9s\u00e9hez 1 \u00e9ven bel\u00fcli mRTG \u00e9s nagylabor, 1 h\u00f3napon bel\u00fcli \u00e1ltal\u00e1nos bakteriol\u00f3giai teny\u00e9szt\u00e9s (Salmonella, Shigella, patog\u00e9n E. Coli egy\u00e9b k\u00f3rokoz\u00f3k), illetve 5 \u00e9ven bel\u00fcli HCV vizsg\u00e1lat sz\u00fcks\u00e9ges.<\/p>\n<\/div>\n<p><strong>Az al\u00e1bbi linken megtal\u00e1lnak minden sz\u00fcks\u00e9ges inform\u00e1ci\u00f3t ehhez (a Gyakran ism\u00e9telt k\u00e9rd\u00e9sek pdf-et is olvass\u00e1k el):<\/strong><\/p>\n<p><a href=\"https:\/\/semmelweis.hu\/aok\/oktatas\/egeszsegugyi-alkalmassagi-vizsgalat\/\" target=\"_blank\" rel=\"noopener\">https:\/\/semmelweis.hu\/aok\/oktatas\/egeszsegugyi-alkalmassagi-vizsgalat\/<\/a><\/p>\n<p>A gyakorlatokra minden hallgat\u00f3t\u00f3l elv\u00e1rt a feh\u00e9r k\u00f6peny visel\u00e9se.<\/p>\n<h5>K\u00f6vetelm\u00e9nyek, sz\u00e1monk\u00e9r\u00e9s:<\/h5>\n<ul>\n<li>A kollokvium vizsg\u00e1ra val\u00f3 jelentkez\u00e9s a Neptun rendszeren kereszt\u00fcl t\u00f6rt\u00e9nik.<\/li>\n<li>A Neptunban t\u00f6rt\u00e9n\u0151 al\u00e1\u00edr\u00e1s megszerz\u00e9s\u00e9nek felt\u00e9tele a gyakorlatokon + szemin\u00e1riumokon val\u00f3 90%-os r\u00e9szv\u00e9tel.<\/li>\n<\/ul>\n<div class=\"fontos_div\">\n<p>Az oktat\u00e1sra vonatkoz\u00f3 inform\u00e1ci\u00f3k, a kiadott oktat\u00e1si anyagok a Semmelweis Egyetem e-learning rendszer\u00e9n (Moodle)-on tal\u00e1lhat\u00f3k: <a href=\"https:\/\/itc.semmelweis.hu\/moodle\/login\/index.php\" target=\"_blank\" rel=\"noopener\">https:\/\/itc.semmelweis.hu\/moodle\/login\/index.php<\/a><\/p>\n<\/div>\n<h5>Let\u00f6lthet\u0151 dokumentumok:<\/h5>\n<p><a href=\"https:\/\/semmelweis.hu\/tuzoltoklinika\/files\/2026\/03\/Intezkedesi-terv-2025-26-tanev-1.-szemeszter-FOKVGY_2369_1M.pdf\" target=\"_blank\" rel=\"noopener\">Int\u00e9zked\u00e9si terv<\/a><br \/>\n<a href=\"https:\/\/semmelweis.hu\/tuzoltoklinika\/files\/2026\/03\/Intezkedesi-terv-2025-26-tanev-1.-szemeszter-FOKVGY_2369_1N.pdf\" target=\"_blank\" rel=\"noopener\">Aktionsplan (int\u00e9zked\u00e9si terv n\u00e9met nyelven)<\/a><\/p>\n","protected":false},"excerpt":{"rendered":"<p>FOK magyar tanulm\u00e1nyi felel\u0151se: Prof. Dr. Szab\u00f3 Andr\u00e1s Dr. P\u00e1link\u00e1s Annam\u00e1ria Az oktat\u00e1ssal kapcsolatos minden k\u00e9rd\u00e9st, megkeres\u00e9st e-mailben v\u00e1runk az <a href=\"mailto:oktatas@gyerekklinika.com\">oktatas@gyerekklinika.com<\/a> c\u00edmre. Kedves Hallgat\u00f3k! A NEPTUN rendszerben t\u00f6rt\u00e9nt jelentkez\u00e9st k\u00f6vet\u0151en az els\u0151 tan\u00edt\u00e1si napon a T\u0171zolt\u00f3 Utcai R\u00e9szleg Tanterm\u00e9be kell \u00e9rkezni (1094 Budapest, T\u0171zolt\u00f3 u. 7-9., 8-as \u00e9p\u00fclet, I. emelet). Ekkor ker\u00fcl ellen\u0151rz\u00e9sre az Eg\u00e9szs\u00e9g\u00fcgyi kisk\u00f6nyv. &hellip;<\/p>\n","protected":false},"author":158,"featured_media":0,"parent":2298,"menu_order":8,"comment_status":"closed","ping_status":"closed","template":"","meta":{"_acf_changed":false,"footnotes":""},"categories":[],"tags":[],"class_list":["post-3471","page","type-page","status-publish","hentry"],"acf":[],"_links":{"self":[{"href":"https:\/\/semmelweis.hu\/tuzoltoklinika\/wp-json\/wp\/v2\/pages\/3471","targetHints":{"allow":["GET"]}}],"collection":[{"href":"https:\/\/semmelweis.hu\/tuzoltoklinika\/wp-json\/wp\/v2\/pages"}],"about":[{"href":"https:\/\/semmelweis.hu\/tuzoltoklinika\/wp-json\/wp\/v2\/types\/page"}],"author":[{"embeddable":true,"href":"https:\/\/semmelweis.hu\/tuzoltoklinika\/wp-json\/wp\/v2\/users\/158"}],"replies":[{"embeddable":true,"href":"https:\/\/semmelweis.hu\/tuzoltoklinika\/wp-json\/wp\/v2\/comments?post=3471"}],"version-history":[{"count":11,"href":"https:\/\/semmelweis.hu\/tuzoltoklinika\/wp-json\/wp\/v2\/pages\/3471\/revisions"}],"predecessor-version":[{"id":12249,"href":"https:\/\/semmelweis.hu\/tuzoltoklinika\/wp-json\/wp\/v2\/pages\/3471\/revisions\/12249"}],"up":[{"embeddable":true,"href":"https:\/\/semmelweis.hu\/tuzoltoklinika\/wp-json\/wp\/v2\/pages\/2298"}],"wp:attachment":[{"href":"https:\/\/semmelweis.hu\/tuzoltoklinika\/wp-json\/wp\/v2\/media?parent=3471"}],"wp:term":[{"taxonomy":"category","embeddable":true,"href":"https:\/\/semmelweis.hu\/tuzoltoklinika\/wp-json\/wp\/v2\/categories?post=3471"},{"taxonomy":"post_tag","embeddable":true,"href":"https:\/\/semmelweis.hu\/tuzoltoklinika\/wp-json\/wp\/v2\/tags?post=3471"}],"curies":[{"name":"wp","href":"https:\/\/api.w.org\/{rel}","templated":true}]}}