{"id":3223,"date":"2018-03-03T21:14:06","date_gmt":"2018-03-03T20:14:06","guid":{"rendered":"http:\/\/tuzoltoklinika.semmelweis.hu\/?page_id=3223"},"modified":"2026-03-23T14:26:43","modified_gmt":"2026-03-23T13:26:43","slug":"aok-v-evfolyam","status":"publish","type":"page","link":"https:\/\/semmelweis.hu\/tuzoltoklinika\/oktatas\/aok-v-evfolyam\/","title":{"rendered":"\u00c1OK V. \u00e9vfolyam"},"content":{"rendered":"<div class=\"keretes\">\n<p style=\"font-weight: 400;text-align: left\"><strong>V. \u00e9vfolyam tanulm\u00e1nyi felel\u0151sei:<br \/>\n<\/strong>Dr. Podr\u00e1czky No\u00e9mi<br \/>\nDr. Rany\u00e1k M\u00e1rta<\/p>\n<p style=\"font-weight: 400;text-align: left\"><strong>Magyar \u00c1OK tanulm\u00e1nyi felel\u0151se:<br \/>\n<\/strong>Dr. Erd\u00e9lyi D\u00e1niel<\/p>\n<p>Az oktat\u00e1ssal kapcsolatos minden k\u00e9rd\u00e9st, megkeres\u00e9st e-mailben v\u00e1runk az <a href=\"mailto:oktatas@gyerekklinika.com\">oktatas@gyerekklinika.com<\/a> c\u00edmre.<\/p>\n<\/div>\n<p style=\"text-align: center\"><strong>Hallgat\u00f3i t\u00e1j\u00e9koztat\u00f3<\/strong><\/p>\n<p>A Gyermekgy\u00f3gy\u00e1szat tant\u00e1rgy oktat\u00e1sa az \u00c1OK \u00f6t\u00f6dik \u00e9vfolyam\u00e1n blokkos\u00edtott form\u00e1ban, 5 hetes turnusokban zajlik.<\/p>\n<p>A NEPTUN rendszerben t\u00f6rt\u00e9nt jelentkez\u00e9st k\u00f6vet\u0151en az adott turnus els\u0151 napj\u00e1n h\u00e9tf\u0151n, a T\u0171zolt\u00f3 Utcai R\u00e9szleg Tanterm\u00e9be (1094 Budapest, T\u0171zolt\u00f3 u. 7-9., 8-as \u00e9p\u00fclet, I. emelet) kell j\u00f6nni. Ekkor ker\u00fcl ellen\u0151rz\u00e9sre az Eg\u00e9szs\u00e9g\u00fcgyi kisk\u00f6nyv.<\/p>\n<div class=\"fontos_div\">\n<p>A Semmelweis Egyetem Gyermekgy\u00f3gy\u00e1szati Klinik\u00e1j\u00e1n <strong>minden gyakorlati tev\u00e9kenys\u00e9g megkezd\u00e9s\u00e9hez (ide\u00e9rtve az els\u0151 \u00e9ves ny\u00e1ri \u00e1pol\u00e1stan gyakorlatot is) az adott \u00e9vfolyamhoz sz\u00fcks\u00e9ges \u00e9s \u00e9rv\u00e9nyes FE\u00dc pecs\u00e9ttel kell rendelkezni<\/strong>, amely tartalmazza a gyermekgy\u00f3gy\u00e1szathoz sz\u00fcks\u00e9ges vizsg\u00e1latokat is.<\/p>\n<\/div>\n<h5>Foglalkoz\u00e1s-E\u00dc vizsg\u00e1latra az al\u00e1bbi vizsg\u00e1latokat kell elv\u00e9geztetni:<\/h5>\n<ul>\n<li>1 \u00e9ven bel\u00fcli mellkas r\u00f6ntgen<\/li>\n<li>1 h\u00f3napon bel\u00fcli sz\u00e9kletvizsg\u00e1lat (melynek mag\u00e1ba kell foglalnia a k\u00f6vetkez\u0151 vizsg\u00e1latokat): \u00e1ltal\u00e1nos bakteriol\u00f3giai teny\u00e9szt\u00e9s (Salmonella, Shigella, patog\u00e9n E. Coli egy\u00e9b k\u00f3rokoz\u00f3k)<\/li>\n<li>5 \u00e9ven bel\u00fcli Hepatitis C sz\u0171r\u0151vizsg\u00e1lat<\/li>\n<li>5 \u00e9ven bel\u00fcli Hepatitis B ellenanyag szint meghat\u00e1roz\u00e1sa (ez egy sz\u00e1m, hogy a beadott olt\u00e1ssorozatra milyen v\u00e9detts\u00e9gi szint alakult ki, nem az, hogy fenn\u00e1ll-e a fert\u0151z\u00e9s most)<\/li>\n<li>\u00c1ltal\u00e1nos laborat\u00f3riumi v\u00e9rvizsg\u00e1lat az al\u00e1bbiak meghat\u00e1roz\u00e1s\u00e1ra:\n<ul>\n<li style=\"font-weight: 400\"><span style=\"font-weight: 400\">teljes v\u00e9rk\u00e9p vizsg\u00e1lat<\/span><\/li>\n<li style=\"font-weight: 400\"><span style=\"font-weight: 400\">Na, K, Ca, P, Mg, Fe, TVK, transzferrin<\/span><\/li>\n<li style=\"font-weight: 400\"><span style=\"font-weight: 400\">\u00f6sszfeh\u00e9rje, albumin, kreatinin, karbamid<\/span><\/li>\n<li style=\"font-weight: 400\"><span style=\"font-weight: 400\">GOT, GPT, GGT, seBi, dBi<\/span><\/li>\n<li style=\"font-weight: 400\"><span style=\"font-weight: 400\">h\u00fagysav, ALP, \u00f6sszkoleszterin, HDL, TGL, v\u00e9rcukor, CRP<\/span><\/li>\n<\/ul>\n<\/li>\n<li>Vizelet: \u00e1ltal\u00e1nos vizeletvizsg\u00e1lat (\u00fcled\u00e9k vizsg\u00e1lattal egy\u00fctt)<\/li>\n<\/ul>\n<div class=\"fontos_div\">\n<p>Az el\u0151z\u0151 \u00e9vek tapasztalata alapj\u00e1n k\u00e9rj\u00fck, hogy gyermekgy\u00f3gy\u00e1szati oktat\u00e1s el\u0151tt vegyenek r\u00e9szt foglalkoz\u00e1s-eg\u00e9szs\u00e9g\u00fcgyi vizsg\u00e1laton, ennek id\u0151pontj\u00e1t min\u00e9l hamarabb foglalj\u00e1k le, a sz\u00fcks\u00e9ges vizsg\u00e1latokat v\u00e9geztess\u00e9k el.<\/p>\n<\/div>\n<p><strong>Az al\u00e1bbi linken megtal\u00e1lnak minden sz\u00fcks\u00e9ges inform\u00e1ci\u00f3t ehhez (a Gyakran ism\u00e9telt k\u00e9rd\u00e9sek pdf-et is olvass\u00e1k el):<\/strong><\/p>\n<p><a href=\"https:\/\/semmelweis.hu\/aok\/oktatas\/egeszsegugyi-alkalmassagi-vizsgalat\/\" target=\"_blank\" rel=\"noopener\">https:\/\/semmelweis.hu\/aok\/oktatas\/egeszsegugyi-alkalmassagi-vizsgalat\/<\/a><\/p>\n<h5>A nem Semmelweis Egyetem\u00fcnkh\u00f6z tartoz\u00f3 vend\u00e9ghallgat\u00f3k eset\u00e9ben az al\u00e1bbiak sz\u00fcks\u00e9gesek:<\/h5>\n<ul>\n<li>a k\u00fcld\u0151 int\u00e9zetben \u00e9rv\u00e9nyes eg\u00e9szs\u00e9g\u00fcgyi kisk\u00f6nyv<\/li>\n<li>1 h\u00f3napn\u00e1l nem r\u00e9gebbi sz\u00e9kletteny\u00e9szt\u00e9s patog\u00e9n E.coli kimutat\u00e1ssal<\/li>\n<li>1 \u00e9vn\u00e9l nem r\u00e9gebbi mellkasr\u00f6ntgen<\/li>\n<li>5 \u00e9vn\u00e9l nem r\u00e9gebbi anti-HBs<\/li>\n<li>5 \u00e9vn\u00e9l nem r\u00e9gebbi anti-HCV<\/li>\n<\/ul>\n<p>Az els\u0151 napon 08:00-08:30 k\u00f6z\u00f6tt oktat\u00e1sra vonatkoz\u00f3, r\u00e9szletes Hallgat\u00f3i t\u00e1j\u00e9koztat\u00f3t tartunk.<\/p>\n<p>A vizsg\u00e1kra val\u00f3 felk\u00e9sz\u00fcl\u00e9st seg\u00edtend\u0151, a gyermekgy\u00f3gy\u00e1szat tant\u00e1rgyhoz jegyzet k\u00e9sz\u00fclt, melyet a Moodle fel\u00fclet\u00e9n megtal\u00e1lhatnak. Mindezek mellett a konzult\u00e1ci\u00f3khoz az oktat\u00f3k \u00e1ltal k\u00e9sz\u00edtett anyagok is felt\u00f6lt\u00e9sre ker\u00fcltek.<\/p>\n<p>Az \u00e1gy melletti gyakorlatokra minden hallgat\u00f3t\u00f3l elv\u00e1rt a saj\u00e1t fonendoszk\u00f3p haszn\u00e1lata, valamint feh\u00e9r k\u00f6peny visel\u00e9se. A Klinika egyes oszt\u00e1lyainak k\u00fcl\u00f6n szab\u00e1lyait (v\u00e9d\u0151k\u00f6peny, l\u00e1bzs\u00e1k v. k\u00f3rh\u00e1zi papucs, stb.) k\u00e9rj\u00fck figyelembe venni.<\/p>\n<h5>K\u00f6vetelm\u00e9nyek, sz\u00e1monk\u00e9r\u00e9s:<\/h5>\n<p>Az utols\u00f3 tan\u00edt\u00e1si napon komplex gyakorlati vizsg\u00e1t kell tenni. A gyakorlati vizsg\u00e1n val\u00f3 r\u00e9szv\u00e9tel felt\u00e9tele az oktat\u00e1s legal\u00e1bb 90%-\u00e1n val\u00f3 r\u00e9szv\u00e9tel. A hi\u00e1nyz\u00e1s p\u00f3tl\u00e1s\u00e1ra szerdai napokra szervez\u00fcnk p\u00f3tl\u00e1si alkalmakat, amire a Moodle rendszeren kereszt\u00fcl tudnak jelentkezni. A p\u00f3tl\u00e1s napj\u00e1n a klinika oktat\u00e1si titk\u00e1rs\u00e1g\u00e1n kell jelentkezni.<\/p>\n<p>A Neptunban t\u00f6rt\u00e9n\u0151 al\u00e1\u00edr\u00e1s megszerz\u00e9s\u00e9nek felt\u00e9tele a sikeres gyakorlati vizsga.<\/p>\n<p><strong>Vizsga menete:<\/strong><\/p>\n<ol>\n<li>Gyakorlati vizsga<br \/>\n\u2022 OSCE vizsga (a workshopok sor\u00e1n elsaj\u00e1t\u00edtott ismeretek)<br \/>\n\u2022 Komplex fizik\u00e1lis vizsg\u00e1lat \u00e1gy mellett<\/li>\n<li>Sz\u00f3beli vizsga (2 t\u00e9telt kell kih\u00fazni)<\/li>\n<\/ol>\n<p>Ezek \u00e1tlaga adja a v\u00e9gs\u0151 oszt\u00e1lyzatot.<\/p>\n<div class=\"fontos_div\">\n<p>A blokkoktat\u00e1sra vonatkoz\u00f3 inform\u00e1ci\u00f3k, ennek sor\u00e1n kiadott oktat\u00e1si anyagok a Semmelweis Egyetem e-learning rendszer\u00e9n (Moodle) tal\u00e1lhat\u00f3k: <a href=\"https:\/\/itc.semmelweis.hu\/moodle\/login\/index.php\" target=\"_blank\" rel=\"noopener\">https:\/\/itc.semmelweis.hu\/moodle\/login\/index.php<\/a><\/p>\n<\/div>\n<h5>Let\u00f6lthet\u0151 dokumentum:<\/h5>\n<p><a href=\"https:\/\/semmelweis.hu\/tuzoltoklinika\/files\/2026\/03\/Intezkedesi-terv-2025-26-tanev-1.-szemeszter-AOKGY2112-_1M.pdf\" target=\"_blank\" rel=\"noopener\">Int\u00e9zked\u00e9si terv<\/a><\/p>\n","protected":false},"excerpt":{"rendered":"<p>V. \u00e9vfolyam tanulm\u00e1nyi felel\u0151sei: Dr. Podr\u00e1czky No\u00e9mi Dr. Rany\u00e1k M\u00e1rta Magyar \u00c1OK tanulm\u00e1nyi felel\u0151se: Dr. Erd\u00e9lyi D\u00e1niel Az oktat\u00e1ssal kapcsolatos minden k\u00e9rd\u00e9st, megkeres\u00e9st e-mailben v\u00e1runk az <a href=\"mailto:oktatas@gyerekklinika.com\">oktatas@gyerekklinika.com<\/a> c\u00edmre. Hallgat\u00f3i t\u00e1j\u00e9koztat\u00f3 A Gyermekgy\u00f3gy\u00e1szat tant\u00e1rgy oktat\u00e1sa az \u00c1OK \u00f6t\u00f6dik \u00e9vfolyam\u00e1n blokkos\u00edtott form\u00e1ban, 5 hetes turnusokban zajlik. A NEPTUN rendszerben t\u00f6rt\u00e9nt jelentkez\u00e9st k\u00f6vet\u0151en az adott turnus els\u0151 napj\u00e1n h\u00e9tf\u0151n, &hellip;<\/p>\n","protected":false},"author":101602,"featured_media":0,"parent":2298,"menu_order":3,"comment_status":"closed","ping_status":"closed","template":"","meta":{"_acf_changed":false,"footnotes":""},"categories":[],"tags":[],"class_list":["post-3223","page","type-page","status-publish","hentry"],"acf":[],"_links":{"self":[{"href":"https:\/\/semmelweis.hu\/tuzoltoklinika\/wp-json\/wp\/v2\/pages\/3223","targetHints":{"allow":["GET"]}}],"collection":[{"href":"https:\/\/semmelweis.hu\/tuzoltoklinika\/wp-json\/wp\/v2\/pages"}],"about":[{"href":"https:\/\/semmelweis.hu\/tuzoltoklinika\/wp-json\/wp\/v2\/types\/page"}],"author":[{"embeddable":true,"href":"https:\/\/semmelweis.hu\/tuzoltoklinika\/wp-json\/wp\/v2\/users\/101602"}],"replies":[{"embeddable":true,"href":"https:\/\/semmelweis.hu\/tuzoltoklinika\/wp-json\/wp\/v2\/comments?post=3223"}],"version-history":[{"count":12,"href":"https:\/\/semmelweis.hu\/tuzoltoklinika\/wp-json\/wp\/v2\/pages\/3223\/revisions"}],"predecessor-version":[{"id":12241,"href":"https:\/\/semmelweis.hu\/tuzoltoklinika\/wp-json\/wp\/v2\/pages\/3223\/revisions\/12241"}],"up":[{"embeddable":true,"href":"https:\/\/semmelweis.hu\/tuzoltoklinika\/wp-json\/wp\/v2\/pages\/2298"}],"wp:attachment":[{"href":"https:\/\/semmelweis.hu\/tuzoltoklinika\/wp-json\/wp\/v2\/media?parent=3223"}],"wp:term":[{"taxonomy":"category","embeddable":true,"href":"https:\/\/semmelweis.hu\/tuzoltoklinika\/wp-json\/wp\/v2\/categories?post=3223"},{"taxonomy":"post_tag","embeddable":true,"href":"https:\/\/semmelweis.hu\/tuzoltoklinika\/wp-json\/wp\/v2\/tags?post=3223"}],"curies":[{"name":"wp","href":"https:\/\/api.w.org\/{rel}","templated":true}]}}