{"id":2981,"date":"2017-03-21T09:15:40","date_gmt":"2017-03-21T08:15:40","guid":{"rendered":"http:\/\/tuzoltoklinika.semmelweis.hu\/?page_id=2981"},"modified":"2025-02-03T13:22:10","modified_gmt":"2025-02-03T12:22:10","slug":"nvkp","status":"publish","type":"page","link":"https:\/\/semmelweis.hu\/tuzoltoklinika\/bemutatkozas\/elnyert-palyazataink\/nvkp\/","title":{"rendered":"NVKP P\u00e1ly\u00e1zat"},"content":{"rendered":"<p style=\"text-align: center\"><strong>Nemzeti Versenyk\u00e9pess\u00e9gi \u00e9s Kiv\u00e1l\u00f3s\u00e1gi Program<\/strong> (NVKP 16-1-2016-0037)<\/p>\n<p style=\"text-align: center\"><strong>P\u00e1ly\u00e1zat teljes c\u00edme:<\/strong> <em>A rossz progn\u00f3zis\u00fa gyermekkori szolid tumorokra prediszpon\u00e1l\u00f3 mut\u00e1ci\u00f3k sz\u0171r\u00e9se \u00e9s biomarkerek azonos\u00edt\u00e1sa az egy\u00e9nre szabott kezel\u00e9s\u00fck optimaliz\u00e1l\u00e1s\u00e1ra<\/em><\/p>\n<p style=\"text-align: justify\"><strong>Konzorciumi tagok: <\/strong><\/p>\n<ul>\n<li>Semmelweis Egyetem II. sz. Gyermekgy\u00f3gy\u00e1szati Klinika (konzorciumvezet\u0151)<\/li>\n<li>MTA Term\u00e9szettudom\u00e1nyi Kutat\u00f3k\u00f6zpont, Szerves K\u00e9miai Int\u00e9zet (TTK SZKI) \u00e9s Enzimol\u00f3giai Int\u00e9zet (TTK EI)<\/li>\n<li>Meditop Gy\u00f3gyszeripari Kft.<\/li>\n<\/ul>\n<p><strong>Futamid\u0151:<\/strong> 2017. jan. 1. \u2013 2019. dec. 31.<\/p>\n<p style=\"text-align: justify\">\n<strong>\u00d6sszefoglal\u00f3:<\/strong> Az egyes tumorok anat\u00f3miai elhelyezked\u00e9s\u00e9n\u00e9l fontosabb, hogy milyen molekul\u00e1ris elv\u00e1ltoz\u00e1st tartalmaznak. A projekt sor\u00e1n a Semmelweis Egyetem T\u0171zolt\u00f3 utcai r\u00e9szleg\u00e9nek (kor\u00e1bbi: II. sz. Gyermekgy\u00f3gy\u00e1szati Klinika) kutat\u00f3laborj\u00e1ban gyermek \u00e9s feln\u0151tt tumorok teljes exom szekven\u00e1l\u00e1si adatai alapj\u00e1n egyes molekul\u00e1ris mut\u00e1ci\u00f3khoz azonos\u00edtani fogjuk a legmagasabb v\u00e1ltoz\u00e1st mutat\u00f3 ter\u00e1pi\u00e1san c\u00e9lozhat\u00f3 kin\u00e1zokat. A TTK SZKI-n a kiv\u00e1lasztott kin\u00e1zokra specifikus g\u00e1tl\u00f3szereket fogunk szintetiz\u00e1lni, majd az aktivit\u00e1st igazolni a TTK EI-n. Ezut\u00e1n a Semmelweis Egyetem T\u0171zolt\u00f3 utcai r\u00e9szleg\u00e9nek (kor\u00e1bbi: II. Gyermekklinika) kutat\u00f3laborj\u00e1ban sejtkult\u00far\u00e1s rendszerben valid\u00e1ljuk a molekul\u00e1kat. A projekt utols\u00f3 f\u00e1zis\u00e1ban a legjobb kin\u00e1z g\u00e1tl\u00f3kat pharmakol\u00f3giai mennyis\u00e9gben legy\u00e1rtatjuk. A projekt sor\u00e1n c\u00e9l legal\u00e1bb egy \u00faj gy\u00f3gyszer szabadalmaztat\u00e1sa, \u00e9s f\u00e1zis II-es vizsg\u00e1latra val\u00f3 el\u0151k\u00e9sz\u00edt\u00e9se. A p\u00e1ly\u00e1zat f\u0151 er\u0151ss\u00e9ge, hogy a Semmelweis Egyetem T\u0171zolt\u00f3 utcai r\u00e9szlege (kor\u00e1bbi: II. Gyermekklinika) a hazai gyermekonkol\u00f3gia cs\u00facsint\u00e9zm\u00e9nye. A projekt c\u00e9lja teh\u00e1t a legrosszabb progn\u00f3zis\u00fa, de ismert molekul\u00e1ris elv\u00e1ltoz\u00e1sokat tartalmaz\u00f3 gyermekkori szolid tumorok kezel\u00e9s\u00e9re haszn\u00e1lhat\u00f3 gy\u00f3gyszerek azonos\u00edt\u00e1sa, az azok el\u0151\u00e1ll\u00edt\u00e1s\u00e1ban val\u00f3 kezdeti kutat\u00f3munka magas szint\u0171 megval\u00f3s\u00edt\u00e1sa.\u00a0<\/p>\n<p style=\"text-align: justify\"><strong>Finansz\u00edroz\u00f3:<\/strong> <a href=\"https:\/\/nkfih.gov.hu\/hivatalrol\" target=\"_blank\" rel=\"noopener\">Nemzeti Kutat\u00e1si, Fejleszt\u00e9si \u00e9s Innov\u00e1ci\u00f3s Hivatal<\/a> (NKFI)<\/p>\n","protected":false},"excerpt":{"rendered":"<p>Nemzeti Versenyk\u00e9pess\u00e9gi \u00e9s Kiv\u00e1l\u00f3s\u00e1gi Program (NVKP 16-1-2016-0037) P\u00e1ly\u00e1zat teljes c\u00edme: A rossz progn\u00f3zis\u00fa gyermekkori szolid tumorokra prediszpon\u00e1l\u00f3 mut\u00e1ci\u00f3k sz\u0171r\u00e9se \u00e9s biomarkerek azonos\u00edt\u00e1sa az egy\u00e9nre szabott kezel\u00e9s\u00fck optimaliz\u00e1l\u00e1s\u00e1ra Konzorciumi tagok: Semmelweis Egyetem II. sz. Gyermekgy\u00f3gy\u00e1szati Klinika (konzorciumvezet\u0151) MTA Term\u00e9szettudom\u00e1nyi Kutat\u00f3k\u00f6zpont, Szerves K\u00e9miai Int\u00e9zet (TTK SZKI) \u00e9s Enzimol\u00f3giai Int\u00e9zet (TTK EI) Meditop Gy\u00f3gyszeripari Kft. Futamid\u0151: 2017. jan. &hellip;<\/p>\n","protected":false},"author":158,"featured_media":0,"parent":3949,"menu_order":4,"comment_status":"closed","ping_status":"closed","template":"","meta":{"_acf_changed":false,"footnotes":""},"categories":[],"tags":[],"class_list":["post-2981","page","type-page","status-publish","hentry"],"acf":[],"_links":{"self":[{"href":"https:\/\/semmelweis.hu\/tuzoltoklinika\/wp-json\/wp\/v2\/pages\/2981","targetHints":{"allow":["GET"]}}],"collection":[{"href":"https:\/\/semmelweis.hu\/tuzoltoklinika\/wp-json\/wp\/v2\/pages"}],"about":[{"href":"https:\/\/semmelweis.hu\/tuzoltoklinika\/wp-json\/wp\/v2\/types\/page"}],"author":[{"embeddable":true,"href":"https:\/\/semmelweis.hu\/tuzoltoklinika\/wp-json\/wp\/v2\/users\/158"}],"replies":[{"embeddable":true,"href":"https:\/\/semmelweis.hu\/tuzoltoklinika\/wp-json\/wp\/v2\/comments?post=2981"}],"version-history":[{"count":10,"href":"https:\/\/semmelweis.hu\/tuzoltoklinika\/wp-json\/wp\/v2\/pages\/2981\/revisions"}],"predecessor-version":[{"id":10906,"href":"https:\/\/semmelweis.hu\/tuzoltoklinika\/wp-json\/wp\/v2\/pages\/2981\/revisions\/10906"}],"up":[{"embeddable":true,"href":"https:\/\/semmelweis.hu\/tuzoltoklinika\/wp-json\/wp\/v2\/pages\/3949"}],"wp:attachment":[{"href":"https:\/\/semmelweis.hu\/tuzoltoklinika\/wp-json\/wp\/v2\/media?parent=2981"}],"wp:term":[{"taxonomy":"category","embeddable":true,"href":"https:\/\/semmelweis.hu\/tuzoltoklinika\/wp-json\/wp\/v2\/categories?post=2981"},{"taxonomy":"post_tag","embeddable":true,"href":"https:\/\/semmelweis.hu\/tuzoltoklinika\/wp-json\/wp\/v2\/tags?post=2981"}],"curies":[{"name":"wp","href":"https:\/\/api.w.org\/{rel}","templated":true}]}}