{"id":281,"date":"2013-02-08T11:24:08","date_gmt":"2013-02-08T10:24:08","guid":{"rendered":"http:\/\/tuzoltoklinika.semmelweis.hu\/?page_id=281"},"modified":"2025-09-29T14:11:37","modified_gmt":"2025-09-29T12:11:37","slug":"gyogytorna","status":"publish","type":"page","link":"https:\/\/semmelweis.hu\/tuzoltoklinika\/betegellatas\/diagnosztikai-reszlegek\/gyogytorna\/","title":{"rendered":"Gy\u00f3gytorna"},"content":{"rendered":"<p><a name=\"#\"><\/a><a href=\"#bemutatkozas\">Bemutatkoz\u00e1s<\/a><br \/>\n<a href=\"#munkatarsaink\">Munkat\u00e1rsaink<\/a><\/p>\n<p><a name=\"bemutatkozas\"><\/a><\/p>\n<h3>Bemutatkoz\u00e1s<\/h3>\n<p style=\"text-align: justify\">A hosszabb ideig \u00e1gyhoz k\u00f6t\u00f6tt, m\u0171t\u00e9t ut\u00e1n l\u00e1badoz\u00f3, illetve kr\u00f3nikus mozg\u00e1sszervi betegs\u00e9gben szenved\u0151 gyermekek szakszer\u0171 mobiliz\u00e1l\u00e1s\u00e1t, mozg\u00e1sfejleszt\u00e9s\u00e9t Klinik\u00e1nkon 6 f\u0151 diplom\u00e1s gy\u00f3gytorn\u00e1sz v\u00e9gzi. Feladataik k\u00f6z\u00fcl kiemelked\u0151en fontos a Klinika onko-haematol\u00f3giai oszt\u00e1lyain fekv\u0151 betegek ell\u00e1t\u00e1sa. C\u00e9ljuk olyan, szem\u00e9lyre \u00e9s k\u00f3rk\u00e9pre adapt\u00e1lt ter\u00e1pi\u00e1s program kidolgoz\u00e1sa \u00e9s v\u00e9grehajt\u00e1sa, mely a k\u00f3rh\u00e1zi tart\u00f3zkod\u00e1s ideje alatt, illetve rendszeres ellen\u0151rz\u00e9s mellett, a beteg otthon\u00e1ban v\u00e9gezve, jav\u00edtja a beteg gyermek \u00e1llapot\u00e1t, seg\u00edti az \u00f6nkiszolg\u00e1l\u00e1sban, fokozza \u00f6n\u00e1ll\u00f3s\u00e1g\u00e1t, gyors\u00edtja a saj\u00e1t kort\u00e1rscsoportba t\u00f6rt\u00e9n\u0151 visszat\u00e9r\u00e9st.<\/p>\n<p style=\"text-align: justify\">Szerves r\u00e9sz\u00e9t k\u00e9pezi a gy\u00f3gytorna a Reumatol\u00f3giai oszt\u00e1lyon foly\u00f3 gy\u00f3gy\u00edt\u00f3 munk\u00e1nak is,\u00a0 mivel a gyermekkori gyullad\u00e1sos eredet\u0171 reumatol\u00f3giai k\u00f3rk\u00e9peket a mozg\u00e1sszervrendszer f\u00e1jdalma, mozg\u00e1skorl\u00e1tozotts\u00e1g, az \u00edz\u00fcletek duzzanata, az izomzat gyeng\u00fcl\u00e9se \u00e9s az \u00edz\u00fcleti mozg\u00e1startom\u00e1ny besz\u0171k\u00fcl\u00e9se jellemzi, ez\u00e9rt a kezel\u00e9s elengedhetetlen r\u00e9sz\u00e9t k\u00e9pezi a mozg\u00e1ster\u00e1pia. A nem gyullad\u00e1sos eredet\u0171 reumatol\u00f3giai k\u00f3rk\u00e9pek eset\u00e9ben, gy\u00f3gytorna v\u00e9gz\u00e9s\u00e9vel a f\u00e1jdalom cs\u00f6kken\u00e9s\u00e9t, az \u00edz\u00fcletek \u00e9s izmok funkci\u00f3j\u00e1nak helyre\u00e1ll\u00edt\u00e1s\u00e1t, a gyermek k\u00f6z\u00f6ss\u00e9gbe val\u00f3 mihamarabbi visszat\u00e9r\u00e9s\u00e9t lehet el\u0151seg\u00edteni.\u00a0<\/p>\n<p style=\"text-align: justify\">Klinik\u00e1nkon m\u0171k\u00f6dik Magyarorsz\u00e1g els\u0151 Gyermek Neuromuscularis Centruma is, \u00edgy kiemelt jelent\u0151s\u00e9g\u0171 a spinalis izomsorvad\u00e1s (SMA) miatt gondozott gyermekek eset\u00e9ben az \u00fajonnan bevezetett mozg\u00e1svizsg\u00e1lati sk\u00e1l\u00e1k haszn\u00e1lata, melyekben gy\u00f3gytorn\u00e1szaink ny\u00fajtanak szakszer\u0171 seg\u00edts\u00e9get.\u00a0<\/p>\n<p style=\"text-align: justify\">Az ambul\u00e1ns ell\u00e1t\u00e1s keret\u00e9ben, a korai fejleszt\u00e9s ter\u00fclet\u00e9n is kiemelt szerep jut gy\u00f3gytorn\u00e1sz szakembereinknek, a k\u00f6zelm\u00faltban kidolgozott JERR kora gyermekkori reflexkorrekci\u00f3s m\u00f3dszert els\u0151k\u00e9nt alkalmazva v\u00e9gzik a kisgyermekek komplex fejleszt\u00e9s\u00e9t, mely\u00a0 0-18 h\u00f3napos gyermekek r\u00e9szv\u00e9tel\u00e9vel zajlik.\u00a0<\/p>\n<p style=\"text-align: justify\">Gy\u00f3gytorn\u00e1szaink folyamatosan egy\u00fcttm\u0171k\u00f6dnek a t\u00e1rsint\u00e9zm\u00e9nyek szakembereivel annak \u00e9rdek\u00e9ben, hogy a klinik\u00e1nkon foly\u00f3 mozg\u00e1sszervi rehabilit\u00e1ci\u00f3 min\u00e9l sikeresebb legyen.<\/p>\n<p style=\"text-align: justify\">R\u00e9szt vesznek az int\u00e9zm\u00e9ny\u00fcnkben zajl\u00f3 oktat\u00e1si feladatok ell\u00e1t\u00e1s\u00e1ban, bemutatva feladataikat, szerep\u00fcket a rehabilit\u00e1ci\u00f3s team munk\u00e1j\u00e1ban.<\/p>\n<p style=\"text-align: justify\">A 2005 \u0151sz\u00e9n \u00e1tadott, rendk\u00edv\u00fcl j\u00f3l felszerelt tornaterem megfelel\u0151 teret biztos\u00edt mind az oszt\u00e1lyokon fekv\u0151, mind az ambul\u00e1ns ell\u00e1t\u00e1sban r\u00e9szes\u00fcl\u0151 betegek rendszeres torn\u00e1ztat\u00e1s\u00e1ra, de ezen t\u00fal, tov\u00e1bbi lehet\u0151s\u00e9geket k\u00edn\u00e1l p\u00e9ld\u00e1ul a t\u00fals\u00falyos gyermekeknek, illetve a Klinika dolgoz\u00f3inak a csoportos mozg\u00e1sprogramokon val\u00f3 r\u00e9szv\u00e9telre is.<\/p>\n<p><a name=\"munkatarsaink\"><\/a><\/p>\n<h3>Munkat\u00e1rsaink<\/h3>\n<ul>\n<li style=\"text-align: justify\"><span style=\"font-size: 14pt\">Andor Ildik\u00f3<\/span><\/li>\n<li><span data-olk-copy-source=\"MessageBody\">Csizmadia-Kiss R\u00e9ka<\/span><\/li>\n<li>G\u00e1bor Fanni<\/li>\n<li>Stickl S\u00e1ra<\/li>\n<li style=\"text-align: justify\"><span style=\"font-size: 14pt\">Tarr Zs\u00f3fia<\/span><\/li>\n<li style=\"text-align: justify\"><span style=\"font-size: 14pt\">Zajovics Gy\u00f6ngyi<\/span><\/li>\n<li style=\"text-align: justify\"><span style=\"font-size: 14pt\">V\u00e1radi Szonja (tart\u00f3san t\u00e1vol)<\/span><\/li>\n<\/ul>\n","protected":false},"excerpt":{"rendered":"<p><a name=\"#\"><\/a> <a href=\"#bemutatkozas\">Bemutatkoz\u00e1s<\/a> <a href=\"#munkatarsaink\">Munkat\u00e1rsaink<\/a> <a name=\"bemutatkozas\"><\/a> Bemutatkoz\u00e1s A hosszabb ideig \u00e1gyhoz k\u00f6t\u00f6tt, m\u0171t\u00e9t ut\u00e1n l\u00e1badoz\u00f3, illetve kr\u00f3nikus mozg\u00e1sszervi betegs\u00e9gben szenved\u0151 gyermekek szakszer\u0171 mobiliz\u00e1l\u00e1s\u00e1t, mozg\u00e1sfejleszt\u00e9s\u00e9t Klinik\u00e1nkon 6 f\u0151 diplom\u00e1s gy\u00f3gytorn\u00e1sz v\u00e9gzi. Feladataik k\u00f6z\u00fcl kiemelked\u0151en fontos a Klinika onko-haematol\u00f3giai oszt\u00e1lyain fekv\u0151 betegek ell\u00e1t\u00e1sa. C\u00e9ljuk olyan, szem\u00e9lyre \u00e9s k\u00f3rk\u00e9pre adapt\u00e1lt ter\u00e1pi\u00e1s program kidolgoz\u00e1sa \u00e9s v\u00e9grehajt\u00e1sa, mely a k\u00f3rh\u00e1zi tart\u00f3zkod\u00e1s ideje alatt, illetve rendszeres ellen\u0151rz\u00e9s &hellip;<\/p>\n","protected":false},"author":158,"featured_media":0,"parent":1570,"menu_order":0,"comment_status":"closed","ping_status":"closed","template":"","meta":{"_acf_changed":false,"footnotes":""},"categories":[],"tags":[],"class_list":["post-281","page","type-page","status-publish","hentry"],"acf":[],"_links":{"self":[{"href":"https:\/\/semmelweis.hu\/tuzoltoklinika\/wp-json\/wp\/v2\/pages\/281","targetHints":{"allow":["GET"]}}],"collection":[{"href":"https:\/\/semmelweis.hu\/tuzoltoklinika\/wp-json\/wp\/v2\/pages"}],"about":[{"href":"https:\/\/semmelweis.hu\/tuzoltoklinika\/wp-json\/wp\/v2\/types\/page"}],"author":[{"embeddable":true,"href":"https:\/\/semmelweis.hu\/tuzoltoklinika\/wp-json\/wp\/v2\/users\/158"}],"replies":[{"embeddable":true,"href":"https:\/\/semmelweis.hu\/tuzoltoklinika\/wp-json\/wp\/v2\/comments?post=281"}],"version-history":[{"count":10,"href":"https:\/\/semmelweis.hu\/tuzoltoklinika\/wp-json\/wp\/v2\/pages\/281\/revisions"}],"predecessor-version":[{"id":11463,"href":"https:\/\/semmelweis.hu\/tuzoltoklinika\/wp-json\/wp\/v2\/pages\/281\/revisions\/11463"}],"up":[{"embeddable":true,"href":"https:\/\/semmelweis.hu\/tuzoltoklinika\/wp-json\/wp\/v2\/pages\/1570"}],"wp:attachment":[{"href":"https:\/\/semmelweis.hu\/tuzoltoklinika\/wp-json\/wp\/v2\/media?parent=281"}],"wp:term":[{"taxonomy":"category","embeddable":true,"href":"https:\/\/semmelweis.hu\/tuzoltoklinika\/wp-json\/wp\/v2\/categories?post=281"},{"taxonomy":"post_tag","embeddable":true,"href":"https:\/\/semmelweis.hu\/tuzoltoklinika\/wp-json\/wp\/v2\/tags?post=281"}],"curies":[{"name":"wp","href":"https:\/\/api.w.org\/{rel}","templated":true}]}}