{"id":275,"date":"2013-02-08T11:19:17","date_gmt":"2013-02-08T10:19:17","guid":{"rendered":"http:\/\/tuzoltoklinika.semmelweis.hu\/?page_id=275"},"modified":"2025-02-20T08:40:13","modified_gmt":"2025-02-20T07:40:13","slug":"klinikai-kemiai-laboratorium","status":"publish","type":"page","link":"https:\/\/semmelweis.hu\/tuzoltoklinika\/betegellatas\/diagnosztikai-reszlegek\/klinikai-kemiai-laboratorium\/","title":{"rendered":"Klinikai K\u00e9miai Laborat\u00f3rium"},"content":{"rendered":"<p><strong>Szakmai vezet\u0151 orvos: <\/strong>Prof. Dr. V\u00e1s\u00e1rhelyi Barna int\u00e9zetigazgat\u00f3, egyetemi tan\u00e1r, Ph.D, D.Sc.<\/p>\n<p><strong>Laborat\u00f3rium vezet\u0151:\u00a0 <\/strong>Bertalan T\u00edmea<\/p>\n<p><strong>Munkat\u00e1rsak:\u00a0<\/strong>Balin\u00e9 Lencs\u00e9s M\u00e1rta, Heged\u0171sn\u00e9 Keresztes Anik\u00f3, T\u00f6r\u00f6k \u00c9va<\/p>\n<p>A laborat\u00f3rium m\u0171k\u00f6dtet\u00e9s\u00e9t 2019. december 31. ut\u00e1n a Semmelweis Egyetem Laborat\u00f3riumi Medicina Int\u00e9zet vette \u00e1t.\u00a0<\/p>\n<p style=\"text-align: justify\">A laborat\u00f3rium feladata a Klinika fekv\u0151oszt\u00e1lyain \u00e9s j\u00e1r\u00f3beteg rendel\u00e9sein ell\u00e1tott betegek kivizsg\u00e1l\u00e1s\u00e1nak \u00e9s kezel\u00e9s\u00e9nek t\u00e1mogat\u00e1sa a v\u00e9r, sz\u00e9rum, liquor, vizelet \u00e9s kibocs\u00e1tott leveg\u0151 \u00f6sszetev\u0151inek mennyis\u00e9gi anal\u00edzis\u00e9vel. A laborat\u00f3rium automatiz\u00e1lt m\u0171szeres analitik\u00e1val dolgozik. A m\u00e9r\u00e9si eredm\u00e9nyeket on-line sz\u00e1m\u00edt\u00f3g\u00e9pes rendszer seg\u00edts\u00e9g\u00e9vel \u00f6sszes\u00edtj\u00fck \u00e9s tov\u00e1bb\u00edtjuk a vizsg\u00e1latot k\u00e9r\u0151 orvosnak. A vizsg\u00e1latok sz\u00e1ma \u00e9vente kb. 150 ezer k\u00f6r\u00fcl van (a t\u00f6bbi laborat\u00f3riumi vizsg\u00e1lattal egy\u00fctt ez \u00e9vi 210 ezer vizsg\u00e1latot jelent a Klinik\u00e1n).<\/p>\n<p style=\"text-align: justify\">A gyermekgy\u00f3gy\u00e1sz szakorvosjel\u00f6ltek k\u00e9szs\u00e9gszint\u0171 k\u00e9pz\u00e9sben r\u00e9szes\u00fclnek a laborat\u00f3riumi vizsg\u00e1latok elv\u00e9gz\u00e9s\u00e9re, amit \u00fcgyeleti id\u0151ben alkalmaznak is. A laborat\u00f3riumban v\u00e9gzett anal\u00edzisek a\u00a0 tudom\u00e1nyos munka h\u00e1tter\u00e9\u00fcl is szolg\u00e1lnak.<\/p>\n","protected":false},"excerpt":{"rendered":"<p>Szakmai vezet\u0151 orvos: Prof. Dr. V\u00e1s\u00e1rhelyi Barna int\u00e9zetigazgat\u00f3, egyetemi tan\u00e1r, Ph.D, D.Sc. Laborat\u00f3rium vezet\u0151:\u00a0 Bertalan T\u00edmea Munkat\u00e1rsak:\u00a0Balin\u00e9 Lencs\u00e9s M\u00e1rta, Heged\u0171sn\u00e9 Keresztes Anik\u00f3, T\u00f6r\u00f6k \u00c9va A laborat\u00f3rium m\u0171k\u00f6dtet\u00e9s\u00e9t 2019. december 31. ut\u00e1n a Semmelweis Egyetem Laborat\u00f3riumi Medicina Int\u00e9zet vette \u00e1t.\u00a0 A laborat\u00f3rium feladata a Klinika fekv\u0151oszt\u00e1lyain \u00e9s j\u00e1r\u00f3beteg rendel\u00e9sein ell\u00e1tott betegek kivizsg\u00e1l\u00e1s\u00e1nak \u00e9s kezel\u00e9s\u00e9nek t\u00e1mogat\u00e1sa a &hellip;<\/p>\n","protected":false},"author":158,"featured_media":0,"parent":1570,"menu_order":0,"comment_status":"closed","ping_status":"closed","template":"","meta":{"_acf_changed":false,"footnotes":""},"categories":[],"tags":[],"class_list":["post-275","page","type-page","status-publish","hentry"],"acf":[],"_links":{"self":[{"href":"https:\/\/semmelweis.hu\/tuzoltoklinika\/wp-json\/wp\/v2\/pages\/275","targetHints":{"allow":["GET"]}}],"collection":[{"href":"https:\/\/semmelweis.hu\/tuzoltoklinika\/wp-json\/wp\/v2\/pages"}],"about":[{"href":"https:\/\/semmelweis.hu\/tuzoltoklinika\/wp-json\/wp\/v2\/types\/page"}],"author":[{"embeddable":true,"href":"https:\/\/semmelweis.hu\/tuzoltoklinika\/wp-json\/wp\/v2\/users\/158"}],"replies":[{"embeddable":true,"href":"https:\/\/semmelweis.hu\/tuzoltoklinika\/wp-json\/wp\/v2\/comments?post=275"}],"version-history":[{"count":10,"href":"https:\/\/semmelweis.hu\/tuzoltoklinika\/wp-json\/wp\/v2\/pages\/275\/revisions"}],"predecessor-version":[{"id":10963,"href":"https:\/\/semmelweis.hu\/tuzoltoklinika\/wp-json\/wp\/v2\/pages\/275\/revisions\/10963"}],"up":[{"embeddable":true,"href":"https:\/\/semmelweis.hu\/tuzoltoklinika\/wp-json\/wp\/v2\/pages\/1570"}],"wp:attachment":[{"href":"https:\/\/semmelweis.hu\/tuzoltoklinika\/wp-json\/wp\/v2\/media?parent=275"}],"wp:term":[{"taxonomy":"category","embeddable":true,"href":"https:\/\/semmelweis.hu\/tuzoltoklinika\/wp-json\/wp\/v2\/categories?post=275"},{"taxonomy":"post_tag","embeddable":true,"href":"https:\/\/semmelweis.hu\/tuzoltoklinika\/wp-json\/wp\/v2\/tags?post=275"}],"curies":[{"name":"wp","href":"https:\/\/api.w.org\/{rel}","templated":true}]}}