{"id":273,"date":"2013-02-08T11:18:46","date_gmt":"2013-02-08T10:18:46","guid":{"rendered":"http:\/\/tuzoltoklinika.semmelweis.hu\/?page_id=273"},"modified":"2026-02-24T15:56:53","modified_gmt":"2026-02-24T14:56:53","slug":"pszicho-szocialis-munkacsoport","status":"publish","type":"page","link":"https:\/\/semmelweis.hu\/tuzoltoklinika\/betegellatas\/diagnosztikai-reszlegek\/pszicho-szocialis-munkacsoport\/","title":{"rendered":"Pszicho-szoci\u00e1lis munkacsoport"},"content":{"rendered":"<p style=\"text-align: justify\"><strong>Pszichol\u00f3giai team tagjai:\u00a0<\/strong><\/p>\n<p style=\"margin-top: 0cm;background: white;text-align: justify\"><strong><span style=\"font-size: 15.0pt;color: #1e2326\">Kalm\u00e1rn\u00e9 Rikker Zsuzsanna \u2013 <\/span><\/strong><span style=\"font-size: 15.0pt;color: #1e2326\">klinikai szakpszichol\u00f3gus, munkacsoport-vezet\u0151, <\/span><strong><span style=\"font-size: 15.0pt;color: #1e2326\">Bag\u00f3 Gy\u00f6rgy \u2013\u00a0<\/span><\/strong><span style=\"font-size: 15.0pt;color: #1e2326\">klinikai szakpszichol\u00f3gus, <\/span><strong><span style=\"font-size: 15.0pt;color: #1e2326\">Dam\u00f3 Eszter \u2013 <\/span><\/strong><span style=\"font-size: 15.0pt;color: #1e2326\">klinikai szakpszichol\u00f3gus, <\/span><span style=\"font-size: 15.0pt;color: #1e2326\">\u00a0<\/span><strong><span style=\"font-size: 15.0pt;color: #1e2326\">Magyar Emma \u2013\u00a0<\/span><\/strong><span style=\"font-size: 15.0pt;color: #1e2326\">klinikai szakpszichol\u00f3gus, <\/span><span style=\"font-size: 15.0pt;color: #1e2326\">\u00a0<strong>J\u00e1nos J\u00falia<\/strong> &#8211; klinikai szakpszichol\u00f3gus (tart\u00f3san t\u00e1vol), 1 f\u0151 klinikai szakpszichol\u00f3gus jel\u00f6lt\u00a0<\/span><\/p>\n<p style=\"text-align: justify\"><strong>Diplom\u00e1s foglalkoztat\u00f3: <\/strong>Mina Katalin<br \/>\n<strong>Szoci\u00e1lis munk\u00e1s: <\/strong>Kiss Ildik\u00f3<\/p>\n<p>\n<strong>Pszichol\u00f3giai munkacsoport<\/strong><br \/>\nA SE Gyermekgy\u00f3gy\u00e1szati Klinik\u00e1n foly\u00f3 gy\u00f3gy\u00edt\u00f3 munk\u00e1t az ell\u00e1t\u00e1s minden ter\u00fclet\u00e9n lehet\u0151s\u00e9g van pszichol\u00f3giai megseg\u00edt\u00e9ssel k\u00eds\u00e9rni. Mivel pszichol\u00f3gusaink munk\u00e1ja ilyen \u00e9rtelemben a szomatikus ell\u00e1t\u00e1shoz kapcsol\u00f3dik, <span style=\"color: #ff0000\"><strong>vel\u00fck kapcsolatot felvenni is az els\u0151dleges panaszokat ell\u00e1t\u00f3 ambulanci\u00e1n vagy oszt\u00e1lyokon kereszt\u00fcl lehet: <\/strong><a href=\"https:\/\/semmelweis.hu\/tuzoltoklinika\/betegellatas\/rendelesi-beosztas-2\/\" target=\"_blank\" rel=\"noopener\"><span style=\"color: #0000ff\">https:\/\/semmelweis.hu\/tuzoltoklinika\/betegellatas\/rendelesi-beosztas-2\/ <\/span><\/a><\/span>Ehhez a sz\u00fcl\u0151k k\u00e9rhetik a gyermek kezel\u0151orvos\u00e1nak vagy a gyermeket ell\u00e1t\u00f3 oszt\u00e1ly f\u0151n\u0151v\u00e9r\u00e9nek seg\u00edts\u00e9g\u00e9t.<\/p>\n<p style=\"margin-top: 0cm;background: white;text-align: justify\"><span style=\"font-size: 15.0pt;color: #1e2326;background: white\">Klinik\u00e1nk pszichol\u00f3gusi munkacsoportj\u00e1nak tev\u00e9kenys\u00e9ge jelenleg h\u00e1rom pill\u00e9ren nyugszik. <\/span><\/p>\n<ul>\n<li style=\"background: white;text-align: justify\"><span style=\"font-size: 15.0pt;color: #1e2326;background: white\"><em><strong>H<\/strong><b><em>e<\/em>matol\u00f3giai\/onkol\u00f3giai betegek\u00a0<\/b><\/em>ell\u00e1t\u00e1sa h\u00e1rom oszt\u00e1lyon zajlik, ezek mindegyik\u00e9n saj\u00e1t, teljes \u00e1ll\u00e1s\u00fa pszichol\u00f3gus seg\u00edti a gy\u00f3gy\u00edt\u00f3 munk\u00e1t: 1A Hemato-Onkol\u00f3gia \u2013 Bag\u00f3 Gy\u00f6rgy klinikai szakpszichol\u00f3gus; 1B Onkol\u00f3gia \u2013 Dam\u00f3 Eszter klinikai szakpszichol\u00f3gus; 2A Neuro-Onkol\u00f3gia \u2013 J\u00e1nosi J\u00falia klinikai szakpszichol\u00f3gus (jelenleg tart\u00f3san t\u00e1vol). Ezeken az oszt\u00e1lyokon a pszichol\u00f3gus feladatai k\u00f6z\u00e9 tartozik egyr\u00e9szt a kezelt gyermekek pszich\u00e9s \u00e1llapot\u00e1nak felm\u00e9r\u00e9se, k\u00f6vet\u00e9se, szupport\u00edv \u00e9s alap-pszichoter\u00e1pi\u00e1s megseg\u00edt\u00e9se els\u0151sorban egy\u00e9ni ell\u00e1t\u00e1s form\u00e1j\u00e1ban, m\u00e1sr\u00e9szt a betegekhez szorosan kapcsol\u00f3d\u00f3 testv\u00e9rek, sz\u00fcl\u0151k szupport\u00e1l\u00e1sa, t\u00e1mogat\u00e1sa. Ez ut\u00f3bbi egy\u00e9ni \u00fcl\u00e9sek, valamint sz\u00fcl\u0151csoport form\u00e1j\u00e1ban is megval\u00f3sulhat. Az onkol\u00f3giai jelleg\u0171 betegs\u00e9gek kezel\u00e9se jellemz\u0151en hosszadalmas, sok megpr\u00f3b\u00e1ltat\u00e1ssal j\u00e1r\u00f3 folyamat a csal\u00e1dok sz\u00e1m\u00e1ra. Az oszt\u00e1lyos pszichol\u00f3gusoknak kiemelt szerep\u00fck van olyan helyzetekben, mint a vizsg\u00e1latokra \u00e9s beavatkoz\u00e1sokra val\u00f3 felk\u00e9sz\u00fcl\u00e9s, a mell\u00e9khat\u00e1sokkal val\u00f3 megk\u00fczd\u00e9s, vagy az \u00e9letvitel, testk\u00e9p megv\u00e1ltoz\u00e1s\u00e1hoz val\u00f3 alkalmazkod\u00e1s. Ezeken k\u00edv\u00fcl az oszt\u00e1lyokon kezelt betegek sz\u00fclei minden olyan k\u00e9rd\u00e9st, probl\u00e9m\u00e1t jelezhetnek a szakember fel\u00e9, amelyet a beteg gyermekkel, a betegs\u00e9ggel, a kezel\u00e9ssel kapcsolatosan pszichol\u00f3giai vonatkoz\u00e1s\u00fanak \u00e9reznek.<\/span><\/li>\n<\/ul>\n<p>&nbsp;<\/p>\n<ul>\n<li style=\"text-align: justify\"><em style=\"text-align: justify;font-size: 1rem\">G<\/em><em style=\"text-align: justify;font-size: 1rem;font-weight: bold\">yermekneurol\u00f3giai oszt\u00e1lyon<\/em><span style=\"text-align: justify;font-size: 1rem\"> dolgoz\u00f3 klinikai szakpszichol\u00f3gus, Kalm\u00e1rn\u00e9 Rikker Zsuzsanna legink\u00e1bb az epilepszi\u00e1val, a ment\u00e1lis, motoros, pszich\u00e9s fejl\u0151d\u00e9s zavar\u00e1val, fejf\u00e1j\u00e1ssal, valamint kr\u00f3nikus, progressz\u00edv betegs\u00e9gekkel, izombetegs\u00e9gekkel \u00e9rkez\u0151 gyermekeket l\u00e1tja el. A neurol\u00f3giai oszt\u00e1ly egyben izomcentrum is, \u00edgy a pszichol\u00f3giai ell\u00e1t\u00e1s is els\u0151sorban ezek k\u00f6r\u00e9 a betegs\u00e9gcsoportok k\u00f6r\u00e9 \u00f6sszpontosul. A pszichodiagnosztika ezen a ter\u00fcleten a pszich\u00e9s t\u00e9nyez\u0151k felt\u00e9rk\u00e9pez\u00e9s\u00e9hez, az organikus\/funkcion\u00e1lis zavarok differenci\u00e1l\u00e1s\u00e1hoz \u00e9s a sokr\u00e9t\u0171, soksz\u00edn\u0171 t\u00fcnetek h\u00e1tter\u00e9ben gyakran jelen l\u00e9v\u0151 konverzi\u00f3s, szomatiz\u00e1ci\u00f3s zavarok felismer\u00e9s\u00e9hez is n\u00e9lk\u00fcl\u00f6zhetetlen elj\u00e1r\u00e1s.\u00a0 A pszichodiagnosztikai felm\u00e9r\u00e9s kiemelten fontos tov\u00e1bb\u00e1 bizonyos gy\u00f3gyszerek be\u00e1ll\u00edt\u00e1sa el\u0151tt, majd a kezel\u00e9s folyam\u00e1n is a mell\u00e9khat\u00e1sok monitoroz\u00e1sa szempontj\u00e1b\u00f3l. <\/span>A kr\u00f3nikus, progressz\u00edv betegs\u00e9gek (pl. SMA \u2013 spin\u00e1lis izomatr\u00f3fia, DMD \u2013 Duchenne izomdisztr\u00f3fia) nem csak a beteg gyermeknek, hanem a csal\u00e1dnak is rendk\u00edv\u00fcl intenz\u00edv pszich\u00e9s terhel\u00e9st jelentenek. Ezeknek a csal\u00e1doknak a komplex pszichol\u00f3giai ell\u00e1t\u00e1sa rendk\u00edv\u00fcl fontos, \u00edgy kiemelt szerepet kap. Az oszt\u00e1lyon ezeket a csal\u00e1dokat szem\u00e9lyes, egy\u00e9nre szabott pszichol\u00f3gusi konzult\u00e1ci\u00f3k seg\u00edtik.\u00a0A pszichodiagnosztikai vizsg\u00e1latot k\u00f6vet\u0151en, sz\u00fcks\u00e9g eset\u00e9n sor ker\u00fclhet gyermekpszichi\u00e1ter bevon\u00e1s\u00e1ra is, melyet jelenleg m\u00e1s egyetemi klinika szakembere biztos\u00edt konz\u00edlium form\u00e1j\u00e1ban. Indokolt esetben lehet\u0151s\u00e9get biztos\u00edtunk a klinik\u00e1n alappszichoter\u00e1pi\u00e1s ell\u00e1t\u00e1sra is (kr\u00edzisintervenci\u00f3, pszichoter\u00e1pi\u00e1s konzult\u00e1ci\u00f3, szupport\u00edv pszichoter\u00e1pia, autog\u00e9n tr\u00e9ning), ezen k\u00edv\u00fcl az oszt\u00e1lyos pszichol\u00f3gus seg\u00edt megszervezni a gyermekek tov\u00e1bbi pszichoter\u00e1pi\u00e1s ell\u00e1t\u00e1s\u00e1t a ter\u00fcletileg illet\u00e9kes pedag\u00f3giai szakszolg\u00e1latokn\u00e1l.\u00a0<\/li>\n<\/ul>\n<p>&nbsp;<\/p>\n<ul>\n<li style=\"text-align: justify\"><span style=\"font-size: 15pt;text-align: justify\">A klinika t\u00f6bbi\u00a0<\/span><em style=\"font-size: 15pt;text-align: justify\"><b>szomatikus oszt\u00e1ly\u00e1n<\/b><\/em><span style=\"font-size: 15pt;text-align: justify\"> gyakran differenci\u00e1ldiagnosztikai k\u00e9rd\u00e9sek megv\u00e1laszol\u00e1s\u00e1ban seg\u00edt a konz\u00edliumba h\u00edvhat\u00f3 kinikia szakpszichol\u00f3gus, Magyar Emma. A pszichol\u00f3gusok ezeken az oszt\u00e1lyokon seg\u00edthetnek a teamnek eld\u00f6nteni, hogy a szomatikus megjelen\u00e9s\u0171, de ilyen okkal nem, vagy nem teljesen magyar\u00e1zhat\u00f3 t\u00fcnetek (pl. f\u00e1jdalom, h\u00e1ny\u00e1s, hasmen\u00e9s, l\u00e9gz\u00e9si nehez\u00edtetts\u00e9g, t\u00fals\u00faly) h\u00e1tter\u00e9ben \u00a0fenn\u00e1llhatnak-e pszich\u00e9s jelleg\u0171 neh\u00e9zs\u00e9gek. Ennek beigazol\u00f3d\u00e1sa eset\u00e9n, lehet\u0151s\u00e9g van helyben r\u00f6vid alap-pszichoter\u00e1pi\u00e1s ell\u00e1t\u00e1st biztos\u00edtani, vagy sz\u00fcks\u00e9g eset\u00e9n ter\u00fcleti ell\u00e1t\u00f3helyre k\u00fcldeni a beteget. Az itt dolgoz\u00f3 pszichol\u00f3gusok feladata tov\u00e1bb\u00e1, hogy a kr\u00f3nikus betegs\u00e9ggel (pl. diab\u00e9tesz) vagy megv\u00e1ltozott \u00e9letvitellel (pl. JIA \u2013 juvenilis idiop\u00e1ti\u00e1s artritisz) k\u00fczd\u0151 gyermekeket szupport\u00e1lj\u00e1k, \u00e9s a gy\u00f3gykezel\u00e9ssel val\u00f3 egy\u00fcttm\u0171k\u00f6d\u00e9s\u00fcket el\u0151seg\u00edts\u00e9k. A Klinik\u00e1n m\u0171k\u00f6d\u0151 \u00c9letm\u00f3d Ambulancia ingyenes tan\u00e1csad\u00e1ssal v\u00e1rja a t\u00fals\u00falyos, s\u00falyprobl\u00e9m\u00e1val k\u00fczd\u0151 gyermekeket \u00e9s csal\u00e1djaikat. <\/span>A pszichol\u00f3gus team tagjai t\u00f6bb tudom\u00e1nyos munk\u00e1ban, kutat\u00e1sban is akt\u00edvan r\u00e9szt vesznek.<\/li>\n<\/ul>\n<p style=\"text-align: justify\"><strong><span style=\"font-size: 14pt\">Szoci\u00e1lis munka: <\/span><\/strong><span style=\"font-size: 14pt\">a klinikai<\/span> szoci\u00e1lis munk\u00e1s olyan seg\u00edt\u0151 szakember, aki a gy\u00f3gy\u00edt\u00f3 folyamatban r\u00e9sztvev\u0151k seg\u00edts\u00e9g\u00e9vel a k\u00f3rh\u00e1zba ker\u00fcl\u0151 gyermekek \u00e9s csal\u00e1djuk szoci\u00e1lis h\u00e1tter\u00e9t, gondjait t\u00e1rja fel, seg\u00edt ezek megold\u00e1s\u00e1ban. A csal\u00e1dgondoz\u00e1s sor\u00e1n inform\u00e1ci\u00f3t ny\u00fajt \u00e9s t\u00e1j\u00e9koztat\u00e1st ad a k\u00f3rh\u00e1zi \u00e9s m\u00e1s szoci\u00e1lis szolg\u00e1ltat\u00e1sokr\u00f3l, \u00e9s a k\u00f3rh\u00e1zi \u00e1pol\u00e1s alatt figyelemmel k\u00eds\u00e9ri a betegek szoci\u00e1lis helyzet\u00e9t. A seg\u00edt\u0151 szakember tan\u00e1csad\u00e1st (jogi, \u00e9letvezet\u00e9si, szoci\u00e1lis) ny\u00fajt a gyermek \u00e9s csal\u00e1dja r\u00e9sz\u00e9re. Tev\u00e9kenys\u00e9ge sor\u00e1n ell\u00e1tja a betegek szoci\u00e1lis vonatkoz\u00e1s\u00fa \u00e9rdek- \u00e9s jogv\u00e9delm\u00e9t, melynek c\u00e9lja, hogy \u00e9rv\u00e9nyes\u00fclj\u00f6n a &#8222;<em>gyermekek mindenek felett \u00e1ll\u00f3 \u00e9rdeke<\/em>&#8221; alapelv a gyermekek gondoz\u00e1s\u00e1ban, nevel\u00e9s\u00e9ben. A k\u00f3rh\u00e1zi szoci\u00e1lis munk\u00e1t ell\u00e1t\u00f3 szakember \u201e<em>h\u00edd \u2013 funkci\u00f3t<\/em>\u201d l\u00e1t el \u2013 kapcsolat a beteg \u00e9s csal\u00e1dja k\u00f6z\u00f6tt, valamint az eg\u00e9szs\u00e9g\u00fcgyi szakszem\u00e9lyzet \u00e9s a hivatalos szervek k\u00f6z\u00f6tt.<\/p>\n<p style=\"text-align: justify\">A k\u00f3rh\u00e1zi szoci\u00e1lis munka c\u00e9lja a gyermekek vesz\u00e9lyeztetetts\u00e9g\u00e9nek megel\u0151z\u00e9se, kiszolg\u00e1ltatott helyzet eset\u00e9n, annak elh\u00e1r\u00edt\u00e1s\u00e1ban val\u00f3 k\u00f6zrem\u0171k\u00f6d\u00e9s, mely sor\u00e1n seg\u00edti a sz\u00fcl\u0151ket olyan lehet\u0151s\u00e9gek felkutat\u00e1s\u00e1ban, melyekkel a gyermek vesz\u00e9lyeztetetts\u00e9ge m\u00e9rs\u00e9kelhet\u0151, megsz\u00fcntethet\u0151, \u00e9s amelyeket ig\u00e9nybe v\u00e9ve, elker\u00fclhet\u0151 a gyermek kiemel\u00e9se megszokott csal\u00e1di k\u00f6rnyezet\u00e9b\u0151l.<\/p>\n","protected":false},"excerpt":{"rendered":"<p>Pszichol\u00f3giai team tagjai:\u00a0 Kalm\u00e1rn\u00e9 Rikker Zsuzsanna \u2013 klinikai szakpszichol\u00f3gus, munkacsoport-vezet\u0151, Bag\u00f3 Gy\u00f6rgy \u2013\u00a0klinikai szakpszichol\u00f3gus, Dam\u00f3 Eszter \u2013 klinikai szakpszichol\u00f3gus, \u00a0Magyar Emma \u2013\u00a0klinikai szakpszichol\u00f3gus, \u00a0J\u00e1nos J\u00falia &#8211; klinikai szakpszichol\u00f3gus (tart\u00f3san t\u00e1vol), 1 f\u0151 klinikai szakpszichol\u00f3gus jel\u00f6lt\u00a0 Diplom\u00e1s foglalkoztat\u00f3: Mina Katalin Szoci\u00e1lis munk\u00e1s: Kiss Ildik\u00f3 Pszichol\u00f3giai munkacsoport A SE Gyermekgy\u00f3gy\u00e1szati Klinik\u00e1n foly\u00f3 gy\u00f3gy\u00edt\u00f3 munk\u00e1t az ell\u00e1t\u00e1s minden &hellip;<\/p>\n","protected":false},"author":158,"featured_media":0,"parent":1570,"menu_order":0,"comment_status":"closed","ping_status":"closed","template":"","meta":{"_acf_changed":false,"footnotes":""},"categories":[],"tags":[],"class_list":["post-273","page","type-page","status-publish","hentry"],"acf":[],"_links":{"self":[{"href":"https:\/\/semmelweis.hu\/tuzoltoklinika\/wp-json\/wp\/v2\/pages\/273","targetHints":{"allow":["GET"]}}],"collection":[{"href":"https:\/\/semmelweis.hu\/tuzoltoklinika\/wp-json\/wp\/v2\/pages"}],"about":[{"href":"https:\/\/semmelweis.hu\/tuzoltoklinika\/wp-json\/wp\/v2\/types\/page"}],"author":[{"embeddable":true,"href":"https:\/\/semmelweis.hu\/tuzoltoklinika\/wp-json\/wp\/v2\/users\/158"}],"replies":[{"embeddable":true,"href":"https:\/\/semmelweis.hu\/tuzoltoklinika\/wp-json\/wp\/v2\/comments?post=273"}],"version-history":[{"count":10,"href":"https:\/\/semmelweis.hu\/tuzoltoklinika\/wp-json\/wp\/v2\/pages\/273\/revisions"}],"predecessor-version":[{"id":12053,"href":"https:\/\/semmelweis.hu\/tuzoltoklinika\/wp-json\/wp\/v2\/pages\/273\/revisions\/12053"}],"up":[{"embeddable":true,"href":"https:\/\/semmelweis.hu\/tuzoltoklinika\/wp-json\/wp\/v2\/pages\/1570"}],"wp:attachment":[{"href":"https:\/\/semmelweis.hu\/tuzoltoklinika\/wp-json\/wp\/v2\/media?parent=273"}],"wp:term":[{"taxonomy":"category","embeddable":true,"href":"https:\/\/semmelweis.hu\/tuzoltoklinika\/wp-json\/wp\/v2\/categories?post=273"},{"taxonomy":"post_tag","embeddable":true,"href":"https:\/\/semmelweis.hu\/tuzoltoklinika\/wp-json\/wp\/v2\/tags?post=273"}],"curies":[{"name":"wp","href":"https:\/\/api.w.org\/{rel}","templated":true}]}}