{"id":271,"date":"2013-02-08T11:18:09","date_gmt":"2013-02-08T10:18:09","guid":{"rendered":"http:\/\/tuzoltoklinika.semmelweis.hu\/?page_id=271"},"modified":"2026-03-04T09:07:33","modified_gmt":"2026-03-04T08:07:33","slug":"hipertonia-reszleg","status":"publish","type":"page","link":"https:\/\/semmelweis.hu\/tuzoltoklinika\/betegellatas\/diagnosztikai-reszlegek\/hipertonia-reszleg\/","title":{"rendered":"Hipert\u00f3nia R\u00e9szleg"},"content":{"rendered":"<h2>Hypertonia, Obesitol\u00f3gia, Zs\u00edranyagcsere-ambulancia<\/h2>\n<div class=\"keretes w-100\">\n<p><strong>Vezet\u0151 orvos:<\/strong> Prof. Dr. Szab\u00f3 Andr\u00e1s<\/p>\n<p><strong>A munkacsoport tagjai:<br \/>\n<\/strong>Dr. Sallai \u00c1gnes, egyetemi docens<br \/>\nDr. G\u00e1cs Zs\u00f3fia, egyetemi tan\u00e1rseg\u00e9d<br \/>\nDr. Kem\u00e9ny Vikt\u00f3ria, egyetemi tan\u00e1rseg\u00e9d<\/p>\n<\/div>\n<h3>El\u0151jegyz\u00e9s:<\/h3>\n<p><strong><a href=\"mailto:rajos.boglarka@semmelweis.hu\">rajos.boglarka@semmelweis.hu<\/a><\/strong> vagy <strong><a href=\"mailto:szabo.andras@semmelweis.hu\">szabo.andras@semmelweis.hu<\/a><\/strong> e-mail c\u00edmen<\/p>\n<h3>Rendel\u00e9si id\u0151:<\/h3>\n<table style=\"border-collapse: collapse;width: 100%\">\n<tbody>\n<tr>\n<td style=\"width: 33.3333%\">KEDD<\/td>\n<td style=\"width: 33.3333%\" rowspan=\"2\">09:30 &#8211; 12:00<\/td>\n<td style=\"width: 33.3333%\" rowspan=\"2\">Prof. Dr. Szab\u00f3 Andr\u00e1s<\/td>\n<\/tr>\n<tr>\n<td style=\"width: 33.3333%\">CS\u00dcT\u00d6RT\u00d6K<\/td>\n<\/tr>\n<\/tbody>\n<\/table>\n<p>A klinika hipert\u00f3nia-\u00e9s zs\u00edranyagcsere r\u00e9szlege 1983 \u00f3ta foglalkozik a fiatal feln\u0151ttkori \u00e9relmeszesed\u00e9s gyermek- \u00e9s serd\u00fcl\u0151kori megel\u0151z\u00e9s\u00e9vel. Jelenleg az alapell\u00e1t\u00e1ssal k\u00f6z\u00f6sen mintegy 1500 vesz\u00e9lyeztetett gyermeket \u00e9s serd\u00fcl\u0151t gondozunk, akik sz\u00fclein\u00e9l, nagysz\u00fclein\u00e9l korai sz\u00edvizominfarktus \u00e9s\/vagy magas v\u00e9rnyom\u00e1s fordult el\u0151, illetve akikn\u00e9l az iskolaorvosi, vagy h\u00e1ziorvosi sz\u0171r\u0151vizsg\u00e1lat magas v\u00e9rnyom\u00e1st \u00e9s\/vagy t\u00fals\u00falyt tal\u00e1lt \u00e9s az emiatt v\u00e9gzett vizsg\u00e1lat sor\u00e1n a hipert\u00f3nia, illetve a zs\u00edr- sz\u00e9nhidr\u00e1t anyagcserezavar (matabolikus szindr\u00f3ma) igazol\u00f3dott. A r\u00e9szleg \u00e9vente mintegy ezer gyermeket l\u00e1t el f\u0151leg a hypertonia- anyagcsere ambulanci\u00e1n, illetve sz\u00fcks\u00e9g eset\u00e9n oszt\u00e1lyon kezelt betegk\u00e9nt. A kardiovascul\u00e1ris megbeteged\u00e9sre hajlamos gyermekeken \u00e9s serd\u00fcl\u0151k\u00f6n k\u00edv\u00fcl, v\u00e1llalja a fejf\u00e1j\u00e1s miatt, vagy endokrin betegs\u00e9g gyan\u00faj\u00e1val jelentkez\u0151 gyermekek ambul\u00e1ns kivizsg\u00e1l\u00e1s\u00e1t is. A r\u00e9szleg, mint a Magyar Atherosclerosis T\u00e1rsas\u00e1g Orsz\u00e1gos Gyermekgy\u00f3gy\u00e1szati Zs\u00edranyagcsere K\u00f6zpontja, szervezi haz\u00e1nkban a gyermek lipid ambulanci\u00e1k munk\u00e1j\u00e1t is.\u00a0\u00a0<\/p>\n<p><strong>Tudom\u00e1nyos munka:<\/strong><\/p>\n<ul>\n<li>A gyermekek alacsony sz\u00e9rum HDL- koleszterinszintj\u00e9nek jelent\u0151s\u00e9ge a korai atherosclerosis kialakul\u00e1s\u00e1ban<\/li>\n<li>A metabolicussyndroma gyermekkorban<\/li>\n<li>A nem alkoholos m\u00e1jelzs\u00edrosod\u00e1s, mint a gyermekkori metabolicussyndroma r\u00e9sze<\/li>\n<li>A gyermekkori familiarishypercholesterinaemia kezel\u00e9si elvei<\/li>\n<li>D vitamin hi\u00e1ny szerepe a kr\u00f3nikus betegs\u00e9gek kialakul\u00e1s\u00e1ban<\/li>\n<\/ul>\n<p><strong>A Hypert\u00f3nia &#8211; zs\u00edranyagcsere r\u00e9szleg kapcsolatai:<\/strong><\/p>\n<ul>\n<li>\u00c1NTSZ Budapesti Szervezete, a f\u0151v\u00e1ros ker\u00fcleteinek vezet\u0151 v\u00e9d\u0151n\u0151i<\/li>\n<li>Semmelweis Egyetem \u00c1OK III. Belklinika<\/li>\n<li>Semmelweis Egyetem Genetikai, Sejt- \u00e9s Immunbiol\u00f3giai Int\u00e9zet<\/li>\n<li>Magyar Atherosclerosis T\u00e1rsas\u00e1g gyermek lipid k\u00f6zpontjai<\/li>\n<\/ul>\n<p><strong>K\u00fclf\u00f6ldi kapcsolatok:<\/strong><\/p>\n<ul>\n<li>European Reference Network CPMS<\/li>\n<li>Zentrumf\u00fcr Kinder und Jugenmedizin Carl Ruprecht Universit\u00e4t Heidelberg<\/li>\n<li>Allgemeines Krankenhaus Wien, Kinderspital<\/li>\n<li>American College of Nutrition, USA<\/li>\n<li><span style=\"font-size: 1rem\">International Group for the Prevention of Atherosclerosisin Childhood<\/span><\/li>\n<\/ul>\n","protected":false},"excerpt":{"rendered":"<p>Hypertonia, Obesitol\u00f3gia, Zs\u00edranyagcsere-ambulancia Vezet\u0151 orvos: Prof. Dr. Szab\u00f3 Andr\u00e1s A munkacsoport tagjai: Dr. Sallai \u00c1gnes, egyetemi docens Dr. G\u00e1cs Zs\u00f3fia, egyetemi tan\u00e1rseg\u00e9d Dr. Kem\u00e9ny Vikt\u00f3ria, egyetemi tan\u00e1rseg\u00e9d El\u0151jegyz\u00e9s: <a href=\"mailto:rajos.boglarka@semmelweis.hu\">rajos.boglarka@semmelweis.hu<\/a> vagy <a href=\"mailto:szabo.andras@semmelweis.hu\">szabo.andras@semmelweis.hu<\/a> e-mail c\u00edmen Rendel\u00e9si id\u0151: KEDD 09:30 &#8211; 12:00 Prof. Dr. Szab\u00f3 Andr\u00e1s CS\u00dcT\u00d6RT\u00d6K A klinika hipert\u00f3nia-\u00e9s zs\u00edranyagcsere r\u00e9szlege 1983 \u00f3ta foglalkozik a fiatal feln\u0151ttkori \u00e9relmeszesed\u00e9s gyermek- &hellip;<\/p>\n","protected":false},"author":158,"featured_media":0,"parent":1570,"menu_order":0,"comment_status":"closed","ping_status":"closed","template":"","meta":{"_acf_changed":false,"footnotes":""},"categories":[],"tags":[],"class_list":["post-271","page","type-page","status-publish","hentry"],"acf":[],"_links":{"self":[{"href":"https:\/\/semmelweis.hu\/tuzoltoklinika\/wp-json\/wp\/v2\/pages\/271","targetHints":{"allow":["GET"]}}],"collection":[{"href":"https:\/\/semmelweis.hu\/tuzoltoklinika\/wp-json\/wp\/v2\/pages"}],"about":[{"href":"https:\/\/semmelweis.hu\/tuzoltoklinika\/wp-json\/wp\/v2\/types\/page"}],"author":[{"embeddable":true,"href":"https:\/\/semmelweis.hu\/tuzoltoklinika\/wp-json\/wp\/v2\/users\/158"}],"replies":[{"embeddable":true,"href":"https:\/\/semmelweis.hu\/tuzoltoklinika\/wp-json\/wp\/v2\/comments?post=271"}],"version-history":[{"count":10,"href":"https:\/\/semmelweis.hu\/tuzoltoklinika\/wp-json\/wp\/v2\/pages\/271\/revisions"}],"predecessor-version":[{"id":12103,"href":"https:\/\/semmelweis.hu\/tuzoltoklinika\/wp-json\/wp\/v2\/pages\/271\/revisions\/12103"}],"up":[{"embeddable":true,"href":"https:\/\/semmelweis.hu\/tuzoltoklinika\/wp-json\/wp\/v2\/pages\/1570"}],"wp:attachment":[{"href":"https:\/\/semmelweis.hu\/tuzoltoklinika\/wp-json\/wp\/v2\/media?parent=271"}],"wp:term":[{"taxonomy":"category","embeddable":true,"href":"https:\/\/semmelweis.hu\/tuzoltoklinika\/wp-json\/wp\/v2\/categories?post=271"},{"taxonomy":"post_tag","embeddable":true,"href":"https:\/\/semmelweis.hu\/tuzoltoklinika\/wp-json\/wp\/v2\/tags?post=271"}],"curies":[{"name":"wp","href":"https:\/\/api.w.org\/{rel}","templated":true}]}}