{"id":2690,"date":"2016-02-17T12:02:23","date_gmt":"2016-02-17T11:02:23","guid":{"rendered":"http:\/\/tuzoltoklinika.semmelweis.hu\/?page_id=2690"},"modified":"2022-05-20T11:47:37","modified_gmt":"2022-05-20T09:47:37","slug":"kutatolabor","status":"publish","type":"page","link":"https:\/\/semmelweis.hu\/tuzoltoklinika\/kutatas\/kutatolabor\/","title":{"rendered":"Kutat\u00f3labor"},"content":{"rendered":"<p><strong>Laborvezet\u0151: <\/strong>Prof. Dr. Gy\u0151rffy Bal\u00e1zs, Bioinformatikai Tansz\u00e9k, tansz\u00e9kvezet\u0151, egyetemi tan\u00e1r, az MTA doktora<\/p>\n<p><strong>\u00a0<\/strong><strong>Bionika Program: <\/strong><\/p>\n<ul>\n<li>Dr. Menyh\u00e1rt Ot\u00edlia, <em>tud.mts.<\/em><\/li>\n<li>Dr. Ligeti Bal\u00e1zs, <em>tud.mts.<\/em><\/li>\n<li>Dr. Sz\u00e1sz A. Marcell, <em>tud.mts.<\/em><\/li>\n<\/ul>\n<p><strong>Szekven\u00e1l\u00f3 labor:<\/strong><\/p>\n<ul>\n<li>Dr. Munk\u00e1csy Gy\u00f6ngyi, <em>tud.mts.<\/em><\/li>\n<li>Nagy \u00c1d\u00e1m, <em>tud.smts<\/em><\/li>\n<\/ul>\n<p><strong>Bioinformatika:<\/strong><\/p>\n<ul>\n<li>Dr. Bartha \u00c1ron, <em>PhD hallgat\u00f3<\/em><\/li>\n<li>Fekete J\u00e1nos, <em>tud.smts<\/em><\/li>\n<li>L\u00e1nczky Andr\u00e1s, <em>bioinformatikus<\/em><\/li>\n<li>Dr. Pongor L\u0151rinc, <em>bioinformatikus<\/em><\/li>\n<\/ul>\n<p><strong>Sejtkult\u00fara labor:<\/strong><\/p>\n<ul>\n<li>Asz\u00f3di Bogl\u00e1rka, <em>asszisztens<\/em><\/li>\n<\/ul>\n<p><strong>Zebrahal labor:<\/strong><\/p>\n<ul>\n<li>Vajda R\u00e9ka, <em>asszisztens<\/em><\/li>\n<li>Somodi Csenge,<em> tud. smts.<\/em><\/li>\n<\/ul>\n<p><strong>Di\u00e1kk\u00f6r\u00f6s hallgat\u00f3:<\/strong><\/p>\n<ul>\n<li>Harai N\u00f3ra (BME)<\/li>\n<li>Nov\u00e1k Berenik\u00e9 (PPKE)<\/li>\n<li>Tak\u00e1cs \u00c1kos (BME)<\/li>\n<li>Welker \u00c1gnes (PPKE)<\/li>\n<\/ul>\n<div>\u00a0<\/div>\n<p style=\"text-align: justify\">Kutat\u00e1saink sor\u00e1n a f\u00f3kusz a rosszindulat\u00fa daganatos betegs\u00e9gek experiment\u00e1lis \u00e9s bioinformatikai vizsg\u00e1lata. Kiemelt c\u00e9l olyan transzl\u00e1ci\u00f3s projektek futtat\u00e1sa, amelyekben genetikai adatokat (mut\u00e1ci\u00f3s, g\u00e9nexpresszi\u00f3) kapcsolunk \u00f6ssze klinikai kimenettel. Egyes kiemelt g\u00e9nek driver szerep\u00e9t sejtkult\u00far\u00e1s k\u00eds\u00e9rletekben igazoljuk. A laborban alapvet\u0151 experiment\u00e1lis molekul\u00e1ris genetikai m\u00f3dszerek (sejtkult\u00fara, zebrahal, PCR, FACS, DNS-chip, stb.) mellett tumoros mint\u00e1kat tartalmaz\u00f3 biobankot \u00e9s sejtkult\u00fara-bankot is \u00e9p\u00edt\u00fcnk. A kutat\u00f3labor \u00e1ltal 2016-2019 sor\u00e1n k\u00f6z\u00f6lt 118 k\u00f6zlem\u00e9ny \u00f6sszes\u00edtett impakt faktora 710,7 volt.<br \/>\n\u00a0\u00a0<br \/>\n<strong>Tudom\u00e1nyos t\u00e9m\u00e1k:<\/strong><\/p>\n<ol style=\"text-align: justify\">\n<li>Rossz progn\u00f3zis\u00fa gyermekkori k\u00f6zponti idegrendszeri daganatok vizsg\u00e1lata<\/li>\n<li>A TP53 mut\u00e1ci\u00f3val kapcsolatba hozhat\u00f3 kin\u00e1zok c\u00e9lzott g\u00e1tl\u00e1sa szolid tumorokban sejtkult\u00far\u00e1s k\u00eds\u00e9rletekben<\/li>\n<li>K\u00f6vetkez\u0151 gener\u00e1ci\u00f3s szekven\u00e1l\u00e1si adatok feldolgoz\u00e1sa a gyermekkori obesitaspathogenezis\u00e9nek meg\u00e9rt\u00e9s\u00e9hez<\/li>\n<li>Transzkriptom alap\u00fa t\u00fal\u00e9l\u00e9st el\u0151rejelz\u0151 algoritmusok fejleszt\u00e9se feln\u0151ttkori tumorokban (eml\u0151, petef\u00e9szek, t\u00fcd\u0151, colon, melanoma)<\/li>\n<li>Az off-target hat\u00e1sok ter\u00e1pi\u00e1s kihaszn\u00e1l\u00e1sa gy\u00f3gyszer-szinergia er\u0151s\u00edt\u00e9s\u00e9re<\/li>\n<li>Xenograft modellek alkalmaz\u00e1sa zebrahal k\u00eds\u00e9rleti rendszerben<\/li>\n<\/ol>\n<p style=\"text-align: justify\"><strong>Akt\u00edv nemzetk\u00f6zi egy\u00fcttm\u0171k\u00f6d\u00e9sek:<\/strong><\/p>\n<ul style=\"text-align: justify\">\n<li>Luca Magnani (London, Egyes\u00fclt Kir\u00e1lys\u00e1g)<\/li>\n<li>Reinhold Sch\u00e4fer (Berlin, N\u00e9metorsz\u00e1g)<\/li>\n<li>SaraswatiSukumar (Baltimore, USA)<\/li>\n<li>Libero Santarpia (Mil\u00e1n\u00f3, Olaszorsz\u00e1g)<\/li>\n<li>Igor Roninson (South Carolina, USA)<\/li>\n<li>YatrikShah (Michigan, USA)<\/li>\n<li>Antonio Postigo (Barcelona, Spanyolorsz\u00e1g)<\/li>\n<li>Junbao Fan (San Diego, USA)<\/li>\n<li>Pusztai Lajos (Yale Egyetem, USA)<\/li>\n<li>SophiaChernikova (Stanfordi Egyetem, USA)<\/li>\n<li>MathieuLupien (Kanada)<\/li>\n<li>KhalidKhabar (Szaud-Ar\u00e1bia)<\/li>\n<li>TakayukiIwamoto (Jap\u00e1n)<\/li>\n<li>YongHan (Peking, K\u00edna)<\/li>\n<li>Irina Nazarenko (Freiburg, N\u00e9metorsz\u00e1g)<\/li>\n<li>Jan Budczies (Berlin, N\u00e9metorsz\u00e1g)<\/li>\n<li>Thomas Karn (Frankfurt, N\u00e9metorsz\u00e1g)<\/li>\n<li>Michael Lisanti (Manchester, Egyes\u00fclt Kir\u00e1lys\u00e1g)<\/li>\n<li>Simak Ali (London, Egyes\u00fclt Kir\u00e1lys\u00e1g)<\/li>\n<li>Pascale Cohen (Lyon, Franciaorsz\u00e1g)<\/li>\n<li>Michel Aguet (Sv\u00e1jc)<\/li>\n<li>Sebastian Sch\u00f6lch (Drezda, N\u00e9metorsz\u00e1g)<\/li>\n<li>InesBarone (Calabria, Olaszorsz\u00e1g)<\/li>\n<\/ul>\n<p style=\"text-align: justify\"><strong>A kutat\u00e1sokat anyagilag t\u00e1mogatja:<\/strong><\/p>\n<ul>\n<li style=\"text-align: justify\">NKFIH<\/li>\n<li style=\"text-align: justify\">Nemzeti Bionika Program<\/li>\n<li style=\"text-align: justify\">\u0150rz\u0151k alap\u00edtv\u00e1ny<\/li>\n<\/ul>\n","protected":false},"excerpt":{"rendered":"<p>Laborvezet\u0151: Prof. Dr. Gy\u0151rffy Bal\u00e1zs, Bioinformatikai Tansz\u00e9k, tansz\u00e9kvezet\u0151, egyetemi tan\u00e1r, az MTA doktora \u00a0Bionika Program: Dr. Menyh\u00e1rt Ot\u00edlia, tud.mts. Dr. Ligeti Bal\u00e1zs, tud.mts. Dr. Sz\u00e1sz A. Marcell, tud.mts. Szekven\u00e1l\u00f3 labor: Dr. Munk\u00e1csy Gy\u00f6ngyi, tud.mts. Nagy \u00c1d\u00e1m, tud.smts Bioinformatika: Dr. Bartha \u00c1ron, PhD hallgat\u00f3 Fekete J\u00e1nos, tud.smts L\u00e1nczky Andr\u00e1s, bioinformatikus Dr. Pongor L\u0151rinc, bioinformatikus Sejtkult\u00fara labor: &hellip;<\/p>\n","protected":false},"author":158,"featured_media":0,"parent":7131,"menu_order":1,"comment_status":"closed","ping_status":"closed","template":"","meta":{"_acf_changed":false,"footnotes":""},"categories":[],"tags":[],"class_list":["post-2690","page","type-page","status-publish","hentry"],"acf":[],"_links":{"self":[{"href":"https:\/\/semmelweis.hu\/tuzoltoklinika\/wp-json\/wp\/v2\/pages\/2690","targetHints":{"allow":["GET"]}}],"collection":[{"href":"https:\/\/semmelweis.hu\/tuzoltoklinika\/wp-json\/wp\/v2\/pages"}],"about":[{"href":"https:\/\/semmelweis.hu\/tuzoltoklinika\/wp-json\/wp\/v2\/types\/page"}],"author":[{"embeddable":true,"href":"https:\/\/semmelweis.hu\/tuzoltoklinika\/wp-json\/wp\/v2\/users\/158"}],"replies":[{"embeddable":true,"href":"https:\/\/semmelweis.hu\/tuzoltoklinika\/wp-json\/wp\/v2\/comments?post=2690"}],"version-history":[{"count":7,"href":"https:\/\/semmelweis.hu\/tuzoltoklinika\/wp-json\/wp\/v2\/pages\/2690\/revisions"}],"predecessor-version":[{"id":8197,"href":"https:\/\/semmelweis.hu\/tuzoltoklinika\/wp-json\/wp\/v2\/pages\/2690\/revisions\/8197"}],"up":[{"embeddable":true,"href":"https:\/\/semmelweis.hu\/tuzoltoklinika\/wp-json\/wp\/v2\/pages\/7131"}],"wp:attachment":[{"href":"https:\/\/semmelweis.hu\/tuzoltoklinika\/wp-json\/wp\/v2\/media?parent=2690"}],"wp:term":[{"taxonomy":"category","embeddable":true,"href":"https:\/\/semmelweis.hu\/tuzoltoklinika\/wp-json\/wp\/v2\/categories?post=2690"},{"taxonomy":"post_tag","embeddable":true,"href":"https:\/\/semmelweis.hu\/tuzoltoklinika\/wp-json\/wp\/v2\/tags?post=2690"}],"curies":[{"name":"wp","href":"https:\/\/api.w.org\/{rel}","templated":true}]}}