{"id":260,"date":"2013-02-08T11:14:16","date_gmt":"2013-02-08T10:14:16","guid":{"rendered":"http:\/\/tuzoltoklinika.semmelweis.hu\/?page_id=260"},"modified":"2025-10-27T08:47:21","modified_gmt":"2025-10-27T07:47:21","slug":"reumatologia-immunologia","status":"publish","type":"page","link":"https:\/\/semmelweis.hu\/tuzoltoklinika\/betegellatas\/ambulanciak-es-fekvobeteg-osztalyaink\/reumatologia-immunologia\/","title":{"rendered":"Reumatol\u00f3gia"},"content":{"rendered":"<div class=\"keretes w-100\">\n<p style=\"text-align: center\"><strong>Bejelentkez\u00e9s:<\/strong><\/p>\n<p style=\"text-align: center\">h\u00e9tf\u0151t\u0151l-p\u00e9ntekig 08:00-09:00 \u00f3ra k\u00f6z\u00f6tt a <span style=\"color: #ff0000\"><strong>06-20\/825-9306<\/strong><\/span> telefonsz\u00e1mon, illetve a<br \/>\n<strong><span style=\"color: #ff0000\">gyermekreumatologia@gyerekklinika.com<\/span>\u00a0<\/strong>e-mail c\u00edmen<\/p>\n<\/div>\n<p>&nbsp;<\/p>\n<table style=\"border-collapse: collapse;width: 91.4221%\">\n<tbody>\n<tr>\n<td style=\"width: 18.5854%;text-align: center\"><strong>H\u00c9TF\u0150<\/strong><\/td>\n<td style=\"width: 34.0105%;text-align: center\"><strong>09:00-13:00<\/strong><\/td>\n<td style=\"width: 38.8261%;text-align: center\"><strong>Dr. Constantin Tam\u00e1s<\/strong><\/td>\n<\/tr>\n<\/tbody>\n<\/table>\n<p>&nbsp;<\/p>\n<p>&nbsp;<\/p>\n<p>&nbsp;<\/p>\n<table style=\"border-collapse: collapse;width: 91.4974%\">\n<tbody>\n<tr>\n<td style=\"width: 27.088%\">\u00a0<strong>Oszt\u00e1lyvezet\u0151<\/strong><\/td>\n<td style=\"width: 39.5786%\">\u00a0Dr. Constantin Tam\u00e1s<\/td>\n<td style=\"width: 24.8307%\">\u00a0egyetemi docens<\/td>\n<\/tr>\n<\/tbody>\n<\/table>\n<p>&nbsp;<\/p>\n<table style=\"border-collapse: collapse;width: 91.8736%\">\n<tbody>\n<tr>\n<td style=\"width: 27.4642%\" rowspan=\"3\">\u00a0<strong>Oszt\u00e1ly orvosai<\/strong><\/td>\n<td style=\"width: 39.2024%\">\u00a0Dr. Ponyi Andrea<\/td>\n<td style=\"width: 25.2069%\">\u00a0Ph.D, egyetemi adjunktus<\/td>\n<\/tr>\n<tr>\n<td style=\"width: 39.2024%\">\u00a0Dr. Garan Di\u00e1na<\/td>\n<td style=\"width: 25.2069%\">\u00a0egyetemi tan\u00e1rseg\u00e9d<\/td>\n<\/tr>\n<tr>\n<td style=\"width: 39.2024%\">\u00a0Dr. Horv\u00e1th Zsuzsanna<\/td>\n<td style=\"width: 25.2069%\">\u00a0egyetemi tan\u00e1rseg\u00e9d \u00a0<\/td>\n<\/tr>\n<\/tbody>\n<\/table>\n<p>&nbsp;<\/p>\n<table style=\"border-collapse: collapse;width: 92.1746%\">\n<tbody>\n<tr>\n<td style=\"width: 32.7384%;text-align: left\"><strong>\u00a0Mb. oszt\u00e1lyvezet\u0151 f\u0151n\u0151v\u00e9r<\/strong><\/td>\n<td style=\"width: 33.9282%\">\u00a0Vend\u00e9gh Marianna<\/td>\n<td style=\"width: 25.5079%\">\u00a0egyetemi okleveles \u00e1pol\u00f3<\/td>\n<\/tr>\n<\/tbody>\n<\/table>\n<p>&nbsp;<\/p>\n<p>Az oszt\u00e1lyon reumatol\u00f3giai betegs\u00e9gben szenved\u0151 gyermekek ell\u00e1t\u00e1s\u00e1t v\u00e9gzik.<\/p>\n<p style=\"text-align: justify\">A jelenlegi oszt\u00e1ly el\u0151dje a Nefrol\u00f3gia \u00e9s Csecsem\u0151gy\u00f3gy\u00e1szati Oszt\u00e1ly volt. A nefrol\u00f3giai betegell\u00e1t\u00e1s mellett, Dr. Constantin Tam\u00e1s kezdte meg a gyermekreumatol\u00f3giai ell\u00e1t\u00e1s alapjainak megteremt\u00e9s\u00e9t. Munk\u00e1j\u00e1nak k\u00f6sz\u00f6nhet\u0151en m\u00e1r 2005-ben elnyerte a Wyeth \u00e1ltal alap\u00edtott \u00e9s egy f\u00fcggetlen szakmai gr\u00e9mium \u00e1ltal oda\u00edt\u00e9lt \u201eGyermekreumatol\u00f3gia halad\u00e1s\u00e1\u00e9rt\u201d d\u00edjat. \u00cdgy a Semmelweis Egyetemen megteremt\u0151d\u00f6tt a gyermekreumatol\u00f3giai ell\u00e1t\u00e1s valamennyi szakmai felt\u00e9tele.<\/p>\n<p style=\"text-align: justify\">A munkacsoporthoz Dr. Ponyi Andrea, majd kis id\u0151 m\u00falva, Dr. Garan Di\u00e1na csatlakozott. Jelenleg oszt\u00e1lyunk biztos\u00edtja a nagy forgalm\u00fa reumatol\u00f3gia ambulancia betegeinek fekv\u0151beteg h\u00e1tter\u00e9t. Oszt\u00e1lyunkon kezelj\u00fck az akt\u00edv szervi \u00e9rintetts\u00e9ggel j\u00e1r\u00f3 kollagenosisokat (sziszt\u00e9m\u00e1s autoimmun betegs\u00e9geket), itt v\u00e9gezz\u00fck az \u00edz\u00fcleti punkci\u00f3kat, illetve az inf\u00fazi\u00f3s kezel\u00e9seket.<\/p>\n<p style=\"text-align: justify\">A munkacsoport a betegell\u00e1t\u00e1s mellett akt\u00edvan r\u00e9szt vesz a gyermekreumatol\u00f3giai szakk\u00e9pz\u00e9s felt\u00e9teleinek kidolgoz\u00e1s\u00e1ban, kiterjedt tudom\u00e1nyos kutat\u00e1si tev\u00e9kenys\u00e9get folytat \u00e9s sz\u00e1mos klinikai gy\u00f3gyszer-kipr\u00f3b\u00e1l\u00e1si vizsg\u00e1latban is akt\u00edvan k\u00e9pviselteti mag\u00e1t. A szem\u00e9lyi felt\u00e9telek fejleszt\u00e9se mellett igen jelent\u0151s t\u00e1rgyi beruh\u00e1z\u00e1sok t\u00f6rt\u00e9ntek az elm\u00falt \u00e9vekben. 2007 \u00e9s 2008 sor\u00e1n az oszt\u00e1ly \u00faj, t\u00e1gas k\u00f3rtermeket kapott, a r\u00e9szleget pedig teljesen fel\u00faj\u00edtottuk. Jelenleg b\u00fcszk\u00e9n \u00e1ll\u00edthatjuk, hogy oszt\u00e1lyunk az egyik legmodernebb gyermekgy\u00f3gy\u00e1szati oszt\u00e1ly Budapesten. 2013-ban a Reumatol\u00f3giai Ambulancia is teljesk\u00f6r\u0171 fel\u00faj\u00edt\u00e1son esett \u00e1t. Igyeksz\u00fcnk az ambul\u00e1ns forgalmat g\u00f6rd\u00fcl\u00e9kenny\u00e9 tenni, melyben a modern informatikai \u00e9s betegh\u00edv\u00f3 rendszer ki\u00e9p\u00edt\u00e9se nagy seg\u00edts\u00e9g\u00fcnkre van, a betegek v\u00e1rakoz\u00e1si idej\u00e9t siker\u00fclt elfogadhat\u00f3 szintre siker\u00fclt lecs\u00f6kkenteni. 2013-t\u00f3l r\u00e9szleg\u00fcnk mint <a href=\"https:\/\/semmelweis.hu\/hirek\/2013\/10\/11\/izuleti-betegek-vilagnapja-atadtak-az-elso-hazai-gyermekreumatologiai-biologiai-terapias-centrumot\/\" target=\"_blank\" rel=\"noopener\">biol\u00f3giai ter\u00e1pi\u00e1s centrum<\/a> is m\u0171k\u00f6dik, juvenilis idiopathias arthritis (gyermekkori kr\u00f3nikus \u00edz\u00fcleti gyullad\u00e1s) kezel\u00e9se sor\u00e1n a biol\u00f3giai ter\u00e1pi\u00e1kat az \u00fan. t\u00e9teles finansz\u00edroz\u00e1s keretei k\u00f6z\u00f6tt alkalmazhatjuk. <br \/>\nR\u00e9szleg\u00fcnk az els\u0151 biol\u00f3giai ter\u00e1pi\u00e1s centrum Magyarorsz\u00e1gon, amely gyermekeg\u00e9szs\u00e9g\u00fcgyi int\u00e9zm\u00e9nyben m\u0171k\u00f6dik.<\/p>\n<p>\n<\/p>\n<p style=\"text-align: justify\">\u00a0<\/p>\n<p style=\"text-align: justify\">\u00a0<\/p>\n","protected":false},"excerpt":{"rendered":"<p>Bejelentkez\u00e9s: h\u00e9tf\u0151t\u0151l-p\u00e9ntekig 08:00-09:00 \u00f3ra k\u00f6z\u00f6tt a 06-20\/825-9306 telefonsz\u00e1mon, illetve a gyermekreumatologia@gyerekklinika.com\u00a0e-mail c\u00edmen &nbsp; H\u00c9TF\u0150 09:00-13:00 Dr. Constantin Tam\u00e1s &nbsp; &nbsp; &nbsp; \u00a0Oszt\u00e1lyvezet\u0151 \u00a0Dr. Constantin Tam\u00e1s \u00a0egyetemi docens &nbsp; \u00a0Oszt\u00e1ly orvosai \u00a0Dr. Ponyi Andrea \u00a0Ph.D, egyetemi adjunktus \u00a0Dr. Garan Di\u00e1na \u00a0egyetemi tan\u00e1rseg\u00e9d \u00a0Dr. Horv\u00e1th Zsuzsanna \u00a0egyetemi tan\u00e1rseg\u00e9d \u00a0 &nbsp; \u00a0Mb. oszt\u00e1lyvezet\u0151 f\u0151n\u0151v\u00e9r \u00a0Vend\u00e9gh Marianna \u00a0egyetemi okleveles &hellip;<\/p>\n","protected":false},"author":158,"featured_media":0,"parent":3986,"menu_order":0,"comment_status":"closed","ping_status":"closed","template":"","meta":{"_acf_changed":false,"footnotes":""},"categories":[],"tags":[],"class_list":["post-260","page","type-page","status-publish","hentry"],"acf":[],"_links":{"self":[{"href":"https:\/\/semmelweis.hu\/tuzoltoklinika\/wp-json\/wp\/v2\/pages\/260","targetHints":{"allow":["GET"]}}],"collection":[{"href":"https:\/\/semmelweis.hu\/tuzoltoklinika\/wp-json\/wp\/v2\/pages"}],"about":[{"href":"https:\/\/semmelweis.hu\/tuzoltoklinika\/wp-json\/wp\/v2\/types\/page"}],"author":[{"embeddable":true,"href":"https:\/\/semmelweis.hu\/tuzoltoklinika\/wp-json\/wp\/v2\/users\/158"}],"replies":[{"embeddable":true,"href":"https:\/\/semmelweis.hu\/tuzoltoklinika\/wp-json\/wp\/v2\/comments?post=260"}],"version-history":[{"count":10,"href":"https:\/\/semmelweis.hu\/tuzoltoklinika\/wp-json\/wp\/v2\/pages\/260\/revisions"}],"predecessor-version":[{"id":11495,"href":"https:\/\/semmelweis.hu\/tuzoltoklinika\/wp-json\/wp\/v2\/pages\/260\/revisions\/11495"}],"up":[{"embeddable":true,"href":"https:\/\/semmelweis.hu\/tuzoltoklinika\/wp-json\/wp\/v2\/pages\/3986"}],"wp:attachment":[{"href":"https:\/\/semmelweis.hu\/tuzoltoklinika\/wp-json\/wp\/v2\/media?parent=260"}],"wp:term":[{"taxonomy":"category","embeddable":true,"href":"https:\/\/semmelweis.hu\/tuzoltoklinika\/wp-json\/wp\/v2\/categories?post=260"},{"taxonomy":"post_tag","embeddable":true,"href":"https:\/\/semmelweis.hu\/tuzoltoklinika\/wp-json\/wp\/v2\/tags?post=260"}],"curies":[{"name":"wp","href":"https:\/\/api.w.org\/{rel}","templated":true}]}}