{"id":258,"date":"2013-02-08T11:13:28","date_gmt":"2013-02-08T10:13:28","guid":{"rendered":"http:\/\/tuzoltoklinika.semmelweis.hu\/?page_id=258"},"modified":"2024-06-21T10:31:41","modified_gmt":"2024-06-21T08:31:41","slug":"epidemiologiai-munkacsoport","status":"publish","type":"page","link":"https:\/\/semmelweis.hu\/tuzoltoklinika\/betegellatas\/diagnosztikai-reszlegek\/epidemiologiai-munkacsoport\/","title":{"rendered":"Epidemiol\u00f3giai Munkacsoport"},"content":{"rendered":"<p style=\"text-align: justify\">A munkacsoport 2004-ben alakult. Megel\u0151z\u0151 j\u00e1rv\u00e1ny\u00fcgyi, a dolgoz\u00f3k eg\u00e9szs\u00e9gv\u00e9delm\u00e9vel, az infekci\u00f3kontrollal kapcsolatos feladatokat l\u00e1t el. Fenti tev\u00e9kenys\u00e9ggel szoros kapcsolatban, r\u00e9szt vesz a dolgoz\u00f3k oktat\u00e1s\u00e1ban, a protokollok k\u00e9sz\u00edt\u00e9s\u00e9ben. Ezen id\u0151 alatt a munkacsoport bekapcsol\u00f3dott a min\u0151s\u00e9gbiztos\u00edt\u00e1s rendszer\u00e9be.<\/p>\n<p>&nbsp;<\/p>\n<table style=\"border-collapse: collapse;width: 100%;height: 66px\">\n<tbody>\n<tr style=\"height: 33px\">\n<td style=\"width: 33.3333%;height: 66px\" rowspan=\"2\">\u00a0A munkacsoport tagjai<\/td>\n<td style=\"width: 33.3333%;height: 33px\">\u00a0Dr. Pataki Margit<\/td>\n<td style=\"width: 33.3333%;height: 33px\">klinikai f\u0151orvos, infektol\u00f3gus<\/td>\n<\/tr>\n<tr style=\"height: 33px\">\n<td style=\"width: 33.3333%;height: 33px\">\u00a0Klebikn\u00e9 B\u00f3ka Edit<\/td>\n<td style=\"width: 33.3333%;height: 33px\">epidemiol\u00f3giai szakasszisztens<\/td>\n<\/tr>\n<\/tbody>\n<\/table>\n<p style=\"text-align: justify\">\u00a0<\/p>\n<p style=\"text-align: justify\"><strong>Megel\u0151z\u0151 j\u00e1rv\u00e1ny\u00fcgyi, infekci\u00f3kontroll tev\u00e9kenys\u00e9g:\u00a0<\/strong> a sterilit\u00e1st, a k\u00f6rnyezet v\u00e9delm\u00e9t biztos\u00edt\u00f3, a nosocomi\u00e1lis fert\u0151z\u00e9sek elker\u00fcl\u00e9s\u00e9t szolg\u00e1l\u00f3 tev\u00e9kenys\u00e9g.\u00a0 Ennek keret\u00e9ben a klinika csatlakozott \u2013 a Semmelweis Egyetemen els\u0151k\u00e9nt \u2013 a Nemzeti Nosocomialis Surveillance rendszerhez. \u00cdgy k\u00f6veti a v\u00e9r\u00e1ram valamint a multiresistens k\u00f3rokoz\u00f3k okozta fert\u0151z\u00e9sek, a j\u00e1rv\u00e1nyok el\u0151fordul\u00e1s\u00e1t.\u00a0 Meghozza az ezzel kapcsolatos int\u00e9zked\u00e9seket. 2004 \u00f3ta a klinik\u00e1n az \u00dajsz\u00fcl\u00f6tt Intenz\u00edv, a Gyermek Intenz\u00edv \u00e9s a Haematol\u00f3giai oszt\u00e1lyon v\u00e9geztek akt\u00edv surveillance-t. Az eredm\u00e9nyekr\u0151l az ehhez kapcsol\u00f3d\u00f3 szakmai f\u00f3rumokon besz\u00e1moltak. A munkacsoport rendszeres higi\u00e9n\u00e9s szeml\u00e9t tart a klinika k\u00fcl\u00f6nb\u00f6z\u0151 oszt\u00e1lyain \u00e9s r\u00e9szlegein. A min\u0151s\u00e9gbiztos\u00edt\u00e1st szolg\u00e1lja, hogy r\u00e9szt vesz a tev\u00e9kenys\u00e9gi k\u00f6r\u00e9nek megfelel\u0151en szakmai protokollok elk\u00e9sz\u00edt\u00e9s\u00e9ben, auditokra val\u00f3 felk\u00e9sz\u00edt\u00e9sben, a j\u00e1rv\u00e1ny\u00fcgyi \u00e9s az infekci\u00f3kontroll tev\u00e9kenys\u00e9g bemutat\u00e1s\u00e1ban.<\/p>\n<p style=\"text-align: justify\"><strong>J\u00e1rv\u00e1ny\u00fcgyi tev\u00e9kenys\u00e9g:<\/strong> a munkacsoport folyamatosan k\u00f6veti a behurcolt \u00e9s\/vagy nosocomialis fert\u0151z\u00e9seket, meghozza a sz\u00fcks\u00e9ges int\u00e9zked\u00e9seket, j\u00e1rv\u00e1ny eset\u00e9n a Semmelweis Egyetem \u00e9s a F\u0151v\u00e1rosi Korm\u00e1nyhivatal K\u00f3rh\u00e1zhigi\u00e9n\u00e9s Oszt\u00e1ly\u00e1val egy\u00fcttm\u0171k\u00f6dve. Ehhez kapcsol\u00f3dik a kr\u00f3nikus, koloniz\u00e1lt betegek nyomonk\u00f6vet\u00e9se is.<\/p>\n<p style=\"text-align: justify\"><strong> A dolgoz\u00f3k eg\u00e9szs\u00e9gv\u00e9delme: <\/strong><\/p>\n<ul>\n<li style=\"text-align: justify\">a Hepatitis B \u00e9s az influenza elleni v\u00e9d\u0151olt\u00e1s bead\u00e1s\u00e1nak megszervez\u00e9se \u00e9s dokument\u00e1l\u00e1sa. A dolgoz\u00f3k rendszeres oktat\u00e1sa a higi\u00e9n\u00e9s szab\u00e1lyokr\u00f3l, valamint a v\u00e9d\u0151eszk\u00f6z\u00f6k megfelel\u0151 haszn\u00e1lat\u00e1r\u00f3l.<\/li>\n<li style=\"text-align: justify\">A sz\u00far\u00e1sos, v\u00e1g\u00e1sos balesetek kapcs\u00e1n a sz\u0171r\u0151vizsg\u00e1latok koordin\u00e1l\u00e1sa.<\/li>\n<\/ul>\n<p style=\"text-align: justify\"><strong>Oktat\u00e1s:<\/strong> a munkacsoport az aktu\u00e1lis helyzetr\u0151l (j\u00e1rv\u00e1nyok, influenza, fert\u0151tlen\u00edt\u00e9s, k\u00e9z-higi\u00e9n\u00e9, takar\u00edt\u00e1s, stb.) oktat\u00e1st tart a dolgoz\u00f3k r\u00e9sz\u00e9re. Az aktu\u00e1lis helyzetnek megfelel\u0151en a munkacsoport tagjai sz\u00fcl\u0151oktat\u00e1st tartanak az oszt\u00e1lyokon fekv\u0151 gyermekek hozz\u00e1tartoz\u00f3i sz\u00e1m\u00e1ra.<\/p>\n<p style=\"text-align: justify\">A munkacsoport tagjai rendszeres id\u0151k\u00f6z\u00f6nk\u00e9nt k\u00e9pz\u00e9seken, tov\u00e1bbk\u00e9pz\u00e9seken vesznek r\u00e9szt a <a href=\"https:\/\/semmelweis.hu\/korhazhigiene\/\" target=\"_blank\" rel=\"noopener\">Semmelweis Egyetem K\u00f3rh\u00e1zhigi\u00e9n\u00e9s Oszt\u00e1lya\u00a0<\/a>\u00e9s az <a href=\"http:\/\/www.oek.hu\/oek.web\" target=\"_blank\" rel=\"noopener\">Orsz\u00e1gos Epidemiol\u00f3giai K\u00f6zpont, <\/a>illetve egy\u00e9b int\u00e9zm\u00e9nyek szervez\u00e9s\u00e9ben megrendezett f\u00f3rumokon.<\/p>\n<p style=\"text-align: justify\">\u00a0<\/p>\n","protected":false},"excerpt":{"rendered":"<p>A munkacsoport 2004-ben alakult. Megel\u0151z\u0151 j\u00e1rv\u00e1ny\u00fcgyi, a dolgoz\u00f3k eg\u00e9szs\u00e9gv\u00e9delm\u00e9vel, az infekci\u00f3kontrollal kapcsolatos feladatokat l\u00e1t el. Fenti tev\u00e9kenys\u00e9ggel szoros kapcsolatban, r\u00e9szt vesz a dolgoz\u00f3k oktat\u00e1s\u00e1ban, a protokollok k\u00e9sz\u00edt\u00e9s\u00e9ben. Ezen id\u0151 alatt a munkacsoport bekapcsol\u00f3dott a min\u0151s\u00e9gbiztos\u00edt\u00e1s rendszer\u00e9be. &nbsp; \u00a0A munkacsoport tagjai \u00a0Dr. Pataki Margit klinikai f\u0151orvos, infektol\u00f3gus \u00a0Klebikn\u00e9 B\u00f3ka Edit epidemiol\u00f3giai szakasszisztens \u00a0 Megel\u0151z\u0151 j\u00e1rv\u00e1ny\u00fcgyi, infekci\u00f3kontroll &hellip;<\/p>\n","protected":false},"author":158,"featured_media":0,"parent":1570,"menu_order":0,"comment_status":"closed","ping_status":"closed","template":"","meta":{"_acf_changed":false,"footnotes":""},"categories":[],"tags":[],"class_list":["post-258","page","type-page","status-publish","hentry"],"acf":[],"_links":{"self":[{"href":"https:\/\/semmelweis.hu\/tuzoltoklinika\/wp-json\/wp\/v2\/pages\/258","targetHints":{"allow":["GET"]}}],"collection":[{"href":"https:\/\/semmelweis.hu\/tuzoltoklinika\/wp-json\/wp\/v2\/pages"}],"about":[{"href":"https:\/\/semmelweis.hu\/tuzoltoklinika\/wp-json\/wp\/v2\/types\/page"}],"author":[{"embeddable":true,"href":"https:\/\/semmelweis.hu\/tuzoltoklinika\/wp-json\/wp\/v2\/users\/158"}],"replies":[{"embeddable":true,"href":"https:\/\/semmelweis.hu\/tuzoltoklinika\/wp-json\/wp\/v2\/comments?post=258"}],"version-history":[{"count":9,"href":"https:\/\/semmelweis.hu\/tuzoltoklinika\/wp-json\/wp\/v2\/pages\/258\/revisions"}],"predecessor-version":[{"id":10116,"href":"https:\/\/semmelweis.hu\/tuzoltoklinika\/wp-json\/wp\/v2\/pages\/258\/revisions\/10116"}],"up":[{"embeddable":true,"href":"https:\/\/semmelweis.hu\/tuzoltoklinika\/wp-json\/wp\/v2\/pages\/1570"}],"wp:attachment":[{"href":"https:\/\/semmelweis.hu\/tuzoltoklinika\/wp-json\/wp\/v2\/media?parent=258"}],"wp:term":[{"taxonomy":"category","embeddable":true,"href":"https:\/\/semmelweis.hu\/tuzoltoklinika\/wp-json\/wp\/v2\/categories?post=258"},{"taxonomy":"post_tag","embeddable":true,"href":"https:\/\/semmelweis.hu\/tuzoltoklinika\/wp-json\/wp\/v2\/tags?post=258"}],"curies":[{"name":"wp","href":"https:\/\/api.w.org\/{rel}","templated":true}]}}