{"id":250,"date":"2013-02-08T11:11:06","date_gmt":"2013-02-08T10:11:06","guid":{"rendered":"http:\/\/tuzoltoklinika.semmelweis.hu\/?page_id=250"},"modified":"2024-06-04T12:55:23","modified_gmt":"2024-06-04T10:55:23","slug":"intenziv-osztaly","status":"publish","type":"page","link":"https:\/\/semmelweis.hu\/tuzoltoklinika\/betegellatas\/ambulanciak-es-fekvobeteg-osztalyaink\/intenziv-osztaly\/","title":{"rendered":"Intenz\u00edv Oszt\u00e1ly"},"content":{"rendered":"<p><strong>Oszt\u00e1lyvezet\u0151 f\u0151orvos: <\/strong>Dr. Goschler \u00c1d\u00e1m klinikai szakorvos<\/p>\n<p><strong>Konzulens: <\/strong>Dr. Korponay Zsuzsanna klinikai szakorvos<\/p>\n<p><strong>Oszt\u00e1lyos orvosok:<\/strong> Dr. Horv\u00e1th Kl\u00e1ra,\u00a0 Dr. Vadas R\u00e9ka, Dr. Szarvas G\u00e1bor<\/p>\n<p><strong>Oszt\u00e1lyvezet\u0151 f\u0151n\u0151v\u00e9r:<\/strong> Kov\u00e1cs-Cs\u00e1sz\u00e1r Melinda<\/p>\n<p style=\"text-align: justify\">Klinik\u00e1nkon 1996 \u00f3ta m\u0171k\u00f6dik gyermek intenz\u00edv oszt\u00e1ly, mely kezdetben k\u00e9t posztoperat\u00edv \u00e1ggyal indult, majd t\u00f6bb \u00e1t\u00e9p\u00edt\u00e9st \u00e9s fel\u00faj\u00edt\u00e1st k\u00f6vet\u0151en, jelenleg n\u00e9gy \u00e1ggyal, k\u00e9t elk\u00fcl\u00f6n\u00edt\u0151 k\u00f3rteremmel m\u0171k\u00f6dik. Oszt\u00e1lyunkon \u00e9vente 200-250 intenz\u00edv ell\u00e1t\u00e1sra szorul\u00f3 gyermeket l\u00e1tunk el. Betegeink egyharmada nagy m\u0171t\u00e9tek ut\u00e1n ker\u00fcl felv\u00e9telre, \u0151ket a legt\u00f6bb esetben 24-48 \u00f3r\u00e1n kereszt\u00fcl, l\u00e9legeztetni is kell. Betegeink tov\u00e1bbi k\u00e9tharmad\u00e1t azok a gyermekek jelentik, akik felv\u00e9telre ker\u00fclnek Klinik\u00e1nkra, \u00e9s \u00e1llapotuk olyan s\u00falyosra fordul, hogy intenz\u00edv megfigyel\u00e9sre, illetve ell\u00e1t\u00e1sra szorulnak. K\u00f6z\u00fcl\u00fck sok a hemato-onkol\u00f3giai beteg, hiszen az orsz\u00e1g legnagyobb gyermek hemato-onkol\u00f3giai k\u00f6zpontj\u00e1nak adunk intenz\u00edv oszt\u00e1lyos h\u00e1tteret. A fentieken k\u00edv\u00fcl az orsz\u00e1g olyan k\u00f3rh\u00e1zaib\u00f3l vesz\u00fcnk \u00e1t s\u00falyos \u00e1llapot\u00fa betegeket, akiknek az ell\u00e1t\u00e1sa az adott helysz\u00ednen nem biztos\u00edtott. Oszt\u00e1lyunkon az orvosok \u00e9s n\u0151v\u00e9rek \u00a0sz\u00edvvel-l\u00e9lekkel \u00e1polj\u00e1k \u00e9s gondozz\u00e1k kis betegeinket. Munk\u00e1jukat k\u00f6nny\u00edti az oszt\u00e1ly folyamatosan fejlesztett, nemzetk\u00f6zi sz\u00ednvonal\u00fa m\u0171szerparkja: beteg\u0151rz\u0151 \u00a0monitor-rendszer, inf\u00fazi\u00f3s pump\u00e1k, k\u00fcl\u00f6nb\u00f6z\u0151 invaz\u00edv \u00e9s non-invaz\u00edv l\u00e9legeztet\u0151 g\u00e9pek, bronhofiberoszk\u00f3p, folyamatos vesep\u00f3tl\u00f3 kezel\u00e9shez sz\u00fcks\u00e9ges g\u00e9pek, beteg\u00e1gy melletti vizsg\u00e1lathoz sz\u00fcks\u00e9ges ultrahang k\u00e9sz\u00fcl\u00e9kek \u00e9s egy korszer\u0171 USCOM kering\u00e9smonitor. Mindezek egy\u00fctt biztos\u00edtj\u00e1k kis betegeink gy\u00f3gyul\u00e1s\u00e1t. Intenz\u00edv oszt\u00e1lyunkon folyamatos a posztgradu\u00e1lis tov\u00e1bbk\u00e9pz\u00e9s, a klinik\u00e1n dolgoz\u00f3 gyermekgy\u00f3gy\u00e1szok oktat\u00e1sa \u00e9s a napi munk\u00e1ba t\u00f6rt\u00e9n\u0151 bevon\u00e1sa. Ezen k\u00edv\u00fcl reanim\u00e1ci\u00f3s \u00e9s egy\u00e9b szakmai tov\u00e1bbk\u00e9pz\u00e9seket tartunk. Term\u00e9szetesen \u00fajra\u00e9leszt\u00e9s \u00e9s gyermekintenz\u00edv ter\u00e1pia t\u00e1rgyk\u00f6r\u00e9ben a medikusokat is oktatjuk. Mindezek mellett, nagy hangs\u00falyt fektet\u00fcnk az oszt\u00e1lyon dolgoz\u00f3k folyamatos tov\u00e1bbk\u00e9pz\u00e9s\u00e9re is. Hazai \u00e9s nemzetk\u00f6zi tov\u00e1bbk\u00e9pz\u00e9sekr\u0151l, kollabor\u00e1ci\u00f3kr\u00f3l hozz\u00e1k haza \u00e9s osztj\u00e1k meg dolgoz\u00f3ink tapasztalataikat, \u00edgy \u0151rizve meg az oszt\u00e1ly sz\u00ednvonalas szakmai munk\u00e1j\u00e1t.<\/p>\n\r\n        [slb_exclude]\r\n        <div class=\"row galeria-wrapper mx-0 h-auto\">\r\n            <div class=\"col-9 pl-0 pr-2\">\r\n            <span class=\"gallery-item frame\">\r\n\t\t\t\t<div class=\"galeria-left-img\"><a href=\"https:\/\/semmelweis.hu\/tuzoltoklinika\/files\/2020\/09\/ITO-3.jpg\"><img src=https:\/\/semmelweis.hu\/tuzoltoklinika\/files\/2020\/09\/ITO-3.jpg  \r\n                            alt=\"\" \r\n                            class=\"attachment-sote-gallery-big size-sote-gallery-big\" \r\n                            srcset=\"https:\/\/semmelweis.hu\/tuzoltoklinika\/files\/2020\/09\/ITO-3-400x300.jpg 400w, https:\/\/semmelweis.hu\/tuzoltoklinika\/files\/2020\/09\/ITO-3-768x576.jpg 768w, https:\/\/semmelweis.hu\/tuzoltoklinika\/files\/2020\/09\/ITO-3-753x565.jpg 753w, https:\/\/semmelweis.hu\/tuzoltoklinika\/files\/2020\/09\/ITO-3.jpg 1024w\" ><\/a><\/div>\r\n            <\/span>\r\n\r\n            <\/div>\r\n\r\n\t\t\t<div class=\"col-3 pl-0 pr-0\">\r\n\t\t\t\t<div class=\"galeria-right-img d-flex justify-content-between flex-column h-100 w-100 px-0 mx-0 \">\r\n                <div class=\"galeria-box\">\r\n\t\t\t\t\t<h3 class=\"galeria-title\">Gal\u00e9ria<\/h3>\r\n\t\t\t\t\t<div class=\"galeria-subtitle\">\r\n\r\n\t\t\t\t\t\t<div class=\"galeria-page-counter\"><span>3<\/span>k\u00e9p<\/div>\r\n                    <\/div> <\/div>\r\n                    <span class=\"gallery-item frame d-none d-md-flex\">\r\n\t\t\t\t\t<div class=\"galeria-small-img mt-0\"><a href=\"https:\/\/semmelweis.hu\/tuzoltoklinika\/files\/2020\/09\/ITO-1.jpg\"><img src=https:\/\/semmelweis.hu\/tuzoltoklinika\/files\/2020\/09\/ITO-1.jpg \r\n                                alt=\"\"  \r\n                                class=\"attachment-sote-gallery-small size-sote-gallery-small\" \r\n                                srcset=\"https:\/\/semmelweis.hu\/tuzoltoklinika\/files\/2020\/09\/ITO-1-400x300.jpg 400w, https:\/\/semmelweis.hu\/tuzoltoklinika\/files\/2020\/09\/ITO-1-768x576.jpg 768w, https:\/\/semmelweis.hu\/tuzoltoklinika\/files\/2020\/09\/ITO-1-753x565.jpg 753w, https:\/\/semmelweis.hu\/tuzoltoklinika\/files\/2020\/09\/ITO-1.jpg 1024w\" ><\/a><\/div>\r\n                    <\/span>\r\n                    <span class=\"gallery-item frame d-none d-md-flex\">\r\n\t\t\t\t\t<div class=\"galeria-small-img mt-0\"><a href=\"https:\/\/semmelweis.hu\/tuzoltoklinika\/files\/2020\/09\/ITO-2.jpg\"><img src=https:\/\/semmelweis.hu\/tuzoltoklinika\/files\/2020\/09\/ITO-2.jpg \r\n                                alt=\"\" \r\n                                class=\"attachment-sote-gallery-small size-sote-gallery-small\" \r\n                                srcset=\"https:\/\/semmelweis.hu\/tuzoltoklinika\/files\/2020\/09\/ITO-2-400x300.jpg 400w, https:\/\/semmelweis.hu\/tuzoltoklinika\/files\/2020\/09\/ITO-2-768x576.jpg 768w, https:\/\/semmelweis.hu\/tuzoltoklinika\/files\/2020\/09\/ITO-2-753x565.jpg 753w, https:\/\/semmelweis.hu\/tuzoltoklinika\/files\/2020\/09\/ITO-2.jpg 1024w\" ><\/a><\/div>\r\n                    <\/span>\r\n\r\n                <\/div>\r\n\r\n            <\/div>\r\n\r\n            \r\n            <\/div>\r\n\r\n            [\/slb_exclude]\r\n\t\n","protected":false},"excerpt":{"rendered":"<p>Oszt\u00e1lyvezet\u0151 f\u0151orvos: Dr. Goschler \u00c1d\u00e1m klinikai szakorvos Konzulens: Dr. Korponay Zsuzsanna klinikai szakorvos Oszt\u00e1lyos orvosok: Dr. Horv\u00e1th Kl\u00e1ra,\u00a0 Dr. Vadas R\u00e9ka, Dr. Szarvas G\u00e1bor Oszt\u00e1lyvezet\u0151 f\u0151n\u0151v\u00e9r: Kov\u00e1cs-Cs\u00e1sz\u00e1r Melinda Klinik\u00e1nkon 1996 \u00f3ta m\u0171k\u00f6dik gyermek intenz\u00edv oszt\u00e1ly, mely kezdetben k\u00e9t posztoperat\u00edv \u00e1ggyal indult, majd t\u00f6bb \u00e1t\u00e9p\u00edt\u00e9st \u00e9s fel\u00faj\u00edt\u00e1st k\u00f6vet\u0151en, jelenleg n\u00e9gy \u00e1ggyal, k\u00e9t elk\u00fcl\u00f6n\u00edt\u0151 k\u00f3rteremmel m\u0171k\u00f6dik. Oszt\u00e1lyunkon &hellip;<\/p>\n","protected":false},"author":158,"featured_media":0,"parent":3986,"menu_order":0,"comment_status":"closed","ping_status":"closed","template":"","meta":{"_acf_changed":false,"footnotes":""},"categories":[],"tags":[],"class_list":["post-250","page","type-page","status-publish","hentry"],"acf":[],"_links":{"self":[{"href":"https:\/\/semmelweis.hu\/tuzoltoklinika\/wp-json\/wp\/v2\/pages\/250","targetHints":{"allow":["GET"]}}],"collection":[{"href":"https:\/\/semmelweis.hu\/tuzoltoklinika\/wp-json\/wp\/v2\/pages"}],"about":[{"href":"https:\/\/semmelweis.hu\/tuzoltoklinika\/wp-json\/wp\/v2\/types\/page"}],"author":[{"embeddable":true,"href":"https:\/\/semmelweis.hu\/tuzoltoklinika\/wp-json\/wp\/v2\/users\/158"}],"replies":[{"embeddable":true,"href":"https:\/\/semmelweis.hu\/tuzoltoklinika\/wp-json\/wp\/v2\/comments?post=250"}],"version-history":[{"count":9,"href":"https:\/\/semmelweis.hu\/tuzoltoklinika\/wp-json\/wp\/v2\/pages\/250\/revisions"}],"predecessor-version":[{"id":9955,"href":"https:\/\/semmelweis.hu\/tuzoltoklinika\/wp-json\/wp\/v2\/pages\/250\/revisions\/9955"}],"up":[{"embeddable":true,"href":"https:\/\/semmelweis.hu\/tuzoltoklinika\/wp-json\/wp\/v2\/pages\/3986"}],"wp:attachment":[{"href":"https:\/\/semmelweis.hu\/tuzoltoklinika\/wp-json\/wp\/v2\/media?parent=250"}],"wp:term":[{"taxonomy":"category","embeddable":true,"href":"https:\/\/semmelweis.hu\/tuzoltoklinika\/wp-json\/wp\/v2\/categories?post=250"},{"taxonomy":"post_tag","embeddable":true,"href":"https:\/\/semmelweis.hu\/tuzoltoklinika\/wp-json\/wp\/v2\/tags?post=250"}],"curies":[{"name":"wp","href":"https:\/\/api.w.org\/{rel}","templated":true}]}}