{"id":235,"date":"2013-02-08T11:05:07","date_gmt":"2013-02-08T10:05:07","guid":{"rendered":"http:\/\/tuzoltoklinika.semmelweis.hu\/?page_id=235"},"modified":"2026-02-24T12:38:17","modified_gmt":"2026-02-24T11:38:17","slug":"gasztroenterologia","status":"publish","type":"page","link":"https:\/\/semmelweis.hu\/tuzoltoklinika\/betegellatas\/ambulanciak-es-fekvobeteg-osztalyaink\/gasztroenterologia\/","title":{"rendered":"Gasztroenterol\u00f3gia"},"content":{"rendered":"<p><strong>Oszt\u00e1lyvezet\u0151 f\u0151orvos:\u00a0<\/strong> Dr. Vojnisek Zsuzsanna oszt\u00e1lyvezet\u0151 klinikai f\u0151orvos<\/p>\n<div class=\"keretes w-100\">\n<p><strong><span style=\"color: #ff0000\">Betegell\u00e1t\u00e1s csak el\u0151re egyeztetett id\u0151pontban.\u00a0<\/span><br \/>\n<\/strong><strong>Id\u0151pontk\u00e9r\u00e9s: szerda kiv\u00e9tel\u00e9vel minden nap<\/strong> 09:00-13:00 \u00f3ra k\u00f6z\u00f6tt,\u00a0a <strong><span style=\"color: #ff0000\">+3<\/span><\/strong><span style=\"font-family: inherit;font-size: inherit\"><strong><span style=\"color: #ff0000\">6-1-215-1380 \/52939<\/span><\/strong> telefonsz\u00e1mon<\/span><\/p>\n<\/div>\n<table style=\"border-collapse: collapse;width: 71.9272%;height: 115px\">\n<tbody>\n<tr style=\"height: 33px\">\n<td style=\"width: 8.64842%;height: 33px\">H\u00c9TF\u0150<\/td>\n<td style=\"width: 8.8932%;text-align: center;height: 115px\" rowspan=\"4\">09:00-14:00<\/td>\n<td style=\"width: 17.6526%;height: 33px;text-align: left\">\u00a0Dr. P\u00e1link\u00e1s Annam\u00e1ria<\/td>\n<\/tr>\n<tr style=\"height: 33px\">\n<td style=\"width: 8.64842%;height: 33px\">KEDD<\/td>\n<td style=\"width: 17.6526%;height: 33px;text-align: left\">\u00a0Dr. Vojnisek Zsuzsanna<\/td>\n<\/tr>\n<tr style=\"height: 33px\">\n<td style=\"width: 8.64842%;height: 16px\">CS\u00dcT\u00d6RT\u00d6K<\/td>\n<td style=\"width: 17.6526%;height: 16px;text-align: left\">\u00a0Dr. Nemes Nagy Anna<\/td>\n<\/tr>\n<tr style=\"height: 33px\">\n<td style=\"width: 8.64842%;height: 33px\">P\u00c9NTEK<\/td>\n<td style=\"width: 17.6526%;height: 33px;text-align: left\">\u00a0Dr. Tomsits Erika<\/td>\n<\/tr>\n<\/tbody>\n<\/table>\n<p>&nbsp;<\/p>\n<p><span style=\"color: #ff0000\"><strong>Gasztroenterol\u00f3giai Ambulancia<\/strong><\/span><\/p>\n<p><span style=\"font-weight: 400\">Hetente 4 ambul\u00e1ns napon fogadjuk az orsz\u00e1g eg\u00e9sz ter\u00fclet\u00e9r\u0151l, de kiemelten az ell\u00e1t\u00e1si ter\u00fclet\u00fcnkr\u0151l utalt, em\u00e9szt\u0151szervi betegs\u00e9gben szenved\u0151 gyermekeket. Minden megjelen\u00e9shez h\u00e1ziorvosi beutal\u00f3 sz\u00fcks\u00e9ges!\u00a0<\/span><\/p>\n<p><strong>El\u0151jegyz\u00e9si lehet\u0151s\u00e9gek:\u00a0<\/strong><\/p>\n<ul>\n<li style=\"font-weight: 400\">\n<p><a href=\"mailto:tuzolto.gasztro@gyerekklinika.com\" target=\"_blank\" rel=\"noopener\"><strong>tuzolto.gasztro@gyerekklinika.com<\/strong><\/a><span style=\"font-weight: 400\"> (emailes el\u0151jegyz\u00e9st r\u00e9szes\u00edtj\u00fck el\u0151nyben, az emailekre 5 munkanapon bel\u00fcl v\u00e1laszolunk)<\/span><\/p>\n<\/li>\n<li style=\"font-weight: 400\">\n<p><span style=\"font-weight: 400\">Amennyiben betegeinknek nem \u00e1ll m\u00f3djukban emailben egyeztetni, a 06-1-215-1380-as telefonsz\u00e1m 52939-es mell\u00e9k\u00e9n minden h\u00e9tk\u00f6znap 9-14 \u00f3r\u00e1ig tudnak el\u00e9rni minket.\u00a0<\/span><\/p>\n<\/li>\n<\/ul>\n<p>&nbsp;<\/p>\n<p><span style=\"color: #ff0000\"><strong>Gasztroenterol\u00f3giai Oszt\u00e1ly<\/strong><\/span><\/p>\n<table style=\"border-collapse: collapse;width: 95.2596%\">\n<tbody>\n<tr>\n<td style=\"width: 31.6647%\"><span style=\"font-weight: 400\">Oszt\u00e1lyvezet\u0151 f\u0151n\u0151v\u00e9r<\/span><\/td>\n<td style=\"width: 63.5747%\"><span style=\"font-weight: 400\">Sebrekn\u00e9 R\u00e1cz Szilvia<\/span><\/td>\n<\/tr>\n<\/tbody>\n<\/table>\n<p>&nbsp;<\/p>\n<table style=\"border-collapse: collapse;width: 95.1091%;height: 99px\">\n<tbody>\n<tr style=\"height: 33px\">\n<td style=\"width: 31.7119%;height: 99px\" rowspan=\"3\">A munkacsoport tagjai<\/td>\n<td style=\"width: 24.5486%;height: 33px\"><span style=\"font-weight: 400\">\u00a0Dr. Tomsits Erika<\/span><\/td>\n<td style=\"width: 38.8216%;height: 33px\">\n<p><span style=\"font-weight: 400\">\u00a0egyetemi mag\u00e1ntan\u00e1r<\/span><\/p>\n<\/td>\n<\/tr>\n<tr style=\"height: 33px\">\n<td style=\"width: 24.5486%;height: 33px\"><span style=\"font-weight: 400\">\u00a0Dr. P\u00e1link\u00e1s Annam\u00e1ria<\/span><\/td>\n<td style=\"width: 38.8216%;height: 33px\"><span style=\"font-weight: 400\">\u00a0klinikai szakorvos<\/span><\/td>\n<\/tr>\n<tr style=\"height: 33px\">\n<td style=\"width: 24.5486%;height: 33px\"><span style=\"font-weight: 400\">\u00a0Dr. Nemes Nagy Anna<\/span><\/td>\n<td style=\"width: 38.8216%;height: 33px\">\n<p><span style=\"font-size: 1rem\"><span style=\"font-weight: 400\">\u00a0<span style=\"font-size: 14pt\">klinikai szakorvos<\/span><\/span><\/span><\/p>\n<\/td>\n<\/tr>\n<\/tbody>\n<\/table>\n<p>&nbsp;<\/p>\n<table style=\"border-collapse: collapse;width: 95.3336%;height: 99px\">\n<tbody>\n<tr>\n<td style=\"width: 24.4169%\"><span style=\"font-weight: 400\">N\u0151v\u00e9rek<\/span><\/td>\n<td style=\"width: 75.5831%\"><span style=\"font-weight: 400\">Antal-G\u00e9rusz Hajnalka, Balog Erika, D\u00e9k\u00e1ny Kinga, Felh\u0151si Bogl\u00e1rka, M\u00f3ricz Katalin, S\u00e1rfy \u00c9va, Szente Erika<\/span><\/td>\n<\/tr>\n<tr>\n<td style=\"width: 24.4169%\"><span style=\"font-weight: 400\">Ambul\u00e1ns asszisztens<\/span><\/td>\n<td style=\"width: 75.5831%\"><span style=\"font-weight: 400\">Nah\u00f3czkyn\u00e9 Vizinger M\u00e1ria<\/span><\/td>\n<\/tr>\n<tr>\n<td style=\"width: 24.4169%\"><span style=\"font-weight: 400\">Dietetikusok<\/span><\/td>\n<td style=\"width: 75.5831%\"><span style=\"font-weight: 400\">Czuppon Krisztina, Gangl Kinga<\/span><\/td>\n<\/tr>\n<\/tbody>\n<\/table>\n<p>\n<span style=\"font-weight: 400\">\u00a0<\/span><\/p>\n<p><span style=\"font-weight: 400\">A munkacsoportban dolgoz\u00f3 orvosok, n\u0151v\u00e9rek \u00e9s dietetikusok meg\u00fajult strukt\u00far\u00e1j\u00fa oszt\u00e1llyal, \u00faj oszt\u00e1lyvezet\u0151 f\u0151orvossal dolgoznak egy\u00fctt az em\u00e9szt\u0151szervi betegs\u00e9gekben, m\u00e1jbetegs\u00e9gekben, \u00e9s t\u00e1pl\u00e1l\u00e1si zavarban szenved\u0151 gyermekek gy\u00f3gyul\u00e1sa \u00e9rdek\u00e9ben. A gy\u00f3gy\u00edt\u00f3 munka a gasztroenterol\u00f3gus szakorvosokon k\u00edv\u00fcl egy-k\u00e9t szakorvosjel\u00f6lt, illetve rezidens k\u00f6zrem\u0171k\u00f6d\u00e9s\u00e9vel t\u00f6rt\u00e9nik, valamint a gy\u00f3gyul\u00e1st \u00e1lland\u00f3 pszichol\u00f3gus jelenl\u00e9te is seg\u00edti. Oszt\u00e1lyunkon j<\/span><span style=\"font-weight: 400\">elenleg 12 \u00e1gy \u00e1ll a betegek rendelkez\u00e9s\u00e9re.\u00a0<\/span><span style=\"font-weight: 400\">Az oszt\u00e1ly ter\u00fclet\u00e9n 4 db elk\u00fcl\u00f6n\u00edt\u0151, valamint k\u00e9t, infrastrukt\u00far\u00e1j\u00e1t, m\u0171szerezetts\u00e9g\u00e9t tekintve kiemelt k\u00f3rterem m\u0171k\u00f6dik. <\/span><span style=\"font-weight: 400\">Oszt\u00e1lyunk a gyermek gasztroenterol\u00f3gia b\u00e1rmely ter\u00fclet\u00e9n el\u0151fordul\u00f3 k\u00f3rk\u00e9pek eset\u00e9ben \u00fajsz\u00fcl\u00f6tt kort\u00f3l 18 \u00e9ves korig fogad betegeket.\u00a0<\/span><\/p>\n<p><span style=\"font-weight: 400\">Szakter\u00fcleteink:<\/span><\/p>\n<ul>\n<li style=\"font-weight: 400\"><span style=\"font-weight: 400\">felsz\u00edv\u00f3d\u00e1si zavarok, \u00e9tel allergi\u00e1k<\/span><\/li>\n<li style=\"font-weight: 400\"><span style=\"font-weight: 400\">motilit\u00e1s zavarok<\/span><\/li>\n<li style=\"font-weight: 400\"><span style=\"font-weight: 400\">s\u00falyfejl\u0151d\u00e9si elmarad\u00e1s<\/span><\/li>\n<li style=\"font-weight: 400\"><span style=\"font-weight: 400\">gyullad\u00e1sos b\u00e9lbetegs\u00e9gek<\/span><\/li>\n<li style=\"font-weight: 400\"><span style=\"font-weight: 400\">m\u00e1jbetegs\u00e9gek<\/span><\/li>\n<li style=\"font-weight: 400\"><span style=\"font-weight: 400\">hasny\u00e1lmirigy betegs\u00e9gek<\/span><\/li>\n<li style=\"font-weight: 400\"><span style=\"font-weight: 400\">t\u00e1pl\u00e1lkoz\u00e1si zavarok<\/span><\/li>\n<li style=\"font-weight: 400\"><span style=\"font-weight: 400\">funkcion\u00e1lis gastrointestinalis betegs\u00e9gek<\/span><\/li>\n<\/ul>\n<p><span style=\"font-weight: 400\">Szoros egy\u00fcttm\u0171k\u00f6d\u00e9s alakult ki munkacsoportunk \u00e9s a klinika m\u00e1s munkacsoportjai k\u00f6z\u00f6tt az onkohaematol\u00f3giai, neurol\u00f3giai, seb\u00e9szeti, genetikai, immunol\u00f3giai \u00e9s lipid-anyagcsere zavarral k\u00fczd\u0151 betegek em\u00e9szt\u0151rendszeri elv\u00e1ltoz\u00e1sainak kezel\u00e9s\u00e9ben, \u00e9s t\u00e1pl\u00e1l\u00e1s-ter\u00e1pi\u00e1j\u00e1ban.\u00a0<\/span><\/p>\n<p><span style=\"font-weight: 400\">A speci\u00e1lis gasztroenterol\u00f3giai vizsg\u00e1latok elv\u00e9gz\u00e9s\u00e9ben, k\u00e9t szakk\u00e9pzett endoszk\u00f3pos asszisztens seg\u00edti tev\u00e9kenys\u00e9g\u00fcnket. \u00dajonnan felszerelt endoszk\u00f3pos tornyunkkal lehet\u0151s\u00e9g\u00fcnk van csecsem\u0151k, \u00e9s nagyobb gyermekek endoszk\u00f3pos vizsg\u00e1lat\u00e1ra is.<\/span><\/p>\n<p><span style=\"font-weight: 400\">A munkacsoport tagjai a klinik\u00e1n foly\u00f3 gradu\u00e1lis \u00e9s posztgradu\u00e1lis k\u00e9pz\u00e9s akt\u00edv r\u00e9sztvev\u0151i. Kiv\u00e1l\u00f3 szakdolgozatok, d\u00edjazott rektori \u00e9s TDK munk\u00e1k bizony\u00edtj\u00e1k oktat\u00f3 munk\u00e1nk hat\u00e9konys\u00e1g\u00e1t.<\/span><\/p>\n<p><span style=\"font-weight: 400\">Munkacsoportunk nemzetk\u00f6zi egy\u00fcttm\u0171k\u00f6d\u00e9sben zajl\u00f3 klinikai gy\u00f3gyszervizsg\u00e1lat elv\u00e9gz\u00e9s\u00e9ben, a vizsg\u00e1latot szervez\u0151k hivatalos elismer\u00e9s\u00e9t kiv\u00edv\u00f3 m\u00f3don vett r\u00e9szt. A munkacsoport tagjai \u00e1ltal v\u00e9gzett tudom\u00e1nyos munk\u00e1r\u00f3l t\u00f6bb hazai \u00e9s nemzetk\u00f6zi orvos \u2013\u00e9s n\u0151v\u00e9r kongresszusokon sz\u00e1moltunk be.<\/span><\/p>\n<p><strong>El\u0151jegyz\u00e9s:\u00a0<\/strong><\/p>\n<ul>\n<li style=\"font-weight: 400;text-align: justify\"><span style=\"font-weight: 400\">A betegfelv\u00e9tel Oszt\u00e1lyunkra emailes, vagy telefonos el\u0151jegyz\u00e9s alapj\u00e1n t\u00f6rt\u00e9nik. K\u00e9pzett f\u0151n\u0151v\u00e9r\u00fcnk \u00e9s Gasztroenterol\u00f3giai Ambulanci\u00e1nk vezet\u0151 asszisztense seg\u00edti a betegeket, hogy lehet\u0151s\u00e9geinkhez k\u00e9pest minden beteg\u00fcnk id\u0151ben id\u0151ponthoz juthasson.\u00a0<\/span><\/li>\n<li style=\"font-weight: 400;text-align: justify\"><span style=\"font-weight: 400\">Minden esetben h\u00e1ziorvosi beutal\u00f3val fogadjuk a gyermekeket!\u00a0<\/span><\/li>\n<li style=\"font-weight: 400;text-align: justify\"><span style=\"font-weight: 400\">Email c\u00edm\u00fcnk: <a href=\"mailto:tuzolto.gasztro@gyerekklinika.com\" target=\"_blank\" rel=\"noopener\"><strong>tuzolto.gasztro@gyerekklinika.com<\/strong><\/a><\/span><span style=\"font-weight: 400\">\u00a0(k\u00e9rj\u00fck, seg\u00edts\u00e9k munk\u00e1nkat azzal, hogy lehet\u0151s\u00e9g szerint emailen jelentkeznek vizsg\u00e1latra,\u00a0 az elektronikus levelekre 5 munkanapon bel\u00fcl v\u00e1laszolunk)<\/span><\/li>\n<li style=\"font-weight: 400;text-align: justify\"><span style=\"font-weight: 400\">Amennyiben betegeinknek nem \u00e1ll m\u00f3djukban emailben egyeztetni, vegy\u00e9k fel vel\u00fcnk a kapcsolatot a 06-1-215-1380-as telefonsz\u00e1m 52844-es mell\u00e9k\u00e9t t\u00e1rcs\u00e1zva, minden h\u00e9tk\u00f6znap 09:00-14:00 \u00f3ra k\u00f6z\u00f6tt.<\/span><\/li>\n<\/ul>\n<p><strong>Az oszt\u00e1ly rendje:<\/strong><\/p>\n<p><span style=\"font-weight: 400\">A k\u00f3rtermekben val\u00f3 elhelyez\u00e9st az adott betegs\u00e9g fert\u0151z\u0151 volta, vagy immunszuprim\u00e1lt beteg elk\u00fcl\u00f6n\u00edt\u00e9si ig\u00e9nye hat\u00e1rozza meg, de igyeksz\u00fcnk elk\u00fcl\u00f6n\u00edteni a csecsem\u0151ket \u00e9s a kisdedeket is. Egy\u00e9ni ig\u00e9nyeket sajnos nem tudunk figyelembe venni. <\/span><span style=\"font-weight: 400\">A sz\u00fcl\u0151k jelenl\u00e9te az oszt\u00e1lyon 24 \u00f3r\u00e1ban enged\u00e9lyezett. Az oszt\u00e1lyon el\u0151fordul\u00f3 zs\u00fafolts\u00e1g miatt azonban 1 gyermeket egyszerre, 1 sz\u00fcl\u0151, vagy l\u00e1togat\u00f3 l\u00e1togathat. <\/span><span style=\"font-weight: 400\">A kivizsg\u00e1l\u00e1sok reggel 09:00 \u00f3rakor indulnak, \u00edgy \u00faj betegeinket is reggel 09:00 \u00f3r\u00e1ra v\u00e1rjuk. Gyermeket soha ne hozzanak \u00e9hgyomorral, erre csak abban az esetben ker\u00fclj\u00f6n sor, ha mi azt kifejezetten k\u00e9rj\u00fck. <\/span><span style=\"font-weight: 400\">Az oszt\u00e1lyr\u00f3l 14 \u00f3ra ut\u00e1n engedj\u00fck haza a gyermekeket.\u00a0<\/span><span style=\"font-weight: 400\">Kezel\u00e9s alatt \u00e1ll\u00f3, oszt\u00e1lyos betegeinknek, a k\u00f3rh\u00e1zi tart\u00f3zkod\u00e1s alatt \u00e9tkez\u00e9st biztos\u00edtunk.\u00a0<\/span><\/p>\n<p>&nbsp;<\/p>\n<p style=\"text-align: justify\">\u00a0<\/p>\n\r\n        [slb_exclude]\r\n        <div class=\"row galeria-wrapper mx-0 h-auto\">\r\n            <div class=\"col-9 pl-0 pr-2\">\r\n            <span class=\"gallery-item frame\">\r\n\t\t\t\t<div class=\"galeria-left-img\"><a href=\"https:\/\/semmelweis.hu\/tuzoltoklinika\/files\/2020\/09\/Gasztro-4.jpg\"><img src=https:\/\/semmelweis.hu\/tuzoltoklinika\/files\/2020\/09\/Gasztro-4.jpg  \r\n                            alt=\"\" \r\n                            class=\"attachment-sote-gallery-big size-sote-gallery-big\" \r\n                            srcset=\"https:\/\/semmelweis.hu\/tuzoltoklinika\/files\/2020\/09\/Gasztro-4-400x267.jpg 400w, https:\/\/semmelweis.hu\/tuzoltoklinika\/files\/2020\/09\/Gasztro-4-768x512.jpg 768w, https:\/\/semmelweis.hu\/tuzoltoklinika\/files\/2020\/09\/Gasztro-4-753x502.jpg 753w, https:\/\/semmelweis.hu\/tuzoltoklinika\/files\/2020\/09\/Gasztro-4-203x135.jpg 203w, https:\/\/semmelweis.hu\/tuzoltoklinika\/files\/2020\/09\/Gasztro-4.jpg 1024w\" ><\/a><\/div>\r\n            <\/span>\r\n\r\n            <\/div>\r\n\r\n\t\t\t<div class=\"col-3 pl-0 pr-0\">\r\n\t\t\t\t<div class=\"galeria-right-img d-flex justify-content-between flex-column h-100 w-100 px-0 mx-0 \">\r\n                <div class=\"galeria-box\">\r\n\t\t\t\t\t<h3 class=\"galeria-title\">Gal\u00e9ria<\/h3>\r\n\t\t\t\t\t<div class=\"galeria-subtitle\">\r\n\r\n\t\t\t\t\t\t<div class=\"galeria-page-counter\"><span>7<\/span>k\u00e9p<\/div>\r\n                    <\/div> <\/div>\r\n                    <span class=\"gallery-item frame d-none d-md-flex\">\r\n\t\t\t\t\t<div class=\"galeria-small-img mt-0\"><a href=\"https:\/\/semmelweis.hu\/tuzoltoklinika\/files\/2020\/09\/Gasztro-2.jpg\"><img src=https:\/\/semmelweis.hu\/tuzoltoklinika\/files\/2020\/09\/Gasztro-2.jpg \r\n                                alt=\"\"  \r\n                                class=\"attachment-sote-gallery-small size-sote-gallery-small\" \r\n                                srcset=\"https:\/\/semmelweis.hu\/tuzoltoklinika\/files\/2020\/09\/Gasztro-2-400x267.jpg 400w, https:\/\/semmelweis.hu\/tuzoltoklinika\/files\/2020\/09\/Gasztro-2-768x512.jpg 768w, https:\/\/semmelweis.hu\/tuzoltoklinika\/files\/2020\/09\/Gasztro-2-753x502.jpg 753w, https:\/\/semmelweis.hu\/tuzoltoklinika\/files\/2020\/09\/Gasztro-2-203x135.jpg 203w, https:\/\/semmelweis.hu\/tuzoltoklinika\/files\/2020\/09\/Gasztro-2.jpg 1024w\" ><\/a><\/div>\r\n                    <\/span>\r\n                    <span class=\"gallery-item frame d-none d-md-flex\">\r\n\t\t\t\t\t<div class=\"galeria-small-img mt-0\"><a href=\"https:\/\/semmelweis.hu\/tuzoltoklinika\/files\/2020\/09\/Gasztro-3.jpg\"><img src=https:\/\/semmelweis.hu\/tuzoltoklinika\/files\/2020\/09\/Gasztro-3.jpg \r\n                                alt=\"\" \r\n                                class=\"attachment-sote-gallery-small size-sote-gallery-small\" \r\n                                srcset=\"https:\/\/semmelweis.hu\/tuzoltoklinika\/files\/2020\/09\/Gasztro-3-400x267.jpg 400w, https:\/\/semmelweis.hu\/tuzoltoklinika\/files\/2020\/09\/Gasztro-3-768x512.jpg 768w, https:\/\/semmelweis.hu\/tuzoltoklinika\/files\/2020\/09\/Gasztro-3-753x502.jpg 753w, https:\/\/semmelweis.hu\/tuzoltoklinika\/files\/2020\/09\/Gasztro-3-203x135.jpg 203w, https:\/\/semmelweis.hu\/tuzoltoklinika\/files\/2020\/09\/Gasztro-3.jpg 1024w\" ><\/a><\/div>\r\n                    <\/span>\r\n\r\n                <\/div>\r\n\r\n            <\/div>\r\n\r\n            <span class=\"gallery-item\"><div class=\"hidden\"><a href=\"https:\/\/semmelweis.hu\/tuzoltoklinika\/files\/2020\/09\/Gasztro-5.jpg\">\r\n        <img src=https:\/\/semmelweis.hu\/tuzoltoklinika\/files\/2020\/09\/Gasztro-5.jpg alt=\"\" class=\"attachment-sote-gallery-big size-sote-gallery-big\" srcset=\"https:\/\/semmelweis.hu\/tuzoltoklinika\/files\/2020\/09\/Gasztro-5-400x267.jpg 400w, https:\/\/semmelweis.hu\/tuzoltoklinika\/files\/2020\/09\/Gasztro-5-768x512.jpg 768w, https:\/\/semmelweis.hu\/tuzoltoklinika\/files\/2020\/09\/Gasztro-5-753x502.jpg 753w, https:\/\/semmelweis.hu\/tuzoltoklinika\/files\/2020\/09\/Gasztro-5-203x135.jpg 203w, https:\/\/semmelweis.hu\/tuzoltoklinika\/files\/2020\/09\/Gasztro-5.jpg 1024w\" >\r\n        <\/a><\/div><\/span><span class=\"gallery-item\"><div class=\"hidden\"><a href=\"https:\/\/semmelweis.hu\/tuzoltoklinika\/files\/2020\/09\/Gasztro-6.jpg\">\r\n        <img src=https:\/\/semmelweis.hu\/tuzoltoklinika\/files\/2020\/09\/Gasztro-6.jpg alt=\"\" class=\"attachment-sote-gallery-big size-sote-gallery-big\" srcset=\"https:\/\/semmelweis.hu\/tuzoltoklinika\/files\/2020\/09\/Gasztro-6-400x267.jpg 400w, https:\/\/semmelweis.hu\/tuzoltoklinika\/files\/2020\/09\/Gasztro-6-768x512.jpg 768w, https:\/\/semmelweis.hu\/tuzoltoklinika\/files\/2020\/09\/Gasztro-6-753x502.jpg 753w, https:\/\/semmelweis.hu\/tuzoltoklinika\/files\/2020\/09\/Gasztro-6-203x135.jpg 203w, https:\/\/semmelweis.hu\/tuzoltoklinika\/files\/2020\/09\/Gasztro-6.jpg 1024w\" >\r\n        <\/a><\/div><\/span><span class=\"gallery-item\"><div class=\"hidden\"><a href=\"https:\/\/semmelweis.hu\/tuzoltoklinika\/files\/2022\/09\/Gasztro-2_V.jpg\">\r\n        <img src=https:\/\/semmelweis.hu\/tuzoltoklinika\/files\/2022\/09\/Gasztro-2_V.jpg alt=\"\" class=\"attachment-sote-gallery-big size-sote-gallery-big\" srcset=\"https:\/\/semmelweis.hu\/tuzoltoklinika\/files\/2022\/09\/Gasztro-2_V-400x300.jpg 400w, https:\/\/semmelweis.hu\/tuzoltoklinika\/files\/2022\/09\/Gasztro-2_V-768x576.jpg 768w, https:\/\/semmelweis.hu\/tuzoltoklinika\/files\/2022\/09\/Gasztro-2_V-753x565.jpg 753w, https:\/\/semmelweis.hu\/tuzoltoklinika\/files\/2022\/09\/Gasztro-2_V.jpg 1024w\" >\r\n        <\/a><\/div><\/span><span class=\"gallery-item\"><div class=\"hidden\"><a href=\"https:\/\/semmelweis.hu\/tuzoltoklinika\/files\/2022\/09\/Gasztro-1_V.jpg\">\r\n        <img src=https:\/\/semmelweis.hu\/tuzoltoklinika\/files\/2022\/09\/Gasztro-1_V.jpg alt=\"\" class=\"attachment-sote-gallery-big size-sote-gallery-big\" srcset=\"https:\/\/semmelweis.hu\/tuzoltoklinika\/files\/2022\/09\/Gasztro-1_V-300x400.jpg 300w, https:\/\/semmelweis.hu\/tuzoltoklinika\/files\/2022\/09\/Gasztro-1_V-753x1004.jpg 753w, https:\/\/semmelweis.hu\/tuzoltoklinika\/files\/2022\/09\/Gasztro-1_V.jpg 768w\" >\r\n        <\/a><\/div><\/span>\r\n            <\/div>\r\n\r\n            [\/slb_exclude]\r\n\t\n","protected":false},"excerpt":{"rendered":"<p>Oszt\u00e1lyvezet\u0151 f\u0151orvos:\u00a0 Dr. Vojnisek Zsuzsanna oszt\u00e1lyvezet\u0151 klinikai f\u0151orvos Betegell\u00e1t\u00e1s csak el\u0151re egyeztetett id\u0151pontban.\u00a0 Id\u0151pontk\u00e9r\u00e9s: szerda kiv\u00e9tel\u00e9vel minden nap 09:00-13:00 \u00f3ra k\u00f6z\u00f6tt,\u00a0a +36-1-215-1380 \/52939 telefonsz\u00e1mon H\u00c9TF\u0150 09:00-14:00 \u00a0Dr. P\u00e1link\u00e1s Annam\u00e1ria KEDD \u00a0Dr. Vojnisek Zsuzsanna CS\u00dcT\u00d6RT\u00d6K \u00a0Dr. Nemes Nagy Anna P\u00c9NTEK \u00a0Dr. Tomsits Erika &nbsp; Gasztroenterol\u00f3giai Ambulancia Hetente 4 ambul\u00e1ns napon fogadjuk az orsz\u00e1g eg\u00e9sz ter\u00fclet\u00e9r\u0151l, de &hellip;<\/p>\n","protected":false},"author":158,"featured_media":0,"parent":3986,"menu_order":0,"comment_status":"closed","ping_status":"closed","template":"","meta":{"_acf_changed":false,"footnotes":""},"categories":[],"tags":[],"class_list":["post-235","page","type-page","status-publish","hentry"],"acf":[],"_links":{"self":[{"href":"https:\/\/semmelweis.hu\/tuzoltoklinika\/wp-json\/wp\/v2\/pages\/235","targetHints":{"allow":["GET"]}}],"collection":[{"href":"https:\/\/semmelweis.hu\/tuzoltoklinika\/wp-json\/wp\/v2\/pages"}],"about":[{"href":"https:\/\/semmelweis.hu\/tuzoltoklinika\/wp-json\/wp\/v2\/types\/page"}],"author":[{"embeddable":true,"href":"https:\/\/semmelweis.hu\/tuzoltoklinika\/wp-json\/wp\/v2\/users\/158"}],"replies":[{"embeddable":true,"href":"https:\/\/semmelweis.hu\/tuzoltoklinika\/wp-json\/wp\/v2\/comments?post=235"}],"version-history":[{"count":10,"href":"https:\/\/semmelweis.hu\/tuzoltoklinika\/wp-json\/wp\/v2\/pages\/235\/revisions"}],"predecessor-version":[{"id":12013,"href":"https:\/\/semmelweis.hu\/tuzoltoklinika\/wp-json\/wp\/v2\/pages\/235\/revisions\/12013"}],"up":[{"embeddable":true,"href":"https:\/\/semmelweis.hu\/tuzoltoklinika\/wp-json\/wp\/v2\/pages\/3986"}],"wp:attachment":[{"href":"https:\/\/semmelweis.hu\/tuzoltoklinika\/wp-json\/wp\/v2\/media?parent=235"}],"wp:term":[{"taxonomy":"category","embeddable":true,"href":"https:\/\/semmelweis.hu\/tuzoltoklinika\/wp-json\/wp\/v2\/categories?post=235"},{"taxonomy":"post_tag","embeddable":true,"href":"https:\/\/semmelweis.hu\/tuzoltoklinika\/wp-json\/wp\/v2\/tags?post=235"}],"curies":[{"name":"wp","href":"https:\/\/api.w.org\/{rel}","templated":true}]}}