{"id":233,"date":"2013-02-08T11:04:23","date_gmt":"2013-02-08T10:04:23","guid":{"rendered":"http:\/\/tuzoltoklinika.semmelweis.hu\/?page_id=233"},"modified":"2024-06-04T16:02:03","modified_gmt":"2024-06-04T14:02:03","slug":"osteologia","status":"publish","type":"page","link":"https:\/\/semmelweis.hu\/tuzoltoklinika\/betegellatas\/diagnosztikai-reszlegek\/osteologia\/","title":{"rendered":"Osteol\u00f3gia"},"content":{"rendered":"<p style=\"text-align: justify\">\u00a0<\/p>\n<h1 style=\"text-align: center\">ODM &#8211; csonts\u0171r\u0171s\u00e9g vizsg\u00e1lat<\/h1>\n<p>&nbsp;<\/p>\n<table style=\"border-collapse: collapse;width: 91.7983%\">\n<tbody>\n<tr>\n<td style=\"width: 24.2349%;text-align: center\"><strong>\u00a0Orvos<\/strong><\/td>\n<td style=\"width: 42.4317%;text-align: center\"><strong>\u00a0Dr. Hossz\u00fa \u00c9va<\/strong><\/td>\n<td style=\"width: 25.1316%;text-align: center\"><strong> klinikai f\u0151orvos<\/strong><\/td>\n<\/tr>\n<\/tbody>\n<\/table>\n<p>&nbsp;<\/p>\n<table style=\"border-collapse: collapse;width: 92.0981%\">\n<tbody>\n<tr>\n<td style=\"width: 24.4544%;text-align: center\"><strong>Asszisztens<\/strong><\/td>\n<td style=\"width: 42.2122%;text-align: center\"><strong>Pusk\u00e1s K\u00e1roly J\u00f3zsefn\u00e9<\/strong><\/td>\n<td style=\"width: 25.4326%;text-align: center\">puskas.erika@semmelweis.hu<\/td>\n<\/tr>\n<\/tbody>\n<\/table>\n<p>&nbsp;<\/p>\n<p>&nbsp;<\/p>\n<div class=\"keretes w-100\">\n<p style=\"text-align: center\"><strong><span style=\"color: #ff0000\">Betegell\u00e1t\u00e1s csak el\u0151re egyeztetett id\u0151pontban<\/span><br \/>\nBejelentkez\u00e9s:<span style=\"color: #ff0000\">+36-1-215-1380\/52903<\/span><\/strong>, 13:00-14:00 \u00f3ra k\u00f6z\u00f6tt,<br \/>\nvagy a <strong><span style=\"color: #ff0000\">puskas.erika@semmelweis.hu <\/span><\/strong>c\u00edmen<\/p>\n<\/div>\n<table class=\"middle-border\" style=\"width: 92.4755%\">\n<tbody>\n<tr style=\"height: 97px\">\n<td style=\"width: 26.7676%;text-align: center\">H\u00c9TF\u0150-P\u00c9NTEK<\/td>\n<td style=\"text-align: center;width: 16.2521%\">09:00-12:00<\/td>\n<td style=\"width: 49.3799%;text-align: center\">Dr. Hossz\u00fa \u00c9va<\/td>\n<\/tr>\n<\/tbody>\n<\/table>\n<p>&nbsp;<\/p>\n<p style=\"text-align: justify\">Az osteol\u00f3giai (csontbetegs\u00e9gekkel foglalkoz\u00f3) r\u00e9szleg l\u00e9trehoz\u00e1s\u00e1t a feln\u0151ttkori csontbetegs\u00e9gek nagy t\u00e1rsadalmi \u00e9s gazdas\u00e1gi vonzat\u00e1nak, valamint kezel\u00e9si neh\u00e9zs\u00e9geinek felismer\u00e9se tette sz\u00fcks\u00e9gess\u00e9. Mivel mindink\u00e1bb a megel\u0151z\u00e9sre ir\u00e1nyul a figyelem, \u00edgy megn\u0151tt az ig\u00e9ny a csontbetegs\u00e9gekkel foglalkoz\u00f3 gyermekorvosok ir\u00e1nt.\u00a0 Az \u00e1sv\u00e1nyi csontt\u00f6meg vizsg\u00e1lat\u00e1t az osteodenzitometria (ODM) fejl\u0151d\u00e9se tette lehet\u0151v\u00e9. Alkalmaz\u00e1s\u00e1val rendk\u00edv\u00fcl gyorsan, vesz\u00e9ly \u00e9s f\u00e1jdalommentesen vizsg\u00e1lhat\u00f3k a csont fejl\u0151d\u00e9s\u00e9t megzavar\u00f3 betegs\u00e9gek.<\/p>\n<p style=\"text-align: justify\">\nLaborunk l\u00e9trehoz\u00e1s\u00e1ra 2004-ben ker\u00fclt sor. Legels\u0151 berendez\u00e9s\u00fcnket a Semmelweis Egyetem I. sz. Belgy\u00f3gy\u00e1szati Klinik\u00e1ja bocs\u00e1totta rendelkez\u00e9s\u00fcnkre, fel\u00faj\u00edtott \u00e9s gyermekek vizsg\u00e1lat\u00e1ra is alkalmas \u00faj softverrel felszerelve, mely egy Lunar DPX-L DEXA k\u00e9sz\u00fcl\u00e9k volt. Ez 2005-ben kieg\u00e9sz\u00fclt \u00faj LUNAR Achilles InSight sarokcsontot m\u00e9r\u0151 ultrahang g\u00e9ppel. 2009-ben az elavult DEXA k\u00e9sz\u00fcl\u00e9ket siker\u00fclt lecser\u00e9lni HOLOGIC Discovery A \u2013ra, a jelenleg el\u00e9rhet\u0151 legjobb cs\u00facstechnol\u00f3gi\u00e1j\u00fa g\u00e9pre, mely nemcsak a csont \u00e1sv\u00e1nyi anyag tartalm\u00e1t, hanem a test \u00f6sszet\u00e9tel\u00e9t r\u00e9gi\u00f3kra lebontva is k\u00e9pes vizsg\u00e1lni. Az ultrahangos csontdenzitometria alkalmaz\u00e1s\u00e1val pedig nemcsak a csont \u00e1sv\u00e1nyi t\u00f6meg\u00e9re, hanem annak min\u0151s\u00e9g\u00e9re is tudunk k\u00f6vetkezt\u00e9seket levonni.<\/p>\n<p style=\"text-align: justify\">Az el\u0151bb felsorolt technik\u00e1k n\u00f6vekv\u0151 testm\u00e9retekre val\u00f3 applik\u00e1l\u00e1s\u00e1val lehet\u0151s\u00e9g ny\u00edlt gyermekkori alkalmaz\u00e1sukra is. A diagnosztik\u00e1ba val\u00f3 bevezet\u00e9s\u00e9hez azonban el\u0151sz\u00f6r a norm\u00e1l\u00e9rt\u00e9kek meghat\u00e1roz\u00e1s\u00e1ra volt sz\u00fcks\u00e9g. \u00cdgy fel\u00e1ll\u00edtottuk a DEXA \u00e9s az UH magyar gyermekek norm\u00e1l\u00e9rt\u00e9keit, amely sz\u00e1mos szempontb\u00f3l k\u00fcl\u00f6nb\u00f6zik a feln\u0151ttek\u00e9t\u0151l, hiszen k\u00f6ztudott, hogy nemcsak a n\u00f6veked\u00e9s, de a serd\u00fcl\u00e9s k\u00fcl\u00f6nb\u00f6z\u0151 f\u00e1zisai is befoly\u00e1solj\u00e1k azt. A csont metabolizmus\u00e1nak vizsg\u00e1lata nemcsak a csont mineraliz\u00e1lts\u00e1g\u00e1nak, hanem a csont \u00e9p\u00edt\u00e9s\u00e9t \u00e9s a csont bont\u00e1s\u00e1t jelz\u0151 csontmarkerek v\u00e1ltoz\u00e1s\u00e1nak ismeret\u00e9t is elengedhetetlenn\u00e9 teszi. Sz\u00fcks\u00e9gess\u00e9 v\u00e1lt teh\u00e1t mindezek norm\u00e1lis \u00e9rt\u00e9keinek meghat\u00e1roz\u00e1sa is.<\/p>\n<p style=\"text-align: justify\">Laborat\u00f3riumunk sz\u00e1mos betegs\u00e9gben (pl: endokrin, onko-haematol\u00f3giai, anyagcsere betegs\u00e9gben) vizsg\u00e1lja a csont mennyis\u00e9gi \u00e9s min\u0151s\u00e9gi \u00f6sszet\u00e9tel\u00e9t. Obesitas (k\u00f6v\u00e9rs\u00e9g) \u00e9s a cs\u00f6kkent gluk\u00f3z tolerancia (IGT), diabetes mellitus (cukorbetegs\u00e9g) vonatkoz\u00e1s\u00e1ban vizsg\u00e1ltuk a test\u00f6sszet\u00e9tel \u00e9s a fenti betegs\u00e9gek kapcsolat\u00e1t. Felm\u00e9rt\u00fck a gyermekek D vitamin ell\u00e1totts\u00e1g\u00e1t. Munk\u00e1nkba sz\u00e1mos TDK hallgat\u00f3 is bekapcsol\u00f3dott, eredm\u00e9nyeikkel rangos\u00a0 d\u00edjakat szereztek. R\u00e9szleg\u00fcnk orsz\u00e1gos gyermekcentrumk\u00e9nt m\u0171k\u00f6dik, \u00edgy nemcsak Budapestr\u0151l \u00e9s\u00a0 Magyarorsz\u00e1g k\u00f6z\u00e9ps\u0151 ter\u00fclet\u00e9r\u0151l, hanem t\u00e1volabbr\u00f3l is \u00e9rkeznek hozz\u00e1nk betegek. \u00c9vi 1800-2000 beteget l\u00e1tunk el.<\/p>\n","protected":false},"excerpt":{"rendered":"<p>\u00a0 ODM &#8211; csonts\u0171r\u0171s\u00e9g vizsg\u00e1lat &nbsp; \u00a0Orvos \u00a0Dr. Hossz\u00fa \u00c9va klinikai f\u0151orvos &nbsp; Asszisztens Pusk\u00e1s K\u00e1roly J\u00f3zsefn\u00e9 puskas.erika@semmelweis.hu &nbsp; &nbsp; Betegell\u00e1t\u00e1s csak el\u0151re egyeztetett id\u0151pontban Bejelentkez\u00e9s:+36-1-215-1380\/52903, 13:00-14:00 \u00f3ra k\u00f6z\u00f6tt, vagy a puskas.erika@semmelweis.hu c\u00edmen H\u00c9TF\u0150-P\u00c9NTEK 09:00-12:00 Dr. Hossz\u00fa \u00c9va &nbsp; Az osteol\u00f3giai (csontbetegs\u00e9gekkel foglalkoz\u00f3) r\u00e9szleg l\u00e9trehoz\u00e1s\u00e1t a feln\u0151ttkori csontbetegs\u00e9gek nagy t\u00e1rsadalmi \u00e9s gazdas\u00e1gi vonzat\u00e1nak, valamint kezel\u00e9si &hellip;<\/p>\n","protected":false},"author":158,"featured_media":0,"parent":1570,"menu_order":0,"comment_status":"closed","ping_status":"closed","template":"","meta":{"_acf_changed":false,"footnotes":""},"categories":[],"tags":[],"class_list":["post-233","page","type-page","status-publish","hentry"],"acf":[],"_links":{"self":[{"href":"https:\/\/semmelweis.hu\/tuzoltoklinika\/wp-json\/wp\/v2\/pages\/233","targetHints":{"allow":["GET"]}}],"collection":[{"href":"https:\/\/semmelweis.hu\/tuzoltoklinika\/wp-json\/wp\/v2\/pages"}],"about":[{"href":"https:\/\/semmelweis.hu\/tuzoltoklinika\/wp-json\/wp\/v2\/types\/page"}],"author":[{"embeddable":true,"href":"https:\/\/semmelweis.hu\/tuzoltoklinika\/wp-json\/wp\/v2\/users\/158"}],"replies":[{"embeddable":true,"href":"https:\/\/semmelweis.hu\/tuzoltoklinika\/wp-json\/wp\/v2\/comments?post=233"}],"version-history":[{"count":10,"href":"https:\/\/semmelweis.hu\/tuzoltoklinika\/wp-json\/wp\/v2\/pages\/233\/revisions"}],"predecessor-version":[{"id":9989,"href":"https:\/\/semmelweis.hu\/tuzoltoklinika\/wp-json\/wp\/v2\/pages\/233\/revisions\/9989"}],"up":[{"embeddable":true,"href":"https:\/\/semmelweis.hu\/tuzoltoklinika\/wp-json\/wp\/v2\/pages\/1570"}],"wp:attachment":[{"href":"https:\/\/semmelweis.hu\/tuzoltoklinika\/wp-json\/wp\/v2\/media?parent=233"}],"wp:term":[{"taxonomy":"category","embeddable":true,"href":"https:\/\/semmelweis.hu\/tuzoltoklinika\/wp-json\/wp\/v2\/categories?post=233"},{"taxonomy":"post_tag","embeddable":true,"href":"https:\/\/semmelweis.hu\/tuzoltoklinika\/wp-json\/wp\/v2\/tags?post=233"}],"curies":[{"name":"wp","href":"https:\/\/api.w.org\/{rel}","templated":true}]}}