{"id":231,"date":"2013-02-08T11:03:44","date_gmt":"2013-02-08T10:03:44","guid":{"rendered":"http:\/\/tuzoltoklinika.semmelweis.hu\/?page_id=231"},"modified":"2024-09-26T10:23:15","modified_gmt":"2024-09-26T08:23:15","slug":"endokrinologia","status":"publish","type":"page","link":"https:\/\/semmelweis.hu\/tuzoltoklinika\/betegellatas\/ambulanciak-es-fekvobeteg-osztalyaink\/endokrinologia\/","title":{"rendered":"Endokrinol\u00f3gia"},"content":{"rendered":"<p><strong>Oszt\u00e1lyvezet\u0151 f\u0151orvos:<\/strong> Dr. T\u00f3th-Heyn P\u00e9ter Ph.D, Med.habil<br \/>\n<strong>Asszisztensek: <\/strong>Pusk\u00e1s K\u00e1roly J\u00f3zsefn\u00e9, Sim\u00e9nfalvi Enik\u0151<\/p>\n<div class=\"keretes w-100\">\n<p><strong>K\u00e9rj\u00fck, lehet\u0151s\u00e9g szerint <span style=\"color: #ff6600\"><span style=\"color: #ff0000\">a megadott e-mail el\u00e9rhet\u0151s\u00e9geken k\u00e9rjenek id\u0151pontot<\/span>,<\/span> <\/strong>a telefont nem minden esetben tudj\u00e1k felvenni koll\u00e9g\u00e1ink<\/p>\n<\/div>\n<p>&nbsp;<\/p>\n<table class=\"bottom-border\" style=\"width: 100%\">\n<tbody>\n<tr>\n<td style=\"text-align: left;width: 99.8182%\" colspan=\"2\">\n<p style=\"text-align: center\"><strong>Ambul\u00e1ns rendel\u00e9si id\u0151k \u00e9s az id\u0151pont-egyeztet\u00e9shez sz\u00fcks\u00e9ges telefonsz\u00e1maink:<\/strong><\/p>\n<\/td>\n<td style=\"text-align: left;width: 0.727273%\"><strong>\u00a0<\/strong><\/td>\n<td style=\"text-align: left;width: 0.436364%\"><strong>\u00a0<\/strong><\/td>\n<\/tr>\n<tr style=\"background-color: #f0f3f6\">\n<td style=\"text-align: left\" colspan=\"2\"><strong>H\u00c9TF\u0150<\/strong><\/td>\n<td style=\"text-align: left;width: 0.727273%\"><strong>\u00a0<\/strong><\/td>\n<td style=\"text-align: left;width: 0.436364%\"><strong>\u00a0<\/strong><\/td>\n<\/tr>\n<tr>\n<td style=\"width: 30%;text-align: left\"><strong>Dr. Hossz\u00fa \u00c9va<br \/>\n<\/strong>09:00-12:00<\/td>\n<td style=\"text-align: left;width: 69.8182%\"><strong>Bejelentkez\u00e9s:<\/strong> puskas.erika@semmelweis.hu<br \/>\nvagy 13:00-14:00 \u00f3ra k\u00f6z\u00f6tt \u00a0+36-1-215-1380\/52903\u00a0<\/td>\n<td style=\"text-align: left;width: 0.727273%\"><strong>\u00a0<\/strong><\/td>\n<td style=\"text-align: left;width: 0.436364%\"><strong>\u00a0<\/strong><\/td>\n<\/tr>\n<tr style=\"background-color: #f0f3f6\">\n<td style=\"text-align: left;width: 99.8182%\" colspan=\"2\"><strong>KEDD<\/strong><\/td>\n<td style=\"text-align: left;width: 0.727273%\"><strong>\u00a0<\/strong><\/td>\n<td style=\"text-align: left;width: 0.436364%\"><strong>\u00a0<\/strong><\/td>\n<\/tr>\n<tr>\n<td style=\"text-align: left;width: 30%\"><strong>Dr. Hossz\u00fa \u00c9va<br \/>\n<\/strong>09:00-12:00<\/td>\n<td style=\"width: 69.8182%\"><strong>Bejelentkez\u00e9s:<\/strong> puskas.erika@semmelweis.hu<br \/>\nvagy 13:00-14:00 \u00f3ra k\u00f6z\u00f6tt a +36-1-215-1380\/52903\u00a0<\/td>\n<td style=\"width: 0.727273%\"><strong>\u00a0<\/strong><\/td>\n<td style=\"width: 0.436364%\"><strong>\u00a0<\/strong><\/td>\n<\/tr>\n<tr style=\"background-color: #f0f3f6\">\n<td style=\"text-align: left;width: 99.8182%\" colspan=\"2\"><strong>SZERDA<\/strong><\/td>\n<td style=\"text-align: left;width: 0.727273%\"><strong>\u00a0<\/strong><\/td>\n<td style=\"text-align: left;width: 0.436364%\"><strong>\u00a0<\/strong><\/td>\n<\/tr>\n<tr>\n<td style=\"width: 30%\"><strong>Dr. Hossz\u00fa \u00c9va<br \/>\n<\/strong>09:00-12:00<\/td>\n<td style=\"text-align: left;width: 69.8182%\"><strong>Bejelentkez\u00e9s:<\/strong> puskas.erika@semmelweis.hu<br \/>\nvagy 13:00-14:00 \u00f3ra k\u00f6z\u00f6tt\u00a0+36-1-215-1380\/52903\u00a0<\/td>\n<td style=\"text-align: left;width: 0.727273%\"><strong>\u00a0<\/strong><\/td>\n<td style=\"text-align: left;width: 0.436364%\"><strong>\u00a0<\/strong><\/td>\n<\/tr>\n<tr>\n<td style=\"text-align: left;width: 30%\"><strong>Dr. Bertalan Rita<br \/>\n<\/strong>09:00-14:00<\/td>\n<td style=\"text-align: left;width: 69.8182%\"><strong>Bejelentkez\u00e9s: <\/strong>simenfalvi.eniko@semmelweis.hu<strong><br \/>\n<\/strong><\/td>\n<td style=\"text-align: left;width: 0.727273%\"><strong>\u00a0<\/strong><\/td>\n<td style=\"text-align: left;width: 0.436364%\"><strong>\u00a0<\/strong><\/td>\n<\/tr>\n<tr style=\"background-color: #f0f3f6\">\n<td style=\"text-align: left;width: 99.8182%\" colspan=\"2\"><strong>CS\u00dcT\u00d6RT\u00d6K<\/strong><\/td>\n<td style=\"text-align: left;width: 0.727273%\"><strong>\u00a0<\/strong><\/td>\n<td style=\"text-align: left;width: 0.436364%\"><strong>\u00a0<\/strong><\/td>\n<\/tr>\n<tr>\n<td style=\"text-align: left;width: 30%\"><strong>Dr. Hossz\u00fa \u00c9va<br \/>\n<\/strong>09:00-12:00<\/td>\n<td style=\"width: 69.8182%\"><strong>Bejelentkez\u00e9s:<\/strong> puskas.erika@semmelweis.hu<br \/>\nvagy 13:00-14:00 \u00f3ra k\u00f6z\u00f6tt,+36-1-215-1380\/52903\u00a0<\/td>\n<td style=\"width: 0.727273%\"><strong>\u00a0<\/strong><\/td>\n<td style=\"width: 0.436364%\"><strong>\u00a0<\/strong><\/td>\n<\/tr>\n<tr>\n<td style=\"text-align: left;width: 30%\"><strong>Dr. Sallai \u00c1gnes<br \/>\n<\/strong>09:00-14:00<\/td>\n<td style=\"width: 69.8182%\"><strong>Bejelentkez\u00e9s: <\/strong>simenfalvi.eniko@semmelweis.hu<strong><br \/>\n<\/strong><\/td>\n<td style=\"width: 0.727273%\"><strong>\u00a0<\/strong><\/td>\n<td style=\"width: 0.436364%\"><strong>\u00a0<\/strong><\/td>\n<\/tr>\n<\/tbody>\n<\/table>\n<h1>SZAKRENDEL\u00c9S\u00dcNK bemutat\u00e1sa<\/h1>\n<p style=\"text-align: justify\"><strong>Endokrin munkacsoport:<\/strong> Dr. Hossz\u00fa \u00c9va klinikai f\u0151orvos,\u00a0 Dr. Sallai \u00c1gnes egyetemi docens, Dr. Bertalan Rita Ph.D., klinikai f\u0151orvos,<\/p>\n<p style=\"text-align: justify\">A Semmelweis Egyetem Gyermekklinika T\u0171zolt\u00f3 utcai r\u00e9szleg\u00e9n a gyermekendokrinol\u00f3giai betegek ell\u00e1t\u00e1sa j\u00e1r\u00f3beteg szakrendel\u00e9s keret\u00e9ben t\u00f6rt\u00e9nik, melyhez fekv\u0151beteg h\u00e1tteret a B\u00f3kay r\u00e9szleg biztos\u00edtja.<\/p>\n<p style=\"text-align: justify\">A szakrendel\u00e9sen az endokrinol\u00f3gia minden ter\u00fclet\u00e9r\u0151l v\u00e1rjuk a kis betegeket. Szakorvosaink nagy tapasztalattal rendelkez\u0151, hazai k\u00f6r\u00f6kben \u00e9s nemzetk\u00f6zileg is elismert szakemberek, akiknek f\u0151bb profilja a n\u00f6veked\u00e9si zavarok, a nemi differenci\u00e1l\u00f3d\u00e1s \u00e9s a serd\u00fcl\u00e9si zavarok, illetve a k\u00e1lcium \u00e9s csontanyagcsere betegs\u00e9gek.<\/p>\n<p style=\"text-align: justify\">N\u00f6veked\u00e9si hormon hi\u00e1ny, illetve Turner-szindr\u00f3ma eset\u00e9n a n\u00f6veked\u00e9si hormon ter\u00e1pia alkalmaz\u00e1s\u00e1ban t\u00f6bb \u00e9vtizedes tapasztalattal rendelkez\u00fcnk.<\/p>\n<p style=\"text-align: justify\">A klinikai genetikai munkacsoporttal szorosan egy\u00fcttm\u0171k\u00f6dve gondozunk sz\u00e1mos egy\u00e9b n\u00f6veked\u00e9si hormon ter\u00e1pi\u00e1ban r\u00e9szes\u00fcl\u0151, ritka betegs\u00e9gben szenved\u0151 gyermeket, mint p\u00e9ld\u00e1ul Prader-Willi-szindr\u00f3ma, Noonan-szindr\u00f3ma, Silver-Russell-szindr\u00f3ma, Williams-szindr\u00f3ma, Di-George-szindr\u00f3ma.<\/p>\n<p style=\"text-align: justify\">A seb\u00e9szeti, a klinikai genetikai \u00e9s a klinikai pszichol\u00f3giai munkacsoporttal a nemi differenci\u00e1l\u00f3d\u00e1s miatt seb\u00e9szeti beavatkoz\u00e1st ig\u00e9nyl\u0151 betegek teljes k\u00f6r\u0171 ell\u00e1t\u00e1s\u00e1t \u00e9s hossz\u00fat\u00e1v\u00fa gondoz\u00e1s\u00e1t tudjuk biztos\u00edtani. \u00a0<\/p>\n<p>Klinik\u00e1nkon a csont \u00e1sv\u00e1nyi anyag tartalom meg\u00e1llap\u00edt\u00e1s\u00e1ra csontdenzitometriai m\u00e9r\u00e9st (ODM) v\u00e9gz\u00fcnk gyermekekn\u00e9l, \u00a0\u00e9s gondozunk sz\u00e1mos k\u00fcl\u00f6nb\u00f6z\u0151 k\u00e1lcium \u00e9s csontanyagcsere betegs\u00e9gben szenved\u0151 kis beteget.<\/p>\n<p>A j\u00e1r\u00f3beteg ell\u00e1t\u00e1s mellett feladataink k\u00f6z\u00e9 tartozik a T\u0171zolt\u00f3 utcai r\u00e9szleg onkohematol\u00f3giai, reumatol\u00f3giai, seb\u00e9szeti, intenz\u00edv, neurol\u00f3giai, gasztroenterol\u00f3giai \u00e9s pulmonol\u00f3gia oszt\u00e1ly\u00e1n fekv\u0151 betegek endokrinol\u00f3giai \u00a0konz\u00edliumi ell\u00e1t\u00e1sa is. \u00a0 <\/p>\n<p>A Semmelweis Egyetem magas sz\u00ednvonal\u00fa diagnosztikai h\u00e1tteret biztos\u00edt\u00f3 int\u00e9zeteivel (p\u00e9ld\u00e1ul Laborat\u00f3riumi Medicina Int\u00e9zet, Orvosi K\u00e9palkot\u00f3 Klinika) egy\u00fcttm\u0171k\u00f6dve a multidiszciplin\u00e1ris \u00a0kivizsg\u00e1l\u00e1st, illetve gondoz\u00e1st ig\u00e9nyl\u0151 gyermekek komplex ell\u00e1t\u00e1s\u00e1t tudjuk biztos\u00edtani. <\/p>\n<p>&nbsp;<\/p>\n<p>&nbsp;<\/p>\n<p>&nbsp;<\/p>\n<p>&nbsp;<\/p>\n<p>&nbsp;<\/p>\n<p>&nbsp;<\/p>\n<p>&nbsp;<\/p>\n<p>&nbsp;<\/p>\n<p style=\"text-align: justify\">\u00a0<\/p>\n<p style=\"text-align: justify\">\u00a0<\/p>\n<p style=\"text-align: justify\">\u00a0<\/p>\n<p style=\"text-align: justify\">\u00a0<\/p>\n<p>&nbsp;<\/p>\n<p>&nbsp;<\/p>\n<p>&nbsp;<\/p>\n<p>&nbsp;<\/p>\n<p>&nbsp;<\/p>\n<p>&nbsp;<\/p>\n<p style=\"text-align: justify\">Az oszt\u00e1lyon 13 \u00e1gyon a 2015. \u00e9vi fel\u00faj\u00edt\u00e1st k\u00f6vet\u0151en 4 k\u00f3rteremben (ebb\u0151l kett\u0151 anya-gyermek k\u00f3rteremk\u00e9nt haszn\u00e1lhat\u00f3) \u00e9vente \u00e1tlagosan 850-900 beteget l\u00e1tunk el. A betegek d\u00f6nt\u0151 t\u00f6bbs\u00e9ge endokrinol\u00f3giai kivizsg\u00e1l\u00e1sra, diabetes be\u00e1ll\u00edt\u00e1sra \u00e9rkezik oszt\u00e1lyunkra, de ha a klinika egy\u00e9b oszt\u00e1lyain helyhi\u00e1ny l\u00e9p fel, m\u00e1s profil\u00fa betegeket is ell\u00e1tunk. A t\u00fals\u00falyos gyermekeknek komplex ell\u00e1t\u00e1st tudunk ny\u00fajtani,\u00a0 k\u00f3rh\u00e1zi tart\u00f3zkod\u00e1suk alatt a vizsg\u00e1latok elv\u00e9gz\u00e9se mellett, dietetikus, gy\u00f3gytorn\u00e1sz \u00e9s pszichol\u00f3gus is seg\u00edti a csal\u00e1dokat az ide\u00e1lis \u00e9letm\u00f3d megtal\u00e1l\u00e1s\u00e1ban.<\/p>\n<p style=\"text-align: justify\">A Semmelweis Egyetem K\u00f6zponti Hormonlaborat\u00f3rium\u00e1val egy\u00fcttm\u0171k\u00f6dve rendk\u00edv\u00fcl sz\u00e9les hormonpaletta m\u00e9r\u00e9s\u00e9re van lehet\u0151s\u00e9g\u00fcnk.<\/p>\n<h5>Szakrendel\u00e9s<\/h5>\n<p style=\"text-align: justify\">Az oszt\u00e1llyal szoros egy\u00fcttm\u0171k\u00f6d\u00e9sben l\u00e9v\u0151 endokrin szakrendel\u00e9seken mintegy 90 gyermek r\u00e9szes\u00fcl n\u00f6veked\u00e9si hormonkezel\u00e9sben n\u00f6veked\u00e9si hormon hi\u00e1ny, Turner szindr\u00f3ma vagy egy\u00e9b ritka indik\u00e1ci\u00f3k miatt. Ezzel munkacsoportunk a legnagyobb magyarorsz\u00e1gi centrum.<\/p>\n<p style=\"text-align: justify\">Az elm\u00falt \u00e9vek jelent\u0151s el\u0151rel\u00e9p\u00e9se a diabeteses betegek ell\u00e1t\u00e1s\u00e1ban, hogy 2009 tavasz\u00e1t\u00f3l lehet\u0151s\u00e9g\u00fcnk van folyamatos sz\u00f6veti gluk\u00f3z-monitoriz\u00e1l\u00e1sra, 2010 elej\u00e9t\u0151l pedig klinik\u00e1nkon is r\u00e9szes\u00fclhetnek inzulinpumpa kezel\u00e9sben cukorbeteg gondozottjaink<\/p>\n<p>&nbsp;<\/p>\n<p>&nbsp;<\/p>\n<p>&nbsp;<\/p>\n<p>&nbsp;<\/p>\n<p>&nbsp;<\/p>\n<p>&nbsp;<\/p>\n<p style=\"text-align: justify\">\u00a0<\/p>\n","protected":false},"excerpt":{"rendered":"<p>Oszt\u00e1lyvezet\u0151 f\u0151orvos: Dr. T\u00f3th-Heyn P\u00e9ter Ph.D, Med.habil Asszisztensek: Pusk\u00e1s K\u00e1roly J\u00f3zsefn\u00e9, Sim\u00e9nfalvi Enik\u0151 K\u00e9rj\u00fck, lehet\u0151s\u00e9g szerint a megadott e-mail el\u00e9rhet\u0151s\u00e9geken k\u00e9rjenek id\u0151pontot, a telefont nem minden esetben tudj\u00e1k felvenni koll\u00e9g\u00e1ink &nbsp; Ambul\u00e1ns rendel\u00e9si id\u0151k \u00e9s az id\u0151pont-egyeztet\u00e9shez sz\u00fcks\u00e9ges telefonsz\u00e1maink: \u00a0 \u00a0 H\u00c9TF\u0150 \u00a0 \u00a0 Dr. Hossz\u00fa \u00c9va 09:00-12:00 Bejelentkez\u00e9s: puskas.erika@semmelweis.hu vagy 13:00-14:00 \u00f3ra k\u00f6z\u00f6tt \u00a0+36-1-215-1380\/52903\u00a0 &hellip;<\/p>\n","protected":false},"author":158,"featured_media":0,"parent":3986,"menu_order":0,"comment_status":"closed","ping_status":"closed","template":"","meta":{"_acf_changed":false,"footnotes":""},"categories":[],"tags":[],"class_list":["post-231","page","type-page","status-publish","hentry"],"acf":[],"_links":{"self":[{"href":"https:\/\/semmelweis.hu\/tuzoltoklinika\/wp-json\/wp\/v2\/pages\/231","targetHints":{"allow":["GET"]}}],"collection":[{"href":"https:\/\/semmelweis.hu\/tuzoltoklinika\/wp-json\/wp\/v2\/pages"}],"about":[{"href":"https:\/\/semmelweis.hu\/tuzoltoklinika\/wp-json\/wp\/v2\/types\/page"}],"author":[{"embeddable":true,"href":"https:\/\/semmelweis.hu\/tuzoltoklinika\/wp-json\/wp\/v2\/users\/158"}],"replies":[{"embeddable":true,"href":"https:\/\/semmelweis.hu\/tuzoltoklinika\/wp-json\/wp\/v2\/comments?post=231"}],"version-history":[{"count":10,"href":"https:\/\/semmelweis.hu\/tuzoltoklinika\/wp-json\/wp\/v2\/pages\/231\/revisions"}],"predecessor-version":[{"id":4558,"href":"https:\/\/semmelweis.hu\/tuzoltoklinika\/wp-json\/wp\/v2\/pages\/231\/revisions\/4558"}],"up":[{"embeddable":true,"href":"https:\/\/semmelweis.hu\/tuzoltoklinika\/wp-json\/wp\/v2\/pages\/3986"}],"wp:attachment":[{"href":"https:\/\/semmelweis.hu\/tuzoltoklinika\/wp-json\/wp\/v2\/media?parent=231"}],"wp:term":[{"taxonomy":"category","embeddable":true,"href":"https:\/\/semmelweis.hu\/tuzoltoklinika\/wp-json\/wp\/v2\/categories?post=231"},{"taxonomy":"post_tag","embeddable":true,"href":"https:\/\/semmelweis.hu\/tuzoltoklinika\/wp-json\/wp\/v2\/tags?post=231"}],"curies":[{"name":"wp","href":"https:\/\/api.w.org\/{rel}","templated":true}]}}