{"id":23,"date":"2013-02-05T11:29:58","date_gmt":"2013-02-05T10:29:58","guid":{"rendered":"http:\/\/tuzoltoklinika.semmelweis.hu\/?page_id=23"},"modified":"2024-08-09T08:36:01","modified_gmt":"2024-08-09T06:36:01","slug":"bemutatkozas","status":"publish","type":"page","link":"https:\/\/semmelweis.hu\/tuzoltoklinika\/bemutatkozas\/","title":{"rendered":"Bemutatkoz\u00e1s"},"content":{"rendered":"<blockquote>\n<p>\u00a0A mi siker\u00fcnk, gyermekeik gy\u00f3gyul\u00e1sa!<\/p>\n<\/blockquote>\n<p style=\"text-align: justify\"><img loading=\"lazy\" decoding=\"async\" class=\"size-medium wp-image-7973 alignright\" src=\"https:\/\/semmelweis.hu\/tuzoltoklinika\/files\/2022\/04\/klinika-2-400x300.jpg\" alt=\"\" width=\"400\" height=\"300\" srcset=\"https:\/\/semmelweis.hu\/tuzoltoklinika\/files\/2022\/04\/klinika-2-400x300.jpg 400w, https:\/\/semmelweis.hu\/tuzoltoklinika\/files\/2022\/04\/klinika-2-768x576.jpg 768w, https:\/\/semmelweis.hu\/tuzoltoklinika\/files\/2022\/04\/klinika-2-753x565.jpg 753w, https:\/\/semmelweis.hu\/tuzoltoklinika\/files\/2022\/04\/klinika-2.jpg 800w\" sizes=\"auto, (max-width: 400px) 100vw, 400px\" \/> A<strong> Semmelweis Egyetem Gyermekgy\u00f3gy\u00e1szati Klinik\u00e1j\u00e1nak T\u0171zolt\u00f3 utcai r\u00e9szlege <\/strong>(a kor\u00e1bbi II. sz\u00e1m\u00fa Gyermekgy\u00f3gy\u00e1szati Klinika) m\u00e1r <a href=\"https:\/\/semmelweis.hu\/tuzoltoklinika\/files\/2024\/08\/Jubileumi-Evkonyv.pdf\" target=\"_blank\" rel=\"noopener\">139 \u00e9ve v\u00e1rja a gy\u00f3gyulni v\u00e1gy\u00f3kat.<\/a> Klinik\u00e1nk az orsz\u00e1g legr\u00e9gibb \u00e9s az egyik legismertebb gyermekk\u00f3rh\u00e1za.<\/p>\n<h4>Betegell\u00e1t\u00e1s<\/h4>\n<p style=\"text-align: justify\"><span style=\"font-weight: 400\">A T\u0171zolt\u00f3 utcai r\u00e9szleg\u00fcnk <\/span><span style=\"font-weight: 400\">csecsem\u0151 &#8211; \u00e9s gyermekgy\u00f3gy\u00e1szatra<\/span><span style=\"font-weight: 400\"> specializ\u00e1l\u00f3dott <\/span><span style=\"font-weight: 400\">klinika <\/span><span style=\"font-weight: 400\">Budapest IX. ker\u00fclet\u00e9ben, melyet 1885-ben alap\u00edtottak. <\/span><span style=\"font-weight: 400\">1946 \u2013 ban az akkor m\u00e1r\u00a0 t\u00f6bb \u00e9vtizede sikeresen m\u0171k\u00f6d\u0151 Feh\u00e9r Kereszt Gyermekk\u00f3rh\u00e1zat Dr. Pet\u00e9nyi G\u00e9za professzor javaslat\u00e1ra, az Egyetem II. sz. Gyermekklinik\u00e1ja elnevez\u00e9st kapta.<\/span><span style=\"font-weight: 400\"> Az <\/span><span style=\"font-weight: 400\">orsz\u00e1gban els\u0151k\u00e9nt itt indult el a\u00a0 velesz\u00fcletett sz\u00edvbetegs\u00e9gek diagnosztik\u00e1ja \u00e9s m\u0171t\u00e9ti kezel\u00e9se, a diagnosztikus c\u00e9l\u00fa kromosz\u00f3ma (citogenetikai ) vizsg\u00e1lat, \u00e9s ugyancsak itt alakult meg\u00a0 az <a href=\"https:\/\/www.gyermekdaganat.hu\/\" target=\"_blank\" rel=\"noopener\">Orsz\u00e1gos Gyermekleuk\u00e9miai \u00e9s Onkol\u00f3giai H\u00e1l\u00f3zat.<\/a><\/span><span style=\"font-weight: 400\"> Nagyj\u00e1b\u00f3l minden m\u00e1sodik daganatos \u00e9s leuk\u00e9mi\u00e1s beteg gyermeket itt kezelnek, \u00edgy r\u00e9szleg\u00fcnk az orsz\u00e1gban <\/span><span style=\"font-weight: 400\">\u00e9vtizedek<\/span><span style=\"font-weight: 400\"> \u00f3ta a <\/span><span style=\"font-weight: 400\">csecsem\u0151k \u00e9s gyermekek ell\u00e1t\u00e1s\u00e1ban<\/span><span style=\"font-weight: 400\"> k\u00f6zponti szerepet t\u00f6lt be. Az \u00e1ltal\u00e1nos csecsem\u0151- \u00e9s gyermekoszt\u00e1lyokon bel\u00fcl a korszer\u0171 ig\u00e9nyeknek megfelel\u0151en, fokozatosan \u00f6n\u00e1ll\u00f3sultak a betegell\u00e1t\u00e1s egyes speci\u00e1lis ter\u00fcletei, a klinika hagyom\u00e1nyos profiljai molekul\u00e1ris genetikai (DNS diagnosztikai) laborat\u00f3riummal eg\u00e9sz\u00fcltek ki.<\/span><\/p>\n<p style=\"text-align: justify\"><span style=\"font-weight: 400\">Klinik\u00e1nk, m\u00faltj\u00e1b\u00f3l ad\u00f3d\u00f3an nagy hagyom\u00e1nyokkal rendelkez\u0151 int\u00e9zm\u00e9ny, mely folyamatosan fejl\u0151dik \u00e9s igyekszik a mai kor modern orvosi innov\u00e1ci\u00f3j\u00e1nak megfelelni <\/span><span style=\"font-weight: 400\">mind<\/span><span style=\"font-weight: 400\"> a <\/span><span style=\"font-weight: 400\">szakmai ter\u00fcleteken<\/span><span style=\"font-weight: 400\">, <\/span><span style=\"font-weight: 400\">mind pedig<\/span><span style=\"font-weight: 400\">\u00a0 bar\u00e1ts\u00e1gos, otthonos l\u00e9gk\u00f6rt teremtve, az itt gy\u00f3gyul\u00f3 gyermekek \u00e9s sz\u00fcleik sz\u00e1m\u00e1ra is. <\/span><span style=\"font-weight: 400\">Klinik\u00e1nkon\u00a0 vezett\u00fck be haz\u00e1nkban els\u0151k\u00e9nt\u00a0 a beteg gyermekek eg\u00e9sz napos sz\u00fcl\u0151i\u00a0 l\u00e1togat\u00e1si lehet\u0151s\u00e9g\u00e9t, baba \u2013 mama k\u00f3rtermek kialak\u00edt\u00e1s\u00e1t.<\/span><span style=\"font-weight: 400\"> B\u00fcszk\u00e9k vagyunk r\u00e1, hogy szakdolgoz\u00f3ink elhivatottak, az \u00e1ltaluk k\u00e9pviselt szaktud\u00e1s a speci\u00e1lis ter\u00fcletek ell\u00e1t\u00e1s\u00e1ban n\u00e9lk\u00fcl\u00f6zhetetlen.<\/span><\/p>\n<div class=\"keretes w-100\">\n<p style=\"text-align: justify\" align=\"left\">Int\u00e9zm\u00e9ny\u00fckben 124 \u00e1gy tal\u00e1lhat\u00f3. Gy\u00f3gy\u00edt\u00f3 tev\u00e9kenys\u00e9g\u00fcnket sz\u00e1mos szakter\u00fcleten v\u00e9gezz\u00fck: endokrinol\u00f3gia, gasztroenterol\u00f3gia, haematol\u00f3gia-onkol\u00f3gia, intenz\u00edv ell\u00e1t\u00e1s, kardiol\u00f3gia, immunol\u00f3gia\/nefrol\u00f3gia\/reumatol\u00f3gia, oszteol\u00f3gia, neurol\u00f3gia, pulmonol\u00f3gia, seb\u00e9szet, hypertonia \u00e9s genetikai\/anyagcsere-betegs\u00e9gek. A betegek gy\u00f3gy\u00edt\u00e1s\u00e1t gyermekpszichol\u00f3gus- valamint pedag\u00f3gus munkacsoport is seg\u00edti.<\/p>\n<\/div>\n<p style=\"text-align: justify\" align=\"left\">A fekv\u0151beteg-oszt\u00e1lyok sz\u00ednvonalas ter\u00e1pi\u00e1s h\u00e1tteret biztos\u00edtanak a r\u00e9szleg jelent\u0151s ambul\u00e1ns betegforgalm\u00e1nak, egyes specialit\u00e1sok szervezett magyarorsz\u00e1gi k\u00f6zpontjai a klinik\u00e1n m\u0171k\u00f6dnek. A diagnosztikus tev\u00e9kenys\u00e9get r\u00e9szleg\u00fcnk\u00f6n speci\u00e1lis laborat\u00f3riumi h\u00e1tt\u00e9r seg\u00edti: k\u00e9miai, hematol\u00f3giai, bakteriol\u00f3giai labor, r\u00f6ntgen, ultrahang, echocardiographiai laborat\u00f3rium, EEG-vizsg\u00e1l\u00f3, valamint a genetikai tan\u00e1csad\u00f3 rendel\u00e9ssel egy\u00fcttm\u0171k\u00f6d\u0151 citogenetikai \u00e9s molekul\u00e1ris genetikai laborat\u00f3rium.<\/p>\n<h4 align=\"left\">Oktat\u00e1s \u00e9s kutat\u00e1s<\/h4>\n<p style=\"text-align: justify\"><strong>Orvosaink magas tudom\u00e1nyos fokozattal rendelkeznek.<\/strong> A tudom\u00e1nyos kutat\u00e1s fontos h\u00e1tteret biztos\u00edt a mindennapi gyermekgy\u00f3gy\u00e1szati ell\u00e1t\u00e1shoz. Klinik\u00e1nk nemzetk\u00f6zileg is elismert eredm\u00e9nyeket \u00e9rt el a gyermekgy\u00f3gy\u00e1szat sz\u00e1mos ter\u00fclet\u00e9n. R\u00e9szleg\u00fcnk gyakorl\u00f3 ter\u00fcletet biztos\u00edt az eg\u00e9szs\u00e9g\u00fcgyi szakk\u00e9pz\u00e9sben r\u00e9szt vev\u0151 hallgat\u00f3k sz\u00e1m\u00e1ra magyar, angol \u00e9s n\u00e9met nyelven az al\u00e1bbi ter\u00fcleteken: orvos, szakorvos, diplom\u00e1s \u00e1pol\u00f3, v\u00e9d\u0151n\u0151, OKJ-s gyermek\u00e1pol\u00f3, szoci\u00e1lis munk\u00e1s, gy\u00f3gytorn\u00e1sz \u00e9s dietetikus. Fontosnak tartjuk, hogy tud\u00e1sban \u00e9s emberileg is ig\u00e9nyes szakembereket nevelj\u00fcnk a j\u00f6v\u0151nek.<\/p>\n<p style=\"text-align: justify\"><strong>B\u00e1r sz\u00e1munkra az lenne \u00f6r\u00f6m, ha nem itt tal\u00e1lkozn\u00e1nk, m\u00e9gis bizton \u00e1ll\u00edthatjuk, ha sz\u00fcks\u00e9g van r\u00e1nk, szeretettel \u00e9s tud\u00e1sunk legjav\u00e1val fogadjuk \u00d6n\u00f6ket!\u00a0<\/strong><\/p>\n<p style=\"text-align: justify\">Aut\u00f3val, gyalog, telefonon, interneten? K\u00e9rj\u00fck, tekintse meg klinik\u00e1nk <a href=\"https:\/\/semmelweis.hu\/tuzoltoklinika\/kapcsolat\/\">el\u00e9rhet\u0151s\u00e9geit<\/a>!<\/p>\n\r\n        [slb_exclude]\r\n        <div class=\"row galeria-wrapper mx-0 h-auto\">\r\n            <div class=\"col-9 pl-0 pr-2\">\r\n            <span class=\"gallery-item frame\">\r\n\t\t\t\t<div class=\"galeria-left-img\"><a href=\"https:\/\/semmelweis.hu\/tuzoltoklinika\/files\/2022\/04\/BPI_9482.jpg\"><img src=https:\/\/semmelweis.hu\/tuzoltoklinika\/files\/2022\/04\/BPI_9482.jpg  \r\n                            alt=\"\" \r\n                            class=\"attachment-sote-gallery-big size-sote-gallery-big\" \r\n                            srcset=\"https:\/\/semmelweis.hu\/tuzoltoklinika\/files\/2022\/04\/BPI_9482-400x267.jpg 400w, https:\/\/semmelweis.hu\/tuzoltoklinika\/files\/2022\/04\/BPI_9482-1024x682.jpg 1024w, https:\/\/semmelweis.hu\/tuzoltoklinika\/files\/2022\/04\/BPI_9482-768x512.jpg 768w, https:\/\/semmelweis.hu\/tuzoltoklinika\/files\/2022\/04\/BPI_9482-753x502.jpg 753w, https:\/\/semmelweis.hu\/tuzoltoklinika\/files\/2022\/04\/BPI_9482-203x135.jpg 203w, https:\/\/semmelweis.hu\/tuzoltoklinika\/files\/2022\/04\/BPI_9482.jpg 1280w\" ><\/a><\/div>\r\n            <\/span>\r\n\r\n            <\/div>\r\n\r\n\t\t\t<div class=\"col-3 pl-0 pr-0\">\r\n\t\t\t\t<div class=\"galeria-right-img d-flex justify-content-between flex-column h-100 w-100 px-0 mx-0 \">\r\n                <div class=\"galeria-box\">\r\n\t\t\t\t\t<h3 class=\"galeria-title\">Gal\u00e9ria<\/h3>\r\n\t\t\t\t\t<div class=\"galeria-subtitle\">\r\n\r\n\t\t\t\t\t\t<div class=\"galeria-page-counter\"><span>6<\/span>k\u00e9p<\/div>\r\n                    <\/div> <\/div>\r\n                    <span class=\"gallery-item frame d-none d-md-flex\">\r\n\t\t\t\t\t<div class=\"galeria-small-img mt-0\"><a href=\"https:\/\/semmelweis.hu\/tuzoltoklinika\/files\/2022\/04\/DSC_0622-scaled.jpg\"><img src=https:\/\/semmelweis.hu\/tuzoltoklinika\/files\/2022\/04\/DSC_0622-scaled.jpg \r\n                                alt=\"\"  \r\n                                class=\"attachment-sote-gallery-small size-sote-gallery-small\" \r\n                                srcset=\"https:\/\/semmelweis.hu\/tuzoltoklinika\/files\/2022\/04\/DSC_0622-267x400.jpg 267w, https:\/\/semmelweis.hu\/tuzoltoklinika\/files\/2022\/04\/DSC_0622-683x1024.jpg 683w, https:\/\/semmelweis.hu\/tuzoltoklinika\/files\/2022\/04\/DSC_0622-768x1152.jpg 768w, https:\/\/semmelweis.hu\/tuzoltoklinika\/files\/2022\/04\/DSC_0622-1024x1536.jpg 1024w, https:\/\/semmelweis.hu\/tuzoltoklinika\/files\/2022\/04\/DSC_0622-1365x2048.jpg 1365w, https:\/\/semmelweis.hu\/tuzoltoklinika\/files\/2022\/04\/DSC_0622-753x1130.jpg 753w, https:\/\/semmelweis.hu\/tuzoltoklinika\/files\/2022\/04\/DSC_0622-scaled.jpg 1707w\" ><\/a><\/div>\r\n                    <\/span>\r\n                    <span class=\"gallery-item frame d-none d-md-flex\">\r\n\t\t\t\t\t<div class=\"galeria-small-img mt-0\"><a href=\"https:\/\/semmelweis.hu\/tuzoltoklinika\/files\/2022\/04\/Folyoso-uj.jpg\"><img src=https:\/\/semmelweis.hu\/tuzoltoklinika\/files\/2022\/04\/Folyoso-uj.jpg \r\n                                alt=\"\" \r\n                                class=\"attachment-sote-gallery-small size-sote-gallery-small\" \r\n                                srcset=\"https:\/\/semmelweis.hu\/tuzoltoklinika\/files\/2022\/04\/Folyoso-uj-302x400.jpg 302w, https:\/\/semmelweis.hu\/tuzoltoklinika\/files\/2022\/04\/Folyoso-uj-773x1024.jpg 773w, https:\/\/semmelweis.hu\/tuzoltoklinika\/files\/2022\/04\/Folyoso-uj-768x1017.jpg 768w, https:\/\/semmelweis.hu\/tuzoltoklinika\/files\/2022\/04\/Folyoso-uj-753x997.jpg 753w, https:\/\/semmelweis.hu\/tuzoltoklinika\/files\/2022\/04\/Folyoso-uj.jpg 1065w\" ><\/a><\/div>\r\n                    <\/span>\r\n\r\n                <\/div>\r\n\r\n            <\/div>\r\n\r\n            <span class=\"gallery-item\"><div class=\"hidden\"><a href=\"https:\/\/semmelweis.hu\/tuzoltoklinika\/files\/2022\/04\/DSC_0619-scaled.jpg\">\r\n        <img src=https:\/\/semmelweis.hu\/tuzoltoklinika\/files\/2022\/04\/DSC_0619-scaled.jpg alt=\"\" class=\"attachment-sote-gallery-big size-sote-gallery-big\" srcset=\"https:\/\/semmelweis.hu\/tuzoltoklinika\/files\/2022\/04\/DSC_0619-400x267.jpg 400w, https:\/\/semmelweis.hu\/tuzoltoklinika\/files\/2022\/04\/DSC_0619-1024x683.jpg 1024w, https:\/\/semmelweis.hu\/tuzoltoklinika\/files\/2022\/04\/DSC_0619-768x512.jpg 768w, https:\/\/semmelweis.hu\/tuzoltoklinika\/files\/2022\/04\/DSC_0619-1536x1024.jpg 1536w, https:\/\/semmelweis.hu\/tuzoltoklinika\/files\/2022\/04\/DSC_0619-2048x1365.jpg 2048w, https:\/\/semmelweis.hu\/tuzoltoklinika\/files\/2022\/04\/DSC_0619-753x502.jpg 753w, https:\/\/semmelweis.hu\/tuzoltoklinika\/files\/2022\/04\/DSC_0619-203x135.jpg 203w\" >\r\n        <\/a><\/div><\/span><span class=\"gallery-item\"><div class=\"hidden\"><a href=\"https:\/\/semmelweis.hu\/tuzoltoklinika\/files\/2022\/04\/DSC_0608-scaled.jpg\">\r\n        <img src=https:\/\/semmelweis.hu\/tuzoltoklinika\/files\/2022\/04\/DSC_0608-scaled.jpg alt=\"\" class=\"attachment-sote-gallery-big size-sote-gallery-big\" srcset=\"https:\/\/semmelweis.hu\/tuzoltoklinika\/files\/2022\/04\/DSC_0608-400x267.jpg 400w, https:\/\/semmelweis.hu\/tuzoltoklinika\/files\/2022\/04\/DSC_0608-1024x683.jpg 1024w, https:\/\/semmelweis.hu\/tuzoltoklinika\/files\/2022\/04\/DSC_0608-768x512.jpg 768w, https:\/\/semmelweis.hu\/tuzoltoklinika\/files\/2022\/04\/DSC_0608-1536x1024.jpg 1536w, https:\/\/semmelweis.hu\/tuzoltoklinika\/files\/2022\/04\/DSC_0608-2048x1365.jpg 2048w, https:\/\/semmelweis.hu\/tuzoltoklinika\/files\/2022\/04\/DSC_0608-753x502.jpg 753w, https:\/\/semmelweis.hu\/tuzoltoklinika\/files\/2022\/04\/DSC_0608-203x135.jpg 203w\" >\r\n        <\/a><\/div><\/span><span class=\"gallery-item\"><div class=\"hidden\"><a href=\"https:\/\/semmelweis.hu\/tuzoltoklinika\/files\/2022\/04\/BPI_9521.jpg\">\r\n        <img src=https:\/\/semmelweis.hu\/tuzoltoklinika\/files\/2022\/04\/BPI_9521.jpg alt=\"\" class=\"attachment-sote-gallery-big size-sote-gallery-big\" srcset=\"https:\/\/semmelweis.hu\/tuzoltoklinika\/files\/2022\/04\/BPI_9521-400x267.jpg 400w, https:\/\/semmelweis.hu\/tuzoltoklinika\/files\/2022\/04\/BPI_9521-1024x682.jpg 1024w, https:\/\/semmelweis.hu\/tuzoltoklinika\/files\/2022\/04\/BPI_9521-768x512.jpg 768w, https:\/\/semmelweis.hu\/tuzoltoklinika\/files\/2022\/04\/BPI_9521-753x502.jpg 753w, https:\/\/semmelweis.hu\/tuzoltoklinika\/files\/2022\/04\/BPI_9521-203x135.jpg 203w, https:\/\/semmelweis.hu\/tuzoltoklinika\/files\/2022\/04\/BPI_9521.jpg 1280w\" >\r\n        <\/a><\/div><\/span>\r\n            <\/div>\r\n\r\n            [\/slb_exclude]\r\n\t\n<p style=\"text-align: justify\">\u00a0<\/p>\n","protected":false},"excerpt":{"rendered":"<p>Tisztelt L\u00e1togat\u00f3nk!<\/p>\n<p>Szeretettel k\u00f6sz\u00f6ntj\u00fck a Gyermekgy\u00f3gy\u00e1szati Klinika T\u0171zolt\u00f3 utcai r\u00e9szleg\u00e9nek (a kor\u00e1bbi II. Sz. Gyermekgy\u00f3gy\u00e1szati Klinika) honlapj\u00e1n. <\/p>\n<p>Szeretn\u00e9nk \u00d6n\u00f6knek bemutatni az orsz\u00e1g legr\u00e9gibb gyermekk\u00f3rh\u00e1z\u00e1nak T\u0171zolt\u00f3 utcai r\u00e9szleg\u00e9t, annak m\u00faltj\u00e1t \u00e9s jelen\u00e9t. Tegyen egy virtu\u00e1lis l\u00e1togat\u00e1st, hogy megismerje klinik\u00e1nk betegell\u00e1t\u00f3, oktat\u00e1si \u00e9s tudom\u00e1nyos tev\u00e9kenys\u00e9g\u00e9t.<\/p>\n","protected":false},"author":158,"featured_media":1243,"parent":0,"menu_order":0,"comment_status":"closed","ping_status":"closed","template":"","meta":{"_acf_changed":false,"footnotes":""},"categories":[],"tags":[],"class_list":["post-23","page","type-page","status-publish","has-post-thumbnail","hentry"],"acf":[],"_links":{"self":[{"href":"https:\/\/semmelweis.hu\/tuzoltoklinika\/wp-json\/wp\/v2\/pages\/23","targetHints":{"allow":["GET"]}}],"collection":[{"href":"https:\/\/semmelweis.hu\/tuzoltoklinika\/wp-json\/wp\/v2\/pages"}],"about":[{"href":"https:\/\/semmelweis.hu\/tuzoltoklinika\/wp-json\/wp\/v2\/types\/page"}],"author":[{"embeddable":true,"href":"https:\/\/semmelweis.hu\/tuzoltoklinika\/wp-json\/wp\/v2\/users\/158"}],"replies":[{"embeddable":true,"href":"https:\/\/semmelweis.hu\/tuzoltoklinika\/wp-json\/wp\/v2\/comments?post=23"}],"version-history":[{"count":11,"href":"https:\/\/semmelweis.hu\/tuzoltoklinika\/wp-json\/wp\/v2\/pages\/23\/revisions"}],"predecessor-version":[{"id":10307,"href":"https:\/\/semmelweis.hu\/tuzoltoklinika\/wp-json\/wp\/v2\/pages\/23\/revisions\/10307"}],"wp:featuredmedia":[{"embeddable":true,"href":"https:\/\/semmelweis.hu\/tuzoltoklinika\/wp-json\/wp\/v2\/media\/1243"}],"wp:attachment":[{"href":"https:\/\/semmelweis.hu\/tuzoltoklinika\/wp-json\/wp\/v2\/media?parent=23"}],"wp:term":[{"taxonomy":"category","embeddable":true,"href":"https:\/\/semmelweis.hu\/tuzoltoklinika\/wp-json\/wp\/v2\/categories?post=23"},{"taxonomy":"post_tag","embeddable":true,"href":"https:\/\/semmelweis.hu\/tuzoltoklinika\/wp-json\/wp\/v2\/tags?post=23"}],"curies":[{"name":"wp","href":"https:\/\/api.w.org\/{rel}","templated":true}]}}