{"id":2298,"date":"2015-09-01T16:31:23","date_gmt":"2015-09-01T14:31:23","guid":{"rendered":"http:\/\/tuzoltoklinika.semmelweis.hu\/?page_id=2298"},"modified":"2025-01-03T08:03:55","modified_gmt":"2025-01-03T07:03:55","slug":"oktatas","status":"publish","type":"page","link":"https:\/\/semmelweis.hu\/tuzoltoklinika\/oktatas\/","title":{"rendered":"Oktat\u00e1si tev\u00e9kenys\u00e9g\u00fcnk"},"content":{"rendered":"<p><strong>Tisztelt L\u00e1togat\u00f3!<\/strong><\/p>\n<p style=\"text-align: justify\">K\u00f6sz\u00f6ntj\u00fck a <a href=\"https:\/\/semmelweis.hu\/tuzoltoklinika\/bemutatkozas\/\" target=\"_blank\" rel=\"noopener\">Semmelweis Egyetem Gyermekgy\u00f3gy\u00e1szati Klinika T\u0171zolt\u00f3 utcai r\u00e9szleg<\/a> (kor\u00e1bbi II. sz. Gyermekgy\u00f3gy\u00e1szati Klinika) honlapj\u00e1n. Int\u00e9zm\u00e9ny\u00fcnkben zajlik a gyermekgy\u00f3gy\u00e1szat tant\u00e1rgy elm\u00e9leti \u00e9s gyakorlati oktat\u00e1sa az \u00c1ltal\u00e1nos Orvostudom\u00e1nyi (V., VI. \u00e9vfolyam: E-H csoportok), valamint a Fogorvostudom\u00e1nyi Kar hallgat\u00f3i sz\u00e1m\u00e1ra. A k\u00f6telez\u0151 kurrikulumon fel\u00fcl v\u00e1laszthat\u00f3 fakult\u00e1ci\u00f3s programunkban a klinikai genetika, a gyermekkori neurol\u00f3gia, gyermek onkol\u00f3gia \u00e9s az \u00e9relmeszesed\u00e9s megel\u0151z\u00e9s\u00e9nek t\u00e9m\u00e1j\u00e1ban hirdet\u00fcnk kurzusokat.<\/p>\n<p style=\"text-align: justify\">Klinik\u00e1nkon lehet\u0151s\u00e9g van bekapcsol\u00f3dni kutat\u00e1si projektekbe TDK, szakdolgozat \u00e9s rektori p\u00e1lyamunka keret\u00e9ben. Az als\u00f3bb \u00e9ves hallgat\u00f3k a &#8222;Bevezet\u00e9s a Klinikumba&#8221; t\u00e1rgy alkalmai \u00e1ltal felfedezhetik a klinikai gyermekgy\u00f3gy\u00e1szatot. Ezen fel\u00fcl a ter\u00fclet ir\u00e1nt \u00e9rdekl\u0151d\u0151k sz\u00e1m\u00e1ra a &#8222;Klinikai munka&#8221; tant\u00e1rgy biztos\u00edt lehet\u0151s\u00e9get a Klinik\u00e1n foly\u00f3 betegell\u00e1t\u00e1s alaposabb megismer\u00e9s\u00e9re.<\/p>\n<p style=\"text-align: justify\">Min\u0151s\u00edtett oktat\u00f3ink speci\u00e1lis ter\u00fcleteken dolgoz\u00f3 orvosok, akik k\u00f6z\u00fcl sokaknak tudom\u00e1nyos min\u0151s\u00edt\u00e9se van, a hazai tudom\u00e1nyos \u00e9letben elismertek \u00e9s t\u00f6bben hazai \u00e9s nemzetk\u00f6zi t\u00e1rsas\u00e1gok tiszts\u00e9gvisel\u0151i. A visszajelz\u00e9sek alapj\u00e1n b\u00fcszk\u00e9n \u00e1ll\u00edthatjuk, hogy orvosaink a medikusok oktat\u00e1sa \u00fcgy\u00e9ben kiemelked\u0151en elk\u00f6telezettek. Fontosnak tartjuk azt is kiemelni, hogy idegennyelv\u0171 (angol, n\u00e9met) \u00e9s posztgradu\u00e1lis oktat\u00e1si tev\u00e9kenys\u00e9g\u00fcnk is jelent\u0151s, valamint eg\u00e9szs\u00e9g\u00fcgyi szakdolgoz\u00f3k k\u00e9pz\u00e9s\u00e9ben is r\u00e9szt vesz\u00fcnk.<\/p>\n<p>&nbsp;<\/p>\n<p style=\"text-align: center\"><a href=\"https:\/\/semmelweis.hu\/tuzoltoklinika\/files\/2024\/04\/Tanulmanyi-Intezkedesi-Terv_2024.docx\" target=\"_blank\" rel=\"noopener\"><span style=\"color: #000000\"><strong><span style=\"font-size: 24pt\"><span style=\"color: #00ccff\">T<\/span><\/span><\/strong><\/span><span style=\"color: #00ccff\"><strong>anulm\u00e1nyi <span style=\"font-size: 24pt\">I<\/span>nt\u00e9zked\u00e9si <span style=\"font-size: 24pt\">T<\/span>erv\u00fcnk<\/strong><\/span><\/a><br \/>\n<span style=\"color: #000000\"><strong>(a hallgat\u00f3i ig\u00e9nyek alapj\u00e1n megfogalmazott int\u00e9zked\u00e9sek)\u00a0<\/strong><\/span><br \/>\n<strong>2024. \u00e1prilis\u00a0<\/strong><\/p>\n<ul>\n<li style=\"text-align: justify\">A hallgat\u00f3k ig\u00e9nye a gyakorlatorient\u00e1lt tanul\u00e1sra val\u00f3 ig\u00e9ny, egyre n\u00f6vekszik. \u00cdgy j\u00f6v\u0151 \u00e9vt\u0151l a front\u00e1lis oktat\u00e1s helyett, t\u00f6bb interakt\u00edv, probl\u00e9ma-alap\u00fa tanul\u00e1si form\u00e1t vezet\u00fcnk be.<\/li>\n<li style=\"text-align: justify\">A szemin\u00e1riumokat teljesen kivezetj\u00fck, helyett\u00fck workshopokat vezet\u00fcnk be, melyen k\u00fcl\u00f6nb\u00f6z\u0151 manu\u00e1lis, szoft- \u00e9s klinikai szkilleket gyakorolhatnak a hallgat\u00f3k kiscsoportokban egy\u00e9ni visszajelz\u00e9si rendszerrel.<\/li>\n<li style=\"text-align: justify\">L\u00e9nyegre t\u00f6r\u0151 egyetemi jegyzet elk\u00e9sz\u00edt\u00e9se, mely seg\u00edti a vizsg\u00e1ra val\u00f3 felk\u00e9sz\u00fcl\u00e9st.<\/li>\n<li style=\"text-align: justify\">Nagyon kev\u00e9s hallgat\u00f3i visszajelz\u00e9s \u00e9rkezett, \u00edgy ennek facilit\u00e1l\u00e1sa.<\/li>\n<li style=\"text-align: justify\">Az id\u0151keretek szigor\u00fabb betart\u00e1sa.<\/li>\n<li style=\"text-align: justify\">A hallgat\u00f3i mosd\u00f3k tisztas\u00e1g\u00e1nak \u00e9s felszerelts\u00e9g\u00e9nek rendszeres ellen\u0151rz\u00e9se.<\/li>\n<\/ul>\n<p>&nbsp;<\/p>\n<p>R\u00e9szletes oktat\u00e1si t\u00e1j\u00e9koztat\u00f3inkat itt tudj\u00e1k el\u00e9rni:<\/p>\n<p><strong>Magyar \u00c1OK V. \u00e9vfolyam:<\/strong>\u00a0<span style=\"color: #ff0000\"><a href=\"https:\/\/semmelweis.hu\/tuzoltoklinika\/oktatas\/aok-v-evfolyam\/\" target=\"_blank\" rel=\"noopener noreferrer\"><span style=\"color: #ff0000\">https:\/\/semmelweis.hu\/tuzoltoklinika\/oktatas\/aok-v-evfolyam\/<\/span><\/a><\/span><br \/>\n<strong>Magyar \u00c1OK VI. \u00e9vfolyam:<\/strong>\u00a0<a href=\"https:\/\/semmelweis.hu\/tuzoltoklinika\/oktatas\/aok-vi-evfolyam\/\" target=\"_blank\" rel=\"noopener noreferrer\"><span style=\"color: #ff0000\">https:\/\/semmelweis.hu\/tuzoltoklinika\/oktatas\/aok-vi-evfolyam\/<\/span><\/a><br \/>\n<strong>Fogorvosk\u00e9pz\u00e9s:<\/strong> <span style=\"color: #ff0000\"><a href=\"https:\/\/semmelweis.hu\/tuzoltoklinika\/oktatas\/fogorvoskepzes\/\" target=\"_blank\" rel=\"noopener noreferrer\">https:\/\/semmelweis.hu\/tuzoltoklinika\/oktatas\/fogorvoskepzes\/<\/a><\/span><br \/>\n<strong>TDK munka:<\/strong>\u00a0<a href=\"https:\/\/semmelweis.hu\/tuzoltoklinika\/oktatas\/tdk-temak\/\" target=\"_blank\" rel=\"noopener noreferrer\"><span style=\"color: #ff0000\">https:\/\/semmelweis.hu\/tuzoltoklinika\/oktatas\/tdk-temak\/<\/span><\/a><br \/>\n<strong>Szakdolgozat:<\/strong> <span style=\"color: #ff0000\"><a href=\"https:\/\/semmelweis.hu\/tuzoltoklinika\/oktatas\/szakdolgozat\/\" target=\"_blank\" rel=\"noopener noreferrer\"><span style=\"color: #ff0000\">https:\/\/semmelweis.hu\/tuzoltoklinika\/oktatas\/szakdolgozat\/<\/span><\/a><\/span><br \/>\n<strong>Rektori p\u00e1ly\u00e1zat:<\/strong> <a href=\"https:\/\/semmelweis.hu\/tuzoltoklinika\/oktatas\/rektori-palyatetelek\/\" target=\"_blank\" rel=\"noopener noreferrer\"><span style=\"color: #ff0000\">https:\/\/semmelweis.hu\/tuzoltoklinika\/oktatas\/rektori-palyatetelek\/<\/span><\/a><br \/>\n<strong>Klinikai munka:<\/strong> <a href=\"https:\/\/semmelweis.hu\/tuzoltoklinika\/oktatas\/klinikai-munka\/\" target=\"_blank\" rel=\"noopener noreferrer\"><span style=\"color: #ff0000\">https:\/\/semmelweis.hu\/tuzoltoklinika\/oktatas\/klinikai-munka\/<\/span><\/a><\/p>\n<p>&nbsp;<\/p>\n","protected":false},"excerpt":{"rendered":"<p>Tisztelt L\u00e1togat\u00f3! K\u00f6sz\u00f6ntj\u00fck a <a href=\"https:\/\/semmelweis.hu\/tuzoltoklinika\/bemutatkozas\/\" target=\"_blank\" rel=\"noopener\">Semmelweis Egyetem Gyermekgy\u00f3gy\u00e1szati Klinika T\u0171zolt\u00f3 utcai r\u00e9szleg<\/a> (kor\u00e1bbi II. sz. Gyermekgy\u00f3gy\u00e1szati Klinika) honlapj\u00e1n. Int\u00e9zm\u00e9ny\u00fcnkben zajlik a gyermekgy\u00f3gy\u00e1szat tant\u00e1rgy elm\u00e9leti \u00e9s gyakorlati oktat\u00e1sa az \u00c1ltal\u00e1nos Orvostudom\u00e1nyi (V., VI. \u00e9vfolyam: E-H csoportok), valamint a Fogorvostudom\u00e1nyi Kar hallgat\u00f3i sz\u00e1m\u00e1ra. A k\u00f6telez\u0151 kurrikulumon fel\u00fcl v\u00e1laszthat\u00f3 fakult\u00e1ci\u00f3s programunkban a klinikai genetika, a gyermekkori neurol\u00f3gia, gyermek onkol\u00f3gia \u00e9s az \u00e9relmeszesed\u00e9s megel\u0151z\u00e9s\u00e9nek t\u00e9m\u00e1j\u00e1ban hirdet\u00fcnk kurzusokat. &hellip;<\/p>\n","protected":false},"author":101602,"featured_media":0,"parent":0,"menu_order":4,"comment_status":"closed","ping_status":"closed","template":"","meta":{"_acf_changed":false,"footnotes":""},"categories":[],"tags":[],"class_list":["post-2298","page","type-page","status-publish","hentry"],"acf":[],"_links":{"self":[{"href":"https:\/\/semmelweis.hu\/tuzoltoklinika\/wp-json\/wp\/v2\/pages\/2298","targetHints":{"allow":["GET"]}}],"collection":[{"href":"https:\/\/semmelweis.hu\/tuzoltoklinika\/wp-json\/wp\/v2\/pages"}],"about":[{"href":"https:\/\/semmelweis.hu\/tuzoltoklinika\/wp-json\/wp\/v2\/types\/page"}],"author":[{"embeddable":true,"href":"https:\/\/semmelweis.hu\/tuzoltoklinika\/wp-json\/wp\/v2\/users\/101602"}],"replies":[{"embeddable":true,"href":"https:\/\/semmelweis.hu\/tuzoltoklinika\/wp-json\/wp\/v2\/comments?post=2298"}],"version-history":[{"count":11,"href":"https:\/\/semmelweis.hu\/tuzoltoklinika\/wp-json\/wp\/v2\/pages\/2298\/revisions"}],"predecessor-version":[{"id":10749,"href":"https:\/\/semmelweis.hu\/tuzoltoklinika\/wp-json\/wp\/v2\/pages\/2298\/revisions\/10749"}],"wp:attachment":[{"href":"https:\/\/semmelweis.hu\/tuzoltoklinika\/wp-json\/wp\/v2\/media?parent=2298"}],"wp:term":[{"taxonomy":"category","embeddable":true,"href":"https:\/\/semmelweis.hu\/tuzoltoklinika\/wp-json\/wp\/v2\/categories?post=2298"},{"taxonomy":"post_tag","embeddable":true,"href":"https:\/\/semmelweis.hu\/tuzoltoklinika\/wp-json\/wp\/v2\/tags?post=2298"}],"curies":[{"name":"wp","href":"https:\/\/api.w.org\/{rel}","templated":true}]}}