{"id":227,"date":"2013-02-08T11:02:28","date_gmt":"2013-02-08T10:02:28","guid":{"rendered":"http:\/\/tuzoltoklinika.semmelweis.hu\/?page_id=227"},"modified":"2026-02-23T15:02:48","modified_gmt":"2026-02-23T14:02:48","slug":"pulmonologia","status":"publish","type":"page","link":"https:\/\/semmelweis.hu\/tuzoltoklinika\/betegellatas\/ambulanciak-es-fekvobeteg-osztalyaink\/pulmonologia\/","title":{"rendered":"Pulmonol\u00f3gia"},"content":{"rendered":"<h3>Pulmonol\u00f3giai oszt\u00e1ly<\/h3>\n<div class=\"keretes w-100\">\n<p><strong>Oszt\u00e1lyvezet\u0151 f\u0151orvos:<\/strong>\u202fDr. Cz\u00f6vek Dorottya, PhD, egyetemi adjunktus<br \/>\n<strong>Szakorvosok:<\/strong>\u202fDr. Szikszay Orsolya gyermek t\u00fcd\u0151gy\u00f3gy\u00e1sz szakorvos, Dr. Rany\u00e1k M\u00e1rta Szilvia gyermek t\u00fcd\u0151gy\u00f3gy\u00e1sz szakorvos<br \/>\n<strong>Oszt\u00e1lyvezet\u0151 f\u0151n\u0151v\u00e9r:<\/strong>\u202fKetskem\u00e9tyn\u00e9 Balogh Erika<br \/>\n<strong>Szakasszisztens:<\/strong>\u202fR\u00f3zs\u00e1n\u00e9 Gombos Krisztina<\/p>\n<p style=\"text-align: left\"><strong>Rendel\u00e9s a Klinika 7-es \u00e9p\u00fclet\u00e9nek 3. emelet\u00e9n<\/strong><\/p>\n<\/div>\n<p>Oszt\u00e1lyunkon a csecsem\u0151k, kisdedek \u00e9s a nagyobb gyermekek ell\u00e1t\u00e1s\u00e1ra \u00f6sszesen 7 k\u00f3rteremben 10 \u00e1gy \u00e1ll rendelkez\u00e9sre.<\/p>\n<p>F\u0151 profiljaink k\u00f6z\u00e9 tartoznak az akut l\u00e9g\u00fati betegek ell\u00e1t\u00e1sa mellett a kr\u00f3nikus t\u00fcd\u0151betegs\u00e9gben \u00e9s l\u00e9gz\u00e9si el\u00e9gtelens\u00e9gben szenved\u0151 gyermekek gondoz\u00e1sa.<\/p>\n<p>A Klinik\u00e1nkon m\u0171k\u00f6d\u0151 gyermekkori Otthon l\u00e9legeztet\u00e9si program keret\u00e9ben k\u00e9t felszerelt k\u00f3rterem \u00e1ll rendelkez\u00e9sre ezen gyermekek ell\u00e1t\u00e1s\u00e1ra.<\/p>\n<p>Mindezek mellett ter\u00fcleti ell\u00e1t\u00e1si k\u00f6telezetts\u00e9gnek megfelel\u0151en fogadjuk az akut \u00e9s kr\u00f3nikus l\u00e9g\u00fati betegeket.<\/p>\n<h3>Pulmonol\u00f3giai ambulancia<\/h3>\n<p><strong>El\u0151zetes id\u0151pont egyeztet\u00e9s \u00e9s beutal\u00f3 sz\u00fcks\u00e9ges \u00faj betegek \u00e9s 6 h\u00f3napn\u00e1l r\u00e9gebben itt j\u00e1rt p\u00e1ciensek sz\u00e1m\u00e1ra. Az egyeztetett id\u0151pont t\u00e1j\u00e9koztat\u00f3 jelleg\u0171, cs\u00fasz\u00e1s el\u0151fordulhat az orvosi rendel\u00e9sek egy\u00e9nre szabott saj\u00e1toss\u00e1gai miatt.<\/strong><\/p>\n<p><strong>Rendel\u00e9s helysz\u00edne:<\/strong>\u202fSemmelweis Egyetem Gyermekgy\u00f3gy\u00e1szati Klinika T\u0171zolt\u00f3 utcai r\u00e9szleg 7-es \u00e9p\u00fclet 3. emelet (1094 Budapest, T\u0171zolt\u00f3 u. 7-9.)<\/p>\n<table style=\"border-collapse: collapse;width: 100%;height: 198px\">\n<tbody>\n<tr style=\"height: 33px\">\n<td style=\"width: 25%;height: 33px\">H\u00c9TF\u0150 (p\u00e1ratlan h\u00e9t)<\/td>\n<td style=\"width: 25%;height: 33px\">09:00-14:00<\/td>\n<td style=\"width: 25%;height: 33px\">Autoimmun pulmonol\u00f3gia<\/td>\n<td style=\"width: 25%;height: 33px\">Dr. Rany\u00e1k M\u00e1rta<\/td>\n<\/tr>\n<tr style=\"height: 33px\">\n<td style=\"width: 25%;height: 33px\">H\u00c9TF\u0150 (p\u00e1ros h\u00e9t)<\/td>\n<td style=\"width: 25%;height: 33px\">09:00-14:00<\/td>\n<td style=\"width: 25%;height: 33px\">Onkopulmonol\u00f3gia<\/td>\n<td style=\"width: 25%;height: 33px\">Dr. Szikszay Orsolya<\/td>\n<\/tr>\n<tr style=\"height: 33px\">\n<td style=\"width: 25%;height: 33px\">KEDD<\/td>\n<td style=\"width: 25%;height: 33px\">09:00-14:00<\/td>\n<td style=\"width: 25%;height: 33px\">\u00c1ltal\u00e1nos pulmonol\u00f3gia<\/td>\n<td style=\"width: 25%;height: 33px\">Dr. Rany\u00e1k M\u00e1rta<\/td>\n<\/tr>\n<tr style=\"height: 33px\">\n<td style=\"width: 25%;height: 33px\">SZERDA<\/td>\n<td style=\"width: 25%;height: 33px\">09:00-14:00<\/td>\n<td style=\"width: 25%;height: 33px\">Neuromuscularis ambulancia<\/td>\n<td style=\"width: 25%;height: 33px\">\n<p>Dr. Cz\u00f6vek Dorottya<\/p>\n<p>Dr. Szikszay Orsolya<\/p>\n<\/td>\n<\/tr>\n<tr style=\"height: 33px\">\n<td style=\"width: 25%;height: 33px\">CS\u00dcT\u00d6RT\u00d6K<\/td>\n<td style=\"width: 25%;height: 33px\">09:00-14:00<\/td>\n<td style=\"width: 25%;height: 33px\">\u00c1ltal\u00e1nos pulmonol\u00f3gia<\/td>\n<td style=\"width: 25%;height: 33px\">Dr. Szikszay Orsolya<\/td>\n<\/tr>\n<tr style=\"height: 33px\">\n<td style=\"width: 25%;height: 33px\">P\u00c9NTEK<\/td>\n<td style=\"width: 25%;height: 33px\">09:00-14:00<\/td>\n<td style=\"width: 25%;height: 33px\">Otthon l\u00e9legeztet\u00e9si program-ambulancia<\/td>\n<td style=\"width: 25%;height: 33px\">Dr. Cz\u00f6vek Dorottya<\/td>\n<\/tr>\n<\/tbody>\n<\/table>\n<p><strong>Bejelentkez\u00e9s \u00e1ltal\u00e1nos pulmonol\u00f3giai rendel\u00e9sre:<\/strong>\u202f+36 20 825-9410 telefonsz\u00e1mon, munkanapokon 14:00-15:30 \u00f3ra k\u00f6z\u00f6tt\u202flehets\u00e9ges.<\/p>\n<p><strong>Rendel\u00e9s helysz\u00edne:<\/strong>\u202fSemmelweis Egyetem Gyermekgy\u00f3gy\u00e1szati Klinika T\u0171zolt\u00f3 utcai r\u00e9szleg, Ambulancia \u00e9p\u00fclet 1. emelet (1094 Budapest, T\u0171zolt\u00f3 u. 7-9.).<\/p>\n<table style=\"border-collapse: collapse;width: 100%\">\n<tbody>\n<tr>\n<td style=\"width: 25%\">H\u00c9TF\u0150-P\u00c9NTEK<\/td>\n<td style=\"width: 25%\">09:00-15:00<\/td>\n<td style=\"width: 25%\">\u00c1ltal\u00e1nos pulmonol\u00f3gia<\/td>\n<td style=\"width: 25%\">Dr. N\u00e9meth \u00c1gnes<\/td>\n<\/tr>\n<\/tbody>\n<\/table>\n<p>A szakrendel\u00e9sen dolgoz\u00f3 orvosaink csecsem\u0151 \u00e9s gyermekgy\u00f3gy\u00e1sz \u00e9s egyben gyermekt\u00fcd\u0151gy\u00f3gy\u00e1sz szakk\u00e9pes\u00edt\u00e9ssel is rendelkeznek, asszisztensn\u0151nk pulmonol\u00f3gus szakasszisztensi k\u00e9pes\u00edt\u00e9ssel seg\u00edti a koll\u00e9g\u00e1k munk\u00e1j\u00e1t.<\/p>\n<p>Rendel\u0151ink kialak\u00edt\u00e1sakor kifejezett figyelem ir\u00e1nyult a gyermekbar\u00e1t k\u00f6rnyezet biztos\u00edt\u00e1s\u00e1ra. L\u00e9gz\u00e9sfunkci\u00f3s vizsg\u00e1lathoz spirom\u00e9terek, fut\u00f3pad, diff\u00fazi\u00f3s kapacit\u00e1s m\u00e9r\u00e9s \u00e9s egy\u00e9b speci\u00e1lis l\u00e9gz\u00e9sfunkci\u00f3s eszk\u00f6z\u00f6k \u00e1llnak rendelkez\u00e9sre.<\/p>\n<p>Az ambulanci\u00e1nkon \u00e9s oszt\u00e1lyunkon az akut l\u00e9g\u00fati betegeken k\u00edv\u00fcl sz\u00e1mos speci\u00e1lis alapbetegs\u00e9ggel (hemato-onkol\u00f3gia, autoimmun, neuromuscularis) rendelkez\u0151 beteg pulmonol\u00f3giai gondoz\u00e1s\u00e1t is v\u00e9gezz\u00fck. Tekintettel a heterog\u00e9n beteganyagra szakdolgoz\u00f3ink rendszeresen oktat\u00e1sban \u00e9s tov\u00e1bbk\u00e9pz\u00e9sben r\u00e9szes\u00fclnek.<\/p>\n<p>A magas sz\u00ednvonal\u00fa ell\u00e1t\u00e1s biztos\u00edt\u00e1s\u00e1nak \u00e9rdek\u00e9ben gyermekt\u00fcd\u0151gy\u00f3gy\u00e1sz koll\u00e9g\u00e1k rendszeres hazai \u00e9s k\u00fclf\u00f6ldi tov\u00e1bbk\u00e9pz\u00e9seken vesznek r\u00e9szt.<\/p>\n<p>Az ambul\u00e1ns rendel\u00e9s keret\u00e9n bel\u00fcl fogadjuk azokat a betegeket, akiknek k\u00f3rh\u00e1zi felv\u00e9tele nem sz\u00fcks\u00e9ges, \u00e9s a fejleszt\u00e9seknek k\u00f6sz\u00f6nhet\u0151en, j\u00e1r\u00f3beteg ell\u00e1t\u00e1s keret\u00e9ben is m\u00f3d ny\u00edlik a r\u00e9szletes pulmonol\u00f3giai vizsg\u00e1latok elv\u00e9gz\u00e9s\u00e9re. A l\u00e9g\u00fati betegek kivizsg\u00e1l\u00e1s\u00e1t a rutin belgy\u00f3gy\u00e1szati vizsg\u00e1latok mellett m\u0171szeres, l\u00e9gz\u00e9sfunkci\u00f3s, esetenk\u00e9nt terhel\u00e9ses \u00e9s oszcillometri\u00e1s vizsg\u00e1latok elv\u00e9gz\u00e9s\u00e9vel is pontos\u00edtjuk.<\/p>\n<p>Ambul\u00e1ns rendel\u00e9seinkre kifejezett nagy emp\u00e1ti\u00e1val v\u00e1rjuk kis \u00e9s nagy betegeinket.<\/p>\n","protected":false},"excerpt":{"rendered":"<p>Pulmonol\u00f3giai oszt\u00e1ly Oszt\u00e1lyvezet\u0151 f\u0151orvos:\u202fDr. Cz\u00f6vek Dorottya, PhD, egyetemi adjunktus Szakorvosok:\u202fDr. Szikszay Orsolya gyermek t\u00fcd\u0151gy\u00f3gy\u00e1sz szakorvos, Dr. Rany\u00e1k M\u00e1rta Szilvia gyermek t\u00fcd\u0151gy\u00f3gy\u00e1sz szakorvos Oszt\u00e1lyvezet\u0151 f\u0151n\u0151v\u00e9r:\u202fKetskem\u00e9tyn\u00e9 Balogh Erika Szakasszisztens:\u202fR\u00f3zs\u00e1n\u00e9 Gombos Krisztina Rendel\u00e9s a Klinika 7-es \u00e9p\u00fclet\u00e9nek 3. emelet\u00e9n Oszt\u00e1lyunkon a csecsem\u0151k, kisdedek \u00e9s a nagyobb gyermekek ell\u00e1t\u00e1s\u00e1ra \u00f6sszesen 7 k\u00f3rteremben 10 \u00e1gy \u00e1ll rendelkez\u00e9sre. F\u0151 profiljaink k\u00f6z\u00e9 &hellip;<\/p>\n","protected":false},"author":158,"featured_media":0,"parent":3986,"menu_order":0,"comment_status":"closed","ping_status":"closed","template":"","meta":{"_acf_changed":false,"footnotes":""},"categories":[],"tags":[],"class_list":["post-227","page","type-page","status-publish","hentry"],"acf":[],"_links":{"self":[{"href":"https:\/\/semmelweis.hu\/tuzoltoklinika\/wp-json\/wp\/v2\/pages\/227","targetHints":{"allow":["GET"]}}],"collection":[{"href":"https:\/\/semmelweis.hu\/tuzoltoklinika\/wp-json\/wp\/v2\/pages"}],"about":[{"href":"https:\/\/semmelweis.hu\/tuzoltoklinika\/wp-json\/wp\/v2\/types\/page"}],"author":[{"embeddable":true,"href":"https:\/\/semmelweis.hu\/tuzoltoklinika\/wp-json\/wp\/v2\/users\/158"}],"replies":[{"embeddable":true,"href":"https:\/\/semmelweis.hu\/tuzoltoklinika\/wp-json\/wp\/v2\/comments?post=227"}],"version-history":[{"count":10,"href":"https:\/\/semmelweis.hu\/tuzoltoklinika\/wp-json\/wp\/v2\/pages\/227\/revisions"}],"predecessor-version":[{"id":12002,"href":"https:\/\/semmelweis.hu\/tuzoltoklinika\/wp-json\/wp\/v2\/pages\/227\/revisions\/12002"}],"up":[{"embeddable":true,"href":"https:\/\/semmelweis.hu\/tuzoltoklinika\/wp-json\/wp\/v2\/pages\/3986"}],"wp:attachment":[{"href":"https:\/\/semmelweis.hu\/tuzoltoklinika\/wp-json\/wp\/v2\/media?parent=227"}],"wp:term":[{"taxonomy":"category","embeddable":true,"href":"https:\/\/semmelweis.hu\/tuzoltoklinika\/wp-json\/wp\/v2\/categories?post=227"},{"taxonomy":"post_tag","embeddable":true,"href":"https:\/\/semmelweis.hu\/tuzoltoklinika\/wp-json\/wp\/v2\/tags?post=227"}],"curies":[{"name":"wp","href":"https:\/\/api.w.org\/{rel}","templated":true}]}}