{"id":217,"date":"2013-02-08T10:58:07","date_gmt":"2013-02-08T09:58:07","guid":{"rendered":"http:\/\/tuzoltoklinika.semmelweis.hu\/?page_id=217"},"modified":"2024-06-04T12:49:55","modified_gmt":"2024-06-04T10:49:55","slug":"nappali-osztaly","status":"publish","type":"page","link":"https:\/\/semmelweis.hu\/tuzoltoklinika\/betegellatas\/ambulanciak-es-fekvobeteg-osztalyaink\/nappali-osztaly\/","title":{"rendered":"Nappali Oszt\u00e1ly"},"content":{"rendered":"<p style=\"text-align: justify\"><strong>Oszt\u00e1lyvezet\u0151 f\u0151orvos: <\/strong>Dr. Erd\u00e9lyi D\u00e1niel Ph.D, egyetemi docens<\/p>\n<p><strong>Oszt\u00e1lyos orvosok:<\/strong><br \/>\n&#8211; 1 f\u0151 csecsem\u0151- \u00e9s gyermekgy\u00f3gy\u00e1sz szakorvos, gyermek hemato-onkol\u00f3gus szakorvosjel\u00f6lt<br \/>\n&#8211; 1 f\u0151 csecsem\u0151- \u00e9s gyermekgy\u00f3gy\u00e1sz szakorvos jel\u00f6lt vagy rezidens<\/p>\n<p><strong>F\u0151n\u0151v\u00e9r: <\/strong>Farkas Andrea<\/p>\n<p><strong>N\u0151v\u00e9rek:<\/strong>\u00a0Besenyei Enik\u0151<\/p>\n<p style=\"font-weight: 400;text-align: justify\">A nappali oszt\u00e1ly 2007. okt\u00f3ber 1-\u00e9n nyitott meg. Kor\u00e1bbi vezet\u0151i Dr. M\u00fcller Judit \u00e9s Dr. R\u00e9nyi Imre voltak. Az oszt\u00e1ly, nev\u00e9b\u0151l ad\u00f3d\u00f3an 08:00-16:00 \u00f3ra k\u00f6z\u00f6tt m\u0171k\u00f6dik, \u00edgy azon betegek ell\u00e1t\u00e1s\u00e1ra alkalmas, akiknek a v\u00e9n\u00e1s kezel\u00e9se, inf\u00fazi\u00f3, transzf\u00fazi\u00f3 bead\u00e1sa, kis beavatkoz\u00e1sok elv\u00e9gz\u00e9se, ezen id\u0151ponton bel\u00fcl megval\u00f3s\u00edthat\u00f3. Tov\u00e1bb\u00e1 a kor\u00e1bban kezelt onkol\u00f3giai betegek r\u00e9szletes fel\u00fclvizsg\u00e1latait is itt szervezz\u00fck. A gyermekek d\u00f6nt\u0151 r\u00e9sze Klinik\u00e1nk hemato-onkol\u00f3giai oszt\u00e1lyainak betege, ritk\u00e1n m\u00e1s betegek is megfordulnak a Nappali oszt\u00e1lyon. Az ambul\u00e1ns gyermekek centr\u00e1lis v\u00e9na-kan\u00fclj\u00e9nek \u00e1tmos\u00e1sa, k\u00f6t\u00e9scser\u00e9je is gyakran itt t\u00f6rt\u00e9nik. T\u00f6bb esetben a gyermek \u00e9s az \u0151t k\u00eds\u00e9r\u0151 sz\u00fcl\u0151, egy k\u00f6zeli alap\u00edtv\u00e1nyi sz\u00e1ll\u00e1son lakik \u00e9s naponta bej\u00e1r a sz\u00fcks\u00e9ges kezel\u00e9sekre.<\/p>\n<p style=\"text-align: justify\">A klimatiz\u00e1lt oszt\u00e1lyon egy nagy k\u00f3rterem van, n\u00e9gy nagy, valamint egy kis\u00e1ggyal. A kisebb gyermekek kedvenc helye a j\u00e1tsz\u00f3sarok. A nagyobbakat t\u00e1rsasj\u00e1t\u00e9kok \u00e9s egy j\u00e1t\u00e9k konzol v\u00e1rja, hogy az inf\u00fazi\u00f3k alatt j\u00f3l teljen az id\u0151. A kezel\u0151 helyis\u00e9gben t\u00f6rt\u00e9nnek a v\u00e9rv\u00e9telek, kisebb altat\u00e1sos beavatkoz\u00e1sok.<\/p>\n\r\n        [slb_exclude]\r\n        <div class=\"row galeria-wrapper mx-0 h-auto\">\r\n            <div class=\"col-9 pl-0 pr-2\">\r\n            <span class=\"gallery-item frame\">\r\n\t\t\t\t<div class=\"galeria-left-img\"><a href=\"https:\/\/semmelweis.hu\/tuzoltoklinika\/files\/2020\/09\/NappaliIMG_1338-Pano___.jpg\"><img src=https:\/\/semmelweis.hu\/tuzoltoklinika\/files\/2020\/09\/NappaliIMG_1338-Pano___.jpg  \r\n                            alt=\"\" \r\n                            class=\"attachment-sote-gallery-big size-sote-gallery-big\" \r\n                            srcset=\"https:\/\/semmelweis.hu\/tuzoltoklinika\/files\/2020\/09\/NappaliIMG_1338-Pano___-400x241.jpg 400w, https:\/\/semmelweis.hu\/tuzoltoklinika\/files\/2020\/09\/NappaliIMG_1338-Pano___-768x463.jpg 768w, https:\/\/semmelweis.hu\/tuzoltoklinika\/files\/2020\/09\/NappaliIMG_1338-Pano___-753x454.jpg 753w, https:\/\/semmelweis.hu\/tuzoltoklinika\/files\/2020\/09\/NappaliIMG_1338-Pano___.jpg 1024w\" ><\/a><\/div>\r\n            <\/span>\r\n\r\n            <\/div>\r\n\r\n\t\t\t<div class=\"col-3 pl-0 pr-0\">\r\n\t\t\t\t<div class=\"galeria-right-img d-flex justify-content-between flex-column h-100 w-100 px-0 mx-0 \">\r\n                <div class=\"galeria-box\">\r\n\t\t\t\t\t<h3 class=\"galeria-title\">Gal\u00e9ria<\/h3>\r\n\t\t\t\t\t<div class=\"galeria-subtitle\">\r\n\r\n\t\t\t\t\t\t<div class=\"galeria-page-counter\"><span>3<\/span>k\u00e9p<\/div>\r\n                    <\/div> <\/div>\r\n                    <span class=\"gallery-item frame d-none d-md-flex\">\r\n\t\t\t\t\t<div class=\"galeria-small-img mt-0\"><a href=\"https:\/\/semmelweis.hu\/tuzoltoklinika\/files\/2020\/09\/NappaliIMG_1314___.jpg\"><img src=https:\/\/semmelweis.hu\/tuzoltoklinika\/files\/2020\/09\/NappaliIMG_1314___.jpg \r\n                                alt=\"\"  \r\n                                class=\"attachment-sote-gallery-small size-sote-gallery-small\" \r\n                                srcset=\"https:\/\/semmelweis.hu\/tuzoltoklinika\/files\/2020\/09\/NappaliIMG_1314___-400x267.jpg 400w, https:\/\/semmelweis.hu\/tuzoltoklinika\/files\/2020\/09\/NappaliIMG_1314___-768x512.jpg 768w, https:\/\/semmelweis.hu\/tuzoltoklinika\/files\/2020\/09\/NappaliIMG_1314___-753x502.jpg 753w, https:\/\/semmelweis.hu\/tuzoltoklinika\/files\/2020\/09\/NappaliIMG_1314___-203x135.jpg 203w, https:\/\/semmelweis.hu\/tuzoltoklinika\/files\/2020\/09\/NappaliIMG_1314___.jpg 1024w\" ><\/a><\/div>\r\n                    <\/span>\r\n                    <span class=\"gallery-item frame d-none d-md-flex\">\r\n\t\t\t\t\t<div class=\"galeria-small-img mt-0\"><a href=\"https:\/\/semmelweis.hu\/tuzoltoklinika\/files\/2020\/09\/NappaliIMG_1334___.jpg\"><img src=https:\/\/semmelweis.hu\/tuzoltoklinika\/files\/2020\/09\/NappaliIMG_1334___.jpg \r\n                                alt=\"\" \r\n                                class=\"attachment-sote-gallery-small size-sote-gallery-small\" \r\n                                srcset=\"https:\/\/semmelweis.hu\/tuzoltoklinika\/files\/2020\/09\/NappaliIMG_1334___-400x311.jpg 400w, https:\/\/semmelweis.hu\/tuzoltoklinika\/files\/2020\/09\/NappaliIMG_1334___-768x597.jpg 768w, https:\/\/semmelweis.hu\/tuzoltoklinika\/files\/2020\/09\/NappaliIMG_1334___-753x585.jpg 753w, https:\/\/semmelweis.hu\/tuzoltoklinika\/files\/2020\/09\/NappaliIMG_1334___.jpg 1024w\" ><\/a><\/div>\r\n                    <\/span>\r\n\r\n                <\/div>\r\n\r\n            <\/div>\r\n\r\n            \r\n            <\/div>\r\n\r\n            [\/slb_exclude]\r\n\t\n<p>&nbsp;<\/p>\n<p style=\"text-align: justify\">\u00a0<\/p>\n","protected":false},"excerpt":{"rendered":"<p>Oszt\u00e1lyvezet\u0151 f\u0151orvos: Dr. Erd\u00e9lyi D\u00e1niel Ph.D, egyetemi docens Oszt\u00e1lyos orvosok: &#8211; 1 f\u0151 csecsem\u0151- \u00e9s gyermekgy\u00f3gy\u00e1sz szakorvos, gyermek hemato-onkol\u00f3gus szakorvosjel\u00f6lt &#8211; 1 f\u0151 csecsem\u0151- \u00e9s gyermekgy\u00f3gy\u00e1sz szakorvos jel\u00f6lt vagy rezidens F\u0151n\u0151v\u00e9r: Farkas Andrea N\u0151v\u00e9rek:\u00a0Besenyei Enik\u0151 A nappali oszt\u00e1ly 2007. okt\u00f3ber 1-\u00e9n nyitott meg. Kor\u00e1bbi vezet\u0151i Dr. M\u00fcller Judit \u00e9s Dr. R\u00e9nyi Imre voltak. Az oszt\u00e1ly, &hellip;<\/p>\n","protected":false},"author":158,"featured_media":0,"parent":3986,"menu_order":0,"comment_status":"closed","ping_status":"closed","template":"","meta":{"_acf_changed":false,"footnotes":""},"categories":[],"tags":[],"class_list":["post-217","page","type-page","status-publish","hentry"],"acf":[],"_links":{"self":[{"href":"https:\/\/semmelweis.hu\/tuzoltoklinika\/wp-json\/wp\/v2\/pages\/217","targetHints":{"allow":["GET"]}}],"collection":[{"href":"https:\/\/semmelweis.hu\/tuzoltoklinika\/wp-json\/wp\/v2\/pages"}],"about":[{"href":"https:\/\/semmelweis.hu\/tuzoltoklinika\/wp-json\/wp\/v2\/types\/page"}],"author":[{"embeddable":true,"href":"https:\/\/semmelweis.hu\/tuzoltoklinika\/wp-json\/wp\/v2\/users\/158"}],"replies":[{"embeddable":true,"href":"https:\/\/semmelweis.hu\/tuzoltoklinika\/wp-json\/wp\/v2\/comments?post=217"}],"version-history":[{"count":10,"href":"https:\/\/semmelweis.hu\/tuzoltoklinika\/wp-json\/wp\/v2\/pages\/217\/revisions"}],"predecessor-version":[{"id":9954,"href":"https:\/\/semmelweis.hu\/tuzoltoklinika\/wp-json\/wp\/v2\/pages\/217\/revisions\/9954"}],"up":[{"embeddable":true,"href":"https:\/\/semmelweis.hu\/tuzoltoklinika\/wp-json\/wp\/v2\/pages\/3986"}],"wp:attachment":[{"href":"https:\/\/semmelweis.hu\/tuzoltoklinika\/wp-json\/wp\/v2\/media?parent=217"}],"wp:term":[{"taxonomy":"category","embeddable":true,"href":"https:\/\/semmelweis.hu\/tuzoltoklinika\/wp-json\/wp\/v2\/categories?post=217"},{"taxonomy":"post_tag","embeddable":true,"href":"https:\/\/semmelweis.hu\/tuzoltoklinika\/wp-json\/wp\/v2\/tags?post=217"}],"curies":[{"name":"wp","href":"https:\/\/api.w.org\/{rel}","templated":true}]}}