{"id":215,"date":"2013-02-08T10:57:14","date_gmt":"2013-02-08T09:57:14","guid":{"rendered":"http:\/\/tuzoltoklinika.semmelweis.hu\/?page_id=215"},"modified":"2026-02-24T16:06:38","modified_gmt":"2026-02-24T15:06:38","slug":"1-b-onkologia","status":"publish","type":"page","link":"https:\/\/semmelweis.hu\/tuzoltoklinika\/betegellatas\/ambulanciak-es-fekvobeteg-osztalyaink\/1-b-onkologia\/","title":{"rendered":"Onkol\u00f3gia"},"content":{"rendered":"<h1>ONKO-HEMATOL\u00d3GIA<\/h1>\n<div class=\"keretes w-100\">\n<p><strong>Bejelentkez\u00e9s: <a href=\"mailto:hematologia.ambulancia@gyerekklinika.com\">hematologia.ambulancia@gyerekklinika.com<\/a><\/strong><br \/>\n<strong>V\u00e9rv\u00e9tel ideje:<\/strong> h\u00e9tf\u0151t\u0151l-p\u00e9ntekig 08:30-12:00 \u00f3r\u00e1ig<\/p>\n<\/div>\n<table style=\"border-collapse: collapse;width: 99.3171%;height: 164px\">\n<tbody>\n<tr>\n<td style=\"width: 17.5197%\">H\u00c9TF\u0150<\/td>\n<td style=\"width: 15.5111%;text-align: center\" rowspan=\"5\">10:00-13:00<\/td>\n<td style=\"width: 66.9691%\">Dr. Kov\u00e1cs G\u00e1bor, Dr. Garami Mikl\u00f3s<\/td>\n<\/tr>\n<tr>\n<td style=\"width: 17.5197%\">KEDD<\/td>\n<td style=\"width: 66.9691%\">Dr. Cs\u00f3ka Monika, Dr. Garami Mikl\u00f3s, Dr. Erd\u00e9lyi D\u00e1niel<\/td>\n<\/tr>\n<tr>\n<td style=\"width: 17.5197%\">SZERDA<\/td>\n<td style=\"width: 66.9691%\">Dr. Cs\u00f3ka Monika, Dr. M\u00fcller Judit,\u00a0 Dr. Br\u00fcckner Edit<\/td>\n<\/tr>\n<tr>\n<td style=\"width: 17.5197%\">CS\u00dcT\u00d6RT\u00d6K<\/td>\n<td style=\"width: 66.9691%\">Dr. B\u00e9k\u00e9si Andrea, Dr. Br\u00fcckner Edit<\/td>\n<\/tr>\n<tr>\n<td style=\"width: 17.5197%\">P\u00c9NTEK<\/td>\n<td style=\"width: 66.9691%\">Dr. Cs\u00f3ka Monika, Dr. Br\u00fcckner Edit, Dr. Garami Mikl\u00f3s<\/td>\n<\/tr>\n<\/tbody>\n<\/table>\n<p>&nbsp;<\/p>\n<table style=\"border-collapse: collapse;width: 100%\">\n<tbody>\n<tr>\n<td style=\"width: 33.3333%\"><strong>\u00a0Oszt\u00e1lyvezet\u0151<\/strong><\/td>\n<td style=\"width: 33.3333%\"><strong>\u00a0Dr. Cs\u00f3ka Monika, egyetemi docens<\/strong><\/td>\n<td style=\"width: 33.3333%\"><a href=\"mailto:csoka.monika@semmelweis.hu\" target=\"_blank\" rel=\"noopener\">csoka.monika@semmelweis.hu<\/a><\/td>\n<\/tr>\n<\/tbody>\n<\/table>\n<table style=\"border-collapse: collapse;width: 100%\">\n<tbody>\n<tr>\n<td style=\"width: 33.3333%\">\u00a0Klinikai szakorvos<\/td>\n<td style=\"width: 33.3333%\">\u00a0Dr. Szab\u00f3 S\u00e1ndor<\/td>\n<td style=\"width: 33.3333%\">\u00a0<\/td>\n<\/tr>\n<tr>\n<td style=\"width: 33.3333%\">\u00a0Oszt\u00e1lyvezet\u0151 f\u0151n\u0151v\u00e9r<\/td>\n<td style=\"width: 33.3333%\">\u00a0Farkas Andrea Julianna<\/td>\n<td style=\"width: 33.3333%\">\u00a0<\/td>\n<\/tr>\n<tr>\n<td style=\"width: 33.3333%\">\u00a0Gy\u00f3gytorn\u00e1sz<\/td>\n<td style=\"width: 33.3333%\">\u00a0Tarr Zs\u00f3fia<\/td>\n<td style=\"width: 33.3333%\">\u00a0<\/td>\n<\/tr>\n<tr>\n<td style=\"width: 33.3333%\" rowspan=\"2\">\u00a0Orthopediai szaktan\u00e1csad\u00f3<\/td>\n<td style=\"width: 33.3333%\">\u00a0Dr. Kiss J\u00e1nos<\/td>\n<td style=\"width: 33.3333%\">\u00a0<\/td>\n<\/tr>\n<tr>\n<td style=\"width: 33.3333%\">\u00a0Prof. Dr. Szendr\u0151i Mikl\u00f3s<\/td>\n<td style=\"width: 33.3333%\">\u00a0<\/td>\n<\/tr>\n<\/tbody>\n<\/table>\n<table style=\"border-collapse: collapse;width: 100%\">\n<tbody>\n<tr>\n<td style=\"width: 33.3333%\" rowspan=\"2\">\u00a0Szem\u00e9szeti szaktan\u00e1csad\u00f3\u00a0<\/td>\n<td style=\"width: 33.3333%\">\u00a0Dr. Maka Erika<\/td>\n<td style=\"width: 33.3333%\">\u00a0<\/td>\n<\/tr>\n<tr>\n<td style=\"width: 33.3333%\">\u00a0Dr. S\u00e9nyi Katalin<\/td>\n<td style=\"width: 33.3333%\">\u00a0<\/td>\n<\/tr>\n<\/tbody>\n<\/table>\n<p>&nbsp;<\/p>\n<p>Az oszt\u00e1ly 2007. \u00e1prilis\u00a0 1-j\u00e9n ny\u00edlt meg azzal a c\u00e9llal, hogy az 1\/A \u00e9s 2\/A oszt\u00e1lyon \u00e1polt malignus daganatos \u00e9s leukaemi\u00e1s betegeken k\u00edv\u00fcl minden egy\u00e9b daganatos beteget ell\u00e1sson. F\u0151 profilja az osteosarcom\u00e1s betegek ell\u00e1t\u00e1sa, melyet az EURAMOS stuttgarti k\u00f6zponti eur\u00f3pai ell\u00e1t\u00f3rendszer r\u00e9szek\u00e9nt, azzal szoros kapcsolatban v\u00e9gez.<\/p>\n<p>Kiemelt tev\u00e9kenys\u00e9ge a l\u00e1gyr\u00e9sz szark\u00f3m\u00e1s betegek ell\u00e1t\u00e1sa, mivel az oszt\u00e1ly vezet\u0151je 20 \u00e9ve orsz\u00e1gosan koordin\u00e1lja ezen betegek ell\u00e1t\u00e1s\u00e1t, kapcsolatot tartva az eur\u00f3pai k\u00f6zpontokkal, azokkal azonos kezel\u00e9si elveket alkalmazva. Ugyan\u00edgy a szem\u00e9szeti daganatok 75%-\u00e1t ez az oszt\u00e1ly l\u00e1tja el, egy\u00fcttm\u0171k\u00f6dve a budapesti \u00e9s debreceni Szem\u00e9szeti Klinika munkat\u00e1rsaival. A szem\u00e9szeti daganatok ell\u00e1t\u00e1s\u00e1ban az eur\u00f3pai \u00e9s tengerent\u00fali kezel\u00e9si elvek \u00f6sszehangol\u00e1s\u00e1val, az irradi\u00e1ci\u00f3 k\u00e9rd\u00e9s\u00e9ben az Orsz\u00e1gos Onkol\u00f3giai Int\u00e9zettel val\u00f3 egy\u00fcttm\u0171k\u00f6d\u00e9sben igen kedvez\u0151 eredm\u00e9nyek \u00e9rhet\u0151k el.<\/p>\n<p>Ez az oszt\u00e1ly a vese-daganatok \u00e9s a histiocytosis X-ben szenved\u0151 betegek ell\u00e1t\u00f3 egys\u00e9ge is, bele\u00e9rtve ez ut\u00f3bbi betegs\u00e9g igen ritka form\u00e1it is (pl. Rosai-Dorfmann betegs\u00e9g). Az ell\u00e1t\u00e1si k\u00f6r\u00fclm\u00e9nyek igen kedvez\u0151ek, minden \u00e1gyn\u00e1l lehet\u0151s\u00e9g van a k\u00f6zponti oxig\u00e9n-sz\u00edv\u00e1s el\u00e9r\u00e9s\u00e9re (intenz\u00edv ell\u00e1t\u00e1si felt\u00e9telek). <span style=\"font-size: 1rem\">A klinika egy\u00e9b egys\u00e9geinek mobilis k\u00e9sz\u00fcl\u00e9kei lehet\u0151v\u00e9 teszik a beteg\u00e1gy melletti r\u00f6ntgen, ultrahang, sz\u00edv-ultrahang, \u00e9s EEG vizsg\u00e1latok elv\u00e9gz\u00e9s\u00e9t.<\/span><\/p>\n<p>Minden k\u00f3rteremben telefon, internet-hozz\u00e1f\u00e9r\u00e9s \u00e9s telev\u00edzi\u00f3 \u00e1ll a betegek rendelkez\u00e9s\u00e9re. A sz\u00fcl\u0151k elhelyez\u00e9se az \u00fan. baba-mama szob\u00e1kban, \u00e9s a klinik\u00e1val szomsz\u00e9dos lak\u00e1sokban t\u00f6rt\u00e9nik, ami a vid\u00e9ken \u00e9l\u0151 sz\u00fcl\u0151k sz\u00e1m\u00e1ra nagy seg\u00edts\u00e9g.<\/p>\n<h4><strong>Rehabilit\u00e1ci\u00f3s tev\u00e9kenys\u00e9g<\/strong><\/h4>\n<p>Betegeinket a fel\u00e9p\u00fcl\u00e9s\u00fckben, komplex rehabilit\u00e1ci\u00f3jukban \u00e9s a t\u00e1rsadalomba t\u00f6rt\u00e9n\u0151 min\u00e9l t\u00f6k\u00e9letesebb visszailleszked\u00e9s\u00fck megval\u00f3sul\u00e1s\u00e1ban 3 pszichol\u00f3gus \u00e9s gy\u00f3gytorn\u00e1sz is seg\u00edti. A gyermekek sz\u00e1m\u00e1ra ezen t\u00falmen\u0151en is sz\u00e1mtalan programot szervez\u00fcnk, illetve k\u00fcl\u00f6nb\u00f6z\u0151 t\u00e1borokban biztos\u00edtunk kikapcsol\u00f3d\u00e1si lehet\u0151s\u00e9get. Alap\u00edtv\u00e1nyi seg\u00edts\u00e9ggel egy\u00e9b k\u00fclf\u00f6ldi \u00e9s belf\u00f6ldi programok sz\u00ednes\u00edtik betegeink \u00e9let\u00e9t. Audio-vizu\u00e1lis \u00e9s egy\u00e9b technikai felszerel\u00e9sek, sz\u00e1m\u00edt\u00f3g\u00e9pek, internet is rendelkez\u00e9sre \u00e1llnak.<\/p>\n<h4><strong>Ambul\u00e1ns betegek ell\u00e1t\u00e1sa<\/strong><\/h4>\n<p>\u00c9vente 3000 ambul\u00e1ns beteg ell\u00e1t\u00e1s\u00e1val seg\u00edts\u00e9get ny\u00fajtunk a k\u00f6rzeti gyermekorvosoknak a helyi keretek k\u00f6z\u00f6tt megoldhatatlan kivizsg\u00e1l\u00e1sokkal, a beteg tov\u00e1bbi ell\u00e1t\u00e1s\u00e1ban. Berendel\u00e9ses alapon folyamatosan ellen\u0151rizz\u00fck a kor\u00e1bban kezelt betegeink \u00e1llapot\u00e1t, \u00e9s szervezz\u00fck a sz\u00fcks\u00e9ges kieg\u00e9sz\u00edt\u0151 vizsg\u00e1latokat, el\u0151re meghat\u00e1rozott sziszt\u00e9ma szerint.<\/p>\n<h4><strong>Konzult\u00e1ci\u00f3s feladatok<\/strong><\/h4>\n<p>Folyamatos seg\u00edts\u00e9get ny\u00fajtunk a Semmelweis Egyetem Gyermekgy\u00f3gy\u00e1szati Klinika B\u00f3kay utcai r\u00e9szlegein felmer\u00fcl\u0151 haematol\u00f3giai \u00e9s onkol\u00f3giai probl\u00e9m\u00e1k megold\u00e1s\u00e1ban, de az Egyetem Szem\u00e9szeti Klinika Szem\u00e9szeti Klinika, illetve az Intenz\u00edv \u00dajsz\u00fcl\u00f6tt r\u00e9szlegei sz\u00e1m\u00e1ra is sz\u00fcks\u00e9g eset\u00e9n seg\u00edt\u00fcnk a felmer\u00fcl\u0151 haematol\u00f3giai \u00e9s onkol\u00f3giai probl\u00e9m\u00e1k megold\u00e1s\u00e1ban.<\/p>\n\r\n        [slb_exclude]\r\n        <div class=\"row galeria-wrapper mx-0 h-auto\">\r\n            <div class=\"col-9 pl-0 pr-2\">\r\n            <span class=\"gallery-item frame\">\r\n\t\t\t\t<div class=\"galeria-left-img\"><a href=\"https:\/\/semmelweis.hu\/tuzoltoklinika\/files\/2020\/09\/1b-j\u00f3.jpg\"><img src=https:\/\/semmelweis.hu\/tuzoltoklinika\/files\/2020\/09\/1b-j\u00f3.jpg  \r\n                            alt=\"\" \r\n                            class=\"attachment-sote-gallery-big size-sote-gallery-big\" \r\n                            srcset=\"https:\/\/semmelweis.hu\/tuzoltoklinika\/files\/2020\/09\/1b-j\u00f3-400x304.jpg 400w, https:\/\/semmelweis.hu\/tuzoltoklinika\/files\/2020\/09\/1b-j\u00f3-768x583.jpg 768w, https:\/\/semmelweis.hu\/tuzoltoklinika\/files\/2020\/09\/1b-j\u00f3-753x571.jpg 753w, https:\/\/semmelweis.hu\/tuzoltoklinika\/files\/2020\/09\/1b-j\u00f3.jpg 1024w\" ><\/a><\/div>\r\n            <\/span>\r\n\r\n            <\/div>\r\n\r\n\t\t\t<div class=\"col-3 pl-0 pr-0\">\r\n\t\t\t\t<div class=\"galeria-right-img d-flex justify-content-between flex-column h-100 w-100 px-0 mx-0 \">\r\n                <div class=\"galeria-box\">\r\n\t\t\t\t\t<h3 class=\"galeria-title\">Gal\u00e9ria<\/h3>\r\n\t\t\t\t\t<div class=\"galeria-subtitle\">\r\n\r\n\t\t\t\t\t\t<div class=\"galeria-page-counter\"><span>2<\/span>k\u00e9p<\/div>\r\n                    <\/div> <\/div>\r\n                    <span class=\"gallery-item frame d-none d-md-flex\">\r\n\t\t\t\t\t<div class=\"galeria-small-img mt-0\"><a href=\"https:\/\/semmelweis.hu\/tuzoltoklinika\/files\/2020\/09\/DSC_0999.jpg\"><img src=https:\/\/semmelweis.hu\/tuzoltoklinika\/files\/2020\/09\/DSC_0999.jpg \r\n                                alt=\"\"  \r\n                                class=\"attachment-sote-gallery-small size-sote-gallery-small\" \r\n                                srcset=\"https:\/\/semmelweis.hu\/tuzoltoklinika\/files\/2020\/09\/DSC_0999-400x240.jpg 400w, https:\/\/semmelweis.hu\/tuzoltoklinika\/files\/2020\/09\/DSC_0999-768x462.jpg 768w, https:\/\/semmelweis.hu\/tuzoltoklinika\/files\/2020\/09\/DSC_0999-753x453.jpg 753w, https:\/\/semmelweis.hu\/tuzoltoklinika\/files\/2020\/09\/DSC_0999.jpg 1000w\" ><\/a><\/div>\r\n                    <\/span>\r\n                    <span class=\"gallery-item frame d-none d-md-flex\">\r\n\t\t\t\t\t<div class=\"galeria-small-img mt-0\"><img src=https:\/\/semmelweis.hu\/tuzoltoklinika\/wp-content\/themes\/se18\/dist\/images\/100x100.svg \r\n                                alt=\"\" \r\n                                class=\"attachment-sote-gallery-small size-sote-gallery-small\" \r\n                                srcset=\"\" ><\/div>\r\n                    <\/span>\r\n\r\n                <\/div>\r\n\r\n            <\/div>\r\n\r\n            \r\n            <\/div>\r\n\r\n            [\/slb_exclude]\r\n\t\n<p style=\"text-align: center\">\u00a0<\/p>\n","protected":false},"excerpt":{"rendered":"<p>ONKO-HEMATOL\u00d3GIA Bejelentkez\u00e9s: <a href=\"mailto:hematologia.ambulancia@gyerekklinika.com\">hematologia.ambulancia@gyerekklinika.com<\/a> V\u00e9rv\u00e9tel ideje: h\u00e9tf\u0151t\u0151l-p\u00e9ntekig 08:30-12:00 \u00f3r\u00e1ig H\u00c9TF\u0150 10:00-13:00 Dr. Kov\u00e1cs G\u00e1bor, Dr. Garami Mikl\u00f3s KEDD Dr. Cs\u00f3ka Monika, Dr. Garami Mikl\u00f3s, Dr. Erd\u00e9lyi D\u00e1niel SZERDA Dr. Cs\u00f3ka Monika, Dr. M\u00fcller Judit,\u00a0 Dr. Br\u00fcckner Edit CS\u00dcT\u00d6RT\u00d6K Dr. B\u00e9k\u00e9si Andrea, Dr. Br\u00fcckner Edit P\u00c9NTEK Dr. Cs\u00f3ka Monika, Dr. Br\u00fcckner Edit, Dr. Garami Mikl\u00f3s &nbsp; \u00a0Oszt\u00e1lyvezet\u0151 \u00a0Dr. &hellip;<\/p>\n","protected":false},"author":158,"featured_media":0,"parent":3986,"menu_order":0,"comment_status":"closed","ping_status":"closed","template":"","meta":{"_acf_changed":false,"footnotes":""},"categories":[],"tags":[],"class_list":["post-215","page","type-page","status-publish","hentry"],"acf":[],"_links":{"self":[{"href":"https:\/\/semmelweis.hu\/tuzoltoklinika\/wp-json\/wp\/v2\/pages\/215","targetHints":{"allow":["GET"]}}],"collection":[{"href":"https:\/\/semmelweis.hu\/tuzoltoklinika\/wp-json\/wp\/v2\/pages"}],"about":[{"href":"https:\/\/semmelweis.hu\/tuzoltoklinika\/wp-json\/wp\/v2\/types\/page"}],"author":[{"embeddable":true,"href":"https:\/\/semmelweis.hu\/tuzoltoklinika\/wp-json\/wp\/v2\/users\/158"}],"replies":[{"embeddable":true,"href":"https:\/\/semmelweis.hu\/tuzoltoklinika\/wp-json\/wp\/v2\/comments?post=215"}],"version-history":[{"count":11,"href":"https:\/\/semmelweis.hu\/tuzoltoklinika\/wp-json\/wp\/v2\/pages\/215\/revisions"}],"predecessor-version":[{"id":12056,"href":"https:\/\/semmelweis.hu\/tuzoltoklinika\/wp-json\/wp\/v2\/pages\/215\/revisions\/12056"}],"up":[{"embeddable":true,"href":"https:\/\/semmelweis.hu\/tuzoltoklinika\/wp-json\/wp\/v2\/pages\/3986"}],"wp:attachment":[{"href":"https:\/\/semmelweis.hu\/tuzoltoklinika\/wp-json\/wp\/v2\/media?parent=215"}],"wp:term":[{"taxonomy":"category","embeddable":true,"href":"https:\/\/semmelweis.hu\/tuzoltoklinika\/wp-json\/wp\/v2\/categories?post=215"},{"taxonomy":"post_tag","embeddable":true,"href":"https:\/\/semmelweis.hu\/tuzoltoklinika\/wp-json\/wp\/v2\/tags?post=215"}],"curies":[{"name":"wp","href":"https:\/\/api.w.org\/{rel}","templated":true}]}}