{"id":213,"date":"2013-02-08T10:56:17","date_gmt":"2013-02-08T09:56:17","guid":{"rendered":"http:\/\/tuzoltoklinika.semmelweis.hu\/?page_id=213"},"modified":"2026-02-24T16:08:34","modified_gmt":"2026-02-24T15:08:34","slug":"neuro-onkologia","status":"publish","type":"page","link":"https:\/\/semmelweis.hu\/tuzoltoklinika\/betegellatas\/ambulanciak-es-fekvobeteg-osztalyaink\/neuro-onkologia\/","title":{"rendered":"Neuro-Onkol\u00f3gia"},"content":{"rendered":"<table style=\"border-collapse: collapse;width: 100%\">\n<tbody>\n<tr>\n<td style=\"width: 100%;text-align: center\">\n<p>&nbsp;<\/p>\n<p><strong><em>A Neuro-onkol\u00f3giai oszt\u00e1ly egy \u00f6sszetart\u00f3, t\u00e1mogat\u00f3, egym\u00e1st seg\u00edt\u0151, j\u00f3 munkahelyi k\u00f6z\u00f6ss\u00e9g.<\/em><\/strong><br \/>\n<strong><em>Olyan munkat\u00e1rsak kiv\u00e1laszt\u00e1s\u00e1ra \u00e9s nevel\u00e9s\u00e9re t\u00f6reksz\u00fcnk, akik lehet\u0151leg \u00e9l\u0151 hitb\u0151l, testv\u00e9ri k\u00f6z\u00f6ss\u00e9gben motiv\u00e1lt, \u00f6nmagukat ezek\u00e9rt az \u00e9rt\u00e9kek\u00e9rt fel\u00e1ldozni is tud\u00f3, auton\u00f3m, kreat\u00edv, a fejl\u0151d\u00e9st pozit\u00edvan meg\u00e9l\u0151 lelk\u00fclettel keresnek hivat\u00e1sukhoz\/k\u00fcldet\u00e9s\u00fckh\u00f6z teret.<\/em><\/strong><\/p>\n<p>&nbsp;<\/p>\n<\/td>\n<\/tr>\n<\/tbody>\n<\/table>\n<h1>NEURO-ONKOL\u00d3GIA<\/h1>\n<div class=\"keretes w-100\">\n<p><strong>Bejelentkez\u00e9s: <a href=\"mailto:hematologia.ambulancia@gyerekklinika.com\">hematologia.ambulancia@gyerekklinika.com<\/a><\/strong><br \/>\n<strong>Betegeket 0-18 \u00e9ves korig fogadunk<\/strong>, beutal\u00f3- \u00e9s id\u0151pontk\u00e9r\u00e9si k\u00f6telezetts\u00e9g van.<br \/>\n<strong>Vezet\u0151 szakasszisztens:<\/strong> Szendrei Julianna<\/p>\n<\/div>\n<table style=\"border-collapse: collapse;width: 100%;height: 132px\">\n<tbody>\n<tr style=\"height: 33px\">\n<td style=\"width: 33.3333%;height: 33px\">H\u00c9TF\u0150<\/td>\n<td style=\"width: 33.3333%;height: 66px;text-align: center\" rowspan=\"2\">10:00-15:00\u00a0<\/td>\n<td style=\"width: 33.3333%;height: 66px;text-align: center\" rowspan=\"2\">Dr. Garami Mikl\u00f3s<\/td>\n<\/tr>\n<tr style=\"height: 33px\">\n<td style=\"width: 33.3333%;height: 33px\">KEDD<\/td>\n<\/tr>\n<tr style=\"height: 33px\">\n<td style=\"width: 33.3333%;height: 33px\">SZERDA<\/td>\n<td style=\"width: 33.3333%;height: 66px;text-align: center\" rowspan=\"2\">10:00-15:00\u00a0<\/td>\n<td style=\"width: 33.3333%;height: 66px;text-align: center\" rowspan=\"2\">Dr. Br\u00fcckner Edit<\/td>\n<\/tr>\n<tr style=\"height: 33px\">\n<td style=\"width: 33.3333%;height: 33px\">CS\u00dcT\u00d6RT\u00d6K<\/td>\n<\/tr>\n<\/tbody>\n<\/table>\n<p>&nbsp;<\/p>\n<p><b>Az oldalon az al\u00e1bbi t\u00e9m\u00e1ban tal\u00e1lhatnak inform\u00e1ci\u00f3kat:<\/b><\/p>\n<ul>\n<li style=\"font-weight: 400\"><span style=\"font-weight: 400\">A Neuro-onkol\u00f3giai oszt\u00e1ly helye, el\u00e9rhet\u0151s\u00e9ge<\/span><span style=\"font-weight: 400\">\u00a0<\/span><\/li>\n<li style=\"font-weight: 400\"><span style=\"font-weight: 400\">A Neuro-onkol\u00f3giai oszt\u00e1ly munkat\u00e1rsai<\/span><span style=\"font-weight: 400\">\u00a0<\/span><\/li>\n<li style=\"font-weight: 400\"><span style=\"font-weight: 400\">Betegfelv\u00e9tel<\/span><span style=\"font-weight: 400\">\u00a0<\/span><\/li>\n<li style=\"font-weight: 400\"><span style=\"font-weight: 400\">Neuro-onkol\u00f3giai oszt\u00e1ly \u2013 gy\u00f3gy\u00edt\u00e1s<\/span><span style=\"font-weight: 400\">\u00a0<\/span><\/li>\n<li style=\"font-weight: 400\"><span style=\"font-weight: 400\">Szakmai profil \u2013 malignus gyermekonkol\u00f3giai daganatok<\/span><span style=\"font-weight: 400\">\u00a0<\/span><\/li>\n<li style=\"font-weight: 400\"><span style=\"font-weight: 400\">Szakmai profil \u2013 daganatszindr\u00f3m\u00e1k<\/span><span style=\"font-weight: 400\">\u00a0<\/span><\/li>\n<li style=\"font-weight: 400\"><span style=\"font-weight: 400\">Sz\u00fcl\u0151k elhelyez\u00e9se<\/span><span style=\"font-weight: 400\">\u00a0<\/span><\/li>\n<li style=\"font-weight: 400\"><span style=\"font-weight: 400\">Rehabilit\u00e1ci\u00f3s tev\u00e9kenys\u00e9g<\/span><span style=\"font-weight: 400\">\u00a0<\/span><\/li>\n<li style=\"font-weight: 400\"><span style=\"font-weight: 400\">Civil t\u00e1mogat\u00e1s<\/span><span style=\"font-weight: 400\">\u00a0<\/span><\/li>\n<li style=\"font-weight: 400\"><span style=\"font-weight: 400\">Oktat\u00e1s<\/span><span style=\"font-weight: 400\">\u00a0<\/span><\/li>\n<li style=\"font-weight: 400\"><span style=\"font-weight: 400\">Tudom\u00e1nyos tev\u00e9kenys\u00e9g<\/span><span style=\"font-weight: 400\">\u00a0<\/span><\/li>\n<\/ul>\n<p><b>A Neuro-onkol\u00f3giai oszt\u00e1ly helye, el\u00e9rhet\u0151s\u00e9ge:\u00a0<\/b><span style=\"font-weight: 400\">1094 Budapest, T\u0171zolt\u00f3 utca 7-9.<\/span><br \/>\n<span style=\"font-weight: 400\">Az oszt\u00e1ly, a T\u0171zolt\u00f3 utca 7-es \u00e9p\u00fclet 2. emelet\u00e9n tal\u00e1lhat\u00f3 (Semmelweis Egyetem Gyermekgy\u00f3gy\u00e1szati Klinika T\u0171zolt\u00f3 utcai r\u00e9szleg), bej\u00e1rat az Angyal utcai f\u0151bej\u00e1raton kereszt\u00fcl t\u00f6rt\u00e9nik (1094 Budapest, Angyal utca 39.)<\/span><\/p>\n<p><b>Telefonos el\u00e9rhet\u0151s\u00e9geink:\u00a0<\/b><br \/>\n<span style=\"font-weight: 400\">N\u0151v\u00e9rpult (kezel\u0151): 06 (20) 825-2952<\/span><br \/>\n<span style=\"font-weight: 400\">Orvosi szoba: 06 (20) 825-2926<\/span><\/p>\n<p><b>A Neuro-onkol\u00f3giai oszt\u00e1ly munkat\u00e1rsai:<\/b><\/p>\n<p><b>Oszt\u00e1lyvezet\u0151:<\/b><br \/>\n<b>Dr. habil. Garami Mikl\u00f3s, PhD egyetemi docens (<a href=\"mailto:garami.miklos@semmelweis.hu\"><span style=\"font-weight: 400\">garami.miklos@semmelweis.hu<\/span><\/a>)<\/b><br \/>\n<span style=\"font-weight: 400\">csecsem\u0151- \u00e9s gyermekgy\u00f3gy\u00e1sz, klinikai onkol\u00f3gus, hematol\u00f3gus, gyermek hemato-onkol\u00f3gus szakorvos<\/span><\/p>\n<p><b>Oszt\u00e1lyvezet\u0151-helyettes:<\/b><br \/>\n<b>Dr. Br\u00fcckner Edit (<a href=\"mailto:bruckner.edit@semmelweis.hu\"><span style=\"font-weight: 400\">bruckner.edit@semmelweis.hu<\/span><\/a>)<\/b><br \/>\n<span style=\"font-weight: 400\">csecsem\u0151- \u00e9s gyermekgy\u00f3gy\u00e1sz, gyermek hemato-onkol\u00f3gus szakorvos<\/span><\/p>\n<p><b>Szakorvos:<\/b><br \/>\n<b>Dr. Juh\u00e1sz Orsolya (<a href=\"mailto:juhasz.orsolya@semmelweis.hu\" target=\"_blank\" rel=\"noopener\"><span style=\"font-weight: 400\">juhasz.orsolya@semmelweis.hu<\/span><\/a>)<\/b><br \/>\n<span style=\"font-weight: 400\">csecsem\u0151- \u00e9s gyermekgy\u00f3gy\u00e1sz szakorvos<\/span><\/p>\n<p><span style=\"font-weight: 400\">Idegseb\u00e9szeti szaktan\u00e1csad\u00f3: Dr. Markia Bal\u00e1zs\u00a0<\/span><br \/>\n<span style=\"font-weight: 400\">Rehabilit\u00e1ci\u00f3s szaktan\u00e1csad\u00f3: Dr. Csoh\u00e1ny \u00c1gnes<\/span><br \/>\n<span style=\"font-weight: 400\">Ortop\u00e9diai szaktan\u00e1csad\u00f3: Dr. Kiss J\u00e1nos, Dr. Perlaky Tam\u00e1s, Prof. Dr. Szendr\u0151i Mikl\u00f3s<\/span><br \/>\n<span style=\"font-weight: 400\">K\u00fcls\u0151 tag: Dr. Jakab Zsuzsanna PhD \u2013 Nemzeti Gyermekonkol\u00f3giai Regiszter\u00a0<\/span><\/p>\n<p><b>Oszt\u00e1lyvezet\u0151 f\u0151n\u0151v\u00e9r:<\/b><br \/>\n<b>Berecz Elvira (<a href=\"mailto:berecz.elvira@semmelweis.hu\" target=\"_blank\" rel=\"noopener\"><span style=\"font-weight: 400\">berecz.elvira@semmelweis.hu<\/span><\/a>)<\/b><\/p>\n<p><b>Szak\u00e1pol\u00f3k:<\/b><span style=\"font-weight: 400\"> Bosny\u00e1k Dominika, Garajszki Krisztina, Horv\u00e1thn\u00e9 Gyurcsok Vir\u00e1g, K\u00e1d\u00e1rn\u00e9 Hargas Erika, Tak\u00e1cs-Nagy N\u00f3ra, Trauznitz Anna, V\u00edzi \u00c1gnes<\/span><\/p>\n<p><b>Betegfelv\u00e9tel:<\/b><br \/>\n<span style=\"font-weight: 400\">A f\u0151bej\u00e1raton (1094 Budapest, Angyal utca 39.) t\u00f6rt\u00e9n\u0151 meg\u00e9rkez\u00e9st k\u00f6vet\u0151en, k\u00e9rj\u00fck, jelentkezzen be a f\u00f6ldszinten, a bej\u00e1ratt\u00f3l balra tal\u00e1lhat\u00f3 Felv\u00e9teli Irod\u00e1ban. Ezut\u00e1n az orvos-beteg tal\u00e1lkoz\u00e1sra, vizsg\u00e1latra a f\u00f6ldszinti hemato-onkol\u00f3giai ambulanci\u00e1n ker\u00fcl sor (rendel\u0151nk el\u0151tt akv\u00e1rium tal\u00e1lhat\u00f3). <\/span><span style=\"font-weight: 400\">A beteg gyermek, egy sz\u00fcl\u0151 k\u00eds\u00e9ret\u00e9vel ezt k\u00f6vet\u0151en mehet fel az oszt\u00e1lyra.<\/span><\/p>\n<p><span style=\"font-weight: 400\"><strong>Szakmai profil &#8211; malignus gyermekonkol\u00f3giai daganatok:<\/strong> Magyarorsz\u00e1g legnagyobb gyermekonkol\u00f3giai r\u00e9szlegek\u00e9nt, az oszt\u00e1lyon els\u0151sorban agydaganattal diagnosztiz\u00e1lt gyermekeket kezel\u00fcnk. Ezen t\u00falmen\u0151en a gyermekkorban el\u0151fordul\u00f3 egy\u00e9b szolid tumoros betegs\u00e9gek (neuroblastoma, Ewing sarcoma, m\u00e1jtumorok stb.) kezel\u00e9s\u00e9t is v\u00e9gezz\u00fck. El\u00e9rhet\u0151ek a legkorszer\u0171bb biol\u00f3giai gy\u00f3gyszerekkel kieg\u00e9sz\u00edtett hagyom\u00e1nyos kemoter\u00e1pi\u00e1s kezel\u00e9sek, a klinikai vizsg\u00e1latok keret\u00e9ben pedig a daganatter\u00e1pi\u00e1ban bevezet\u00e9s alatt \u00e1ll\u00f3 \u00faj vizsg\u00e1lati k\u00e9sz\u00edtm\u00e9nyek is rendelkez\u00e9sre \u00e1llnak bizonyos betegs\u00e9gek eset\u00e9n. <\/span><span style=\"font-weight: 400\">Az oszt\u00e1ly szakorvosai a nemzetk\u00f6zi gyermekonkol\u00f3giai munkacsoportokkal (SIOP, SIOPE, COG stb.) szoros kapcsolatban v\u00e9gzik a gyermekonkol\u00f3giai gy\u00f3gy\u00edt\u00f3 munk\u00e1t. Az el\u00e9rt ter\u00e1pi\u00e1s eredm\u00e9nyek megegyeznek az eur\u00f3pai \u00e9s az \u00e9szak-amerikai gyermekonkol\u00f3giai kezel\u0151k\u00f6zpontok eredm\u00e9nyeivel. <\/span><span style=\"font-weight: 400\">A kellemes, gyermekbar\u00e1t k\u00f6rnyezetet a falakra festett sz\u00ednes gyermekrajzok is biztos\u00edtj\u00e1k. Az \u00e9vi \u00faj felv\u00e9tel kb. 60, az \u00f6sszes ell\u00e1tott daganatos beteg kb. 180\/\u00e9v, a felv\u00e9teli esetsz\u00e1m pedig kb. \u00e9vi 900.\u00a0<\/span><\/p>\n<p><span style=\"font-weight: 400\"><strong>Szakmai profil &#8211; daganatszindr\u00f3m\u00e1k:<\/strong> K\u00fcl\u00f6n ki kell emelni, hogy a munkacsoportunk gondozza a leggyakoribb \u00f6r\u00f6kl\u0151d\u0151 daganatszindr\u00f3ma, a neurofibr\u00f3mat\u00f3zissal (NF) diagnosztiz\u00e1lt betegeket. A neurofibromat\u00f3zis I. t\u00edpusa (szerz\u0151i neve Recklinghausen-szindr\u00f3ma) egy olyan k\u00f3rk\u00e9p, amelyn\u00e9l testszerte neurofibr\u00f3m\u00e1k &#8211; k\u00f6rny\u00e9ki idegrendszerb\u0151l kiindul\u00f3 daganatok &#8211; jelennek meg. A betegs\u00e9get tulajdonk\u00e9ppen az idegrostokat k\u00f6r\u00fclvev\u0151 k\u00f6t\u0151sz\u00f6veti sejtek t\u00falburj\u00e1nz\u00e1sa okozza.<\/span><br \/>\n<span style=\"font-weight: 400\">Ismert, hogy a betegs\u00e9g I. t\u00edpus\u00e1nak h\u00e1tter\u00e9ben az NF1 g\u00e9n mut\u00e1ci\u00f3ja \u00e1ll, ennek feh\u00e9rjeterm\u00e9ke a neurofibromin. Ut\u00f3bbi egy daganatos jel\u00e1tvitelt g\u00e1tl\u00f3 feh\u00e9rje. Hib\u00e1s g\u00e9nn\u00e9l ez a g\u00e1tl\u00e1s nem \u00e9rv\u00e9nyes\u00fcl, emiatt a sejtek jobban n\u00f6vekednek. Ma m\u00e1r hat\u00e1sos \u00e9s hat\u00e9kony gy\u00f3gykezel\u00e9s \u00e1ll a betegek rendelkez\u00e9s\u00e9re. A Selumetinib (Koselugo m\u00e1rkan\u00e9v), 2 \u00e9ves \u00e9s ann\u00e1l id\u0151sebb gyermekek kezel\u00e9s\u00e9re szolg\u00e1l\u00f3 gy\u00f3gyszer, akik I-es t\u00edpus\u00fa neurofibromat\u00f3zisban szenvednek. Sz\u00e1jon \u00e1t kell alkalmazni.<\/span><\/p>\n<p><span style=\"font-weight: 400\"><strong>Sz\u00fcl\u0151k elhelyez\u00e9se:<\/strong> Jelenleg, egy sz\u00fcl\u0151 sz\u00e1m\u00e1ra tudunk (a beteg \u00e9letkor\u00e1t\u00f3l f\u00fcggetlen\u00fcl) folyamatosan a gyermeke mellett helyet \u00e9s ell\u00e1t\u00e1st biztos\u00edtani, hogy ezzel is seg\u00edts\u00fck a gyermekek teljes fel\u00e9p\u00fcl\u00e9s\u00e9t. Az oszt\u00e1lyon kezel\u00e9s alatt \u00e1ll\u00f3 gyermekek \u00e9s sz\u00fcleik sz\u00e1m\u00e1ra lehet\u0151s\u00e9g van a klinika ter\u00fclet\u00e9n tal\u00e1lhat\u00f3 \u201cbaba (gyerek) \u2013 mama szob\u00e1k\u201d ig\u00e9nybev\u00e9tel\u00e9re, tudunk seg\u00edteni abban, hogy a sz\u00fcl\u0151k (\u00e9s esetenk\u00e9nt a csal\u00e1dtagok) elhelyez\u00e9st nyerhessenek a klinik\u00e1val szomsz\u00e9dos h\u00e1zban l\u00e9v\u0151 \u00f6sszkomfortos mama-lak\u00e1sokban.\u00a0<\/span><\/p>\n<p><span style=\"font-weight: 400\"><strong>Rehabilit\u00e1ci\u00f3s tev\u00e9kenys\u00e9g:<\/strong> Betegeinket a fel\u00e9p\u00fcl\u00e9s\u00fckben, komplex rehabilit\u00e1ci\u00f3jukban \u00e9s a t\u00e1rsadalomba t\u00f6rt\u00e9n\u0151 min\u00e9l t\u00f6k\u00e9letesebb visszailleszked\u00e9s\u00fck megval\u00f3sul\u00e1s\u00e1ban pszichol\u00f3gus, gy\u00f3gytorn\u00e1sz szoci\u00e1lis munk\u00e1s, pedag\u00f3gus, dietetikus \u00e9s j\u00e1tsz\u00f3h\u00e1zi foglalkoztat\u00f3 is seg\u00edti. A gyermekek sz\u00e1m\u00e1ra ezen t\u00falmen\u0151en is sz\u00e1mtalan programot szervez\u00fcnk, illetve k\u00fcl\u00f6nb\u00f6z\u0151 t\u00e1borokban biztos\u00edtunk kikapcsol\u00f3d\u00e1si lehet\u0151s\u00e9get. Alap\u00edtv\u00e1nyi seg\u00edts\u00e9ggel egy\u00e9b k\u00fclf\u00f6ldi \u00e9s belf\u00f6ldi programok sz\u00ednes\u00edtik betegeink \u00e9let\u00e9t. Sz\u00f3rakoztat\u00e1sukhoz audio-vizu\u00e1lis \u00e9s egy\u00e9b technikai felszerel\u00e9sek, sz\u00e1m\u00edt\u00f3g\u00e9pek, \u00e9s internet-hozz\u00e1f\u00e9r\u00e9s is rendelkez\u00e9sre \u00e1llnak.<\/span><\/p>\n<p><span style=\"font-weight: 400\"><strong>Civil t\u00e1mogat\u00e1s:<\/strong> A <a href=\"https:\/\/www.gyermekdaganat.hu\/\" target=\"_blank\" rel=\"noopener\">Magyar Gyermekonkol\u00f3giai H\u00e1l\u00f3zat<\/a> k\u00f6zpontjaiban kezel\u00e9s alatt \u00e1ll\u00f3 betegeket \u00e9s csal\u00e1djaikat sz\u00e1mos civil szervezet seg\u00edti. Az egyik els\u0151 ebben a Prof. Dr. Schuler Dezs\u0151, a Magyar Gyermekonkol\u00f3giai H\u00e1l\u00f3zat alap\u00edt\u00f3ja \u00e1ltal l\u00e9trehozott <a href=\"https:\/\/orzok.hu\/\" target=\"_blank\" rel=\"noopener\">\u0150rz\u0151k Alap\u00edtv\u00e1ny<\/a><\/span><span style=\"font-weight: 400\"> volt, melynek jelenlegi eln\u00f6ke Dr. Garami Mikl\u00f3s.<\/span><br \/>\n<span style=\"font-weight: 400\">A szervezet a Semmelweis Egyetem Gyermekklinik\u00e1ja T\u0171zolt\u00f3 utcai r\u00e9szleg\u00e9nek akt\u00edv kezel\u00e9s alatt \u00e1ll\u00f3 betegei \u00e9s csal\u00e1djai sz\u00e1m\u00e1ra ny\u00fajt t\u00e1mogat\u00e1st t\u00f6bbek k\u00f6z\u00f6tt gy\u00f3gy\u00e1szati seg\u00e9deszk\u00f6z\u00f6k, j\u00e1t\u00e9kok, tank\u00f6nyvek v\u00e1s\u00e1rl\u00e1s\u00e1ban, tov\u00e1bb\u00e1 hozz\u00e1j\u00e1rul az int\u00e9zet infrastruktur\u00e1lis fejleszt\u00e9s\u00e9hez orvosi m\u0171szerek beszerz\u00e9s\u00e9vel vagy \u00e9ppen a k\u00f3rh\u00e1z betegter\u00e9nek fel\u00faj\u00edt\u00e1s\u00e1val, s\u0151t \u00e9vente rehabilit\u00e1ci\u00f3s t\u00e1bort is szervez t\u00e1rsalap\u00edtv\u00e1nyukkal, a Semmelweis Egyetem <a href=\"https:\/\/sotejatszohaz.hu\/\" target=\"_blank\" rel=\"noopener\">Gyermekgy\u00f3gy\u00e1szati Klinika J\u00e1tsz\u00f3h\u00e1z Alap\u00edtv\u00e1ny\u00e1val<\/a> <\/span><span style=\"font-weight: 400\">egy\u00fcttm\u0171k\u00f6dve.<\/span><\/p>\n<p><b>Oktat\u00e1s<\/b><\/p>\n<p><span style=\"font-weight: 400\">Munkacsoportunk akt\u00edvan r\u00e9szt vesz a gradu\u00e1lis \u00e9s posztgradu\u00e1lis oktat\u00e1sban is (magyar, angol \u00e9s n\u00e9met nyelv\u0171 k\u00e9pz\u00e9s).<\/span><\/p>\n<p><b>Szupport\u00edv team (onkol\u00f3giai kezel\u00e9st \u00e9s rehabilit\u00e1ci\u00f3t t\u00e1mogat\u00f3 szakemberek)<\/b><\/p>\n<ul>\n<li style=\"font-weight: 400\"><span style=\"font-weight: 400\">Czuppon Krisztina (dietetikus)<\/span><\/li>\n<li style=\"font-weight: 400\"><span style=\"font-weight: 400\">G\u00e1bor Fanni (gy\u00f3gytorn\u00e1sz)<\/span><\/li>\n<li style=\"font-weight: 400\"><span style=\"font-weight: 400\">Kiss Ildik\u00f3 (szoci\u00e1lis munk\u00e1s) <\/span><a href=\"mailto:onkologia@gyerekklinika.com\"><span style=\"font-weight: 400\">onkologia@gyerekklinika.com<\/span><\/a><\/li>\n<li style=\"font-weight: 400\"><span style=\"font-weight: 400\">Mina Katalin (diplom\u00e1s j\u00e1t\u00e9kterapeuta) <\/span><a href=\"mailto:jatszohaz@gmail.com\"><span style=\"font-weight: 400\">jatszohaz@gmail.com<\/span><\/a><\/li>\n<li style=\"font-weight: 400\"><span style=\"font-weight: 400\">Muhari L\u00e1szl\u00f3 Tam\u00e1s, Suga Tam\u00e1sn\u00e9, Vancsics Zita (pedag\u00f3gusok)<\/span><\/li>\n<\/ul>\n<p><strong> Tudom\u00e1nyos tev\u00e9kenys\u00e9g<\/strong><br \/>\nA munkacsoport a k\u00f6vetkez\u0151 tudom\u00e1nyos t\u00e9m\u00e1kkal foglalkozik:<br \/>\n\u2022 \u00a0\u00a0\u00a0 Gyermekkori szolid tumorok &#8222;escape&#8221; mechanizmusainak vizsg\u00e1lata<br \/>\n\u2022 \u00a0\u00a0\u00a0 A gyermekkori neuroblastoma \u00e9s a folsav szed\u00e9s k\u00f6z\u00f6tti \u00f6sszef\u00fcgg\u00e9s kimutat\u00e1sa<br \/>\n\u2022 \u00a0\u00a0\u00a0 Szomatosztatin receptor, mint lehets\u00e9ges differenci\u00e1ldiagnosztikai, prognosztikai \u00e9s ter\u00e1pi\u00e1s faktor a gyermekkori medulloblasztom\u00e1k eset\u00e9ben<br \/>\n\u2022 \u00a0\u00a0\u00a0 Az Orsz\u00e1gos Gyermekonkol\u00f3giai H\u00e1l\u00f3zat adatforgalm\u00e1val kapcsolatos min\u0151s\u00e9gbiztos\u00edt\u00e1si rendszer ki\u00e9p\u00edt\u00e9se<br \/>\n\u2022 \u00a0\u00a0\u00a0 Az onkol\u00f3giai gy\u00f3gyszeres kezel\u00e9s g\u00e9n polimorfizmusokon alapul\u00f3 individualiz\u00e1l\u00e1s\u00e1nak komplex vizsg\u00e1lata gyermek-onkol\u00f3giai betegeken<\/p>\n<p><span style=\"font-weight: 400\"><strong>Gy\u00f3gy\u00edt\u00e1s:<\/strong> A 2008-ban fel\u00faj\u00edtott, 19 \u00e1gyas onkol\u00f3giai oszt\u00e1ly, orsz\u00e1gos neuro-onkol\u00f3giai k\u00f6zpontk\u00e9nt v\u00e9gzi a rosszindulat\u00fa daganatos gyermekek kezel\u00e9s\u00e9t \u00e9s gondoz\u00e1s\u00e1t. Az onkol\u00f3giai oszt\u00e1ly teljes ter\u00fclete klimatiz\u00e1lt, minden \u00e1gyhoz k\u00fcl\u00f6n telefont (n\u0151v\u00e9rh\u00edv\u00f3-rendszert) biztos\u00edtunk. A ter\u00e1pia sor\u00e1n a r\u00e1szorul\u00f3 betegek sz\u00e1m\u00e1ra k\u00fcl\u00f6n f\u00fcrd\u0151szob\u00e1val, egy k\u00eds\u00e9r\u0151 sz\u00e1m\u00e1ra, \u00e1ggyal ell\u00e1tott elk\u00fcl\u00f6n\u00edt\u0151 szob\u00e1k (4 db) \u00e1llnak rendelkez\u00e9sre, ahol megfelel\u0151 fert\u0151z\u00e9smentes k\u00f6rnyezetet tudunk biztos\u00edtani kezel\u00e9s alatt \u00e1ll\u00f3 betegeink sz\u00e1m\u00e1ra. Az oszt\u00e1ly alkalmas \u00e9s teljes m\u00e9rt\u00e9kben felszerelt, az intenz\u00edv ter\u00e1pi\u00e1t ig\u00e9nyl\u0151 betegek ell\u00e1t\u00e1s\u00e1ra is, (hordozhat\u00f3 r\u00f6ntgen k\u00e9sz\u00fcl\u00e9k, mobilis ultrahang, EKG, EEG \u00e9s az intenz\u00edv megfigyel\u00e9shez sz\u00fcks\u00e9ges orvosi eszk\u00f6z\u00f6k, m\u0171szerek szint\u00e9n rendelkez\u00e9sre \u00e1llnak).<\/span><\/p>\n","protected":false},"excerpt":{"rendered":"<p>&nbsp; A Neuro-onkol\u00f3giai oszt\u00e1ly egy \u00f6sszetart\u00f3, t\u00e1mogat\u00f3, egym\u00e1st seg\u00edt\u0151, j\u00f3 munkahelyi k\u00f6z\u00f6ss\u00e9g. Olyan munkat\u00e1rsak kiv\u00e1laszt\u00e1s\u00e1ra \u00e9s nevel\u00e9s\u00e9re t\u00f6reksz\u00fcnk, akik lehet\u0151leg \u00e9l\u0151 hitb\u0151l, testv\u00e9ri k\u00f6z\u00f6ss\u00e9gben motiv\u00e1lt, \u00f6nmagukat ezek\u00e9rt az \u00e9rt\u00e9kek\u00e9rt fel\u00e1ldozni is tud\u00f3, auton\u00f3m, kreat\u00edv, a fejl\u0151d\u00e9st pozit\u00edvan meg\u00e9l\u0151 lelk\u00fclettel keresnek hivat\u00e1sukhoz\/k\u00fcldet\u00e9s\u00fckh\u00f6z teret. &nbsp; NEURO-ONKOL\u00d3GIA Bejelentkez\u00e9s: <a href=\"mailto:hematologia.ambulancia@gyerekklinika.com\">hematologia.ambulancia@gyerekklinika.com<\/a> Betegeket 0-18 \u00e9ves korig fogadunk, beutal\u00f3- \u00e9s id\u0151pontk\u00e9r\u00e9si k\u00f6telezetts\u00e9g van. &hellip;<\/p>\n","protected":false},"author":158,"featured_media":0,"parent":3986,"menu_order":0,"comment_status":"closed","ping_status":"closed","template":"","meta":{"_acf_changed":false,"footnotes":""},"categories":[],"tags":[],"class_list":["post-213","page","type-page","status-publish","hentry"],"acf":[],"_links":{"self":[{"href":"https:\/\/semmelweis.hu\/tuzoltoklinika\/wp-json\/wp\/v2\/pages\/213","targetHints":{"allow":["GET"]}}],"collection":[{"href":"https:\/\/semmelweis.hu\/tuzoltoklinika\/wp-json\/wp\/v2\/pages"}],"about":[{"href":"https:\/\/semmelweis.hu\/tuzoltoklinika\/wp-json\/wp\/v2\/types\/page"}],"author":[{"embeddable":true,"href":"https:\/\/semmelweis.hu\/tuzoltoklinika\/wp-json\/wp\/v2\/users\/158"}],"replies":[{"embeddable":true,"href":"https:\/\/semmelweis.hu\/tuzoltoklinika\/wp-json\/wp\/v2\/comments?post=213"}],"version-history":[{"count":10,"href":"https:\/\/semmelweis.hu\/tuzoltoklinika\/wp-json\/wp\/v2\/pages\/213\/revisions"}],"predecessor-version":[{"id":12058,"href":"https:\/\/semmelweis.hu\/tuzoltoklinika\/wp-json\/wp\/v2\/pages\/213\/revisions\/12058"}],"up":[{"embeddable":true,"href":"https:\/\/semmelweis.hu\/tuzoltoklinika\/wp-json\/wp\/v2\/pages\/3986"}],"wp:attachment":[{"href":"https:\/\/semmelweis.hu\/tuzoltoklinika\/wp-json\/wp\/v2\/media?parent=213"}],"wp:term":[{"taxonomy":"category","embeddable":true,"href":"https:\/\/semmelweis.hu\/tuzoltoklinika\/wp-json\/wp\/v2\/categories?post=213"},{"taxonomy":"post_tag","embeddable":true,"href":"https:\/\/semmelweis.hu\/tuzoltoklinika\/wp-json\/wp\/v2\/tags?post=213"}],"curies":[{"name":"wp","href":"https:\/\/api.w.org\/{rel}","templated":true}]}}