{"id":211,"date":"2013-02-08T10:55:27","date_gmt":"2013-02-08T09:55:27","guid":{"rendered":"http:\/\/tuzoltoklinika.semmelweis.hu\/?page_id=211"},"modified":"2026-02-24T16:09:28","modified_gmt":"2026-02-24T15:09:28","slug":"haematologiai-ambulancia","status":"publish","type":"page","link":"https:\/\/semmelweis.hu\/tuzoltoklinika\/betegellatas\/ambulanciak-es-fekvobeteg-osztalyaink\/haematologiai-ambulancia\/","title":{"rendered":"Haematol\u00f3giai ambulancia"},"content":{"rendered":"<p style=\"text-align: justify\"><strong>Ambulancia vezet\u0151je:<\/strong> Dr. Kov\u00e1cs G\u00e1bor tansz\u00e9kvezet\u0151, egyetemi tan\u00e1r\u00a0<\/p>\n<div class=\"keretes w-100\">\n<p><span style=\"color: #ff0000\"><strong>Bejelentkez\u00e9s: <a href=\"mailto:hematologia.ambulancia@gyerekklinika.com\">hematologia.ambulancia@gyerekklinika.com<\/a><\/strong><\/span><br \/>\n<strong>V\u00e9rv\u00e9tel ideje:<\/strong> h\u00e9tf\u0151t\u0151l-p\u00e9ntekig 08:30-12:00 \u00f3r\u00e1ig.<\/p>\n<\/div>\n<table style=\"border-collapse: collapse;width: 99.8651%;height: 165px\">\n<tbody>\n<tr style=\"height: 33px\">\n<td style=\"width: 17.5197%;height: 33px\">H\u00c9TF\u0150<\/td>\n<td style=\"width: 13.0348%;text-align: center;height: 165px\" rowspan=\"5\">10:00-13:00<\/td>\n<td style=\"width: 77.6296%;height: 33px\">Dr. Kov\u00e1cs G\u00e1bor, Dr. Garami Mikl\u00f3s, Dr. Szab\u00f3 S\u00e1ndor<\/td>\n<\/tr>\n<tr style=\"height: 33px\">\n<td style=\"width: 17.5197%;height: 33px\">KEDD<\/td>\n<td style=\"width: 77.6296%;height: 33px\">Dr. Cs\u00f3ka Monika, Dr. Garami Mikl\u00f3s, Dr. Erd\u00e9lyi D\u00e1niel<\/td>\n<\/tr>\n<tr style=\"height: 33px\">\n<td style=\"width: 17.5197%;height: 33px\">SZERDA<\/td>\n<td style=\"width: 77.6296%;height: 33px\">Dr. Cs\u00f3ka Monika, Dr. M\u00fcller Judit,\u00a0 Dr. Br\u00fcckner Edit<\/td>\n<\/tr>\n<tr style=\"height: 33px\">\n<td style=\"width: 17.5197%;height: 33px\">CS\u00dcT\u00d6RT\u00d6K<\/td>\n<td style=\"width: 77.6296%;height: 33px\">Dr. B\u00e9k\u00e9si Andrea, Dr. Br\u00fcckner Edit<\/td>\n<\/tr>\n<tr style=\"height: 33px\">\n<td style=\"width: 17.5197%;height: 33px\">P\u00c9NTEK<\/td>\n<td style=\"width: 77.6296%;height: 33px\">Dr. Cs\u00f3ka Monika, Dr. Br\u00fcckner Edit, Dr. Garami Mikl\u00f3s, Dr. Szab\u00f3 S\u00e1ndor<\/td>\n<\/tr>\n<\/tbody>\n<\/table>\n<p>&nbsp;<\/p>\n<p>A munkacsoport tagjai: Bag\u00f3 Gy\u00f6rgy klinikai szakpszichol\u00f3gus, Andor Ildik\u00f3 gy\u00f3gytorn\u00e1sz, Mina Katalin j\u00e1tsz\u00f3h\u00e1zi foglalkoztat\u00f3, Kiss Ildik\u00f3 szoci\u00e1lis munk\u00e1s.<\/p>\n<p style=\"text-align: justify\">Az ambulancia a h\u00e1ziorvosi szolg\u00e1lat \u00e9s m\u00e1s k\u00f3rh\u00e1zak \u00e1ltal haematol\u00f3giai \u00e9s daganatos megbeteged\u00e9s gyan\u00faj\u00e1val vagy diagn\u00f3zis\u00e1val beutalt betegek kivizsg\u00e1l\u00e1s\u00e1t, illetve gondoz\u00e1s\u00e1t v\u00e9gzi az orsz\u00e1g szinte minden t\u00e1j\u00e1r\u00f3l. Term\u00e9szetesen a klinik\u00e1n rendszeresen kezelt betegek gondoz\u00e1sa \u00e9s k\u00f6vet\u00e9se is a j\u00e1r\u00f3beteg-rendel\u00e9s keret\u00e9ben t\u00f6rt\u00e9nik. Az ambulanci\u00e1n \u00e9vi kb. 2000-3000 beteg ell\u00e1t\u00e1sa t\u00f6rt\u00e9nik.<\/p>\n<p><strong>Tudom\u00e1nyos tev\u00e9kenys\u00e9g<\/strong><\/p>\n<p style=\"text-align: justify\">A munkacsoport a k\u00f6vetkez\u0151 tudom\u00e1nyos t\u00e9m\u00e1kkal foglalkozik:<\/p>\n<p>\u2022\u00a0\u00a0\u00a0 Nagyd\u00f3zis\u00fa methotrex\u00e1t kezel\u00e9s farmakokinetikai k\u00f6vet\u00e9se malignus betegs\u00e9g miatt kezelt gyermekekben<\/p>\n<p>\u2022\u00a0\u00a0\u00a0 Farmakogenetikai kutat\u00e1sok<\/p>\n<p>\u2022\u00a0\u00a0\u00a0 A Notch-receptorok \u00e9s ligandok expresszi\u00f3ja gyermekkori akut limfoid leuk\u00e9mi\u00e1ban<\/p>\n<p>\u2022\u00a0\u00a0\u00a0 Micro-RNS-ek szerep\u00e9nek vizsg\u00e1lata leuk\u00e9mi\u00e1kban, lymphom\u00e1kban<\/p>\n<p>\u2022\u00a0\u00a0\u00a0 A daganatellenes kezel\u00e9sen \u00e1tesett gyermekek k\u00e9s\u0151i mell\u00e9khat\u00e1sainak vizsg\u00e1lata<\/p>\n","protected":false},"excerpt":{"rendered":"<p>Ambulancia vezet\u0151je: Dr. Kov\u00e1cs G\u00e1bor tansz\u00e9kvezet\u0151, egyetemi tan\u00e1r\u00a0 Bejelentkez\u00e9s: <a href=\"mailto:hematologia.ambulancia@gyerekklinika.com\">hematologia.ambulancia@gyerekklinika.com<\/a> V\u00e9rv\u00e9tel ideje: h\u00e9tf\u0151t\u0151l-p\u00e9ntekig 08:30-12:00 \u00f3r\u00e1ig. H\u00c9TF\u0150 10:00-13:00 Dr. Kov\u00e1cs G\u00e1bor, Dr. Garami Mikl\u00f3s, Dr. Szab\u00f3 S\u00e1ndor KEDD Dr. Cs\u00f3ka Monika, Dr. Garami Mikl\u00f3s, Dr. Erd\u00e9lyi D\u00e1niel SZERDA Dr. Cs\u00f3ka Monika, Dr. M\u00fcller Judit,\u00a0 Dr. Br\u00fcckner Edit CS\u00dcT\u00d6RT\u00d6K Dr. B\u00e9k\u00e9si Andrea, Dr. Br\u00fcckner Edit P\u00c9NTEK Dr. Cs\u00f3ka &hellip;<\/p>\n","protected":false},"author":158,"featured_media":0,"parent":3986,"menu_order":0,"comment_status":"closed","ping_status":"closed","template":"","meta":{"_acf_changed":false,"footnotes":""},"categories":[],"tags":[],"class_list":["post-211","page","type-page","status-publish","hentry"],"acf":[],"_links":{"self":[{"href":"https:\/\/semmelweis.hu\/tuzoltoklinika\/wp-json\/wp\/v2\/pages\/211","targetHints":{"allow":["GET"]}}],"collection":[{"href":"https:\/\/semmelweis.hu\/tuzoltoklinika\/wp-json\/wp\/v2\/pages"}],"about":[{"href":"https:\/\/semmelweis.hu\/tuzoltoklinika\/wp-json\/wp\/v2\/types\/page"}],"author":[{"embeddable":true,"href":"https:\/\/semmelweis.hu\/tuzoltoklinika\/wp-json\/wp\/v2\/users\/158"}],"replies":[{"embeddable":true,"href":"https:\/\/semmelweis.hu\/tuzoltoklinika\/wp-json\/wp\/v2\/comments?post=211"}],"version-history":[{"count":10,"href":"https:\/\/semmelweis.hu\/tuzoltoklinika\/wp-json\/wp\/v2\/pages\/211\/revisions"}],"predecessor-version":[{"id":12059,"href":"https:\/\/semmelweis.hu\/tuzoltoklinika\/wp-json\/wp\/v2\/pages\/211\/revisions\/12059"}],"up":[{"embeddable":true,"href":"https:\/\/semmelweis.hu\/tuzoltoklinika\/wp-json\/wp\/v2\/pages\/3986"}],"wp:attachment":[{"href":"https:\/\/semmelweis.hu\/tuzoltoklinika\/wp-json\/wp\/v2\/media?parent=211"}],"wp:term":[{"taxonomy":"category","embeddable":true,"href":"https:\/\/semmelweis.hu\/tuzoltoklinika\/wp-json\/wp\/v2\/categories?post=211"},{"taxonomy":"post_tag","embeddable":true,"href":"https:\/\/semmelweis.hu\/tuzoltoklinika\/wp-json\/wp\/v2\/tags?post=211"}],"curies":[{"name":"wp","href":"https:\/\/api.w.org\/{rel}","templated":true}]}}